{"id":6756,"date":"2022-11-19T22:04:10","date_gmt":"2022-11-19T21:04:10","guid":{"rendered":"http:\/\/astehshop.com\/?post_type=product&#038;p=6756"},"modified":"2022-11-19T22:04:10","modified_gmt":"2022-11-19T21:04:10","slug":"mobitel-samsung-galaxy-a04-3gb-32gb-dual-sim-white","status":"publish","type":"product","link":"http:\/\/astehshop.com\/index.php\/product\/mobitel-samsung-galaxy-a04-3gb-32gb-dual-sim-white\/","title":{"rendered":"Mobitel Samsung Galaxy A04 3GB 32GB Dual Sim white"},"content":{"rendered":"<p>Dimenzija 164.4 x 76.3 x 9.1 mm Mre\u017ea GSM \/ HSPA \/ LTE Te\u017eina 192 g SIM kartice Dual SIM ( 2x Nano SIM ) Vrsta zaslona PLS IPS Veli\u010dina zaslona 6.5&#8243; Za\u0161tita zaslona NE Rezolucija zaslona 720 x 1600 pixels, 20:9 ratio (~270 ppi density) Operativni sustav (OS) Android 12 Chipset Unisoc SC9863A Procesor (CPU) Octa-core (4&#215;2.3 GHz &amp; 4&#215;1.8 GHz) Grafika (GPU) Mali-G52 MC2 Interna pohrana (ROM) 32 GB Radna memorija (RAM) 3 GB Pro\u0161iriva memorija NE Prednja Kamera 5 MP Stra\u017enja kamera 50MP + 2MP Utor za slu\u0161alice 3.5mm NE Skener otiska prsta NE Vodootporan NE Bluetooth 5.0, A2DP, LE GPS DA Wi-Fi Wi-Fi 802.11 b\/g\/n, Wi-Fi Direct, hotspot Mogu\u0107nost va\u0111enja baterije NE Kapacitet baterije 5000 mAh<\/p>\n","protected":false},"excerpt":{"rendered":"<p>Dimenzija 164.4 x 76.3 x 9.1 mm Mre\u017ea GSM \/ HSPA \/ LTE Te\u017eina 192 g SIM kartice Dual SIM ( 2x Nano SIM ) Vrsta zaslona PLS IPS Veli\u010dina zaslona 6.5&#8243; Za\u0161tita zaslona NE Rezolucija zaslona 720 x 1600 pixels, 20:9 ratio (~270 ppi density) Operativni sustav (OS) Android 12 Chipset Unisoc SC9863A Procesor (CPU) Octa-core (4&#215;2.3 GHz &amp; 4&#215;1.8 GHz) Grafika (GPU) Mali-G52 MC2 Interna pohrana (ROM) 32 GB Radna memorija (RAM) 3 GB Pro\u0161iriva memorija NE Prednja Kamera 5 MP Stra\u017enja kamera 50MP + 2MP Utor za slu\u0161alice 3.5mm NE Skener otiska prsta NE Vodootporan NE Bluetooth 5.0, A2DP, LE GPS DA Wi-Fi Wi-Fi 802.11 b\/g\/n, Wi-Fi Direct, hotspot Mogu\u0107nost va\u0111enja baterije NE Kapacitet baterije 5000 mAh<\/p>\n","protected":false},"featured_media":6757,"comment_status":"open","ping_status":"closed","template":"","meta":{"_mi_skip_tracking":false,"_exactmetrics_sitenote_active":false,"_exactmetrics_sitenote_note":"","_exactmetrics_sitenote_category":0,"spay_email":""},"product_cat":[1170],"product_tag":[1375,4470,4471,3204,3203,1377,2525,4472,4473],"brands":[],"df_price":269,"df_sale_price":"","df_regular_price":269,"df_image_link":"https:\/\/i2.wp.com\/astehshop.com\/wp-content\/uploads\/2022\/11\/0113977_mobitel-samsung-galaxy-a04-3gb-32gb-dual-sim-white.jpeg?fit=435%2C450","jetpack_publicize_connections":[],"jetpack_sharing_enabled":true,"jetpack_likes_enabled":true,"jetpack-related-posts":[{"id":6826,"url":"http:\/\/astehshop.com\/index.php\/product\/xiaomi-redmi-9a-4gb-64gb-black\/","url_meta":{"origin":6756,"position":0},"title":"Xiaomi Redmi 9A 4GB 64GB Black","date":"25. studenoga 2022.","format":false,"excerpt":"Xiaomi Redmi 9A u crnoj boji. IPS LCD ekran veli\u010dine 6.53 in\u010da. Te\u017eina 196g. Zadnja kamera 13 MP, prednja kamera 5MP. Android 10 operativni sistem i octa-core procesor.Interna memorija iznosi 64GB. RAM 4GB. Baterija 5000 mAh. Dual SIM (Nano-SIM, dual stand-by).","rel":"","context":"Srodne objave","img":{"alt_text":"","src":"https:\/\/i1.wp.com\/astehshop.com\/wp-content\/uploads\/2022\/11\/xiaomi-redmi-9a-4gb-64gb-black-noeu.jpg?fit=800%2C800&resize=350%2C200","width":350,"height":200},"classes":[]},{"id":7451,"url":"http:\/\/astehshop.com\/index.php\/product\/multifukcijski-printer-wifi-brother-dcp-l2532dw\/","url_meta":{"origin":6756,"position":1},"title":"MULTIFUKCIJSKI PRINTER WiFi BROTHER DCP-L2532DW","date":"11. o\u017eujka 2023.","format":false,"excerpt":"MULTIFUKCIJSKI LASERSKI PRINTER MFP WiFi\u00a0BROTHER DCP-L2532DW Vrsta pisa\u010da Crno-bijelo Zna\u010dajke Ispis, Kopiranje, Skeniranje Veli\u010dina zaslona 2-linijski LCD Memorija 64 MB Procesor 600 MHz Tehnologija Laser Povezivost be\u017ei\u010dna, Lokalno su\u010delje Hi-Speed USB 2.0 Su\u010delje be\u017ei\u010dne mre\u017ee IEEE 802.11b\/g\/n Dimenzije i te\u017eine \u00a0410 (\u0161) x 398,5 (d) x 272 (v) mm Te\u017eina\u2026","rel":"","context":"Srodne objave","img":{"alt_text":"","src":"https:\/\/i1.wp.com\/astehshop.com\/wp-content\/uploads\/2023\/03\/img-1678454223-098255c4001b.jpg?fit=960%2C960&resize=350%2C200","width":350,"height":200},"classes":[]},{"id":6947,"url":"http:\/\/astehshop.com\/index.php\/product\/homtom-smartphone-ht80-green\/","url_meta":{"origin":6756,"position":2},"title":"HomTom Smartphone HT80 Green","date":"6. prosinca 2022.","format":false,"excerpt":"Size: 75.0 mm x 156.0 mm x 13.6 mm Weight: 205 g Materials: Plastic Resistance certificates (dust, water): IP68 Diagonal: 5.5\" Type: LCD IPS Aspect Ratio: 18:9 Resolution: 720 x 1440 px \u2022 HD+ Density: 293 ppi; Medium Density; Without Notch; 2.5D curved glass screen; GFF full lamination; Capacitive; Multi-touch\u2026","rel":"","context":"Srodne objave","img":{"alt_text":"","src":"https:\/\/i0.wp.com\/astehshop.com\/wp-content\/uploads\/2022\/12\/29047-HomTom-Smartphone-HT80-Orange-5.jpg?fit=633%2C557&resize=350%2C200","width":350,"height":200},"classes":[]},{"id":6450,"url":"http:\/\/astehshop.com\/index.php\/product\/cubot-sw-10-projektor\/","url_meta":{"origin":6756,"position":3},"title":"Cubot SW 10 Projektor","date":"24. listopada 2022.","format":false,"excerpt":"Naziv: Cubot SureWheel SW10 Rezolucija: 1080\u00d71920 (FullHD 1080p) Svjetlina: 13000 \u2013 14000 ANSL Lumena Maksimalna veli\u010dina zaslona: 180 in\u010da Procesor: 4-jezgreni MSD6A358AX ARM Cortex-A53 jezgre na 1,5GHz Grafika: Mali-400 MP2 RAM: 1GB Interna memorija: 16GB Povezivost: 2xUSB, 2xHDMI, AV ulaz (3,5mm), audio izlaz (3,5mm) Napajanje: DC (ulaz: AC100-240V\/50-60HZ) Kontrola: Daljinski\u2026","rel":"","context":"Srodne objave","img":{"alt_text":"","src":"https:\/\/i0.wp.com\/astehshop.com\/wp-content\/uploads\/2022\/10\/cubot-sw-10.jpg?fit=800%2C800&resize=350%2C200","width":350,"height":200},"classes":[]},{"id":11525,"url":"http:\/\/astehshop.com\/index.php\/product\/mercusys-mrouter-mercusys-4g-mb130-4g-ac1200\/","url_meta":{"origin":6756,"position":4},"title":"Mercusys MROUTER MERCUSYS 4G MB130-4G AC1200","date":"19. kolovoza 2025.","format":false,"excerpt":"LAN\/WAN port:\u00a01\u00d7 10\/100Mbps LAN port:\u00a01\u00d7 10\/100Mbps Antene:\u00a02\u00d7 eksterni 4G\/3G priklju\u010dci SIM slot:\u00a01\u00d7 Nano SIM Taster:\u00a0WPS \/ Reset Wi-Fi standardi:\u00a0IEEE 802.11b\/g\/n Frekvencija:\u00a02.4 GHz i 5 GHz Brzina Wi-Fi:\u00a0300 Mbps (2.4 GHz), 867 Mbps (5 GHz)","rel":"","context":"Srodne objave","img":{"alt_text":"","src":"https:\/\/i2.wp.com\/astehshop.com\/wp-content\/uploads\/2025\/08\/37942-Mercusys-MB130-AC1200-4G-LTE-Wireless-Dual-Band-Router-1.webp?fit=450%2C450&resize=350%2C200","width":350,"height":200},"classes":[]},{"id":9448,"url":"http:\/\/astehshop.com\/index.php\/product\/dahua-imou-cruiser-4g-kamera-na-sim-karticu\/","url_meta":{"origin":6756,"position":5},"title":"Dahua Imou Cruiser 4G kamera na sim karticu","date":"5. kolovoza 2024.","format":false,"excerpt":"4G konekcija | 1080P HD slika | Panoramic Pan & Tilt | Human Detection | Smart Tracking \u00a0 Pove\u017eite svoj Cruiser na mjestima gdje Wi-Fi nije dostupan Cruiser 4G podr\u017eava 4G LTE vezu\u00b9, jednostavno uklju\u010dite svoju nano SIM karticu da je pove\u017eete vani gdje Wi-Fi signal ne mo\u017ee pokriti. \u00a0\u2026","rel":"","context":"Srodne objave","img":{"alt_text":"","src":"https:\/\/i0.wp.com\/astehshop.com\/wp-content\/uploads\/2024\/08\/Cruiser-4G-3.png?fit=885%2C1038&resize=350%2C200","width":350,"height":200},"classes":[]}],"_links":{"self":[{"href":"http:\/\/astehshop.com\/index.php\/wp-json\/wp\/v2\/product\/6756"}],"collection":[{"href":"http:\/\/astehshop.com\/index.php\/wp-json\/wp\/v2\/product"}],"about":[{"href":"http:\/\/astehshop.com\/index.php\/wp-json\/wp\/v2\/types\/product"}],"replies":[{"embeddable":true,"href":"http:\/\/astehshop.com\/index.php\/wp-json\/wp\/v2\/comments?post=6756"}],"wp:featuredmedia":[{"embeddable":true,"href":"http:\/\/astehshop.com\/index.php\/wp-json\/wp\/v2\/media\/6757"}],"wp:attachment":[{"href":"http:\/\/astehshop.com\/index.php\/wp-json\/wp\/v2\/media?parent=6756"}],"wp:term":[{"taxonomy":"product_cat","embeddable":true,"href":"http:\/\/astehshop.com\/index.php\/wp-json\/wp\/v2\/product_cat?post=6756"},{"taxonomy":"product_tag","embeddable":true,"href":"http:\/\/astehshop.com\/index.php\/wp-json\/wp\/v2\/product_tag?post=6756"}],"curies":[{"name":"wp","href":"https:\/\/api.w.org\/{rel}","templated":true}]}}