{"id":6753,"date":"2022-11-19T22:01:53","date_gmt":"2022-11-19T21:01:53","guid":{"rendered":"http:\/\/astehshop.com\/?post_type=product&#038;p=6753"},"modified":"2022-11-19T22:01:54","modified_gmt":"2022-11-19T21:01:54","slug":"mobitel-xiaomi-redmi-10a-dual-sim-3gb-32gb-slate-gray","status":"publish","type":"product","link":"http:\/\/astehshop.com\/index.php\/product\/mobitel-xiaomi-redmi-10a-dual-sim-3gb-32gb-slate-gray\/","title":{"rendered":"Mobitel Xiaomi Redmi 10A Dual Sim 3GB 32GB Slate Gray"},"content":{"rendered":"<p>Mobitel Xiaomi Redmi 10A Dual Sim 3GB 32GB Slate Gray<\/p>\n","protected":false},"excerpt":{"rendered":"<p>Mobitel Xiaomi Redmi 10A Dual Sim 3GB 32GB Slate Gray<\/p>\n","protected":false},"featured_media":6754,"comment_status":"open","ping_status":"closed","template":"","meta":{"_mi_skip_tracking":false,"_exactmetrics_sitenote_active":false,"_exactmetrics_sitenote_note":"","_exactmetrics_sitenote_category":0,"spay_email":""},"product_cat":[1170],"product_tag":[4469],"brands":[],"df_price":239,"df_sale_price":"","df_regular_price":239,"df_image_link":"https:\/\/i1.wp.com\/astehshop.com\/wp-content\/uploads\/2022\/11\/0113972_mobitel-xiaomi-redmi-10a-dual-sim-3gb-32gb-slate-gray.jpeg?fit=405%2C450","jetpack_publicize_connections":[],"jetpack_sharing_enabled":true,"jetpack_likes_enabled":true,"jetpack-related-posts":[{"id":6820,"url":"http:\/\/astehshop.com\/index.php\/product\/xiaomi-redmi-a1-2gb-32gb-blue\/","url_meta":{"origin":6753,"position":0},"title":"Xiaomi Redmi A1 2GB 32GB Blue","date":"25. studenoga 2022.","format":false,"excerpt":"Veli\u010dina ekrana 6.52\" Procesor Quad-core 2.0 GHz Cortex-A53 RAM 2GB Pohrana 32GB Kamera 8MP Baterija 5000mAh","rel":"","context":"Srodne objave","img":{"alt_text":"","src":"https:\/\/i2.wp.com\/astehshop.com\/wp-content\/uploads\/2022\/11\/xiaomi-redmi-a1-2gb-32gb-blue.jpg?fit=800%2C800&resize=350%2C200","width":350,"height":200},"classes":[]},{"id":6826,"url":"http:\/\/astehshop.com\/index.php\/product\/xiaomi-redmi-9a-4gb-64gb-black\/","url_meta":{"origin":6753,"position":1},"title":"Xiaomi Redmi 9A 4GB 64GB Black","date":"25. studenoga 2022.","format":false,"excerpt":"Xiaomi Redmi 9A u crnoj boji. IPS LCD ekran veli\u010dine 6.53 in\u010da. Te\u017eina 196g. Zadnja kamera 13 MP, prednja kamera 5MP. Android 10 operativni sistem i octa-core procesor.Interna memorija iznosi 64GB. RAM 4GB. Baterija 5000 mAh. Dual SIM (Nano-SIM, dual stand-by).","rel":"","context":"Srodne objave","img":{"alt_text":"","src":"https:\/\/i1.wp.com\/astehshop.com\/wp-content\/uploads\/2022\/11\/xiaomi-redmi-9a-4gb-64gb-black-noeu.jpg?fit=800%2C800&resize=350%2C200","width":350,"height":200},"classes":[]},{"id":6828,"url":"http:\/\/astehshop.com\/index.php\/product\/xiaomi-redmi-10a-4gb-64gb-grey\/","url_meta":{"origin":6753,"position":2},"title":"Xiaomi Redmi 10A 4GB 64GB Grey","date":"25. studenoga 2022.","format":false,"excerpt":"Veli\u010dina ekrana 6.53 Procesor MediaTek Helio G25 Octa-core processor RAM 4GB Pohrana 64GB Kamera 13MP Baterija 5000mAh","rel":"","context":"Srodne objave","img":{"alt_text":"","src":"https:\/\/i0.wp.com\/astehshop.com\/wp-content\/uploads\/2022\/11\/xiaomi-redmi-9a-4gb-64gb-black-noeu-1.jpg?fit=800%2C800&resize=350%2C200","width":350,"height":200},"classes":[]},{"id":6834,"url":"http:\/\/astehshop.com\/index.php\/product\/xiaomi-redmi-10a-sport-6gb-128gb\/","url_meta":{"origin":6753,"position":3},"title":"Xiaomi Redmi 10A Sport 6GB 128GB","date":"25. studenoga 2022.","format":false,"excerpt":"Veli\u010dina ekrana 6.53'' Procesor MediaTek Helio G25 Octa-core processor RAM 6GB Pohrana 128GB Kamera 13MP Baterija 5000mAh","rel":"","context":"Srodne objave","img":{"alt_text":"","src":"https:\/\/i2.wp.com\/astehshop.com\/wp-content\/uploads\/2022\/11\/xiaomi-redmi-10a-sport-6gb-128gb-blue.jpg?fit=800%2C800&resize=350%2C200","width":350,"height":200},"classes":[]},{"id":6839,"url":"http:\/\/astehshop.com\/index.php\/product\/xiaomi-redmi-10-power-8gb-128gb\/","url_meta":{"origin":6753,"position":4},"title":"Xiaomi Redmi 10 Power 8GB 128GB","date":"25. studenoga 2022.","format":false,"excerpt":"Veli\u010dina ekrana 6.7'' Procesor Snapdragon 680 6nm Octa-core processor; Up to 2.4GHz clock speed RAM 8GB Virtuelni RAM 3GB Pohrana 128GB Kamera 50MP Baterija 6000mAh","rel":"","context":"Srodne objave","img":{"alt_text":"","src":"https:\/\/i1.wp.com\/astehshop.com\/wp-content\/uploads\/2022\/11\/xiaomi-redmi-10-power-8gb-128gb-black.jpg?fit=800%2C800&resize=350%2C200","width":350,"height":200},"classes":[]},{"id":6756,"url":"http:\/\/astehshop.com\/index.php\/product\/mobitel-samsung-galaxy-a04-3gb-32gb-dual-sim-white\/","url_meta":{"origin":6753,"position":5},"title":"Mobitel Samsung Galaxy A04 3GB 32GB Dual Sim white","date":"19. studenoga 2022.","format":false,"excerpt":"Dimenzija 164.4 x 76.3 x 9.1 mm Mre\u017ea GSM \/ HSPA \/ LTE Te\u017eina 192 g SIM kartice Dual SIM ( 2x Nano SIM ) Vrsta zaslona PLS IPS Veli\u010dina zaslona 6.5\" Za\u0161tita zaslona NE Rezolucija zaslona 720 x 1600 pixels, 20:9 ratio (~270 ppi density) Operativni sustav (OS) Android\u2026","rel":"","context":"Srodne objave","img":{"alt_text":"","src":"https:\/\/i2.wp.com\/astehshop.com\/wp-content\/uploads\/2022\/11\/0113977_mobitel-samsung-galaxy-a04-3gb-32gb-dual-sim-white.jpeg?fit=1110%2C1148&resize=350%2C200","width":350,"height":200},"classes":[]}],"_links":{"self":[{"href":"http:\/\/astehshop.com\/index.php\/wp-json\/wp\/v2\/product\/6753"}],"collection":[{"href":"http:\/\/astehshop.com\/index.php\/wp-json\/wp\/v2\/product"}],"about":[{"href":"http:\/\/astehshop.com\/index.php\/wp-json\/wp\/v2\/types\/product"}],"replies":[{"embeddable":true,"href":"http:\/\/astehshop.com\/index.php\/wp-json\/wp\/v2\/comments?post=6753"}],"wp:featuredmedia":[{"embeddable":true,"href":"http:\/\/astehshop.com\/index.php\/wp-json\/wp\/v2\/media\/6754"}],"wp:attachment":[{"href":"http:\/\/astehshop.com\/index.php\/wp-json\/wp\/v2\/media?parent=6753"}],"wp:term":[{"taxonomy":"product_cat","embeddable":true,"href":"http:\/\/astehshop.com\/index.php\/wp-json\/wp\/v2\/product_cat?post=6753"},{"taxonomy":"product_tag","embeddable":true,"href":"http:\/\/astehshop.com\/index.php\/wp-json\/wp\/v2\/product_tag?post=6753"}],"curies":[{"name":"wp","href":"https:\/\/api.w.org\/{rel}","templated":true}]}}