{"id":6745,"date":"2022-11-19T21:44:34","date_gmt":"2022-11-19T20:44:34","guid":{"rendered":"http:\/\/astehshop.com\/?post_type=product&#038;p=6745"},"modified":"2022-11-19T21:44:35","modified_gmt":"2022-11-19T20:44:35","slug":"kuhinjska-napa-ugradbena-190-w-inox","status":"publish","type":"product","link":"http:\/\/astehshop.com\/index.php\/product\/kuhinjska-napa-ugradbena-190-w-inox\/","title":{"rendered":"Kuhinjska napa, ugradbena, 190 W INOX"},"content":{"rendered":"<p>Ugradbena kuhinjska napa, priklju\u010dna snaga 190 W, dva motora 2 x 95 W, maksimalan protok zraka 500 m\u00b3\/h, 3 brzine rada, perivi aluminijski filter, INOX<\/p>\n","protected":false},"excerpt":{"rendered":"<p>Ugradbena kuhinjska napa, priklju\u010dna snaga 190 W, dva motora 2 x 95 W, maksimalan protok zraka 500 m\u00b3\/h, 3 brzine rada, perivi aluminijski filter, INOX<\/p>\n","protected":false},"featured_media":6746,"comment_status":"open","ping_status":"closed","template":"","meta":{"_mi_skip_tracking":false,"_exactmetrics_sitenote_active":false,"_exactmetrics_sitenote_note":"","_exactmetrics_sitenote_category":0,"spay_email":""},"product_cat":[101],"product_tag":[4462,4460,4461],"brands":[],"df_price":109,"df_sale_price":"","df_regular_price":109,"df_image_link":"https:\/\/i2.wp.com\/astehshop.com\/wp-content\/uploads\/2022\/11\/6423154023796.png?fit=430%2C450","jetpack_publicize_connections":[],"jetpack_sharing_enabled":true,"jetpack_likes_enabled":true,"jetpack-related-posts":[{"id":7654,"url":"http:\/\/astehshop.com\/index.php\/product\/usisavac-sa-posudom-700-w-hepa-filter\/","url_meta":{"origin":6745,"position":0},"title":"Usisava\u010d sa posudom, 700 W, HEPA filter","date":"30. travnja 2023.","format":false,"excerpt":"Usisava\u010d sa posudom, snaga motora 700 W, HEPA 13 filter, Multi-stage filtracija, kontrola protoka zraka na ru\u010dki, zakretni ko\u010dki\u0107i, automatsko namotavanje kabela, fleksibilno i okretno crijevo za 360\u00b0, kapacitet posude za pra\u0161inu 2.5 lit., jedan klik za osloba\u0111anje posude za pra\u0161inu, razina buke 79 dB Pribor: metalna cijev iz dva\u2026","rel":"","context":"Srodne objave","img":{"alt_text":"","src":"https:\/\/i0.wp.com\/astehshop.com\/wp-content\/uploads\/2023\/04\/usisivac-2.png?fit=1116%2C1200&resize=350%2C200","width":350,"height":200},"classes":[]},{"id":7652,"url":"http:\/\/astehshop.com\/index.php\/product\/usisavac-za-suho-mokro-usisavanje-1600-w-siva\/","url_meta":{"origin":6745,"position":1},"title":"Usisava\u010d za suho\/mokro usisavanje, 1600 W, siva","date":"30. travnja 2023.","format":false,"excerpt":"Usisava\u010d za suho i mokro usisavanje, snaga 1600 W, kapacitet posude za pra\u0161inju ( platnena vre\u0107ica, uklju\u0107ena u pakiranje ), 8 lit, kontrola brzine na tijelu usisava\u010da, \u010detka sa kota\u010di\u0107ima pogodna za usisavanje tepiha i podova, dugotrajni samoventiliraju\u0107i motor. Usisava\u010d sa vodenim filterom pored odli\u010dnih rezultata \u010di\u0161\u0107enja je idealan izbor\u2026","rel":"","context":"Srodne objave","img":{"alt_text":"","src":"https:\/\/i2.wp.com\/astehshop.com\/wp-content\/uploads\/2023\/04\/Usisavac-za-suho-mokro-usisavanje-1600-W-siva.png?fit=1172%2C1200&resize=350%2C200","width":350,"height":200},"classes":[]},{"id":7767,"url":"http:\/\/astehshop.com\/index.php\/product\/klima-uredaj-split-sistem-12000btu-32kw-a\/","url_meta":{"origin":6745,"position":2},"title":"Klima ure\u0111aj, split sistem, 12000Btu, 3,2kW, A","date":"15. svibnja 2023.","format":false,"excerpt":"Klima ure\u0111aj, split sistem, kapacitet hla\u0111enje 3,2kW, grijanje 3,5kW, protok zraka 630m\u00b3\/h, razina buke unutarnja jedinica 38dB, vanjska jedinica 54dB, ECO plin R410A, energetski razred A+ \/ A. Mitsubishi kompresor.","rel":"","context":"Srodne objave","img":{"alt_text":"","src":"https:\/\/i0.wp.com\/astehshop.com\/wp-content\/uploads\/2023\/05\/frozzini-12-scaled.jpg?fit=1200%2C1012&resize=350%2C200","width":350,"height":200},"classes":[]},{"id":8527,"url":"http:\/\/astehshop.com\/index.php\/product\/ovlazivac-zraka-green-tech-go-2235-3-5l-s-daljinskim-upravljacem\/","url_meta":{"origin":6745,"position":3},"title":"Ovla\u017eiva\u010d zraka Green Tech GO-2235, 3.5l, s daljinskim upravlja\u010dem","date":"2. studenoga 2023.","format":false,"excerpt":"Snaga: 23 W Kapacitet spremnika: 3,5 l Maksimalno radno vrijeme s jednim spremnikom vode: 20 sati Izlaz maglice: 250 ml\/h 3 razine maglice: niska, srednja i visoka Ultrazvu\u010dna frekvencija: 1,7 MHz Mogu\u0107nost postavljanja timera: 1 - 12 sati LED zaslon na dodir IR daljinski upravlja\u010d Poseban na\u010din rada prilago\u0111en za\u2026","rel":"","context":"Srodne objave","img":{"alt_text":"","src":"https:\/\/i1.wp.com\/astehshop.com\/wp-content\/uploads\/2023\/11\/GO-2235_6733.png?fit=800%2C800&resize=350%2C200","width":350,"height":200},"classes":[]},{"id":9286,"url":"http:\/\/astehshop.com\/index.php\/product\/elektricni-trotinet-romobil-do-80-kg\/","url_meta":{"origin":6745,"position":4},"title":"Elektri\u010dni trotinet romobil do 80 KG","date":"3. svibnja 2024.","format":false,"excerpt":"MAKSIMALNA BRZINA DO 18 km\/h MAKSIMALAN NAGIB DO 5% DOMET DO 10 KILOMETARA (u idealnim uslovima) SNAGA 120W \u00a0 Plava i roza boja","rel":"","context":"Srodne objave","img":{"alt_text":"","src":"https:\/\/i1.wp.com\/astehshop.com\/wp-content\/uploads\/2024\/05\/img-1709811625-f99446cc533a-removebg-preview.png?fit=266%2C356&resize=350%2C200","width":350,"height":200},"classes":[]},{"id":9725,"url":"http:\/\/astehshop.com\/index.php\/product\/kupaonska-grijalica-green-tech-2000w-elektricna\/","url_meta":{"origin":6745,"position":5},"title":"Kupaonska grijalica Green Tech 2000W, elektri\u010dna","date":"24. studenoga 2024.","format":false,"excerpt":"Snaga: 2000 W 2 postavke topline: 1000 W \/ 2000 W Mogu\u0107nost odabira zraka: hladan \/ topao \/ vru\u0107 IP stupanj za\u0161tite: IP23 LED zaslon osjetljiv na dodir Upravljanje pomo\u0107u daljinskog upravlja\u010da Za\u0161tita od pregrijavanja Vrsta kontrole: elektroni\u010dko Povr\u0161ina pokrivanja \/ zagrijavanja: 20 m\u00b2 Napon: AC 220 - 240 V\u2026","rel":"","context":"Srodne objave","img":{"alt_text":"","src":"https:\/\/i1.wp.com\/astehshop.com\/wp-content\/uploads\/2024\/11\/HBH-2005WB_10489.png?fit=1200%2C1200&resize=350%2C200","width":350,"height":200},"classes":[]}],"_links":{"self":[{"href":"http:\/\/astehshop.com\/index.php\/wp-json\/wp\/v2\/product\/6745"}],"collection":[{"href":"http:\/\/astehshop.com\/index.php\/wp-json\/wp\/v2\/product"}],"about":[{"href":"http:\/\/astehshop.com\/index.php\/wp-json\/wp\/v2\/types\/product"}],"replies":[{"embeddable":true,"href":"http:\/\/astehshop.com\/index.php\/wp-json\/wp\/v2\/comments?post=6745"}],"wp:featuredmedia":[{"embeddable":true,"href":"http:\/\/astehshop.com\/index.php\/wp-json\/wp\/v2\/media\/6746"}],"wp:attachment":[{"href":"http:\/\/astehshop.com\/index.php\/wp-json\/wp\/v2\/media?parent=6745"}],"wp:term":[{"taxonomy":"product_cat","embeddable":true,"href":"http:\/\/astehshop.com\/index.php\/wp-json\/wp\/v2\/product_cat?post=6745"},{"taxonomy":"product_tag","embeddable":true,"href":"http:\/\/astehshop.com\/index.php\/wp-json\/wp\/v2\/product_tag?post=6745"}],"curies":[{"name":"wp","href":"https:\/\/api.w.org\/{rel}","templated":true}]}}