{"id":6728,"date":"2022-11-19T19:20:26","date_gmt":"2022-11-19T18:20:26","guid":{"rendered":"http:\/\/astehshop.com\/?post_type=product&#038;p=6728"},"modified":"2022-11-19T19:20:27","modified_gmt":"2022-11-19T18:20:27","slug":"memorijska-kartica-micro-sdxc-team-group-128gb-uhs-1","status":"publish","type":"product","link":"http:\/\/astehshop.com\/index.php\/product\/memorijska-kartica-micro-sdxc-team-group-128gb-uhs-1\/","title":{"rendered":"Memorijska kartica micro SDXC Team Group 128GB (UHS-1)"},"content":{"rendered":"<p>Kapacitet memorije: 128 GB<br \/>\nKlasa: UHS-1<br \/>\nModel: Micro SDXC &#8211; Ultra High Speed bus interface<br \/>\nBrzina \u010ditanja \/ pisanja: do 80 \/ 15 MB \/ s<br \/>\nNapon: 2.7 &#8211; 3.6 V<br \/>\nRadna temperatura: od 0 \u00b0C do 70 \u00b0C<br \/>\nTemperatura skladi\u0161tenja: od &#8211; 40 \u00b0C do 85 \u00b0C<br \/>\nCertifikati: FCC, CE, RoHS<\/p>\n","protected":false},"excerpt":{"rendered":"<p>Kapacitet memorije: 128 GB<br \/>\nKlasa: UHS-1<br \/>\nModel: Micro SDXC &#8211; Ultra High Speed bus interface<br \/>\nBrzina \u010ditanja \/ pisanja: do 80 \/ 15 MB \/ s<br \/>\nNapon: 2.7 &#8211; 3.6 V<br \/>\nRadna temperatura: od 0 \u00b0C do 70 \u00b0C<br \/>\nTemperatura skladi\u0161tenja: od &#8211; 40 \u00b0C do 85 \u00b0C<br \/>\nCertifikati: FCC, CE, RoHS<\/p>\n","protected":false},"featured_media":6729,"comment_status":"open","ping_status":"closed","template":"","meta":{"_mi_skip_tracking":false,"_exactmetrics_sitenote_active":false,"_exactmetrics_sitenote_note":"","_exactmetrics_sitenote_category":0,"spay_email":""},"product_cat":[15],"product_tag":[4444],"brands":[],"df_price":45,"df_sale_price":"","df_regular_price":45,"df_image_link":"https:\/\/i0.wp.com\/astehshop.com\/wp-content\/uploads\/2022\/11\/medium_8262_0ba7212a95bb104efa05f55ce07062fctdh.png?fit=400%2C400","jetpack_publicize_connections":[],"jetpack_sharing_enabled":true,"jetpack_likes_enabled":true,"jetpack-related-posts":[{"id":6647,"url":"http:\/\/astehshop.com\/index.php\/product\/tenda-security-pan-tilt-camera-4mp-cp7\/","url_meta":{"origin":6728,"position":0},"title":"Tenda Security Pan\/Tilt Camera 4MP CP7","date":"17. studenoga 2022.","format":false,"excerpt":"Pomicanje \/ nagib: horizontalno: 355\u00b0 | vertikalno prema gore: 90\u00b0 | vertikalno prema dole: 65\u00b0 Pohrana | Micro SD (do 128 GB, klasa 10 i noviji) Snaga: DC 9V; 1A Le\u0107e: 4 mm@F2.2 Ethernet: RJ45 port Unutarnja antena Rezolucija: 2560 x 1440 Be\u017ei\u010dna stopa: 150 Mbps Sigurnost: 64 \/ 128\u2026","rel":"","context":"Srodne objave","img":{"alt_text":"","src":"https:\/\/i0.wp.com\/astehshop.com\/wp-content\/uploads\/2022\/11\/medium_36192463_0b6554e17eb4becdaeb301372ffd3d7aruA.png?fit=400%2C400&resize=350%2C200","width":350,"height":200},"classes":[]},{"id":6442,"url":"http:\/\/astehshop.com\/index.php\/product\/tenda-outdoor-point-to-point-cpe-o6-5-ghz\/","url_meta":{"origin":6728,"position":1},"title":"Tenda Outdoor point to point CPE O6 5 GHz","date":"23. listopada 2022.","format":false,"excerpt":"Brzina: 433 Mbps Antena: 16 dBi antena Domet prijenosa podatak: 10 km Su\u010delje: 1 * GE PoE \/ WAN \/ LAN port Napajanje: 24 V 0,5 A PoE injector Stupanj za\u0161tite: IP64 Radna frekvencija: 5 GHz Radna temperatura: od -20 \u00b0C do 55 \u00b0C Certifikati: FCC, CE, RoHS","rel":"","context":"Srodne objave","img":{"alt_text":"","src":"https:\/\/i1.wp.com\/astehshop.com\/wp-content\/uploads\/2022\/10\/medium_7083_ebc72e35f05a883b0730a37fc0c603cayjw.png?fit=400%2C400&resize=350%2C200","width":350,"height":200},"classes":[]},{"id":6703,"url":"http:\/\/astehshop.com\/index.php\/product\/ssd-team-group-25-std-sata3-240gb-cx1\/","url_meta":{"origin":6728,"position":2},"title":"SSD Team Group 2,5&#8243; STD SATA3 240GB CX1","date":"19. studenoga 2022.","format":false,"excerpt":"Model: CX1 Kapacitet: 240 GB Su\u010delje: SATA III 6 Gb \/ s Napon: DC + 5V Radna temperatura: od 0 \u00b0C do 70 \u00b0C Temperatura skladi\u0161tenja: od - 40 \u00b0C do 85 \u00b0C DRAM Cache: Ne TBW (Terabaytes Written): 200 Izvr\u0161enje:\u00a0Read: Up to 520 MB\/s Max; Write: 430 MB\/s Dimenzije\u2026","rel":"","context":"Srodne objave","img":{"alt_text":"","src":"https:\/\/i1.wp.com\/astehshop.com\/wp-content\/uploads\/2022\/11\/146466079_e0da17099208053ec1ec24c5985383c3uZT.png?fit=800%2C800&resize=350%2C200","width":350,"height":200},"classes":[]},{"id":6645,"url":"http:\/\/astehshop.com\/index.php\/product\/tenda-smart-ip-kamera-cp3\/","url_meta":{"origin":6728,"position":3},"title":"Tenda smart IP kamera CP3","date":"17. studenoga 2022.","format":false,"excerpt":"Pomicanje \/ nagib: horizontalno: 360\u00b0 | vertikalno prema gore: 90\u00b0 | vertikalno prema dole: 65\u00b0 Port: Pohrana | Micro SD (do 128 GB, klasa 10 i noviji) Snaga: DC 9V; 1A Le\u0107e: 4mm@F2.2 Unutarnja antena Objektiv: 1920 x 1080p Be\u017ei\u010dna stopa: 150 Mbps Sigurnost: 64 \/ 128 - bit WEP,\u2026","rel":"","context":"Srodne objave","img":{"alt_text":"","src":"https:\/\/i1.wp.com\/astehshop.com\/wp-content\/uploads\/2022\/11\/medium_4814_b099585d476ffb62cd6a588c0e5e3545lOI.png?fit=400%2C400&resize=350%2C200","width":350,"height":200},"classes":[]},{"id":6446,"url":"http:\/\/astehshop.com\/index.php\/product\/tenda-switch-5-port-ni-gigabit-sg105\/","url_meta":{"origin":6728,"position":4},"title":"Tenda switch 5 port-ni Gigabit SG105","date":"23. listopada 2022.","format":false,"excerpt":"Portovi: 5 * 10 \/ 100 \/ 1000 Mbps auto-negotiation RJ45 portovi, auto MDI \/ MDIX Ulazni napon: AC 100 - 240 V \/ 50 - 60 Hz Izlazni napon: 5V \/ 0,6 A Potro\u0161nja u stand by na\u010dinu rada: 0,5 W Maksimalna potro\u0161nja: 2,5 W Dimenzije proizvoda: 96 x\u2026","rel":"","context":"Srodne objave","img":{"alt_text":"","src":"https:\/\/i2.wp.com\/astehshop.com\/wp-content\/uploads\/2022\/10\/7806_e66e6c7700b69ebfc4d4898c09ad4a29utN.png?fit=800%2C800&resize=350%2C200","width":350,"height":200},"classes":[]},{"id":6444,"url":"http:\/\/astehshop.com\/index.php\/product\/tenda-multi-mode-fiber-converter\/","url_meta":{"origin":6728,"position":5},"title":"Tenda multi mode fiber converter","date":"23. listopada 2022.","format":false,"excerpt":"Standardi: IEEE 802.3, IEEE 802.3u 100 BASE-TX, IEEE 802.3u 100 BASE-FX, IEEE 802.3x Tip konektora: SC Tip fiber-a: multi-mode Valna duljina: 1310nm Ulazni napon: DV 9V 1A Maksimalna snaga: 3,5W Radna temperatura: od 0 \u00b0C do 45 \u00b0C Certifikati: RoHS","rel":"","context":"Srodne objave","img":{"alt_text":"","src":"https:\/\/i0.wp.com\/astehshop.com\/wp-content\/uploads\/2022\/10\/8252_69c72cb7ccf8d6b920de0fe8f04957a7VRO.png?fit=800%2C800&resize=350%2C200","width":350,"height":200},"classes":[]}],"_links":{"self":[{"href":"http:\/\/astehshop.com\/index.php\/wp-json\/wp\/v2\/product\/6728"}],"collection":[{"href":"http:\/\/astehshop.com\/index.php\/wp-json\/wp\/v2\/product"}],"about":[{"href":"http:\/\/astehshop.com\/index.php\/wp-json\/wp\/v2\/types\/product"}],"replies":[{"embeddable":true,"href":"http:\/\/astehshop.com\/index.php\/wp-json\/wp\/v2\/comments?post=6728"}],"wp:featuredmedia":[{"embeddable":true,"href":"http:\/\/astehshop.com\/index.php\/wp-json\/wp\/v2\/media\/6729"}],"wp:attachment":[{"href":"http:\/\/astehshop.com\/index.php\/wp-json\/wp\/v2\/media?parent=6728"}],"wp:term":[{"taxonomy":"product_cat","embeddable":true,"href":"http:\/\/astehshop.com\/index.php\/wp-json\/wp\/v2\/product_cat?post=6728"},{"taxonomy":"product_tag","embeddable":true,"href":"http:\/\/astehshop.com\/index.php\/wp-json\/wp\/v2\/product_tag?post=6728"}],"curies":[{"name":"wp","href":"https:\/\/api.w.org\/{rel}","templated":true}]}}