{"id":6725,"date":"2022-11-19T19:18:52","date_gmt":"2022-11-19T18:18:52","guid":{"rendered":"http:\/\/astehshop.com\/?post_type=product&#038;p=6725"},"modified":"2022-11-19T19:18:52","modified_gmt":"2022-11-19T18:18:52","slug":"slusalice-cat-ear-stn-28-djecje-wireless-crne","status":"publish","type":"product","link":"http:\/\/astehshop.com\/index.php\/product\/slusalice-cat-ear-stn-28-djecje-wireless-crne\/","title":{"rendered":"Slu\u0161alice CAT EAR STN-28 dje\u010dje, wireless, crne"},"content":{"rendered":"<p>Veli\u010dina zvu\u010dnika:\u00a0\u00d8 40 mm<br \/>\nFrekvencijski odziv: 20 Hz &#8211; 20 kHz<br \/>\nOtpor zvu\u010dnika: 32 Ohm<br \/>\nBluetooth verzija: 5.0<br \/>\nBaterija: 350 mAh, litijska<br \/>\nBluetooth domet: 10 metara<br \/>\nTalk \/ Play vrijeme: 8 &#8211; 10 sati<br \/>\nTrajanje punjenja: 2 sata<br \/>\nKabel za punjenje uklju\u010den u pakiranje; USB na micro<\/p>\n","protected":false},"excerpt":{"rendered":"<p>Veli\u010dina zvu\u010dnika:\u00a0\u00d8 40 mm<br \/>\nFrekvencijski odziv: 20 Hz &#8211; 20 kHz<br \/>\nOtpor zvu\u010dnika: 32 Ohm<br \/>\nBluetooth verzija: 5.0<br \/>\nBaterija: 350 mAh, litijska<br \/>\nBluetooth domet: 10 metara<br \/>\nTalk \/ Play vrijeme: 8 &#8211; 10 sati<br \/>\nTrajanje punjenja: 2 sata<br \/>\nKabel za punjenje uklju\u010den u pakiranje; USB na micro<\/p>\n","protected":false},"featured_media":6726,"comment_status":"open","ping_status":"closed","template":"","meta":{"_mi_skip_tracking":false,"_exactmetrics_sitenote_active":false,"_exactmetrics_sitenote_note":"","_exactmetrics_sitenote_category":0,"spay_email":""},"product_cat":[955],"product_tag":[4443,4441,4442],"brands":[],"df_price":29,"df_sale_price":"","df_regular_price":29,"df_image_link":"https:\/\/i1.wp.com\/astehshop.com\/wp-content\/uploads\/2022\/11\/medium_85732941_2c763054182237b8c8cbc0ac21734bbddI4.png?fit=400%2C400","jetpack_publicize_connections":[],"jetpack_sharing_enabled":true,"jetpack_likes_enabled":true,"jetpack-related-posts":[{"id":6656,"url":"http:\/\/astehshop.com\/index.php\/product\/slusalice-good-game-gg-h13-gaming\/","url_meta":{"origin":6725,"position":0},"title":"Slu\u0161alice Good Game GG-H13 gaming","date":"17. studenoga 2022.","format":false,"excerpt":"Veli\u010dina zvu\u010dnika: \u00d8 40 mm Otpor zvu\u010dnika: 32 Ohm Osjetljivost zvu\u010dnika: 115 dB \u00b1 3 dB Frekvencijski odziv: 20 Hz - 20 kHz Veli\u010dina mikrofona: \u00d8 6 x 5 mm Osjetljivost mikrofona: - 65 dB \u00b1 3 dB Tip konektora: 3.5 mm x 2 + USB Duljina kabela: 2 metra\u2026","rel":"","context":"Srodne objave","img":{"alt_text":"","src":"https:\/\/i0.wp.com\/astehshop.com\/wp-content\/uploads\/2022\/11\/medium_5651_59135de91daef607430492901d5a636fDLG.png?fit=400%2C400&resize=350%2C200","width":350,"height":200},"classes":[]},{"id":6653,"url":"http:\/\/astehshop.com\/index.php\/product\/slusalice-good-game-gg-h02-gaming\/","url_meta":{"origin":6725,"position":1},"title":"Slu\u0161alice Good Game GG-H02 gaming","date":"17. studenoga 2022.","format":false,"excerpt":"Veli\u010dina zvu\u010dnika: \u00d8 40 mm Otpor zvu\u010dnika: 32 Ohm Osjetljivost zvu\u010dnika: 115 dB \u00b1 3 dB Frekvencijski odziv: 20 Hz - 20 kHz Veli\u010dina mikrofona: \u00d8 6 x 5 mm Osjetljivost mikrofona: - 42 dB \u00b1 3 dB Tip konektora: 3.5 mm x 2 Duljina kabela: 2 metra Radna temperatura:\u2026","rel":"","context":"Srodne objave","img":{"alt_text":"","src":"https:\/\/i0.wp.com\/astehshop.com\/wp-content\/uploads\/2022\/11\/medium_24784_d0690ef2c00efab4937727dd88c3289egAl.png?fit=400%2C400&resize=350%2C200","width":350,"height":200},"classes":[]},{"id":6573,"url":"http:\/\/astehshop.com\/index.php\/product\/haylou-t15-bluetooth-earbuds-black\/","url_meta":{"origin":6725,"position":2},"title":"Haylou T15 Bluetooth Earbuds Black","date":"17. studenoga 2022.","format":false,"excerpt":"Vrijeme rada : 3,5 sata Vrijeme punjenja slu\u0161alica do 1,5 sati (kutija - 4 sata) Radijus: do 10 metara Baterija : slu\u0161alica 43 m * Ah, ku\u0107i\u0161te 2200 m * Ah Priklju\u010dci: MicroUSB, USB-A","rel":"","context":"Srodne objave","img":{"alt_text":"","src":"https:\/\/i1.wp.com\/astehshop.com\/wp-content\/uploads\/2022\/11\/haylou-t15-bluetooth-earbuds-black.jpg?fit=800%2C800&resize=350%2C200","width":350,"height":200},"classes":[]},{"id":6448,"url":"http:\/\/astehshop.com\/index.php\/product\/solarni-prijenosni-set-green-tech-sps-300-fm-tf-bluetooth-usb\/","url_meta":{"origin":6725,"position":3},"title":"Solarni prijenosni set Green Tech SPS-300, FM, TF, Bluetooth, USB","date":"23. listopada 2022.","format":false,"excerpt":"LED: Snaga: 3 W + 3 W + 3 W \/ LED \u017earulje uklju\u010dene u pakiranje Boja svjetlosti: 4000 K Napon: AC 85 - 265 V \/ 50 - 60 Hz FLUX: 300 lm LED diode: SMD Kut svjetlosti: 120 \u00b0 UGR: < 19 Radni vijek: 20 000 radnih sati\u2026","rel":"","context":"Srodne objave","img":{"alt_text":"","src":"https:\/\/i0.wp.com\/astehshop.com\/wp-content\/uploads\/2022\/10\/7937_bf9df51dc75f5892c0b67bfbdb43f6f85av.png?fit=800%2C800&resize=350%2C200","width":350,"height":200},"classes":[]},{"id":11515,"url":"http:\/\/astehshop.com\/index.php\/product\/slusalice-bt-jbl-wave-200tws\/","url_meta":{"origin":6725,"position":4},"title":"SLU\u0160ALICE BT JBL WAVE 200TWS","date":"19. kolovoza 2025.","format":false,"excerpt":"Tip:\u00a0In-ear Driver:\u00a08mm Osjetljivost:\u00a0108 dB @ 1kHz \/ 1mW Frekvencijski raspon:\u00a020 Hz \u2013 20 kHz Impedansa:\u00a016 \u2126 Broj drivera po slu\u0161alici:\u00a01 Bluetooth:\u00a05.0 Vrijeme punjenja:\u00a02h Baterija \/ Reprodukcija:\u00a020h ukupno (5h + 15h iz ku\u0107i\u0161ta)","rel":"","context":"Srodne objave","img":{"alt_text":"","src":"https:\/\/i1.wp.com\/astehshop.com\/wp-content\/uploads\/2025\/08\/38964-JBL-Wave-200TWS-Headphones-Black-1.webp?fit=450%2C450&resize=350%2C200","width":350,"height":200},"classes":[]},{"id":6679,"url":"http:\/\/astehshop.com\/index.php\/product\/zvucnici-good-game-gg-s04-gaming\/","url_meta":{"origin":6725,"position":5},"title":"Zvu\u010dnici Good Game GG-S04 gaming","date":"17. studenoga 2022.","format":false,"excerpt":"Snaga RMS: 3W x 2 Zvu\u010dni\u010dka jedinica: 2\" \/ 4 Ohm Frekvencijski odziv: 100 Hz - 20 kHz Standby disipacija snage: \u2264 0,5 W Ulazni napon: 5V \/ 1A Ulazna osjetljivost: 700 mV +\/- 50 mV Tip konektora: 3,5 mm jack + USB Duljina kabela: 1,5 m Osvjetljenje: Rainbow Radna\u2026","rel":"","context":"Srodne objave","img":{"alt_text":"","src":"https:\/\/i0.wp.com\/astehshop.com\/wp-content\/uploads\/2022\/11\/medium_5673_d3f631a9baaa48eff4c4b775c86636cdLEF.png?fit=400%2C400&resize=350%2C200","width":350,"height":200},"classes":[]}],"_links":{"self":[{"href":"http:\/\/astehshop.com\/index.php\/wp-json\/wp\/v2\/product\/6725"}],"collection":[{"href":"http:\/\/astehshop.com\/index.php\/wp-json\/wp\/v2\/product"}],"about":[{"href":"http:\/\/astehshop.com\/index.php\/wp-json\/wp\/v2\/types\/product"}],"replies":[{"embeddable":true,"href":"http:\/\/astehshop.com\/index.php\/wp-json\/wp\/v2\/comments?post=6725"}],"wp:featuredmedia":[{"embeddable":true,"href":"http:\/\/astehshop.com\/index.php\/wp-json\/wp\/v2\/media\/6726"}],"wp:attachment":[{"href":"http:\/\/astehshop.com\/index.php\/wp-json\/wp\/v2\/media?parent=6725"}],"wp:term":[{"taxonomy":"product_cat","embeddable":true,"href":"http:\/\/astehshop.com\/index.php\/wp-json\/wp\/v2\/product_cat?post=6725"},{"taxonomy":"product_tag","embeddable":true,"href":"http:\/\/astehshop.com\/index.php\/wp-json\/wp\/v2\/product_tag?post=6725"}],"curies":[{"name":"wp","href":"https:\/\/api.w.org\/{rel}","templated":true}]}}