{"id":6703,"date":"2022-11-19T18:33:00","date_gmt":"2022-11-19T17:33:00","guid":{"rendered":"http:\/\/astehshop.com\/?post_type=product&#038;p=6703"},"modified":"2026-02-07T18:39:36","modified_gmt":"2026-02-07T17:39:36","slug":"ssd-team-group-25-std-sata3-240gb-cx1","status":"publish","type":"product","link":"http:\/\/astehshop.com\/index.php\/product\/ssd-team-group-25-std-sata3-240gb-cx1\/","title":{"rendered":"SSD Team Group 2,5&#8243; STD SATA3 240GB CX1"},"content":{"rendered":"<p>Model: CX1<br \/>\nKapacitet: 240 GB<br \/>\nSu\u010delje: SATA III 6 Gb \/ s<br \/>\nNapon: DC + 5V<br \/>\nRadna temperatura: od 0 \u00b0C do 70 \u00b0C<br \/>\nTemperatura skladi\u0161tenja: od &#8211; 40 \u00b0C do 85 \u00b0C<br \/>\nDRAM Cache: Ne<br \/>\nTBW (Terabaytes Written): 200<br \/>\nIzvr\u0161enje:\u00a0Read: Up to 520 MB\/s Max; Write: 430 MB\/s<br \/>\nDimenzije artikla: 100 x 69,9 x 7 mm<br \/>\nVibration non &#8211; operating: 20 G<br \/>\nShock: 1,500 G<br \/>\nMTBF (radni vijek): 1 000 000 sati<br \/>\nOS kompatibilnost: Windows 7 i noviji, MAC OS 10.4 i noviji, Linux 2.6.33 i noviji<\/p>\n","protected":false},"excerpt":{"rendered":"<p>Model: CX1<br \/>\nKapacitet: 240 GB<br \/>\nSu\u010delje: SATA III 6 Gb \/ s<br \/>\nNapon: DC + 5V<br \/>\nRadna temperatura: od 0 \u00b0C do 70 \u00b0C<br \/>\nTemperatura skladi\u0161tenja: od &#8211; 40 \u00b0C do 85 \u00b0C<br \/>\nDRAM Cache: Ne<br \/>\nTBW (Terabaytes Written): 200<br \/>\nIzvr\u0161enje:\u00a0Read: Up to 520 MB\/s Max; Write: 430 MB\/s<br \/>\nDimenzije artikla: 100 x 69,9 x 7 mm<br \/>\nVibration non &#8211; operating: 20 G<br \/>\nShock: 1,500 G<br \/>\nMTBF (radni vijek): 1 000 000 sati<br \/>\nOS kompatibilnost: Windows 7 i noviji, MAC OS 10.4 i noviji, Linux 2.6.33 i noviji<\/p>\n","protected":false},"featured_media":6704,"comment_status":"open","ping_status":"closed","template":"","meta":{"_mi_skip_tracking":false,"_exactmetrics_sitenote_active":false,"_exactmetrics_sitenote_note":"","_exactmetrics_sitenote_category":0,"spay_email":""},"product_cat":[160],"product_tag":[4429,4428],"brands":[],"df_price":"","df_sale_price":"","df_regular_price":"","df_image_link":"https:\/\/i1.wp.com\/astehshop.com\/wp-content\/uploads\/2022\/11\/146466079_e0da17099208053ec1ec24c5985383c3uZT.png?fit=450%2C450","jetpack_publicize_connections":[],"jetpack_sharing_enabled":true,"jetpack_likes_enabled":true,"jetpack-related-posts":[{"id":6658,"url":"http:\/\/astehshop.com\/index.php\/product\/gaming-tastatura-good-game-by-gigatech-gg-k03\/","url_meta":{"origin":6703,"position":0},"title":"Gaming tastatura Good Game by Gigatech GG-K03","date":"17. studenoga 2022.","format":false,"excerpt":"Broj tipki: 105 Izdr\u017eljivost: 10 milijuna klikova Osvjetljenje: Rainbow Operativna snaga: 55 \u00b1 10 g Radni napon: 5V Utor: USB 2.0 Duljina kabela: 1,5 m Radna temperatura: od 0 - 50 \u00b0C OS kompatibilnost: Windows 2000 i noviji, MAC OS Certifikati: CE, RoHS Boja artikla: crna Materijal: plastika","rel":"","context":"Srodne objave","img":{"alt_text":"","src":"https:\/\/i1.wp.com\/astehshop.com\/wp-content\/uploads\/2022\/11\/medium_5654_f6ab0800466094d542b3044aa1c7ac9dHgy.png?fit=400%2C400&resize=350%2C200","width":350,"height":200},"classes":[]},{"id":6661,"url":"http:\/\/astehshop.com\/index.php\/product\/gaming-tastatura-good-game-gg-k06\/","url_meta":{"origin":6703,"position":1},"title":"Gaming tastatura Good Game GG-K06","date":"17. studenoga 2022.","format":false,"excerpt":"Broj tipki: 105 Izdr\u017eljivost: 10 milijuna klikova Osvjetljenje: Rainbow Operativna snaga: 55 \u00b1 10 g Radni napon: 5V Utor: USB 2.0 Duljina kabela: 1,5 m Radna temperatura: od 0 - 50 \u00b0C OS kompatibilnost: Windows 2000 i noviji, MAC OS Certifikati: CE, RoHS","rel":"","context":"Srodne objave","img":{"alt_text":"","src":"https:\/\/i0.wp.com\/astehshop.com\/wp-content\/uploads\/2022\/11\/medium_5655_4bd0680bdfad26d23dc2f4b6b3db8781CS7.png?fit=400%2C400&resize=350%2C200","width":350,"height":200},"classes":[]},{"id":6728,"url":"http:\/\/astehshop.com\/index.php\/product\/memorijska-kartica-micro-sdxc-team-group-128gb-uhs-1\/","url_meta":{"origin":6703,"position":2},"title":"Memorijska kartica micro SDXC Team Group 128GB (UHS-1)","date":"19. studenoga 2022.","format":false,"excerpt":"Kapacitet memorije: 128 GB Klasa: UHS-1 Model: Micro SDXC - Ultra High Speed bus interface Brzina \u010ditanja \/ pisanja: do 80 \/ 15 MB \/ s Napon: 2.7 - 3.6 V Radna temperatura: od 0 \u00b0C do 70 \u00b0C Temperatura skladi\u0161tenja: od - 40 \u00b0C do 85 \u00b0C Certifikati: FCC,\u2026","rel":"","context":"Srodne objave","img":{"alt_text":"","src":"https:\/\/i0.wp.com\/astehshop.com\/wp-content\/uploads\/2022\/11\/medium_8262_0ba7212a95bb104efa05f55ce07062fctdh.png?fit=400%2C400&resize=350%2C200","width":350,"height":200},"classes":[]},{"id":6632,"url":"http:\/\/astehshop.com\/index.php\/product\/power-walker-vfd-600-ups\/","url_meta":{"origin":6703,"position":3},"title":"Power Walker VFD 600 UPS","date":"17. studenoga 2022.","format":false,"excerpt":"Snaga: 600 VA \/ 300 W Ulazni napon: 170 - 280 VAC Radna frekvencija: 50 - 60 Hz Izlazni napon: 230 VAC Konektori: 2 x Schuko Baterije: 1 x 12 V \/ 7 Ah Jamstvo na bateriju: 6 mjeseci Trajanje punjenja: 10 sati za 90 % Za\u0161tita od prenapona: RJ11\u2026","rel":"","context":"Srodne objave","img":{"alt_text":"","src":"https:\/\/i1.wp.com\/astehshop.com\/wp-content\/uploads\/2022\/11\/medium_341_473462328765a492e3a9a8bb3851184dNHt.png?fit=400%2C400&resize=350%2C200","width":350,"height":200},"classes":[]},{"id":6647,"url":"http:\/\/astehshop.com\/index.php\/product\/tenda-security-pan-tilt-camera-4mp-cp7\/","url_meta":{"origin":6703,"position":4},"title":"Tenda Security Pan\/Tilt Camera 4MP CP7","date":"17. studenoga 2022.","format":false,"excerpt":"Pomicanje \/ nagib: horizontalno: 355\u00b0 | vertikalno prema gore: 90\u00b0 | vertikalno prema dole: 65\u00b0 Pohrana | Micro SD (do 128 GB, klasa 10 i noviji) Snaga: DC 9V; 1A Le\u0107e: 4 mm@F2.2 Ethernet: RJ45 port Unutarnja antena Rezolucija: 2560 x 1440 Be\u017ei\u010dna stopa: 150 Mbps Sigurnost: 64 \/ 128\u2026","rel":"","context":"Srodne objave","img":{"alt_text":"","src":"https:\/\/i0.wp.com\/astehshop.com\/wp-content\/uploads\/2022\/11\/medium_36192463_0b6554e17eb4becdaeb301372ffd3d7aruA.png?fit=400%2C400&resize=350%2C200","width":350,"height":200},"classes":[]},{"id":6645,"url":"http:\/\/astehshop.com\/index.php\/product\/tenda-smart-ip-kamera-cp3\/","url_meta":{"origin":6703,"position":5},"title":"Tenda smart IP kamera CP3","date":"17. studenoga 2022.","format":false,"excerpt":"Pomicanje \/ nagib: horizontalno: 360\u00b0 | vertikalno prema gore: 90\u00b0 | vertikalno prema dole: 65\u00b0 Port: Pohrana | Micro SD (do 128 GB, klasa 10 i noviji) Snaga: DC 9V; 1A Le\u0107e: 4mm@F2.2 Unutarnja antena Objektiv: 1920 x 1080p Be\u017ei\u010dna stopa: 150 Mbps Sigurnost: 64 \/ 128 - bit WEP,\u2026","rel":"","context":"Srodne objave","img":{"alt_text":"","src":"https:\/\/i1.wp.com\/astehshop.com\/wp-content\/uploads\/2022\/11\/medium_4814_b099585d476ffb62cd6a588c0e5e3545lOI.png?fit=400%2C400&resize=350%2C200","width":350,"height":200},"classes":[]}],"_links":{"self":[{"href":"http:\/\/astehshop.com\/index.php\/wp-json\/wp\/v2\/product\/6703"}],"collection":[{"href":"http:\/\/astehshop.com\/index.php\/wp-json\/wp\/v2\/product"}],"about":[{"href":"http:\/\/astehshop.com\/index.php\/wp-json\/wp\/v2\/types\/product"}],"replies":[{"embeddable":true,"href":"http:\/\/astehshop.com\/index.php\/wp-json\/wp\/v2\/comments?post=6703"}],"wp:featuredmedia":[{"embeddable":true,"href":"http:\/\/astehshop.com\/index.php\/wp-json\/wp\/v2\/media\/6704"}],"wp:attachment":[{"href":"http:\/\/astehshop.com\/index.php\/wp-json\/wp\/v2\/media?parent=6703"}],"wp:term":[{"taxonomy":"product_cat","embeddable":true,"href":"http:\/\/astehshop.com\/index.php\/wp-json\/wp\/v2\/product_cat?post=6703"},{"taxonomy":"product_tag","embeddable":true,"href":"http:\/\/astehshop.com\/index.php\/wp-json\/wp\/v2\/product_tag?post=6703"}],"curies":[{"name":"wp","href":"https:\/\/api.w.org\/{rel}","templated":true}]}}