{"id":6656,"date":"2022-11-17T22:13:30","date_gmt":"2022-11-17T21:13:30","guid":{"rendered":"http:\/\/astehshop.com\/?post_type=product&#038;p=6656"},"modified":"2023-09-24T11:24:42","modified_gmt":"2023-09-24T09:24:42","slug":"slusalice-good-game-gg-h13-gaming","status":"publish","type":"product","link":"http:\/\/astehshop.com\/index.php\/product\/slusalice-good-game-gg-h13-gaming\/","title":{"rendered":"Slu\u0161alice Good Game GG-H13 gaming"},"content":{"rendered":"<p>Veli\u010dina zvu\u010dnika: \u00d8 40 mm<br \/>\nOtpor zvu\u010dnika: 32 Ohm<br \/>\nOsjetljivost zvu\u010dnika: 115 dB \u00b1 3 dB<br \/>\nFrekvencijski odziv: 20 Hz &#8211; 20 kHz<br \/>\nVeli\u010dina mikrofona: \u00d8 6 x 5 mm<br \/>\nOsjetljivost mikrofona: &#8211; 65 dB \u00b1 3 dB<br \/>\nTip konektora: 3.5 mm x 2 + USB<br \/>\nDuljina kabela: 2 metra<br \/>\nOsvjetljenje: RGB<br \/>\nRadna temperatura: od 10 \u00b0C do 40 \u00b0C<br \/>\nCertifikati: CE, RoHS<\/p>\n","protected":false},"excerpt":{"rendered":"<p>Veli\u010dina zvu\u010dnika: \u00d8 40 mm<br \/>\nOtpor zvu\u010dnika: 32 Ohm<br \/>\nOsjetljivost zvu\u010dnika: 115 dB \u00b1 3 dB<br \/>\nFrekvencijski odziv: 20 Hz &#8211; 20 kHz<br \/>\nVeli\u010dina mikrofona: \u00d8 6 x 5 mm<br \/>\nOsjetljivost mikrofona: &#8211; 65 dB \u00b1 3 dB<br \/>\nTip konektora: 3.5 mm x 2 + USB<br \/>\nDuljina kabela: 2 metra<br \/>\nOsvjetljenje: RGB<br \/>\nRadna temperatura: od 10 \u00b0C do 40 \u00b0C<br \/>\nCertifikati: CE, RoHS<\/p>\n","protected":false},"featured_media":6657,"comment_status":"open","ping_status":"closed","template":"","meta":{"_mi_skip_tracking":false,"_exactmetrics_sitenote_active":false,"_exactmetrics_sitenote_note":"","_exactmetrics_sitenote_category":0,"spay_email":""},"product_cat":[955],"product_tag":[4403],"brands":[],"df_price":33,"df_sale_price":"","df_regular_price":33,"df_image_link":"https:\/\/i0.wp.com\/astehshop.com\/wp-content\/uploads\/2022\/11\/medium_5651_59135de91daef607430492901d5a636fDLG.png?fit=400%2C400","jetpack_publicize_connections":[],"jetpack_sharing_enabled":true,"jetpack_likes_enabled":true,"jetpack-related-posts":[{"id":6653,"url":"http:\/\/astehshop.com\/index.php\/product\/slusalice-good-game-gg-h02-gaming\/","url_meta":{"origin":6656,"position":0},"title":"Slu\u0161alice Good Game GG-H02 gaming","date":"17. studenoga 2022.","format":false,"excerpt":"Veli\u010dina zvu\u010dnika: \u00d8 40 mm Otpor zvu\u010dnika: 32 Ohm Osjetljivost zvu\u010dnika: 115 dB \u00b1 3 dB Frekvencijski odziv: 20 Hz - 20 kHz Veli\u010dina mikrofona: \u00d8 6 x 5 mm Osjetljivost mikrofona: - 42 dB \u00b1 3 dB Tip konektora: 3.5 mm x 2 Duljina kabela: 2 metra Radna temperatura:\u2026","rel":"","context":"Srodne objave","img":{"alt_text":"","src":"https:\/\/i0.wp.com\/astehshop.com\/wp-content\/uploads\/2022\/11\/medium_24784_d0690ef2c00efab4937727dd88c3289egAl.png?fit=400%2C400&resize=350%2C200","width":350,"height":200},"classes":[]},{"id":6725,"url":"http:\/\/astehshop.com\/index.php\/product\/slusalice-cat-ear-stn-28-djecje-wireless-crne\/","url_meta":{"origin":6656,"position":1},"title":"Slu\u0161alice CAT EAR STN-28 dje\u010dje, wireless, crne","date":"19. studenoga 2022.","format":false,"excerpt":"Veli\u010dina zvu\u010dnika:\u00a0\u00d8 40 mm Frekvencijski odziv: 20 Hz - 20 kHz Otpor zvu\u010dnika: 32 Ohm Bluetooth verzija: 5.0 Baterija: 350 mAh, litijska Bluetooth domet: 10 metara Talk \/ Play vrijeme: 8 - 10 sati Trajanje punjenja: 2 sata Kabel za punjenje uklju\u010den u pakiranje; USB na micro","rel":"","context":"Srodne objave","img":{"alt_text":"","src":"https:\/\/i1.wp.com\/astehshop.com\/wp-content\/uploads\/2022\/11\/medium_85732941_2c763054182237b8c8cbc0ac21734bbddI4.png?fit=400%2C400&resize=350%2C200","width":350,"height":200},"classes":[]},{"id":6679,"url":"http:\/\/astehshop.com\/index.php\/product\/zvucnici-good-game-gg-s04-gaming\/","url_meta":{"origin":6656,"position":2},"title":"Zvu\u010dnici Good Game GG-S04 gaming","date":"17. studenoga 2022.","format":false,"excerpt":"Snaga RMS: 3W x 2 Zvu\u010dni\u010dka jedinica: 2\" \/ 4 Ohm Frekvencijski odziv: 100 Hz - 20 kHz Standby disipacija snage: \u2264 0,5 W Ulazni napon: 5V \/ 1A Ulazna osjetljivost: 700 mV +\/- 50 mV Tip konektora: 3,5 mm jack + USB Duljina kabela: 1,5 m Osvjetljenje: Rainbow Radna\u2026","rel":"","context":"Srodne objave","img":{"alt_text":"","src":"https:\/\/i0.wp.com\/astehshop.com\/wp-content\/uploads\/2022\/11\/medium_5673_d3f631a9baaa48eff4c4b775c86636cdLEF.png?fit=400%2C400&resize=350%2C200","width":350,"height":200},"classes":[]},{"id":5072,"url":"http:\/\/astehshop.com\/index.php\/product\/rampage-gaming-headset-7-1-sa-rgb-osvjetljenjem-i-mikrofonom-za-pc-i-ps4\/","url_meta":{"origin":6656,"position":3},"title":"Rampage gaming headset 7.1 sa RGB osvjetljenjem i mikrofonom za PC i PS4","date":"30. studenoga 2020.","format":false,"excerpt":"Brand: Rampage Model: RM-K27 X-JAMMER Boja: Crna Kompatibilne sa: Windows\/Mac OS\/Linux i Playstation 4 i XBOX Povezivanje: USB, AUX 3,5mm Osvjetljenje: RGB Frekvencijski raspon: 20Hz-20KHz Impedancija: 16 Ohms Struktura: Virtual 7.1 ili Stereo kanal Mikrofon: Da Osjetljivost mikrofona: -38dB \u00b13dB Impedancija mikrofona: 2.2K Ohm Diameter zvu\u010dnika: 50mm Material: Metal, Plastika\u2026","rel":"","context":"Srodne objave","img":{"alt_text":"","src":"https:\/\/i2.wp.com\/astehshop.com\/wp-content\/uploads\/2020\/11\/RM-K27-X-JAMMER.jpg?fit=700%2C500&resize=350%2C200","width":350,"height":200},"classes":[]},{"id":7961,"url":"http:\/\/astehshop.com\/index.php\/product\/ugradni-zvucnik-itc-t-106u\/","url_meta":{"origin":6656,"position":4},"title":"Ugradni zvu\u010dnik ITC T-106U","date":"16. lipnja 2023.","format":false,"excerpt":"Model Strujni razvodnici @100V Strujni slavine @70V Impedansa SPL(1W\/1M) Max. SPL (Rated W\/1M) Frekvencijski odziv (-10dB) Zavr\u0161i Speaker Driver Veli\u010dina izreza Dimenzije Te\u017eina Monta\u017ea T-106U 3W, 6W, 9W 1,5W, 3W, 4,5W Crna: Com Red: 3.3K\u03a9 Zelena:1.7K\u03a9 Bijela:1.1K\u03a9 91dB 101dB 80-18KHz Pregrada: ABS, Bijela Re\u0161etka: \u010celik, Bijela 6\" x 1 170mm\u2026","rel":"","context":"Srodne objave","img":{"alt_text":"","src":"https:\/\/i1.wp.com\/astehshop.com\/wp-content\/uploads\/2023\/06\/TC-T-105U.jpg?fit=1200%2C1166&resize=350%2C200","width":350,"height":200},"classes":[]},{"id":6515,"url":"http:\/\/astehshop.com\/index.php\/product\/antena-sobna-sa-pojacalom-51-db-dvb-t-t2-fz-51\/","url_meta":{"origin":6656,"position":5},"title":"Antena sobna sa poja\u010dalom 51 dB, DVB-T\/T2 FZ 51","date":"13. studenoga 2022.","format":false,"excerpt":"Sobna antena sa poja\u010dalom za prijem radijskih i TV emisija, analogni i digitalni signal, izuzetna osjetljivost Ugra\u0111eno poja\u010dalo max 51 dB, frekventni opseg VHF: 87,5 - 230 MHz \/ UHF: 470 - 790 MHz, impedanca 75 \u03a9 Dimenzije 190 x 120 x 30 mm, dvostruko napajanje koaksijalnim kabelom iz prijemnika\u2026","rel":"","context":"Srodne objave","img":{"alt_text":"","src":"https:\/\/i2.wp.com\/astehshop.com\/wp-content\/uploads\/2022\/11\/FZ-51.png?fit=1200%2C1200&resize=350%2C200","width":350,"height":200},"classes":[]}],"_links":{"self":[{"href":"http:\/\/astehshop.com\/index.php\/wp-json\/wp\/v2\/product\/6656"}],"collection":[{"href":"http:\/\/astehshop.com\/index.php\/wp-json\/wp\/v2\/product"}],"about":[{"href":"http:\/\/astehshop.com\/index.php\/wp-json\/wp\/v2\/types\/product"}],"replies":[{"embeddable":true,"href":"http:\/\/astehshop.com\/index.php\/wp-json\/wp\/v2\/comments?post=6656"}],"wp:featuredmedia":[{"embeddable":true,"href":"http:\/\/astehshop.com\/index.php\/wp-json\/wp\/v2\/media\/6657"}],"wp:attachment":[{"href":"http:\/\/astehshop.com\/index.php\/wp-json\/wp\/v2\/media?parent=6656"}],"wp:term":[{"taxonomy":"product_cat","embeddable":true,"href":"http:\/\/astehshop.com\/index.php\/wp-json\/wp\/v2\/product_cat?post=6656"},{"taxonomy":"product_tag","embeddable":true,"href":"http:\/\/astehshop.com\/index.php\/wp-json\/wp\/v2\/product_tag?post=6656"}],"curies":[{"name":"wp","href":"https:\/\/api.w.org\/{rel}","templated":true}]}}