{"id":6645,"date":"2022-11-17T21:59:16","date_gmt":"2022-11-17T20:59:16","guid":{"rendered":"http:\/\/astehshop.com\/?post_type=product&#038;p=6645"},"modified":"2023-09-24T11:23:37","modified_gmt":"2023-09-24T09:23:37","slug":"tenda-smart-ip-kamera-cp3","status":"publish","type":"product","link":"http:\/\/astehshop.com\/index.php\/product\/tenda-smart-ip-kamera-cp3\/","title":{"rendered":"Tenda smart IP kamera CP3"},"content":{"rendered":"<p>Pomicanje \/ nagib: horizontalno: 360\u00b0 | vertikalno prema gore: 90\u00b0 | vertikalno prema dole: 65\u00b0<br \/>\nPort: Pohrana | Micro SD (do 128 GB, klasa 10 i noviji)<br \/>\nSnaga: DC 9V; 1A Le\u0107e: 4mm@F2.2<br \/>\nUnutarnja antena<br \/>\nObjektiv: 1920 x 1080p<br \/>\nBe\u017ei\u010dna stopa: 150 Mbps<br \/>\nSigurnost: 64 \/ 128 &#8211; bit WEP, WPA \/ WPA2, WPA &#8211; PSK \/ WPA2 &#8211; PSK ROI senzor: otkrivanje pokreta i ljudskog oblika<br \/>\nAlarm: zvuk i osvjetljenje<br \/>\nDomet detekcije po no\u0107i: do 12 metara \/ infrared<br \/>\nRadna temperatura: od &#8211; 10 \u00b0C do 50 \u00b0C<br \/>\nTemperatura skladi\u0161tenja: od &#8211; 40 \u00b0C do 70 \u00b0C<br \/>\nDimenzije artikla: 103 x 88 x 88 mm<br \/>\nCertifikati: CE, FCC, RoHS<\/p>\n<p>Sigurnosna CP3 smart IP kamera visokokvalitetna je kamera za nadzor ku\u0107e koja integrira vizualnu pokrivenost od 360 \u00b0 s rezolucijom 1080p. Tako\u0111er je predstavljena s dvostranim dvosmjernim zvukom, funkcijama pametnog otkrivanja \/ pra\u0107enja pokreta, zvu\u010dnim i svjetlosnim alarmima. Proizvod se uglavnom koristi za nadgledanje zatvorenih prostora kao \u0161to su domovi, trgovine, uredi i u\u010dionice itd.<\/p>\n","protected":false},"excerpt":{"rendered":"<p>Pomicanje \/ nagib: horizontalno: 360\u00b0 | vertikalno prema gore: 90\u00b0 | vertikalno prema dole: 65\u00b0<br \/>\nPort: Pohrana | Micro SD (do 128 GB, klasa 10 i noviji)<br \/>\nSnaga: DC 9V; 1A Le\u0107e: 4mm@F2.2<br \/>\nUnutarnja antena<br \/>\nObjektiv: 1920 x 1080p<br \/>\nBe\u017ei\u010dna stopa: 150 Mbps<br \/>\nSigurnost: 64 \/ 128 &#8211; bit WEP, WPA \/ WPA2, WPA &#8211; PSK \/ WPA2 &#8211; PSK ROI senzor: otkrivanje pokreta i ljudskog oblika<br \/>\nAlarm: zvuk i osvjetljenje<br \/>\nDomet detekcije po no\u0107i: do 12 metara \/ infrared<br \/>\nRadna temperatura: od &#8211; 10 \u00b0C do 50 \u00b0C<br \/>\nTemperatura skladi\u0161tenja: od &#8211; 40 \u00b0C do 70 \u00b0C<br \/>\nDimenzije artikla: 103 x 88 x 88 mm<br \/>\nCertifikati: CE, FCC, RoHS<\/p>\n<p>Sigurnosna CP3 smart IP kamera visokokvalitetna je kamera za nadzor ku\u0107e koja integrira vizualnu pokrivenost od 360 \u00b0 s rezolucijom 1080p. Tako\u0111er je predstavljena s dvostranim dvosmjernim zvukom, funkcijama pametnog otkrivanja \/ pra\u0107enja pokreta, zvu\u010dnim i svjetlosnim alarmima. Proizvod se uglavnom koristi za nadgledanje zatvorenih prostora kao \u0161to su domovi, trgovine, uredi i u\u010dionice itd.<\/p>\n","protected":false},"featured_media":6646,"comment_status":"open","ping_status":"closed","template":"","meta":{"_mi_skip_tracking":false,"_exactmetrics_sitenote_active":false,"_exactmetrics_sitenote_note":"","_exactmetrics_sitenote_category":0,"spay_email":""},"product_cat":[135],"product_tag":[4396],"brands":[],"df_price":89,"df_sale_price":"","df_regular_price":89,"df_image_link":"https:\/\/i1.wp.com\/astehshop.com\/wp-content\/uploads\/2022\/11\/medium_4814_b099585d476ffb62cd6a588c0e5e3545lOI.png?fit=400%2C400","jetpack_publicize_connections":[],"jetpack_sharing_enabled":true,"jetpack_likes_enabled":true,"jetpack-related-posts":[{"id":6647,"url":"http:\/\/astehshop.com\/index.php\/product\/tenda-security-pan-tilt-camera-4mp-cp7\/","url_meta":{"origin":6645,"position":0},"title":"Tenda Security Pan\/Tilt Camera 4MP CP7","date":"17. studenoga 2022.","format":false,"excerpt":"Pomicanje \/ nagib: horizontalno: 355\u00b0 | vertikalno prema gore: 90\u00b0 | vertikalno prema dole: 65\u00b0 Pohrana | Micro SD (do 128 GB, klasa 10 i noviji) Snaga: DC 9V; 1A Le\u0107e: 4 mm@F2.2 Ethernet: RJ45 port Unutarnja antena Rezolucija: 2560 x 1440 Be\u017ei\u010dna stopa: 150 Mbps Sigurnost: 64 \/ 128\u2026","rel":"","context":"Srodne objave","img":{"alt_text":"","src":"https:\/\/i0.wp.com\/astehshop.com\/wp-content\/uploads\/2022\/11\/medium_36192463_0b6554e17eb4becdaeb301372ffd3d7aruA.png?fit=400%2C400&resize=350%2C200","width":350,"height":200},"classes":[]},{"id":8325,"url":"http:\/\/astehshop.com\/index.php\/product\/tp-link-tapo-c200-pan-tilt-wi-fi-kamera\/","url_meta":{"origin":6645,"position":1},"title":"TP-Link Tapo C200 Pan\/Tilt Wi-Fi Kamera","date":"21. listopada 2023.","format":false,"excerpt":"Sigurnost 128-bitna AES enkripcija sa SSL\/TLS Wireless Rate 11Mbps(802.11b) 54Mbps(802.11g) 150Mbps(802.11n) Frekvencija 2,4 GHz Wireless Security WPA\/WPA2-PSK OBAVJE\u0160TENJE O AKTIVNOSTIMA Input Trigger Detektor pokreta Izlazno obavje\u0161tenje Push notifikacija VIDEO Video Compression H.264 Frame Rate 15fps Video Streaming 1080p SISTEM Regulatorna certifikacija FCC, IC, CE, NCC Zahtjevi sustava iOS 9+, Android\u2026","rel":"","context":"Srodne objave","img":{"alt_text":"","src":"https:\/\/i2.wp.com\/astehshop.com\/wp-content\/uploads\/2023\/10\/C200.png?fit=640%2C480&resize=350%2C200","width":350,"height":200},"classes":[]},{"id":6696,"url":"http:\/\/astehshop.com\/index.php\/product\/wi-fi-mrezna-kartica-2-4-ghz-4-db-150-mbps-tp-link\/","url_meta":{"origin":6645,"position":2},"title":"Wi-Fi mre\u017ena kartica, 2.4 GHz, 4 dB, 150 Mbps, TP LINK","date":"19. studenoga 2022.","format":false,"excerpt":"USB Wi-Fi mre\u017ena kartica, 150 Mbps, 4 dB, 802.11 b \/ g \/ n, frekventni opseg 2.4 GHz, 64 \/ 128-bit WPA, WPA-PSK, WPA2, WPA2-PSK, Podr\u017eano Windows XP \/ Vista \/ 7 \/ 8, Linux i Mac OS-X","rel":"","context":"Srodne objave","img":{"alt_text":"","src":"https:\/\/i0.wp.com\/astehshop.com\/wp-content\/uploads\/2022\/11\/6935364050467.jpg?fit=974%2C944&resize=350%2C200","width":350,"height":200},"classes":[]},{"id":4922,"url":"http:\/\/astehshop.com\/index.php\/product\/2-mpx-tvt-ip-wifi-kamera-c12\/","url_meta":{"origin":6645,"position":3},"title":"2 MPX TVT IP WIFI kamera C12","date":"11. listopada 2020.","format":false,"excerpt":"2 \u041cPixel Wireless 2.4GHz-2.4835GHz dometa do 50m. H.265\/H.264\/MJPEG , DAY\/NIGHT IP kamera. Podr\u017eane rezolucije 1080P, 720P, D1, CIF, 480x240. 1\/2.7\u201d CMOS Senzor, SC2238+3516V200. Electronic shutter 1\/25s \u2013 1\/100000s. Minimalna osvjetljenost 0,03@F2.5, AGC ON; 0 lux sa IR; 0,007 lux@F1.2, AGC ON; 0 lux sa IR. Smart IR do 10m. IR-CUT.\u2026","rel":"","context":"Srodne objave","img":{"alt_text":"","src":"https:\/\/i0.wp.com\/astehshop.com\/wp-content\/uploads\/2020\/10\/C12-tvt.jpg?fit=400%2C310&resize=350%2C200","width":350,"height":200},"classes":[]},{"id":8939,"url":"http:\/\/astehshop.com\/index.php\/product\/uniview-ipc2122lb-adf28km-g-unv-2-mpx-ip-kamera\/","url_meta":{"origin":6645,"position":4},"title":"UniView IPC2122LB- ADF28KM-G UNV 2 MPX IP kamera","date":"18. sije\u010dnja 2024.","format":false,"excerpt":"IP kamera sa efikasnim Ultra 265 algoritmom kompresije slike za jasan i nesmetan video streaming pri maksimalnoj rezoluciji od 1080p. Mogu\u0107nost PoE napajanja, kompatibilna sa standardom 802.3af \u010dini ure\u0111aj univerzalnijim i lak\u0161im za instalaciju. Opseg IC osvetljenja prema podacima proizvo\u0111a\u010da zavisi od spolja\u0161njih uslova (vidljivost - prozirnost vazduha, okru\u017eenje, boje\u2026","rel":"","context":"Srodne objave","img":{"alt_text":"","src":"https:\/\/i2.wp.com\/astehshop.com\/wp-content\/uploads\/2024\/01\/ipc2122lb-adf28km-g_img2.jpg?fit=606%2C413&resize=350%2C200","width":350,"height":200},"classes":[]},{"id":8015,"url":"http:\/\/astehshop.com\/index.php\/product\/ai-wifi-kamera-2-mpx-rotirajuca\/","url_meta":{"origin":6645,"position":5},"title":"AI WIFI kamera 2 MPX rotirajuca","date":"13. kolovoza 2023.","format":false,"excerpt":"Nadzorna kamera AI Smart 2.0MP WiFi IP HD Tip: IP Rezolucija: 2.0MP, HD Ku\u0107i\u0161te: plasti\u010dno Boja ku\u0107i\u0161ta: bijela Povezivanje: WiFi, 10\/100Mbps RJ-45 Infracrvene IR LED: 8+6 Rotacije: horizontalno i vertikalno Mogu\u0107nost povezivanja na Cloud Snimanje na SD karticu Dvostrana audio komunikacija Aplikacija za nadzor mobilnim ure\u0111ajem (YooSee) Detekcija pokreta IR\u2026","rel":"","context":"Srodne objave","img":{"alt_text":"","src":"https:\/\/i0.wp.com\/astehshop.com\/wp-content\/uploads\/2023\/08\/IMG_1911-18-scaled-removebg-preview.png?fit=768%2C828&resize=350%2C200","width":350,"height":200},"classes":[]}],"_links":{"self":[{"href":"http:\/\/astehshop.com\/index.php\/wp-json\/wp\/v2\/product\/6645"}],"collection":[{"href":"http:\/\/astehshop.com\/index.php\/wp-json\/wp\/v2\/product"}],"about":[{"href":"http:\/\/astehshop.com\/index.php\/wp-json\/wp\/v2\/types\/product"}],"replies":[{"embeddable":true,"href":"http:\/\/astehshop.com\/index.php\/wp-json\/wp\/v2\/comments?post=6645"}],"wp:featuredmedia":[{"embeddable":true,"href":"http:\/\/astehshop.com\/index.php\/wp-json\/wp\/v2\/media\/6646"}],"wp:attachment":[{"href":"http:\/\/astehshop.com\/index.php\/wp-json\/wp\/v2\/media?parent=6645"}],"wp:term":[{"taxonomy":"product_cat","embeddable":true,"href":"http:\/\/astehshop.com\/index.php\/wp-json\/wp\/v2\/product_cat?post=6645"},{"taxonomy":"product_tag","embeddable":true,"href":"http:\/\/astehshop.com\/index.php\/wp-json\/wp\/v2\/product_tag?post=6645"}],"curies":[{"name":"wp","href":"https:\/\/api.w.org\/{rel}","templated":true}]}}