{"id":6623,"date":"2022-11-17T21:39:52","date_gmt":"2022-11-17T20:39:52","guid":{"rendered":"http:\/\/astehshop.com\/?post_type=product&#038;p=6623"},"modified":"2023-09-24T11:23:41","modified_gmt":"2023-09-24T09:23:41","slug":"auto-kamera-s-nosacem-i-punjacem-666-a","status":"publish","type":"product","link":"http:\/\/astehshop.com\/index.php\/product\/auto-kamera-s-nosacem-i-punjacem-666-a\/","title":{"rendered":"Auto kamera s nosa\u010dem i punja\u010dem 666-A"},"content":{"rendered":"<p>Zaslon: 2,4&#8243; TFT<br \/>\nRezolucija: 1080P<br \/>\nMogu\u0107nost no\u0107nog snimanja<br \/>\nVideo format: AVI<br \/>\nGlavni kontrolni \u010dip: GP6244<br \/>\nPohrana: podr\u017eava TF karticu (do 32 GB)<br \/>\nCertifikati: CE, RoHS<br \/>\nBoja artikla: crna<\/p>\n","protected":false},"excerpt":{"rendered":"<p>Zaslon: 2,4&#8243; TFT<br \/>\nRezolucija: 1080P<br \/>\nMogu\u0107nost no\u0107nog snimanja<br \/>\nVideo format: AVI<br \/>\nGlavni kontrolni \u010dip: GP6244<br \/>\nPohrana: podr\u017eava TF karticu (do 32 GB)<br \/>\nCertifikati: CE, RoHS<br \/>\nBoja artikla: crna<\/p>\n","protected":false},"featured_media":6624,"comment_status":"open","ping_status":"closed","template":"","meta":{"_mi_skip_tracking":false,"_exactmetrics_sitenote_active":false,"_exactmetrics_sitenote_note":"","_exactmetrics_sitenote_category":0,"spay_email":""},"product_cat":[1787],"product_tag":[4387],"brands":[],"df_price":32,"df_sale_price":"","df_regular_price":32,"df_image_link":"https:\/\/i2.wp.com\/astehshop.com\/wp-content\/uploads\/2022\/11\/25094_df608a658905ff27c7120f136fafd4f6f7Z.png?fit=450%2C450","jetpack_publicize_connections":[],"jetpack_sharing_enabled":true,"jetpack_likes_enabled":true,"jetpack-related-posts":[{"id":8018,"url":"http:\/\/astehshop.com\/index.php\/product\/solarna-4g-kamera-3-mp-fhd-ip-na-sim-karticu\/","url_meta":{"origin":6623,"position":0},"title":"Solarna 4G kamera 3.MP FHD IP na sim karticu","date":"13. kolovoza 2023.","format":false,"excerpt":"Solarna WiFi \/ 4G kamera D12-A9 3.MP FHD IP Tip:\u00a0IP Povezivanje: WiFi i 4G Rezolucija:\u00a03.0MP \/ 1080p Ku\u0107i\u0161te:\u00a0plastika Boja:\u00a0bijela Stupanj IP za\u0161tite:\u00a0IP66 Napajanje: solarno Ugra\u0111ena Lithium baterija Mogu\u0107nost povezivanja na Cloud IR no\u0107no snimanje Dvostrani audio Podr\u017eava TF kartice Detekcija pokreta www.technoshopbn.com","rel":"","context":"Srodne objave","img":{"alt_text":"","src":"https:\/\/i1.wp.com\/astehshop.com\/wp-content\/uploads\/2023\/08\/solarna-4g-kamera-wifi.jpg?fit=550%2C550&resize=350%2C200","width":350,"height":200},"classes":[]},{"id":9912,"url":"http:\/\/astehshop.com\/index.php\/product\/stolica-x-trike-me-gc-905-game-crvena\/","url_meta":{"origin":6623,"position":1},"title":"Stolica X-trike me GC-905 game, crvena","date":"18. sije\u010dnja 2025.","format":false,"excerpt":"Maksimalna nosivost: 130 kg Materijal: PU + PVC Sustav prilago\u0111avanja visine: 100 - 350 mm Najlonska za\u0161tita na ru\u010dkama Ergonomi\u010dan dizajn Certifikati: CE, RoHS Neto te\u017eina: 17 kg Bruto te\u017eina: 19 kg Boja artikla: crna + crvena Dimenzije pakiranja: 850 x 320 x 650 mm","rel":"","context":"Srodne objave","img":{"alt_text":"","src":"https:\/\/i0.wp.com\/astehshop.com\/wp-content\/uploads\/2025\/01\/GC-905RD_1874.jpg?fit=800%2C800&resize=350%2C200","width":350,"height":200},"classes":[]},{"id":6649,"url":"http:\/\/astehshop.com\/index.php\/product\/stolica-x-trike-me-gc-907-gaming-crna-s-rgb-svjetlima\/","url_meta":{"origin":6623,"position":2},"title":"Stolica X-trike me GC-907 gaming, crna s RGB svjetlima","date":"17. studenoga 2022.","format":false,"excerpt":"Materijal: sinteti\u010dka ko\u017ea Sustav prilago\u0111avanja visine: 100 cm Dimenzije naslona za le\u0111a: 58 x 82 cm Visina naslona za ruke: 25 cm Dimenzije sjede\u0107eg dijela: 57 x 48 cm Prilago\u0111avanje visine sjede\u0107eg dijela: 43 - 53 cm Visina stolice: 126 - 136 cm Maksimalna nosivost: 150 kg Neto te\u017eina: 20\u2026","rel":"","context":"Srodne objave","img":{"alt_text":"","src":"https:\/\/i2.wp.com\/astehshop.com\/wp-content\/uploads\/2022\/11\/medium_119794519_2b2aeda4f6b3589db4b53b72dd01341fcyX.png?fit=400%2C400&resize=350%2C200","width":350,"height":200},"classes":[]},{"id":6658,"url":"http:\/\/astehshop.com\/index.php\/product\/gaming-tastatura-good-game-by-gigatech-gg-k03\/","url_meta":{"origin":6623,"position":3},"title":"Gaming tastatura Good Game by Gigatech GG-K03","date":"17. studenoga 2022.","format":false,"excerpt":"Broj tipki: 105 Izdr\u017eljivost: 10 milijuna klikova Osvjetljenje: Rainbow Operativna snaga: 55 \u00b1 10 g Radni napon: 5V Utor: USB 2.0 Duljina kabela: 1,5 m Radna temperatura: od 0 - 50 \u00b0C OS kompatibilnost: Windows 2000 i noviji, MAC OS Certifikati: CE, RoHS Boja artikla: crna Materijal: plastika","rel":"","context":"Srodne objave","img":{"alt_text":"","src":"https:\/\/i1.wp.com\/astehshop.com\/wp-content\/uploads\/2022\/11\/medium_5654_f6ab0800466094d542b3044aa1c7ac9dHgy.png?fit=400%2C400&resize=350%2C200","width":350,"height":200},"classes":[]},{"id":6705,"url":"http:\/\/astehshop.com\/index.php\/product\/produzni-kabel-green-tech-4-uticnice-15-m\/","url_meta":{"origin":6623,"position":4},"title":"Produ\u017eni kabel Green tech 4 uti\u010dnice 1,5 m","date":"19. studenoga 2022.","format":false,"excerpt":"Produ\u017eni kabel sa 4 uti\u010dnice Duljina kabela: 1,5 m Model: 3G x 1,5\u00a0mm2 Struja: 16 A \/ 3680 W \/ Za\u0161tita za djecu Certifikati: CE, RoHS Boja artikla: bijela","rel":"","context":"Srodne objave","img":{"alt_text":"","src":"https:\/\/i2.wp.com\/astehshop.com\/wp-content\/uploads\/2022\/11\/medium_7337_1b58d4adb2ae4b2b85222b3337d09019Czo.png?fit=490%2C521&resize=350%2C200","width":350,"height":200},"classes":[]},{"id":6651,"url":"http:\/\/astehshop.com\/index.php\/product\/stolica-x-trike-me-gc-909-gaming-siva\/","url_meta":{"origin":6623,"position":5},"title":"Stolica X-trike me GC-909 gaming, siva","date":"17. studenoga 2022.","format":false,"excerpt":"Materijal: PVC, sinteti\u010dka ko\u017ea, \u017eeljezo, najlon Dimenzije naslona za le\u0111a: 53 x 83 cm Visina naslona za ruke: 25 cm Dimenzije sjede\u0107eg dijela: 54 x 50 cm Prilago\u0111avanje visine sjede\u0107eg dijela: 10 cm Visina stolice: 123 - 133 cm Maksimalna nosivost: 150 kg Nagib: 90 \u00b0 do 180 \u00b0 Neto\u2026","rel":"","context":"Srodne objave","img":{"alt_text":"","src":"https:\/\/i2.wp.com\/astehshop.com\/wp-content\/uploads\/2022\/11\/medium_102093070_d8cbd72177892dc5d4dfe39189e4ce81Bn8.png?fit=400%2C400&resize=350%2C200","width":350,"height":200},"classes":[]}],"_links":{"self":[{"href":"http:\/\/astehshop.com\/index.php\/wp-json\/wp\/v2\/product\/6623"}],"collection":[{"href":"http:\/\/astehshop.com\/index.php\/wp-json\/wp\/v2\/product"}],"about":[{"href":"http:\/\/astehshop.com\/index.php\/wp-json\/wp\/v2\/types\/product"}],"replies":[{"embeddable":true,"href":"http:\/\/astehshop.com\/index.php\/wp-json\/wp\/v2\/comments?post=6623"}],"wp:featuredmedia":[{"embeddable":true,"href":"http:\/\/astehshop.com\/index.php\/wp-json\/wp\/v2\/media\/6624"}],"wp:attachment":[{"href":"http:\/\/astehshop.com\/index.php\/wp-json\/wp\/v2\/media?parent=6623"}],"wp:term":[{"taxonomy":"product_cat","embeddable":true,"href":"http:\/\/astehshop.com\/index.php\/wp-json\/wp\/v2\/product_cat?post=6623"},{"taxonomy":"product_tag","embeddable":true,"href":"http:\/\/astehshop.com\/index.php\/wp-json\/wp\/v2\/product_tag?post=6623"}],"curies":[{"name":"wp","href":"https:\/\/api.w.org\/{rel}","templated":true}]}}