{"id":6620,"date":"2022-11-17T21:38:23","date_gmt":"2022-11-17T20:38:23","guid":{"rendered":"http:\/\/astehshop.com\/?post_type=product&#038;p=6620"},"modified":"2023-09-24T11:23:42","modified_gmt":"2023-09-24T09:23:42","slug":"slusalica-gigatech-a40-bluetooth-crna","status":"publish","type":"product","link":"http:\/\/astehshop.com\/index.php\/product\/slusalica-gigatech-a40-bluetooth-crna\/","title":{"rendered":"Slu\u0161alica Gigatech A40 bluetooth crna"},"content":{"rendered":"<p>Slu\u0161alica Gigatech A40 bluetooth crna<\/p>\n","protected":false},"excerpt":{"rendered":"<p>Slu\u0161alica Gigatech A40 bluetooth crna<\/p>\n","protected":false},"featured_media":6621,"comment_status":"open","ping_status":"closed","template":"","meta":{"_mi_skip_tracking":false,"_exactmetrics_sitenote_active":false,"_exactmetrics_sitenote_note":"","_exactmetrics_sitenote_category":0,"spay_email":""},"product_cat":[788],"product_tag":[4386],"brands":[],"df_price":19,"df_sale_price":"","df_regular_price":19,"df_image_link":"https:\/\/i1.wp.com\/astehshop.com\/wp-content\/uploads\/2022\/11\/medium_3900_b24e90b3185ac10f0e16d6619ba6554fJlJ.png?fit=400%2C400","jetpack_publicize_connections":[],"jetpack_sharing_enabled":true,"jetpack_likes_enabled":true,"jetpack-related-posts":[{"id":6573,"url":"http:\/\/astehshop.com\/index.php\/product\/haylou-t15-bluetooth-earbuds-black\/","url_meta":{"origin":6620,"position":0},"title":"Haylou T15 Bluetooth Earbuds Black","date":"17. studenoga 2022.","format":false,"excerpt":"Vrijeme rada : 3,5 sata Vrijeme punjenja slu\u0161alica do 1,5 sati (kutija - 4 sata) Radijus: do 10 metara Baterija : slu\u0161alica 43 m * Ah, ku\u0107i\u0161te 2200 m * Ah Priklju\u010dci: MicroUSB, USB-A","rel":"","context":"Srodne objave","img":{"alt_text":"","src":"https:\/\/i1.wp.com\/astehshop.com\/wp-content\/uploads\/2022\/11\/haylou-t15-bluetooth-earbuds-black.jpg?fit=800%2C800&resize=350%2C200","width":350,"height":200},"classes":[]},{"id":6658,"url":"http:\/\/astehshop.com\/index.php\/product\/gaming-tastatura-good-game-by-gigatech-gg-k03\/","url_meta":{"origin":6620,"position":1},"title":"Gaming tastatura Good Game by Gigatech GG-K03","date":"17. studenoga 2022.","format":false,"excerpt":"Broj tipki: 105 Izdr\u017eljivost: 10 milijuna klikova Osvjetljenje: Rainbow Operativna snaga: 55 \u00b1 10 g Radni napon: 5V Utor: USB 2.0 Duljina kabela: 1,5 m Radna temperatura: od 0 - 50 \u00b0C OS kompatibilnost: Windows 2000 i noviji, MAC OS Certifikati: CE, RoHS Boja artikla: crna Materijal: plastika","rel":"","context":"Srodne objave","img":{"alt_text":"","src":"https:\/\/i1.wp.com\/astehshop.com\/wp-content\/uploads\/2022\/11\/medium_5654_f6ab0800466094d542b3044aa1c7ac9dHgy.png?fit=400%2C400&resize=350%2C200","width":350,"height":200},"classes":[]},{"id":6567,"url":"http:\/\/astehshop.com\/index.php\/product\/xiaomi-haylou-gt5-tws-bluetooth-earbuds-black\/","url_meta":{"origin":6620,"position":2},"title":"Xiaomi Haylou GT5 TWS Bluetooth Earbuds Black","date":"17. studenoga 2022.","format":false,"excerpt":"Haylou GT5 Be\u017ei\u010dne slu\u0161alice imaju dugo radno vrijeme, udobnu kontrolu dodira, kao i izvrsnu kvalitetu zvuka i stabilan Bluetooth 5.0 prijenos.Moderna Bluetooth 5.0 veza omogu\u0107uje trenutni, stabilan i gotovo bez gubitaka prijenos signala. Sa Haylou GT5 \u0107ete se oprostiti od ka\u0161njenja - u\u017eivat \u0107ete u pouzdanoj vezi i izvanrednoj kvaliteti\u2026","rel":"","context":"Srodne objave","img":{"alt_text":"","src":"https:\/\/i1.wp.com\/astehshop.com\/wp-content\/uploads\/2022\/11\/xiaomi-haylou-gt5-tws-bluetooth-earbuds-black.jpg?fit=800%2C800&resize=350%2C200","width":350,"height":200},"classes":[]},{"id":11667,"url":"http:\/\/astehshop.com\/index.php\/product\/zvucnik-gigatech-bsk-510-8-inca\/","url_meta":{"origin":6620,"position":3},"title":"ZVU\u010cNIK GIGATECH BSK-510 8 IN\u010cA","date":"24. kolovoza 2025.","format":false,"excerpt":"Snaga:\u00a0140 W Baterija:\u00a03000 mAh (do 6h rada) Povezivanje:\u00a0BT \/ USB \/ TF \/ AUX \/ FM \/ TWS Dodaci:\u00a0RGB LED, daljinski, wireless mikrofon Dimenzije:\u00a0197 \u00d7 176 \u00d7 310 mm Te\u017eina:\u00a02,8 kg","rel":"","context":"Srodne objave","img":{"alt_text":"","src":"https:\/\/i2.wp.com\/astehshop.com\/wp-content\/uploads\/2025\/08\/BSK-510_5084.png?fit=600%2C600&resize=350%2C200","width":350,"height":200},"classes":[]},{"id":6427,"url":"http:\/\/astehshop.com\/index.php\/product\/fiksna-polica-za-soho-rack-ormare-crna\/","url_meta":{"origin":6620,"position":4},"title":"Fiksna polica za SOHO rack ormare, crna","date":"20. listopada 2022.","format":false,"excerpt":"Fiksna polica za SOHO rack ormare, crna","rel":"","context":"Srodne objave","img":{"alt_text":"","src":"https:\/\/i0.wp.com\/astehshop.com\/wp-content\/uploads\/2022\/10\/modem-raf1.jpg?fit=655%2C655&resize=350%2C200","width":350,"height":200},"classes":[]},{"id":7377,"url":"http:\/\/astehshop.com\/index.php\/product\/slusalice-bluetooth-5-0-tws-gaming-punjivo-kuciste-assault-mediatech\/","url_meta":{"origin":6620,"position":5},"title":"Slu\u0161alice Bluetooth 5.0 TWS | Gaming | Punjivo Ku\u0107i\u0161te | ASSAULT | Mediatech","date":"11. o\u017eujka 2023.","format":false,"excerpt":"ASSAULT TWS MT3606 in-ear be\u017ei\u010dne slu\u0161alice za igrice TWS in-ear be\u017ei\u010dne gaming slu\u0161alice s punja\u010dem (Powerbox). Ugra\u0111eni osjetljivi mikrofon. Jednostavno uparivanje i rukovanje, osvjetljenje. In-ear be\u017ei\u010dne TWS Bluetooth slu\u0161alice za igra\u010de Predstavljamo in-ear Bluetooth 5.0 TWS slu\u0161alice s prijenosnim punja\u010dem\/power bankom. ASSAULT TWS MT3606 podr\u017eava TWS (True Wireless Stereo) tehnologiju\u2026","rel":"","context":"Srodne objave","img":{"alt_text":"","src":"https:\/\/i1.wp.com\/astehshop.com\/wp-content\/uploads\/2023\/03\/MT3606.jpg?fit=400%2C400&resize=350%2C200","width":350,"height":200},"classes":[]}],"_links":{"self":[{"href":"http:\/\/astehshop.com\/index.php\/wp-json\/wp\/v2\/product\/6620"}],"collection":[{"href":"http:\/\/astehshop.com\/index.php\/wp-json\/wp\/v2\/product"}],"about":[{"href":"http:\/\/astehshop.com\/index.php\/wp-json\/wp\/v2\/types\/product"}],"replies":[{"embeddable":true,"href":"http:\/\/astehshop.com\/index.php\/wp-json\/wp\/v2\/comments?post=6620"}],"wp:featuredmedia":[{"embeddable":true,"href":"http:\/\/astehshop.com\/index.php\/wp-json\/wp\/v2\/media\/6621"}],"wp:attachment":[{"href":"http:\/\/astehshop.com\/index.php\/wp-json\/wp\/v2\/media?parent=6620"}],"wp:term":[{"taxonomy":"product_cat","embeddable":true,"href":"http:\/\/astehshop.com\/index.php\/wp-json\/wp\/v2\/product_cat?post=6620"},{"taxonomy":"product_tag","embeddable":true,"href":"http:\/\/astehshop.com\/index.php\/wp-json\/wp\/v2\/product_tag?post=6620"}],"curies":[{"name":"wp","href":"https:\/\/api.w.org\/{rel}","templated":true}]}}