{"id":6603,"date":"2022-11-17T19:50:46","date_gmt":"2022-11-17T18:50:46","guid":{"rendered":"http:\/\/astehshop.com\/?post_type=product&#038;p=6603"},"modified":"2022-11-17T19:50:46","modified_gmt":"2022-11-17T18:50:46","slug":"xiaomi-mi-home-security-camera-360-2k-pro","status":"publish","type":"product","link":"http:\/\/astehshop.com\/index.php\/product\/xiaomi-mi-home-security-camera-360-2k-pro\/","title":{"rendered":"Xiaomi Mi Home Security Camera 360\u00b0 2K Pro"},"content":{"rendered":"<div id=\"collapseDescription\" class=\"product-description-block tab-pane fade show active\">\n<div class=\"panel-content\">\n<div class=\"product-description typo\">\n<p>\u2022 3 milijuna piksela za \u010di\u0161\u0107u sliku<\/p>\n<p>\u2022 1920 \u00d7 1080 = 1080p ==&gt; 2304 \u00d7 1296 = 1296p<\/p>\n<p>Night vision kamera<\/p>\n<p>\u2022 Pobolj\u0161ana infracrvena tehnologija za snimanje preko no\u0107i<\/p>\n<p>\u2022 Prikaz i snimanje videa u boji pri slabom osvjetljenju<\/p>\n<p>Dvostruki mikrofon<\/p>\n<p>\u2022 Gledajte i \u010dujte \u0161to se doga\u0111a u prostoriji &#8211; javite se va\u0161im najmilijima<\/p>\n<p>\u2022 Odli\u010dan izbor za baby monitor<\/p>\n<p>Bluetooth veza<\/p>\n<p>\u2022 Spojite sve ure\u0111aje preko bluetootha na Mi Home aplikaciju<\/p>\n<p>&nbsp;<\/p>\n<p>\u2022 Ova kamera ima 2 zvu\u010dnika i mogu\u0107nost samoisklju\u010divanja<\/p>\n<p>&nbsp;<\/p>\n<p>Kut le\u0107e: 110\u00b0<\/p>\n<p>Te\u017eina: 349g<\/p>\n<p>Ulazna snaga: 5V = 2A<\/p>\n<p>Rezolucija: 2304 x 1296 (2K)<\/p>\n<p>Video kod: H.265<\/p>\n<p>Visina: 122 mm<\/p>\n<p>Duljina: 78 mm<\/p>\n<p>\u0160irina: 78 mm<\/p>\n<p>Sustavi\u00a0 \u00a0 Android 4.4+ \/ iOS 9.0+<\/p>\n<p>Pohrana\u00a0 \u00a0 MicroSD &#8211; do 32GB<\/p>\n<p>Komunikacija: Wi-Fi IEEE 802.11a\/b\/g\/n\/ac 2.4 GHz\/5 GHz, Bluetooth 4.2<\/p>\n<\/div>\n<\/div>\n<\/div>\n","protected":false},"excerpt":{"rendered":"<div id=\"collapseDescription\" class=\"product-description-block tab-pane fade show active\">\n<div class=\"panel-content\">\n<div class=\"product-description typo\">\n<p>\u2022 3 milijuna piksela za \u010di\u0161\u0107u sliku<\/p>\n<p>\u2022 1920 \u00d7 1080 = 1080p ==&gt; 2304 \u00d7 1296 = 1296p<\/p>\n<p>Night vision kamera<\/p>\n<p>\u2022 Pobolj\u0161ana infracrvena tehnologija za snimanje preko no\u0107i<\/p>\n<p>\u2022 Prikaz i snimanje videa u boji pri slabom osvjetljenju<\/p>\n<p>Dvostruki mikrofon<\/p>\n<p>\u2022 Gledajte i \u010dujte \u0161to se doga\u0111a u prostoriji &#8211; javite se va\u0161im najmilijima<\/p>\n<p>\u2022 Odli\u010dan izbor za baby monitor<\/p>\n<p>Bluetooth veza<\/p>\n<p>\u2022 Spojite sve ure\u0111aje preko bluetootha na Mi Home aplikaciju<\/p>\n<p>&nbsp;<\/p>\n<p>\u2022 Ova kamera ima 2 zvu\u010dnika i mogu\u0107nost samoisklju\u010divanja<\/p>\n<p>&nbsp;<\/p>\n<p>Kut le\u0107e: 110\u00b0<\/p>\n<p>Te\u017eina: 349g<\/p>\n<p>Ulazna snaga: 5V = 2A<\/p>\n<p>Rezolucija: 2304 x 1296 (2K)<\/p>\n<p>Video kod: H.265<\/p>\n<p>Visina: 122 mm<\/p>\n<p>Duljina: 78 mm<\/p>\n<p>\u0160irina: 78 mm<\/p>\n<p>Sustavi\u00a0 \u00a0 Android 4.4+ \/ iOS 9.0+<\/p>\n<p>Pohrana\u00a0 \u00a0 MicroSD &#8211; do 32GB<\/p>\n<p>Komunikacija: Wi-Fi IEEE 802.11a\/b\/g\/n\/ac 2.4 GHz\/5 GHz, Bluetooth 4.2<\/p>\n<\/div>\n<\/div>\n<\/div>\n","protected":false},"featured_media":6604,"comment_status":"open","ping_status":"closed","template":"","meta":{"_mi_skip_tracking":false,"_exactmetrics_sitenote_active":false,"_exactmetrics_sitenote_note":"","_exactmetrics_sitenote_category":0,"spay_email":""},"product_cat":[135],"product_tag":[4379],"brands":[],"df_price":119,"df_sale_price":"","df_regular_price":119,"df_image_link":"https:\/\/i2.wp.com\/astehshop.com\/wp-content\/uploads\/2022\/11\/xiaomi-mi-home-security-camera-360-2k-pro.jpg?fit=450%2C450","jetpack_publicize_connections":[],"jetpack_sharing_enabled":true,"jetpack_likes_enabled":true,"jetpack-related-posts":[{"id":11879,"url":"http:\/\/astehshop.com\/index.php\/product\/uniview-unv-ipc2128lb-adf28k-g-8-megapiksela-kamera-za-video-nadzor\/","url_meta":{"origin":6603,"position":0},"title":"UniView UNV IPC2128LB-ADF28K-G 8 megapiksela kamera za video nadzor","date":"31. listopada 2025.","format":false,"excerpt":"\u2022 Visokokvalitetna slika sa 8 MP, 1\/2.7\" CMOS senzorom \u2022 8 MP (3840 \u00d7 2160)@15 fps; 5 MP (2880 \u00d7 1620)@25\/20 fps; 4 MP (2560 \u00d7 1440)@25\/20 fps; 3 MP (2304 \u00d7 1296)@30\/25 fps; 1080P (1920 \u00d7 1080)@30\/25 fps \u2022 Ultra 265, H.265, H.264, MJPEG \u2022 Ugra\u0111eni mikrofon \u2022 Pametni\u2026","rel":"","context":"Srodne objave","img":{"alt_text":"","src":"https:\/\/i1.wp.com\/astehshop.com\/wp-content\/uploads\/2025\/10\/IPC2122LB-AF28-A2.png?fit=600%2C338&resize=350%2C200","width":350,"height":200},"classes":[]},{"id":7483,"url":"http:\/\/astehshop.com\/index.php\/product\/hikvision-colorvu-kamera-1080p-ds-2ce10df3t-fs-sa-mikrofonom\/","url_meta":{"origin":6603,"position":1},"title":"HikVision ColorVu kamera 1080p DS-2CE10DF3T-FS sa mikrofonom","date":"12. o\u017eujka 2023.","format":false,"excerpt":"Visokokvalitetna slika sa 2 MP, rezolucijom 1920 \u00d7 1080 24\/7 slika u boji sa otvorom blende F1.0 Jasna slika uz jako pozadinsko svjetlo zahvaljuju\u0107i istinskoj WDR tehnologiji od 130 dB 3D DNR tehnologija daje \u010diste i o\u0161tre slike 2,8 mm, 3,6 mm fiksna \u017ei\u017ena so\u010diva Udaljenost bijelog svjetla do 20\u2026","rel":"","context":"Srodne objave","img":{"alt_text":"","src":"https:\/\/i0.wp.com\/astehshop.com\/wp-content\/uploads\/2023\/03\/DS-2CE10DF3T-F-2.jpg?fit=590%2C590&resize=350%2C200","width":350,"height":200},"classes":[]},{"id":11823,"url":"http:\/\/astehshop.com\/index.php\/product\/uniview-kamera-ipc3514le-adf28k-wp-4-mpx-owlview\/","url_meta":{"origin":6603,"position":2},"title":"UniView kamera IPC3514LE-ADF28K-WP 4 MPX OWLView","date":"5. listopada 2025.","format":false,"excerpt":"\u2022 Visokokvalitetna slika sa 4 MP, 1\/1.8\" CMOS senzorom i objektivom sa velikim otvorom blende F1.0 \u2022 4 MP (2688 \u00d7 1520)@25\/20 fps; 4 MP (2560 \u00d7 1440)@25\/20 fps; 3 MP (2304 \u00d7 1296)@30\/25 fps; 1080P (1920 \u00d7 1080)@30\/25 fps \u2022 Ultra 265, H.265, H.264, MJPEG \u2022 Podr\u017eava ColorHunter sa\u2026","rel":"","context":"Srodne objave","img":{"alt_text":"","src":"https:\/\/i0.wp.com\/astehshop.com\/wp-content\/uploads\/2025\/10\/sova-kamera-uniview.jpg?fit=510%2C348&resize=350%2C200","width":350,"height":200},"classes":[]},{"id":11874,"url":"http:\/\/astehshop.com\/index.php\/product\/uniview-unv-colorhunter-kamera-ipc2324se-adzk-wl-i0-za-video-nadzor\/","url_meta":{"origin":6603,"position":3},"title":"UniView UNV ColorHunter kamera IPC2324SE-ADZK-WL-I0 za video nadzor","date":"31. listopada 2025.","format":false,"excerpt":"\u2022 Visokokvalitetna slika sa 4 MP, 1\/1.8\" CMOS senzorom \u2022 4 MP (2688 \u00d7 1520)@30\/25 fps; 4 MP (2560 \u00d7 1440)@30\/25 fps; 3 MP (2304 \u00d7 1296)@30\/25 fps; 1080P (1920 \u00d7 1080)@30\/25 fps \u2022 Ultra 265, H.265, H.264, MJPEG \u2022 Pametno spre\u010davanje upada, uklju\u010duju\u0107i detekciju prelaska linije, upada, ulaska u\u2026","rel":"","context":"Srodne objave","img":{"alt_text":"","src":"https:\/\/i2.wp.com\/astehshop.com\/wp-content\/uploads\/2025\/10\/IPC2324SE-ADZK-WL-I0.png?fit=600%2C338&resize=350%2C200","width":350,"height":200},"classes":[]},{"id":11865,"url":"http:\/\/astehshop.com\/index.php\/product\/uniview-unv-kamera-4-mpx-colorhunter-ipc3614lb-af28k-dl\/","url_meta":{"origin":6603,"position":4},"title":"UniView UNV kamera 4 MPX ColorHunter IPC3614LB-AF28K-DL","date":"31. listopada 2025.","format":false,"excerpt":"\u2022 Visokokvalitetna slika sa 4 MP, 1\/3.0\" CMOS senzorom \u2022 4 MP (2560 \u00d7 1440)@25\/20 fps; 3 MP (2304 \u00d7 1296)@30\/25 fps; 1080P (1920 \u00d7 1080)@30\/25 fps \u2022 Ultra 265, H.265, H.264, MJPEG \u2022 Podr\u017eava 9:16 koridorski na\u010din rada \u2022 Ugra\u0111eni mikrofon \u2022 Pametni IR, do 30 m (98.4 ft)\u2026","rel":"","context":"Srodne objave","img":{"alt_text":"","src":"https:\/\/i1.wp.com\/astehshop.com\/wp-content\/uploads\/2025\/10\/IPC3614LB-AF28K-DL.png?fit=600%2C338&resize=350%2C200","width":350,"height":200},"classes":[]},{"id":8569,"url":"http:\/\/astehshop.com\/index.php\/product\/uniview-4-mp-ip-kamera-ipc2124lb-sf28-a\/","url_meta":{"origin":6603,"position":5},"title":"UniView 4 MP ip kamera IPC2124LB-SF28-A","date":"10. studenoga 2023.","format":false,"excerpt":"Slika visokog kvaliteta sa 4MP, 1\/3\" CMOS senzorom \u2022 4MP (2560*1440)@25\/20fps; 3MP (2304*1296)@30\/25fps; 2MP (1920*1080)@30\/25fps; 720P (1280*720) @ 30\/25 fps \u2022 Ultra 265, H.265, H.264, MJPEG \u2022 Pametan IR, do 30m (98ft) IR udaljenosti \u2022 Podr\u017eava 128 G Micro SD karticu \u2022 Podr\u017eava PoE napajanje \u2022 3-ose \u200b","rel":"","context":"Srodne objave","img":{"alt_text":"","src":"https:\/\/i0.wp.com\/astehshop.com\/wp-content\/uploads\/2023\/11\/IPC2124LB-SF28-A.jpg?fit=450%2C450&resize=350%2C200","width":350,"height":200},"classes":[]}],"_links":{"self":[{"href":"http:\/\/astehshop.com\/index.php\/wp-json\/wp\/v2\/product\/6603"}],"collection":[{"href":"http:\/\/astehshop.com\/index.php\/wp-json\/wp\/v2\/product"}],"about":[{"href":"http:\/\/astehshop.com\/index.php\/wp-json\/wp\/v2\/types\/product"}],"replies":[{"embeddable":true,"href":"http:\/\/astehshop.com\/index.php\/wp-json\/wp\/v2\/comments?post=6603"}],"wp:featuredmedia":[{"embeddable":true,"href":"http:\/\/astehshop.com\/index.php\/wp-json\/wp\/v2\/media\/6604"}],"wp:attachment":[{"href":"http:\/\/astehshop.com\/index.php\/wp-json\/wp\/v2\/media?parent=6603"}],"wp:term":[{"taxonomy":"product_cat","embeddable":true,"href":"http:\/\/astehshop.com\/index.php\/wp-json\/wp\/v2\/product_cat?post=6603"},{"taxonomy":"product_tag","embeddable":true,"href":"http:\/\/astehshop.com\/index.php\/wp-json\/wp\/v2\/product_tag?post=6603"}],"curies":[{"name":"wp","href":"https:\/\/api.w.org\/{rel}","templated":true}]}}