{"id":6598,"date":"2022-11-17T19:46:52","date_gmt":"2022-11-17T18:46:52","guid":{"rendered":"http:\/\/astehshop.com\/?post_type=product&#038;p=6598"},"modified":"2023-09-24T11:22:12","modified_gmt":"2023-09-24T09:22:12","slug":"stapni-usisivac-xiaomi-mi-vacuum-cleaner-mini","status":"publish","type":"product","link":"http:\/\/astehshop.com\/index.php\/product\/stapni-usisivac-xiaomi-mi-vacuum-cleaner-mini\/","title":{"rendered":"Stapni usisivac Xiaomi Mi Vacuum Cleaner mini"},"content":{"rendered":"<section class=\"product-features\">\n<dl class=\"data-sheet\">\n<dt class=\"name\">Baterija<\/dt>\n<dd class=\"value\">30 minuta trajanje<\/dd>\n<dt class=\"name\">Te\u017eak<\/dt>\n<dd class=\"value\">500 g<\/dd>\n<dt class=\"name\">Snaga usisavanja<\/dt>\n<dd class=\"value\">13000 Pa<\/dd>\n<dt class=\"name\">Spremnik za vodu<\/dt>\n<dd class=\"value\">Nema<\/dd>\n<dt class=\"name\">Spremnik za prasinu<\/dt>\n<dd class=\"value\">100 ml<\/dd>\n<dt class=\"name\">Dimenzije<\/dt>\n<dd class=\"value\">26.7 x 5.5 x 5 cm<\/dd>\n<\/dl>\n<\/section>\n","protected":false},"excerpt":{"rendered":"<section class=\"product-features\">\n<dl class=\"data-sheet\">\n<dt class=\"name\">Baterija<\/dt>\n<dd class=\"value\">30 minuta trajanje<\/dd>\n<dt class=\"name\">Te\u017eak<\/dt>\n<dd class=\"value\">500 g<\/dd>\n<dt class=\"name\">Snaga usisavanja<\/dt>\n<dd class=\"value\">13000 Pa<\/dd>\n<dt class=\"name\">Spremnik za vodu<\/dt>\n<dd class=\"value\">Nema<\/dd>\n<dt class=\"name\">Spremnik za prasinu<\/dt>\n<dd class=\"value\">100 ml<\/dd>\n<dt class=\"name\">Dimenzije<\/dt>\n<dd class=\"value\">26.7 x 5.5 x 5 cm<\/dd>\n<\/dl>\n<\/section>\n","protected":false},"featured_media":6599,"comment_status":"open","ping_status":"closed","template":"","meta":{"_mi_skip_tracking":false,"_exactmetrics_sitenote_active":false,"_exactmetrics_sitenote_note":"","_exactmetrics_sitenote_category":0,"spay_email":""},"product_cat":[3697],"product_tag":[4377],"brands":[],"df_price":90,"df_sale_price":"","df_regular_price":90,"df_image_link":"https:\/\/i0.wp.com\/astehshop.com\/wp-content\/uploads\/2022\/11\/stapni-usisivac-xiaomi-mi-vacuum-cleaner-mini.jpg?fit=450%2C450","jetpack_publicize_connections":[],"jetpack_sharing_enabled":true,"jetpack_likes_enabled":true,"jetpack-related-posts":[{"id":5713,"url":"http:\/\/astehshop.com\/index.php\/product\/xiaomi-mi-robot-usisivac-glasovna-kontrola\/","url_meta":{"origin":6598,"position":0},"title":"Xiaomi Mi Robot usisiva\u010d &#8211; glasovna kontrola","date":"5. prosinca 2021.","format":false,"excerpt":"\u010cist dom - zdraviji \u017eivot! Za sve ljubitelje \u010distog i urednog doma u pomo\u0107 je stigao usisava\u010d koji samostalno otklanja sve mrlje s Va\u0161ega poda. Sa svojom odli\u010dnom usisnom snagom uklonit \u0107e svakodnevnu pra\u0161inu i dosadne mrvice koje padaju sa stola, a mogu\u0107nost brisanja podova u\u010dinit \u0107e Va\u0161e povr\u0161ine sjajnijima\u2026","rel":"","context":"Srodne objave","img":{"alt_text":"","src":"https:\/\/i0.wp.com\/astehshop.com\/wp-content\/uploads\/2021\/12\/Xiaomi-Mi-Robot.jpg?fit=800%2C800&resize=350%2C200","width":350,"height":200},"classes":[]},{"id":6873,"url":"http:\/\/astehshop.com\/index.php\/product\/aparat-za-kafu-nescafe-dolce-gusto-piccolo-xs\/","url_meta":{"origin":6598,"position":1},"title":"Aparat za kafu, Nescafe Dolce Gusto Piccolo XS","date":"25. studenoga 2022.","format":false,"excerpt":"Aparat za kafu na kapsule Krups KP1A3 Nescafe Dolce Gusto Piccolo XS je sa svojim kompaktnim dimenzijama savr\u0161en za male kuhinje. Njegov moderni oblik s elegantnom i manjom konstrukcijom za jednsotavno upravljanje pomo\u0107u ru\u010dice. Uz njegovu pomo\u0107 mo\u017eete pripremiti vi\u0161e od 30 vru\u0107ih ili hladnih pi\u0107a. Aparat za kafu Krups\u2026","rel":"","context":"Srodne objave","img":{"alt_text":"","src":"https:\/\/i2.wp.com\/astehshop.com\/wp-content\/uploads\/2022\/11\/1-25.jpg?fit=810%2C754&resize=350%2C200","width":350,"height":200},"classes":[]},{"id":6600,"url":"http:\/\/astehshop.com\/index.php\/product\/xiaomi-ovlazivac-zraka-antibakterijski\/","url_meta":{"origin":6598,"position":2},"title":"Xiaomi ovla\u017eiva\u010d zraka antibakterijski","date":"17. studenoga 2022.","format":false,"excerpt":"Trenutna sterilizacija UV-C. Prikladno dodajte vodu bez odvajanja spremnika za vodu. Prozirni spremnik za vizualizaciju. Visokofrekventni sistem raspr\u0161ivanja od kerami\u010dke jezgre, meko ambijentalno svjetlo. Na\u010din konstantne vlage mo\u017ee automatski prilagoditi koli\u010dinu magle. MiHome APP kontrola, ovla\u017eivanje daljinskim upravlja\u010dem.","rel":"","context":"Srodne objave","img":{"alt_text":"","src":"https:\/\/i0.wp.com\/astehshop.com\/wp-content\/uploads\/2022\/11\/xiaomi-ovlazivac-zraka-antibakterijski.jpg?fit=800%2C800&resize=350%2C200","width":350,"height":200},"classes":[]},{"id":9507,"url":"http:\/\/astehshop.com\/index.php\/product\/kvarcna-grijalica-iskra-qh-1200cr\/","url_meta":{"origin":6598,"position":3},"title":"KVARCNA GRIJALICA ISKRA QH-1200CR","date":"21. rujna 2024.","format":false,"excerpt":"\u2022 Napon: 220V-240V~50Hz \u2022 Snaga: 1000W-1200W \u2022 2 snage grijanja: \u2013 snaga 1: 600W \u2013 snaga 2: 1200W \u2022 Zidna monta\u017ea \u2022 \u0160paga za povla\u010denje za uklju\u010divanje \u2022 Za\u0161tita od vlage (IPX4) \u2022 Dimenzije pakiranja (v mm): 570 (D) x 130 (\u0160) x 162 (V)","rel":"","context":"Srodne objave","img":{"alt_text":"","src":"https:\/\/i2.wp.com\/astehshop.com\/wp-content\/uploads\/2024\/09\/kvarcna-grijalica-1.jpg?fit=970%2C1020&resize=350%2C200","width":350,"height":200},"classes":[]},{"id":8527,"url":"http:\/\/astehshop.com\/index.php\/product\/ovlazivac-zraka-green-tech-go-2235-3-5l-s-daljinskim-upravljacem\/","url_meta":{"origin":6598,"position":4},"title":"Ovla\u017eiva\u010d zraka Green Tech GO-2235, 3.5l, s daljinskim upravlja\u010dem","date":"2. studenoga 2023.","format":false,"excerpt":"Snaga: 23 W Kapacitet spremnika: 3,5 l Maksimalno radno vrijeme s jednim spremnikom vode: 20 sati Izlaz maglice: 250 ml\/h 3 razine maglice: niska, srednja i visoka Ultrazvu\u010dna frekvencija: 1,7 MHz Mogu\u0107nost postavljanja timera: 1 - 12 sati LED zaslon na dodir IR daljinski upravlja\u010d Poseban na\u010din rada prilago\u0111en za\u2026","rel":"","context":"Srodne objave","img":{"alt_text":"","src":"https:\/\/i1.wp.com\/astehshop.com\/wp-content\/uploads\/2023\/11\/GO-2235_6733.png?fit=800%2C800&resize=350%2C200","width":350,"height":200},"classes":[]},{"id":11798,"url":"http:\/\/astehshop.com\/index.php\/product\/aparat-za-espresso-kafu-20-bar-a-1350w\/","url_meta":{"origin":6598,"position":5},"title":"Aparat za espresso kafu, 20 bar-a, 1350W","date":"28. rujna 2025.","format":false,"excerpt":"Xiaomi Semi-automatic Espresso Machine do\u017eivljaj u va\u0161em domu Pretvorite svako jutro u autenti\u010dno kafe iskustvo! Xiaomi Semi-automatic Espresso Machine donosi spoj vrhunske tehnologije, elegantnog dizajna i profesionalne izvedbe u svaki dom ili ured. Uz \u0161irinu od samo 14 cm, ovaj aparat savr\u0161eno pristaje i na najmanje kuhinjske povr\u0161ine, dok ku\u0107i\u0161te\u2026","rel":"","context":"Srodne objave","img":{"alt_text":"","src":"https:\/\/i2.wp.com\/astehshop.com\/wp-content\/uploads\/2025\/09\/Aparat-za-espresso-kafu-20-bar-a-1350W-640x480-1.png?fit=640%2C480&resize=350%2C200","width":350,"height":200},"classes":[]}],"_links":{"self":[{"href":"http:\/\/astehshop.com\/index.php\/wp-json\/wp\/v2\/product\/6598"}],"collection":[{"href":"http:\/\/astehshop.com\/index.php\/wp-json\/wp\/v2\/product"}],"about":[{"href":"http:\/\/astehshop.com\/index.php\/wp-json\/wp\/v2\/types\/product"}],"replies":[{"embeddable":true,"href":"http:\/\/astehshop.com\/index.php\/wp-json\/wp\/v2\/comments?post=6598"}],"wp:featuredmedia":[{"embeddable":true,"href":"http:\/\/astehshop.com\/index.php\/wp-json\/wp\/v2\/media\/6599"}],"wp:attachment":[{"href":"http:\/\/astehshop.com\/index.php\/wp-json\/wp\/v2\/media?parent=6598"}],"wp:term":[{"taxonomy":"product_cat","embeddable":true,"href":"http:\/\/astehshop.com\/index.php\/wp-json\/wp\/v2\/product_cat?post=6598"},{"taxonomy":"product_tag","embeddable":true,"href":"http:\/\/astehshop.com\/index.php\/wp-json\/wp\/v2\/product_tag?post=6598"}],"curies":[{"name":"wp","href":"https:\/\/api.w.org\/{rel}","templated":true}]}}