{"id":6593,"date":"2022-11-17T19:44:07","date_gmt":"2022-11-17T18:44:07","guid":{"rendered":"http:\/\/astehshop.com\/?post_type=product&#038;p=6593"},"modified":"2023-09-24T11:22:13","modified_gmt":"2023-09-24T09:22:13","slug":"xiaomi-mi-home-secutiry-camera-360-1080p","status":"publish","type":"product","link":"http:\/\/astehshop.com\/index.php\/product\/xiaomi-mi-home-secutiry-camera-360-1080p\/","title":{"rendered":"Xiaomi Mi Home Secutiry Camera 360 1080P"},"content":{"rendered":"<p>Kamera sa WiFi vezom, no\u0107ni vid, detekcija pokreta, PIR senzor, ugra\u0111eni mikrofon, ugra\u0111eni zvu\u010dnik, cloud platforma i bidirekcioni zvuk, rezolucija 1920 \u00d7 1080 px, ugao gledanja 360\u00b0, rotacija max. do 9 m, microSD kartice max. 32 GB, aplikacija za Android i iOS.<\/p>\n","protected":false},"excerpt":{"rendered":"<p>Kamera sa WiFi vezom, no\u0107ni vid, detekcija pokreta, PIR senzor, ugra\u0111eni mikrofon, ugra\u0111eni zvu\u010dnik, cloud platforma i bidirekcioni zvuk, rezolucija 1920 \u00d7 1080 px, ugao gledanja 360\u00b0, rotacija max. do 9 m, microSD kartice max. 32 GB, aplikacija za Android i iOS.<\/p>\n","protected":false},"featured_media":6594,"comment_status":"open","ping_status":"closed","template":"","meta":{"_mi_skip_tracking":false,"_exactmetrics_sitenote_active":false,"_exactmetrics_sitenote_note":"","_exactmetrics_sitenote_category":0,"spay_email":""},"product_cat":[135],"product_tag":[4375],"brands":[],"df_price":"","df_sale_price":"","df_regular_price":"","df_image_link":"https:\/\/i1.wp.com\/astehshop.com\/wp-content\/uploads\/2022\/11\/xiaomi-mi-home-secutiry-camera-360-1080p.jpg?fit=450%2C450","jetpack_publicize_connections":[],"jetpack_sharing_enabled":true,"jetpack_likes_enabled":true,"jetpack-related-posts":[{"id":9970,"url":"http:\/\/astehshop.com\/index.php\/product\/ipc-k7fp-5h0te-roto-kamera-4g\/","url_meta":{"origin":6593,"position":0},"title":"IPC-K7FP-5H0TE roto kamera 4G","date":"16. o\u017eujka 2025.","format":false,"excerpt":"IMOU Cruiser SC 4G 5MP IP Kamera, Tip ure\u0111aja: Vanjska rotiraju\u0107a IP kamera, Rezolucija: 5MP (2880x1620), Objektiv: 3.6 mm, Ugao gledanja: 74\u00b0, Rotacija: 355\u00b0 horizontalno, 90\u00b0 vertikalno, No\u0107ni vid: 30m IR i bijelo LED osvjetljenje, Povezivanje: 4G SIM kartica (Band 1\/3\/5\/7\/8\/20\/28\/38\/40\/41), AI funkcije: Detekcija ljudi, auto pra\u0107enje, sirena 110dB, Pohrana:\u2026","rel":"","context":"Srodne objave","img":{"alt_text":"","src":"https:\/\/i1.wp.com\/img.youtube.com\/vi\/OWrO0oPV_04\/0.jpg?resize=350%2C200","width":350,"height":200},"classes":[]},{"id":11590,"url":"http:\/\/astehshop.com\/index.php\/product\/kamera-imilab-c21-home-2560p\/","url_meta":{"origin":6593,"position":1},"title":"KAMERA IMILAB C21 HOME 2560P","date":"21. kolovoza 2025.","format":false,"excerpt":"\u00a0 Rezolucija:\u00a02.5K QHD (2560 \u00d7 1440) Rotacija:\u00a0360\u00b0 horizontalno \/ 110\u00b0 vertikalno No\u0107ni re\u017eim:\u00a0Infracrveni + AI pobolj\u0161anje slike Detekcija:\u00a0Pametna AI detekcija pokreta i osoba Audio:\u00a0Dvosmjerni \u2013 ugra\u0111en mikrofon i zvu\u010dnik Skladi\u0161tenje:\u00a0microSD do 256GB + Cloud opcija Povezivanje:\u00a0Wi-Fi 2.4GHz \/ Aplikacija IMILAB Home Privatnost:\u00a0Sleep re\u017eim + elektronski shutter","rel":"","context":"Srodne objave","img":{"alt_text":"","src":"https:\/\/i0.wp.com\/astehshop.com\/wp-content\/uploads\/2025\/08\/imilab-c21-home-security-camera-2560p.jpg?fit=700%2C700&resize=350%2C200","width":350,"height":200},"classes":[]},{"id":9417,"url":"http:\/\/astehshop.com\/index.php\/product\/imou-kamera-ranger-dual-8mp-53-ipc-s2xp-8m0wed\/","url_meta":{"origin":6593,"position":2},"title":"IMOU KAMERA Ranger DUAL 8MP (5+3) IPC-S2XP-8M0WED","date":"23. lipnja 2024.","format":false,"excerpt":"Specifikacije: **Kamera sa fiksnim objektivom:** - Senzor: 1\/2.8 in\u010da, 3 megapiksela progresivni CMOS - Rezolucija: 3MP (2304x1296) - No\u0107ni re\u017eim: Domet od 15m (49ft) - Fiksni objektiv: 3.6mm - Ugao gledanja: 84\u00b0(H), 45\u00b0(V), 101\u00b0(D) - Pan: 0~355\u00b0, Tilt: 0~15\u00b0 **Pan & Tilt kamera:** - Senzor: 1\/3 in\u010da, 5 megapiksela progresivni\u2026","rel":"","context":"Srodne objave","img":{"alt_text":"","src":"https:\/\/i2.wp.com\/astehshop.com\/wp-content\/uploads\/2024\/06\/dual-ranger.png?fit=1078%2C990&resize=350%2C200","width":350,"height":200},"classes":[]},{"id":9978,"url":"http:\/\/astehshop.com\/index.php\/product\/ipc-k9dcp-3t0we-v2-wifi-solarna-kamera\/","url_meta":{"origin":6593,"position":3},"title":"IPC-K9DCP-3T0WE-V2 WIFI solarna kamera","date":"16. o\u017eujka 2025.","format":false,"excerpt":"3 MP WI-FI bullet kamera sa solarnim panelom 1\/2.8\u201d CMOS sa progresivnim skeniranjem. Rezolucija 2304x1296. Fiksna optika 2.8mm. Detekcija pokreta, detekcija ljudi, dvosmjerna komunikacija,integrisan mikrofon, zvu\u010dnik,sirena.Kompresija H.265\/H.264.Smart,PIR senzor, no\u0107na vidljivost do 15 m.5000mAh baterija.Ugradjen solarni panel 2.2W Slot za Micro SD karticu do 256GB.ImouLife aplikacija za iOS, Android. Napajanje 5VDC,\u2026","rel":"","context":"Srodne objave","img":{"alt_text":"","src":"https:\/\/i0.wp.com\/astehshop.com\/wp-content\/uploads\/2025\/03\/IPC-K9DCP-3T0WE-V2-11.jpg?fit=1200%2C775&resize=350%2C200","width":350,"height":200},"classes":[]},{"id":7521,"url":"http:\/\/astehshop.com\/index.php\/product\/imou-dahua-wifi-kamera-ipc-g22\/","url_meta":{"origin":6593,"position":4},"title":"Imou Dahua WiFi kamera IPC-G22","date":"1. travnja 2023.","format":false,"excerpt":"Pametna WIFI bullet kamera IMOU 2 MPX SD kartica maksimalno do 128 GB Ugra\u0111en mikrofon Detekcija pokreta Detekcija ljudi IP67 Uz kameru dolazi adapter 12v 1A Podr\u017eava Android i Iphone Besplatna IMOU aplikacija","rel":"","context":"Srodne objave","img":{"alt_text":"","src":"https:\/\/i2.wp.com\/astehshop.com\/wp-content\/uploads\/2023\/04\/ipc-g22-imou.png?fit=834%2C726&resize=350%2C200","width":350,"height":200},"classes":[]},{"id":7218,"url":"http:\/\/astehshop.com\/index.php\/product\/ezviz-hikvision-wifi-kamera-cs-c1c-e0-1e2w\/","url_meta":{"origin":6593,"position":5},"title":"Ezviz HikVision WiFi kamera CS-C1C-E0-1E2W","date":"15. velja\u010de 2023.","format":false,"excerpt":"\u2022 Smart Home kamera \u2022 Rezolucija 2 Mpix(1920\u00d71080) \u2022 Objektiv: 2,8mm \u2022 0.5 Lux @(F2.2, AGC ON), 0 Lux with IR \u2022 IR domet 12 m \u2022 Dodatne funkcije: detekcija pokreta, dvosmjerna audio komunikacija \u2022 H.265 \u2022 Podr\u017eava 2.4 GHz WiFi \u2022 Podr\u017eava MicroSD kartice, do 256 GB \u2022 Napajanje\u2026","rel":"","context":"Srodne objave","img":{"alt_text":"","src":"https:\/\/i2.wp.com\/astehshop.com\/wp-content\/uploads\/2023\/02\/CS-C1C-E0-1E2WF-1.png?fit=1080%2C1080&resize=350%2C200","width":350,"height":200},"classes":[]}],"_links":{"self":[{"href":"http:\/\/astehshop.com\/index.php\/wp-json\/wp\/v2\/product\/6593"}],"collection":[{"href":"http:\/\/astehshop.com\/index.php\/wp-json\/wp\/v2\/product"}],"about":[{"href":"http:\/\/astehshop.com\/index.php\/wp-json\/wp\/v2\/types\/product"}],"replies":[{"embeddable":true,"href":"http:\/\/astehshop.com\/index.php\/wp-json\/wp\/v2\/comments?post=6593"}],"wp:featuredmedia":[{"embeddable":true,"href":"http:\/\/astehshop.com\/index.php\/wp-json\/wp\/v2\/media\/6594"}],"wp:attachment":[{"href":"http:\/\/astehshop.com\/index.php\/wp-json\/wp\/v2\/media?parent=6593"}],"wp:term":[{"taxonomy":"product_cat","embeddable":true,"href":"http:\/\/astehshop.com\/index.php\/wp-json\/wp\/v2\/product_cat?post=6593"},{"taxonomy":"product_tag","embeddable":true,"href":"http:\/\/astehshop.com\/index.php\/wp-json\/wp\/v2\/product_tag?post=6593"}],"curies":[{"name":"wp","href":"https:\/\/api.w.org\/{rel}","templated":true}]}}