{"id":6581,"date":"2022-11-17T19:30:54","date_gmt":"2022-11-17T18:30:54","guid":{"rendered":"http:\/\/astehshop.com\/?post_type=product&#038;p=6581"},"modified":"2023-09-24T11:22:16","modified_gmt":"2023-09-24T09:22:16","slug":"apple-airpods-2-with-charginig-case","status":"publish","type":"product","link":"http:\/\/astehshop.com\/index.php\/product\/apple-airpods-2-with-charginig-case\/","title":{"rendered":"Apple AirPods 2 with Charginig Case"},"content":{"rendered":"<p>Apple AirPods 2 with Charginig Case<\/p>\n","protected":false},"excerpt":{"rendered":"<p>Apple AirPods 2 with Charginig Case<\/p>\n","protected":false},"featured_media":6582,"comment_status":"open","ping_status":"closed","template":"","meta":{"_mi_skip_tracking":false,"_exactmetrics_sitenote_active":false,"_exactmetrics_sitenote_note":"","_exactmetrics_sitenote_category":0,"spay_email":""},"product_cat":[788],"product_tag":[4368],"brands":[],"df_price":349,"df_sale_price":"","df_regular_price":349,"df_image_link":"https:\/\/i2.wp.com\/astehshop.com\/wp-content\/uploads\/2022\/11\/slusalice-apple-airpods-2-with-charginig-case.jpg?fit=430%2C450","jetpack_publicize_connections":[],"jetpack_sharing_enabled":true,"jetpack_likes_enabled":true,"jetpack-related-posts":[{"id":6583,"url":"http:\/\/astehshop.com\/index.php\/product\/apple-airpods-3-with-charging-case\/","url_meta":{"origin":6581,"position":0},"title":"Apple AirPods 3 with charging case","date":"17. studenoga 2022.","format":false,"excerpt":"Apple AirPods 3 with charging case","rel":"","context":"Srodne objave","img":{"alt_text":"","src":"https:\/\/i2.wp.com\/astehshop.com\/wp-content\/uploads\/2022\/11\/apple-airpods-3-generacija.jpg?fit=800%2C800&resize=350%2C200","width":350,"height":200},"classes":[]},{"id":11451,"url":"http:\/\/astehshop.com\/index.php\/product\/apple-watch-se-2024-mxeg3ll-a-40mm\/","url_meta":{"origin":6581,"position":1},"title":"APPLE WATCH SE 2024 MXEG3LL\/A 40MM","date":"18. kolovoza 2025.","format":false,"excerpt":"Model:\u00a0Apple Watch SE 2024 (MXEG3LL\/A) Ku\u0107i\u0161te:\u00a040mm aluminijum, Midnight boja Ekran:\u00a0Retina OLED, 1000 nits Procesor:\u00a0Apple S8, 32GB memorije Baterija:\u00a0Do 18h, brzo punjenje Otpornost:\u00a0Vodootporan do 50m Senzori:\u00a0Puls, kompas, altimetar, \u017eiroskop Funkcije:\u00a0GPS, Fall\/Crash Detection, Apple Pay OS:\u00a0watchOS 11","rel":"","context":"Srodne objave","img":{"alt_text":"","src":"https:\/\/i2.wp.com\/astehshop.com\/wp-content\/uploads\/2025\/08\/3840x3840.51006899_01-scaled.webp?fit=1200%2C1200&resize=350%2C200","width":350,"height":200},"classes":[]},{"id":11932,"url":"http:\/\/astehshop.com\/index.php\/product\/apple-iphone-16e-256gb-white\/","url_meta":{"origin":6581,"position":2},"title":"Apple iPhone 16e 256GB White","date":"7. prosinca 2025.","format":false,"excerpt":"Apple iPhone 16e 256GB White Apple iPhone\u202f16e je pristupa\u010dan pametni telefon koji nudi vrlo dobre performanse, moderan dizajn i dugotrajnost baterije. Ovaj model je idealan za korisnike koji \u017eele kombinaciju najnovijih funkcija i pouzdanosti, uz atraktivnu memorijsku konfiguraciju. Klju\u010dne Karakteristike: Ekran:\u00a06,1\u2011in\u010dni\u00a0Super Retina XDR OLED\u00a0ekran sa rezolucijom od 2532 \u00d7 1170\u2026","rel":"","context":"Srodne objave","img":{"alt_text":"","src":"https:\/\/i1.wp.com\/astehshop.com\/wp-content\/uploads\/2025\/12\/apple-iphone-16e-256gb-white.png?fit=400%2C400&resize=350%2C200","width":350,"height":200},"classes":[]},{"id":3036,"url":"http:\/\/astehshop.com\/index.php\/product\/dome-ip-kamera-2-0mp-2-8mm-20m-ir-2\/","url_meta":{"origin":6581,"position":3},"title":"DOME IP KAMERA 2.0MP 2.8MM 20M IR","date":"6. velja\u010de 2019.","format":false,"excerpt":"LMDCS200 2MP Outdoor Fixed Dome IP IR 20m \u2022 1\/2.9\"SONY Low Illumination CMOS Sensor \u2022 H.264\/H.265 Compression Method \u2022 2.8mm Fixed Lens \u2022 IR Distance 20m Max. \u2022 IP66 Outdoor Metal Case Dostava 24\/48h ukoliko nije vikend","rel":"","context":"Srodne objave","img":{"alt_text":"","src":"https:\/\/i1.wp.com\/astehshop.com\/wp-content\/uploads\/2019\/02\/LMDCS200.jpg?fit=1200%2C900&resize=350%2C200","width":350,"height":200},"classes":[]},{"id":11934,"url":"http:\/\/astehshop.com\/index.php\/product\/apple-iphone-15-128gb-blue\/","url_meta":{"origin":6581,"position":4},"title":"Apple iPhone 15 128GB Blue","date":"7. prosinca 2025.","format":false,"excerpt":"Apple\u00a0predstavlja svoju novu seriju mobilnih telefona, koja nudi vrhunsku tehnologiju, moderni dizajn i funkcije prilago\u0111ene potrebama modernog korisnika. Svaki telefon iz ove serije dolazi s inovativnim zna\u010dajkama koje omogu\u0107avaju korisniku da u potpunosti iskoristi njegov potencijal. Ovi mobilni telefoni imaju veli\u010dinu ekrana od\u00a06,1 in\u010da, \u0161to omogu\u0107uje ugodno gledanje video zapisa\u2026","rel":"","context":"Srodne objave","img":{"alt_text":"","src":"https:\/\/i0.wp.com\/astehshop.com\/wp-content\/uploads\/2025\/12\/apple-iphone-15-128gb-blue-jp.jpg?fit=800%2C800&resize=350%2C200","width":350,"height":200},"classes":[]},{"id":5740,"url":"http:\/\/astehshop.com\/index.php\/product\/longse-ip-kamera-2-mp-lbh30fg200\/","url_meta":{"origin":6581,"position":5},"title":"Longse IP kamera 2 MP LBH30FG200","date":"5. sije\u010dnja 2022.","format":false,"excerpt":"LBH30FG200 2MP Outdoor Fixed Bullet IP IR 25m \u2022\u00a01\/2.9\"Progressive Scan CMOS Sensor \u2022\u00a0H.264\/H.265\/JPEG\/AVI\/MJPEG Compression Method \u2022\u00a03.6mm Fixed Lens \u2022\u00a0IR Distance 25m Max. \u2022\u00a0IP67 Outdoor Metal Case","rel":"","context":"Srodne objave","img":{"alt_text":"","src":"https:\/\/i1.wp.com\/astehshop.com\/wp-content\/uploads\/2022\/01\/LBH30FG200.jpg?fit=960%2C700&resize=350%2C200","width":350,"height":200},"classes":[]}],"_links":{"self":[{"href":"http:\/\/astehshop.com\/index.php\/wp-json\/wp\/v2\/product\/6581"}],"collection":[{"href":"http:\/\/astehshop.com\/index.php\/wp-json\/wp\/v2\/product"}],"about":[{"href":"http:\/\/astehshop.com\/index.php\/wp-json\/wp\/v2\/types\/product"}],"replies":[{"embeddable":true,"href":"http:\/\/astehshop.com\/index.php\/wp-json\/wp\/v2\/comments?post=6581"}],"wp:featuredmedia":[{"embeddable":true,"href":"http:\/\/astehshop.com\/index.php\/wp-json\/wp\/v2\/media\/6582"}],"wp:attachment":[{"href":"http:\/\/astehshop.com\/index.php\/wp-json\/wp\/v2\/media?parent=6581"}],"wp:term":[{"taxonomy":"product_cat","embeddable":true,"href":"http:\/\/astehshop.com\/index.php\/wp-json\/wp\/v2\/product_cat?post=6581"},{"taxonomy":"product_tag","embeddable":true,"href":"http:\/\/astehshop.com\/index.php\/wp-json\/wp\/v2\/product_tag?post=6581"}],"curies":[{"name":"wp","href":"https:\/\/api.w.org\/{rel}","templated":true}]}}