{"id":6577,"date":"2022-11-17T19:28:10","date_gmt":"2022-11-17T18:28:10","guid":{"rendered":"http:\/\/astehshop.com\/?post_type=product&#038;p=6577"},"modified":"2023-09-24T11:22:17","modified_gmt":"2023-09-24T09:22:17","slug":"xiaomi-haylou-w1-bluetooth-earbuds-black","status":"publish","type":"product","link":"http:\/\/astehshop.com\/index.php\/product\/xiaomi-haylou-w1-bluetooth-earbuds-black\/","title":{"rendered":"Xiaomi Haylou W1 Bluetooth Earbuds Black"},"content":{"rendered":"<p>Do\u017eivljaj tri-band izjedna\u010davaju\u0107eg efekta sa dualno balansiranim oklopom i dinami\u010dkim drajverima, vi\u0161e HD audio kodeka uklju\u010duju\u0107i aptX, aptX Adaptive, AAC i SBC. Knowles balansirani oklopni drajveri odr\u017eavaju bogate detalje visokih nota za glavnu melodiju, \u0161to donosi imerzivan do\u017eivljaj slu\u0161anja muzike. Mala koli\u010dina distorzije, visoka rezolucija i \u0161irok spektrum zvukova. Dinami\u010dki drajver napravljen je sa kompozitnom metalnom dijafragmom, tako da dinami\u010dki drajver odr\u017eava blag bass i srednje tonove, \u0161to daje bogatiji zvuk sa vi\u0161e detalja.<\/p>\n<p>AptX Adaptive kodek mo\u017ee automatski da podesi performansu skladnu sa raznim scenama, daju\u0107i vi\u0161e vividnu muziku i glatko iskustvo igranja igrica. Qualcomm 3040 \u010dip i Bluetooth 5.2 \u010dip daju snagu Haylou W1 i podr\u017eavaju dual-channel komunikaciju, za prela\u017eenje izme\u0111u mono i stereo re\u017eima bez prekida.<\/p>\n<p>Tako\u0111er tro\u0161e 40% manje energije i daju stabilnost Bluetootha pove\u0107anu za \u010dak 50%. Slu\u0161alice mogu trajati 20 sati uz kutijicu za punjenje(310mAh kapaciteta), ali i bez kutijice se mogu koristiti 6 sati nakon jednog punjenja, jer slu\u0161alice imaju bateriju od 32mAh.<\/p>\n<p>Zvukovi iz okoline su umanjeni sa najnovijom cVc 8.0 tehnologijom i ENC, tako da konverzacije mogu da se vode nesmetano sa 4 mikrofona (2 na obe slu\u0161alice). Sa ergonomi\u010dnim dizajnom slu\u0161alice se savr\u0161eno prilago\u0111avaju obliku uha i nude dodatnu stabilnost za no\u0161enje i komfor. Za Vodootpornost ovog ure\u0111aja ocjena je IPX4, zahvaljuju\u0107i vodootpornom anti-oksidantskom vakumskom sloju. To zna\u010di da mogu bez problema savladati bilo koju teku\u010dinu u bilo kojim vremenskim uslovima.<\/p>\n<p>Na obe slu\u0161alice nalazi se intuitivna kontrola na dodir za pauziranje i pu\u0161tanje, preskakanje pjesama unazad i unaprijed, zavr\u0161avanje poziva i za glasovni asistent.<\/p>\n","protected":false},"excerpt":{"rendered":"<p>Do\u017eivljaj tri-band izjedna\u010davaju\u0107eg efekta sa dualno balansiranim oklopom i dinami\u010dkim drajverima, vi\u0161e HD audio kodeka uklju\u010duju\u0107i aptX, aptX Adaptive, AAC i SBC. Knowles balansirani oklopni drajveri odr\u017eavaju bogate detalje visokih nota za glavnu melodiju, \u0161to donosi imerzivan do\u017eivljaj slu\u0161anja muzike. Mala koli\u010dina distorzije, visoka rezolucija i \u0161irok spektrum zvukova. Dinami\u010dki drajver napravljen je sa kompozitnom metalnom dijafragmom, tako da dinami\u010dki drajver odr\u017eava blag bass i srednje tonove, \u0161to daje bogatiji zvuk sa vi\u0161e detalja.<\/p>\n<p>AptX Adaptive kodek mo\u017ee automatski da podesi performansu skladnu sa raznim scenama, daju\u0107i vi\u0161e vividnu muziku i glatko iskustvo igranja igrica. Qualcomm 3040 \u010dip i Bluetooth 5.2 \u010dip daju snagu Haylou W1 i podr\u017eavaju dual-channel komunikaciju, za prela\u017eenje izme\u0111u mono i stereo re\u017eima bez prekida.<\/p>\n<p>Tako\u0111er tro\u0161e 40% manje energije i daju stabilnost Bluetootha pove\u0107anu za \u010dak 50%. Slu\u0161alice mogu trajati 20 sati uz kutijicu za punjenje(310mAh kapaciteta), ali i bez kutijice se mogu koristiti 6 sati nakon jednog punjenja, jer slu\u0161alice imaju bateriju od 32mAh.<\/p>\n<p>Zvukovi iz okoline su umanjeni sa najnovijom cVc 8.0 tehnologijom i ENC, tako da konverzacije mogu da se vode nesmetano sa 4 mikrofona (2 na obe slu\u0161alice). Sa ergonomi\u010dnim dizajnom slu\u0161alice se savr\u0161eno prilago\u0111avaju obliku uha i nude dodatnu stabilnost za no\u0161enje i komfor. Za Vodootpornost ovog ure\u0111aja ocjena je IPX4, zahvaljuju\u0107i vodootpornom anti-oksidantskom vakumskom sloju. To zna\u010di da mogu bez problema savladati bilo koju teku\u010dinu u bilo kojim vremenskim uslovima.<\/p>\n<p>Na obe slu\u0161alice nalazi se intuitivna kontrola na dodir za pauziranje i pu\u0161tanje, preskakanje pjesama unazad i unaprijed, zavr\u0161avanje poziva i za glasovni asistent.<\/p>\n","protected":false},"featured_media":6578,"comment_status":"open","ping_status":"closed","template":"","meta":{"_mi_skip_tracking":false,"_exactmetrics_sitenote_active":false,"_exactmetrics_sitenote_note":"","_exactmetrics_sitenote_category":0,"spay_email":""},"product_cat":[955],"product_tag":[4366],"brands":[],"df_price":83,"df_sale_price":"","df_regular_price":83,"df_image_link":"https:\/\/i1.wp.com\/astehshop.com\/wp-content\/uploads\/2022\/11\/xiaomi-haylou-w1-bluetooth-earbuds-black.png?fit=450%2C450","jetpack_publicize_connections":[],"jetpack_sharing_enabled":true,"jetpack_likes_enabled":true,"jetpack-related-posts":[{"id":7403,"url":"http:\/\/astehshop.com\/index.php\/product\/pametni-sat-haylou-smart-watch-rt2-black-ls1\/","url_meta":{"origin":6577,"position":0},"title":"Pametni sat Haylou Smart Watch RT2 Black &#8211; LS1","date":"11. o\u017eujka 2023.","format":false,"excerpt":"Haylou RT2 pametni sat je napravljen za stalni pokret. Estetski je dizajniran za sport sa 2.5D zakrivljenim staklom i TFT ekranom veli\u010dine 1.32 in\u010da, stoji na ruci veoma ugodno i donosi ljepotu nje\u017enog dizajna. Inkorporirano je 12 re\u017eima za fizi\u010dku aktivnost kao \u0161to su brzo hodanje, penjanje, joga, gimnastika i\u2026","rel":"","context":"Srodne objave","img":{"alt_text":"","src":"https:\/\/i2.wp.com\/astehshop.com\/wp-content\/uploads\/2023\/03\/xiaomi-haylou-rt2-ls10-smart-watch-black.png?fit=800%2C800&resize=350%2C200","width":350,"height":200},"classes":[]},{"id":6571,"url":"http:\/\/astehshop.com\/index.php\/product\/xiaomi-haylou-gt7-true-wireless-earbuds-gray\/","url_meta":{"origin":6577,"position":1},"title":"Xiaomi Haylou GT7 True Wireless Earbuds Gray","date":"17. studenoga 2022.","format":false,"excerpt":"Haylou GT7 ima kompozitnu vibriraju\u010du dijafragmatsku zavojnicu i AAC audio kodek koji hvata vi\u0161e detalja zvuka i pru\u017ea odli\u010dnu kvalitetu zvuka. Re\u017eim za igranje igrica sa niskom latencijom koji pobolj\u0161ava ugo\u0111aj sadr\u017eaja zajedno sa dual-master komunikacijom koja osigurava stabilnu konekciju u svakom trenutku. Napredni Bluetooth 5.2 \u010dip integrira prednosti kao\u2026","rel":"","context":"Srodne objave","img":{"alt_text":"","src":"https:\/\/i0.wp.com\/astehshop.com\/wp-content\/uploads\/2022\/11\/xiaomi-haylou-gt7-true-wireless-earbuds-gray.png?fit=800%2C800&resize=350%2C200","width":350,"height":200},"classes":[]},{"id":6575,"url":"http:\/\/astehshop.com\/index.php\/product\/xiaomi-haylou-gt7-true-wireless-earbuds-black\/","url_meta":{"origin":6577,"position":2},"title":"Xiaomi Haylou GT7 True Wireless Earbuds Black","date":"17. studenoga 2022.","format":false,"excerpt":"Haylou GT7 ima kompozitnu vibriraju\u010du dijafragmatsku zavojnicu i AAC audio kodek koji hvata vi\u0161e detalja zvuka i pru\u017ea odli\u010dnu kvalitetu zvuka. Re\u017eim za igranje igrica sa niskom latencijom koji pobolj\u0161ava ugo\u0111aj sadr\u017eaja zajedno sa dual-master komunikacijom koja osigurava stabilnu konekciju u svakom trenutku. Napredni Bluetooth 5.2 \u010dip integrira prednosti kao\u2026","rel":"","context":"Srodne objave","img":{"alt_text":"","src":"https:\/\/i1.wp.com\/astehshop.com\/wp-content\/uploads\/2022\/11\/xiaomi-haylou-gt7-true-wireless-earbuds-black.png?fit=800%2C800&resize=350%2C200","width":350,"height":200},"classes":[]},{"id":7391,"url":"http:\/\/astehshop.com\/index.php\/product\/pametni-sat-haylou-smart-watch-gst-black-ls09b\/","url_meta":{"origin":6577,"position":3},"title":"Pametni sat Haylou Smart Watch GST Black &#8211; LS09B","date":"11. o\u017eujka 2023.","format":false,"excerpt":"Detaljan opis: Vodootporni pametni sat Haylou LS09B GST s Bluetooth 5.0 - IP68, 220 mAh Pratite svoje fitness aktivnosti pomo\u0107u ovog vodootpornog pametnog sata Haylou LS09B GST! Opremljen s vi\u0161e senzora, mo\u0107i \u0107ete pratiti broj otkucaja srca, razinu kisika, sate spavanja itd. Pove\u017eite ga sa svojim pametnim telefonom putem aplikacije\u2026","rel":"","context":"Srodne objave","img":{"alt_text":"","src":"https:\/\/i1.wp.com\/astehshop.com\/wp-content\/uploads\/2023\/03\/xiaomi-haylou-ls09b-smart-watch-black.png?fit=800%2C800&resize=350%2C200","width":350,"height":200},"classes":[]},{"id":6569,"url":"http:\/\/astehshop.com\/index.php\/product\/slusalice-redmi-buds-3-lite-black\/","url_meta":{"origin":6577,"position":4},"title":"Slusalice Redmi Buds 3 Lite Black","date":"17. studenoga 2022.","format":false,"excerpt":"Redmi Buds 3 Lite su lagane, komotne i nje\u017ene slu\u0161alice koje ne smetaju ko\u017ei i donose najbolji do\u017eivljaj muzike i sadr\u017eaja. Ergonomski dizajn daje komfor i zan\u010di da su slu\u0161alice uvijek sigurne u u\u0161ima, \u010dak i pri fizi\u010dkim aktivnostima. Automatsko prepoznavanje ure\u0111aja, tako da se konektuju sa \u017eeljenim ure\u0111ajima odmah\u2026","rel":"","context":"Srodne objave","img":{"alt_text":"","src":"https:\/\/i1.wp.com\/astehshop.com\/wp-content\/uploads\/2022\/11\/redmi-buds-3-lite.png?fit=800%2C800&resize=350%2C200","width":350,"height":200},"classes":[]},{"id":6567,"url":"http:\/\/astehshop.com\/index.php\/product\/xiaomi-haylou-gt5-tws-bluetooth-earbuds-black\/","url_meta":{"origin":6577,"position":5},"title":"Xiaomi Haylou GT5 TWS Bluetooth Earbuds Black","date":"17. studenoga 2022.","format":false,"excerpt":"Haylou GT5 Be\u017ei\u010dne slu\u0161alice imaju dugo radno vrijeme, udobnu kontrolu dodira, kao i izvrsnu kvalitetu zvuka i stabilan Bluetooth 5.0 prijenos.Moderna Bluetooth 5.0 veza omogu\u0107uje trenutni, stabilan i gotovo bez gubitaka prijenos signala. Sa Haylou GT5 \u0107ete se oprostiti od ka\u0161njenja - u\u017eivat \u0107ete u pouzdanoj vezi i izvanrednoj kvaliteti\u2026","rel":"","context":"Srodne objave","img":{"alt_text":"","src":"https:\/\/i1.wp.com\/astehshop.com\/wp-content\/uploads\/2022\/11\/xiaomi-haylou-gt5-tws-bluetooth-earbuds-black.jpg?fit=800%2C800&resize=350%2C200","width":350,"height":200},"classes":[]}],"_links":{"self":[{"href":"http:\/\/astehshop.com\/index.php\/wp-json\/wp\/v2\/product\/6577"}],"collection":[{"href":"http:\/\/astehshop.com\/index.php\/wp-json\/wp\/v2\/product"}],"about":[{"href":"http:\/\/astehshop.com\/index.php\/wp-json\/wp\/v2\/types\/product"}],"replies":[{"embeddable":true,"href":"http:\/\/astehshop.com\/index.php\/wp-json\/wp\/v2\/comments?post=6577"}],"wp:featuredmedia":[{"embeddable":true,"href":"http:\/\/astehshop.com\/index.php\/wp-json\/wp\/v2\/media\/6578"}],"wp:attachment":[{"href":"http:\/\/astehshop.com\/index.php\/wp-json\/wp\/v2\/media?parent=6577"}],"wp:term":[{"taxonomy":"product_cat","embeddable":true,"href":"http:\/\/astehshop.com\/index.php\/wp-json\/wp\/v2\/product_cat?post=6577"},{"taxonomy":"product_tag","embeddable":true,"href":"http:\/\/astehshop.com\/index.php\/wp-json\/wp\/v2\/product_tag?post=6577"}],"curies":[{"name":"wp","href":"https:\/\/api.w.org\/{rel}","templated":true}]}}