{"id":6573,"date":"2022-11-17T19:21:53","date_gmt":"2022-11-17T18:21:53","guid":{"rendered":"http:\/\/astehshop.com\/?post_type=product&#038;p=6573"},"modified":"2023-09-24T11:22:18","modified_gmt":"2023-09-24T09:22:18","slug":"haylou-t15-bluetooth-earbuds-black","status":"publish","type":"product","link":"http:\/\/astehshop.com\/index.php\/product\/haylou-t15-bluetooth-earbuds-black\/","title":{"rendered":"Haylou T15 Bluetooth Earbuds Black"},"content":{"rendered":"<div id=\"collapseDescription\" class=\"product-description-block tab-pane fade show active\">\n<div class=\"panel-content\">\n<div class=\"product-description typo\">\n<p>Vrijeme rada : 3,5 sata<\/p>\n<p>Vrijeme punjenja slu\u0161alica do 1,5 sati (kutija &#8211; 4 sata)<\/p>\n<p>Radijus: do 10 metara<\/p>\n<p>Baterija : slu\u0161alica 43 m * Ah, ku\u0107i\u0161te 2200 m * Ah<\/p>\n<p>Priklju\u010dci: MicroUSB, USB-A<\/p>\n<\/div>\n<\/div>\n<\/div>\n","protected":false},"excerpt":{"rendered":"<div id=\"collapseDescription\" class=\"product-description-block tab-pane fade show active\">\n<div class=\"panel-content\">\n<div class=\"product-description typo\">\n<p>Vrijeme rada : 3,5 sata<\/p>\n<p>Vrijeme punjenja slu\u0161alica do 1,5 sati (kutija &#8211; 4 sata)<\/p>\n<p>Radijus: do 10 metara<\/p>\n<p>Baterija : slu\u0161alica 43 m * Ah, ku\u0107i\u0161te 2200 m * Ah<\/p>\n<p>Priklju\u010dci: MicroUSB, USB-A<\/p>\n<\/div>\n<\/div>\n<\/div>\n","protected":false},"featured_media":6574,"comment_status":"open","ping_status":"closed","template":"","meta":{"_mi_skip_tracking":false,"_exactmetrics_sitenote_active":false,"_exactmetrics_sitenote_note":"","_exactmetrics_sitenote_category":0,"spay_email":""},"product_cat":[788],"product_tag":[4364],"brands":[],"df_price":55,"df_sale_price":"","df_regular_price":55,"df_image_link":"https:\/\/i1.wp.com\/astehshop.com\/wp-content\/uploads\/2022\/11\/haylou-t15-bluetooth-earbuds-black.jpg?fit=450%2C450","jetpack_publicize_connections":[],"jetpack_sharing_enabled":true,"jetpack_likes_enabled":true,"jetpack-related-posts":[{"id":6725,"url":"http:\/\/astehshop.com\/index.php\/product\/slusalice-cat-ear-stn-28-djecje-wireless-crne\/","url_meta":{"origin":6573,"position":0},"title":"Slu\u0161alice CAT EAR STN-28 dje\u010dje, wireless, crne","date":"19. studenoga 2022.","format":false,"excerpt":"Veli\u010dina zvu\u010dnika:\u00a0\u00d8 40 mm Frekvencijski odziv: 20 Hz - 20 kHz Otpor zvu\u010dnika: 32 Ohm Bluetooth verzija: 5.0 Baterija: 350 mAh, litijska Bluetooth domet: 10 metara Talk \/ Play vrijeme: 8 - 10 sati Trajanje punjenja: 2 sata Kabel za punjenje uklju\u010den u pakiranje; USB na micro","rel":"","context":"Srodne objave","img":{"alt_text":"","src":"https:\/\/i1.wp.com\/astehshop.com\/wp-content\/uploads\/2022\/11\/medium_85732941_2c763054182237b8c8cbc0ac21734bbddI4.png?fit=400%2C400&resize=350%2C200","width":350,"height":200},"classes":[]},{"id":8967,"url":"http:\/\/astehshop.com\/index.php\/product\/prijenosni-led-reflektor-green-tech-40w-4000k-ip65\/","url_meta":{"origin":6573,"position":1},"title":"Prijenosni LED reflektor Green Tech, 40W, 4000K, IP65","date":"11. velja\u010de 2024.","format":false,"excerpt":"Snaga: 40 W Boja svjetlosti: 4000 K Promjenjiva snaga reflektora, upravljanje prekida\u010dem: Niska \/ srednja \/ visoka svjetlina \/ SOS \/ isklju\u010deno Flux: 500 lm Svjetlosna u\u010dinkovitost: 13 lm \/ W LED diode: San`an Kut svjetlosti: 120\u00b0 Napon: 5 V \/ 2 A Baterija: 3.2 V LiFePO4, 4 Ah Vrijeme\u2026","rel":"","context":"Srodne objave","img":{"alt_text":"","src":"https:\/\/i2.wp.com\/astehshop.com\/wp-content\/uploads\/2024\/02\/309610327_ced4e212a14fedb834732bbc653048bd5mr.png?fit=800%2C800&resize=350%2C200","width":350,"height":200},"classes":[]},{"id":7377,"url":"http:\/\/astehshop.com\/index.php\/product\/slusalice-bluetooth-5-0-tws-gaming-punjivo-kuciste-assault-mediatech\/","url_meta":{"origin":6573,"position":2},"title":"Slu\u0161alice Bluetooth 5.0 TWS | Gaming | Punjivo Ku\u0107i\u0161te | ASSAULT | Mediatech","date":"11. o\u017eujka 2023.","format":false,"excerpt":"ASSAULT TWS MT3606 in-ear be\u017ei\u010dne slu\u0161alice za igrice TWS in-ear be\u017ei\u010dne gaming slu\u0161alice s punja\u010dem (Powerbox). Ugra\u0111eni osjetljivi mikrofon. Jednostavno uparivanje i rukovanje, osvjetljenje. In-ear be\u017ei\u010dne TWS Bluetooth slu\u0161alice za igra\u010de Predstavljamo in-ear Bluetooth 5.0 TWS slu\u0161alice s prijenosnim punja\u010dem\/power bankom. ASSAULT TWS MT3606 podr\u017eava TWS (True Wireless Stereo) tehnologiju\u2026","rel":"","context":"Srodne objave","img":{"alt_text":"","src":"https:\/\/i1.wp.com\/astehshop.com\/wp-content\/uploads\/2023\/03\/MT3606.jpg?fit=400%2C400&resize=350%2C200","width":350,"height":200},"classes":[]},{"id":11808,"url":"http:\/\/astehshop.com\/index.php\/product\/emtec-ssd-m-2-sata-x250-256gb\/","url_meta":{"origin":6573,"position":3},"title":"Emtec SSD M.2 Sata X250 256GB","date":"28. rujna 2025.","format":false,"excerpt":"Emtec SSD M.2 Sata X250 256GB","rel":"","context":"Srodne objave","img":{"alt_text":"","src":"https:\/\/i1.wp.com\/astehshop.com\/wp-content\/uploads\/2025\/09\/Emtec-SSD-M.2-Sata-X250-256GB.png?fit=1158%2C1200&resize=350%2C200","width":350,"height":200},"classes":[]},{"id":6373,"url":"http:\/\/astehshop.com\/index.php\/product\/bezicni-video-interfon-5in1-smart-wifi\/","url_meta":{"origin":6573,"position":4},"title":"Be\u017ei\u010dni video interfon, 5in1, Smart, WiFi","date":"30. rujna 2022.","format":false,"excerpt":"Pametni be\u017ei\u010dni video interfon, 5u1, video portafon + tihi alarm + nadzorna kamera + be\u017ei\u010dno zvono + no\u0107no svjetlo s detekcijom pokreta Potpuno be\u017ei\u010dni interkom (nije potreban internet ili kabel za napajanje za nekoliko mjeseci rada izme\u0111u punjenja) Daljinski pristup internetu s bilo kojeg mjesta u svijetu - lako pristupa\u010dan,\u2026","rel":"","context":"Srodne objave","img":{"alt_text":"","src":"https:\/\/i0.wp.com\/astehshop.com\/wp-content\/uploads\/2022\/09\/5999084958527.png?fit=1200%2C1155&resize=350%2C200","width":350,"height":200},"classes":[]},{"id":6496,"url":"http:\/\/astehshop.com\/index.php\/product\/ups-sl-up850-backup-napajanje\/","url_meta":{"origin":6573,"position":5},"title":"UPS SL-UP850 Backup Napajanje","date":"12. studenoga 2022.","format":false,"excerpt":"UPS Proizvo\u0111a\u010d: S-Link Model: SL-UP850 Kapacitet - 850VA TIP - Line Interactive Napon- 110V \/ 120V ili 220V \/ 230V \/ 240V Napon - \u00b1 25% (- 35% OPCIJA) Frekvencija - 50 \/ 60Hz \u00b1 10% Faktor snage - 0.6 Postavljanje napona \u00b1 10% Vrijeme prenosa <11ms BATERIJA: 8AH X\u2026","rel":"","context":"Srodne objave","img":{"alt_text":"","src":"https:\/\/i0.wp.com\/astehshop.com\/wp-content\/uploads\/2022\/11\/ups-850.jpg?fit=700%2C500&resize=350%2C200","width":350,"height":200},"classes":[]}],"_links":{"self":[{"href":"http:\/\/astehshop.com\/index.php\/wp-json\/wp\/v2\/product\/6573"}],"collection":[{"href":"http:\/\/astehshop.com\/index.php\/wp-json\/wp\/v2\/product"}],"about":[{"href":"http:\/\/astehshop.com\/index.php\/wp-json\/wp\/v2\/types\/product"}],"replies":[{"embeddable":true,"href":"http:\/\/astehshop.com\/index.php\/wp-json\/wp\/v2\/comments?post=6573"}],"wp:featuredmedia":[{"embeddable":true,"href":"http:\/\/astehshop.com\/index.php\/wp-json\/wp\/v2\/media\/6574"}],"wp:attachment":[{"href":"http:\/\/astehshop.com\/index.php\/wp-json\/wp\/v2\/media?parent=6573"}],"wp:term":[{"taxonomy":"product_cat","embeddable":true,"href":"http:\/\/astehshop.com\/index.php\/wp-json\/wp\/v2\/product_cat?post=6573"},{"taxonomy":"product_tag","embeddable":true,"href":"http:\/\/astehshop.com\/index.php\/wp-json\/wp\/v2\/product_tag?post=6573"}],"curies":[{"name":"wp","href":"https:\/\/api.w.org\/{rel}","templated":true}]}}