{"id":6571,"date":"2022-11-17T19:21:05","date_gmt":"2022-11-17T18:21:05","guid":{"rendered":"http:\/\/astehshop.com\/?post_type=product&#038;p=6571"},"modified":"2023-09-24T11:22:18","modified_gmt":"2023-09-24T09:22:18","slug":"xiaomi-haylou-gt7-true-wireless-earbuds-gray","status":"publish","type":"product","link":"http:\/\/astehshop.com\/index.php\/product\/xiaomi-haylou-gt7-true-wireless-earbuds-gray\/","title":{"rendered":"Xiaomi Haylou GT7 True Wireless Earbuds Gray"},"content":{"rendered":"<div id=\"collapseDescription\" class=\"product-description-block tab-pane fade show active\">\n<div class=\"panel-content\">\n<div class=\"product-description typo\">\n<p>Haylou GT7 ima kompozitnu vibriraju\u010du dijafragmatsku zavojnicu i AAC audio kodek koji hvata vi\u0161e detalja zvuka i pru\u017ea odli\u010dnu kvalitetu zvuka. Re\u017eim za igranje igrica sa niskom latencijom koji pobolj\u0161ava ugo\u0111aj sadr\u017eaja zajedno sa dual-master komunikacijom koja osigurava stabilnu konekciju u svakom trenutku.<\/p>\n<p>Napredni Bluetooth 5.2 \u010dip integrira prednosti kao \u0161to su efikasan prijenos, ultra niska potro\u0161nja energije i manje primjetni zvukovi iz pozadine, tako da pozivi ostaju bez smetnje i prekida.<\/p>\n<p>Ove slu\u0161alice podr\u017eavaju i Stereo i Mono re\u017eim rada i dual-channel tehnologiju za komunikaciju. Obe slu\u0161alice se mogu koristiti i zasebno jer imaju dva nezavisna \u010dipa. AI call poni\u0161tavanje buke zahvaljuju\u0107i DNN algoritmu koji simulira ljudski slu\u0161ni sistem i precizno kupi glasove ljudi, dok u isto vrijeme efektivno smanjuje zvukove u pozadini iz okoline.<\/p>\n<p>Mogu se koristiti do 20h nakon jednog punjenja sa kutijicom za punjenje(kapacitet 310mAh), ali i bez kutijice mogu da traju do 5 sati(slu\u0161alice imaju kapacitet baterije 35mAh).<\/p>\n<p>Imaju ergonomi\u010dan dizajn kako bi se savr\u0161eno uklopile sa svakim oblikom uha. Smart Touch Control intuitivno slu\u017ei za mijenjanje pjesama, odgovaranje na pozive i zavr\u0161avanje poziva, te pozivanje glasovnog asistenta. Slu\u0161alice su kompatibilne sa Android i iOS platformama i ure\u0111ajima, te imaju Type-C su\u010delje za punjenje.<\/p>\n<\/div>\n<\/div>\n<\/div>\n","protected":false},"excerpt":{"rendered":"<div id=\"collapseDescription\" class=\"product-description-block tab-pane fade show active\">\n<div class=\"panel-content\">\n<div class=\"product-description typo\">\n<p>Haylou GT7 ima kompozitnu vibriraju\u010du dijafragmatsku zavojnicu i AAC audio kodek koji hvata vi\u0161e detalja zvuka i pru\u017ea odli\u010dnu kvalitetu zvuka. Re\u017eim za igranje igrica sa niskom latencijom koji pobolj\u0161ava ugo\u0111aj sadr\u017eaja zajedno sa dual-master komunikacijom koja osigurava stabilnu konekciju u svakom trenutku.<\/p>\n<p>Napredni Bluetooth 5.2 \u010dip integrira prednosti kao \u0161to su efikasan prijenos, ultra niska potro\u0161nja energije i manje primjetni zvukovi iz pozadine, tako da pozivi ostaju bez smetnje i prekida.<\/p>\n<p>Ove slu\u0161alice podr\u017eavaju i Stereo i Mono re\u017eim rada i dual-channel tehnologiju za komunikaciju. Obe slu\u0161alice se mogu koristiti i zasebno jer imaju dva nezavisna \u010dipa. AI call poni\u0161tavanje buke zahvaljuju\u0107i DNN algoritmu koji simulira ljudski slu\u0161ni sistem i precizno kupi glasove ljudi, dok u isto vrijeme efektivno smanjuje zvukove u pozadini iz okoline.<\/p>\n<p>Mogu se koristiti do 20h nakon jednog punjenja sa kutijicom za punjenje(kapacitet 310mAh), ali i bez kutijice mogu da traju do 5 sati(slu\u0161alice imaju kapacitet baterije 35mAh).<\/p>\n<p>Imaju ergonomi\u010dan dizajn kako bi se savr\u0161eno uklopile sa svakim oblikom uha. Smart Touch Control intuitivno slu\u017ei za mijenjanje pjesama, odgovaranje na pozive i zavr\u0161avanje poziva, te pozivanje glasovnog asistenta. Slu\u0161alice su kompatibilne sa Android i iOS platformama i ure\u0111ajima, te imaju Type-C su\u010delje za punjenje.<\/p>\n<\/div>\n<\/div>\n<\/div>\n","protected":false},"featured_media":6572,"comment_status":"open","ping_status":"closed","template":"","meta":{"_mi_skip_tracking":false,"_exactmetrics_sitenote_active":false,"_exactmetrics_sitenote_note":"","_exactmetrics_sitenote_category":0,"spay_email":""},"product_cat":[788],"product_tag":[4363],"brands":[],"df_price":52,"df_sale_price":"","df_regular_price":52,"df_image_link":"https:\/\/i0.wp.com\/astehshop.com\/wp-content\/uploads\/2022\/11\/xiaomi-haylou-gt7-true-wireless-earbuds-gray.png?fit=450%2C450","jetpack_publicize_connections":[],"jetpack_sharing_enabled":true,"jetpack_likes_enabled":true,"jetpack-related-posts":[{"id":6575,"url":"http:\/\/astehshop.com\/index.php\/product\/xiaomi-haylou-gt7-true-wireless-earbuds-black\/","url_meta":{"origin":6571,"position":0},"title":"Xiaomi Haylou GT7 True Wireless Earbuds Black","date":"17. studenoga 2022.","format":false,"excerpt":"Haylou GT7 ima kompozitnu vibriraju\u010du dijafragmatsku zavojnicu i AAC audio kodek koji hvata vi\u0161e detalja zvuka i pru\u017ea odli\u010dnu kvalitetu zvuka. Re\u017eim za igranje igrica sa niskom latencijom koji pobolj\u0161ava ugo\u0111aj sadr\u017eaja zajedno sa dual-master komunikacijom koja osigurava stabilnu konekciju u svakom trenutku. Napredni Bluetooth 5.2 \u010dip integrira prednosti kao\u2026","rel":"","context":"Srodne objave","img":{"alt_text":"","src":"https:\/\/i1.wp.com\/astehshop.com\/wp-content\/uploads\/2022\/11\/xiaomi-haylou-gt7-true-wireless-earbuds-black.png?fit=800%2C800&resize=350%2C200","width":350,"height":200},"classes":[]},{"id":6567,"url":"http:\/\/astehshop.com\/index.php\/product\/xiaomi-haylou-gt5-tws-bluetooth-earbuds-black\/","url_meta":{"origin":6571,"position":1},"title":"Xiaomi Haylou GT5 TWS Bluetooth Earbuds Black","date":"17. studenoga 2022.","format":false,"excerpt":"Haylou GT5 Be\u017ei\u010dne slu\u0161alice imaju dugo radno vrijeme, udobnu kontrolu dodira, kao i izvrsnu kvalitetu zvuka i stabilan Bluetooth 5.0 prijenos.Moderna Bluetooth 5.0 veza omogu\u0107uje trenutni, stabilan i gotovo bez gubitaka prijenos signala. Sa Haylou GT5 \u0107ete se oprostiti od ka\u0161njenja - u\u017eivat \u0107ete u pouzdanoj vezi i izvanrednoj kvaliteti\u2026","rel":"","context":"Srodne objave","img":{"alt_text":"","src":"https:\/\/i1.wp.com\/astehshop.com\/wp-content\/uploads\/2022\/11\/xiaomi-haylou-gt5-tws-bluetooth-earbuds-black.jpg?fit=800%2C800&resize=350%2C200","width":350,"height":200},"classes":[]},{"id":6577,"url":"http:\/\/astehshop.com\/index.php\/product\/xiaomi-haylou-w1-bluetooth-earbuds-black\/","url_meta":{"origin":6571,"position":2},"title":"Xiaomi Haylou W1 Bluetooth Earbuds Black","date":"17. studenoga 2022.","format":false,"excerpt":"Do\u017eivljaj tri-band izjedna\u010davaju\u0107eg efekta sa dualno balansiranim oklopom i dinami\u010dkim drajverima, vi\u0161e HD audio kodeka uklju\u010duju\u0107i aptX, aptX Adaptive, AAC i SBC. Knowles balansirani oklopni drajveri odr\u017eavaju bogate detalje visokih nota za glavnu melodiju, \u0161to donosi imerzivan do\u017eivljaj slu\u0161anja muzike. Mala koli\u010dina distorzije, visoka rezolucija i \u0161irok spektrum zvukova. Dinami\u010dki\u2026","rel":"","context":"Srodne objave","img":{"alt_text":"","src":"https:\/\/i1.wp.com\/astehshop.com\/wp-content\/uploads\/2022\/11\/xiaomi-haylou-w1-bluetooth-earbuds-black.png?fit=800%2C800&resize=350%2C200","width":350,"height":200},"classes":[]},{"id":6579,"url":"http:\/\/astehshop.com\/index.php\/product\/slusalice-xiaomi-mi-true-wireless-earphones-2-pro\/","url_meta":{"origin":6571,"position":3},"title":"Slusalice Xiaomi Mi True Wireless Earphones 2 Pro","date":"17. studenoga 2022.","format":false,"excerpt":"Xiaomi Mi True Wireless Earphones 2 Pro, da se izbaci buka, a zadr\u017ei muzika. Kako bi se rije\u0161io problem vanjskih zvukova, u dizajnu ovih slu\u0161alica koristi se feed-forward mikrofon i feedback mikrofon kako bi se postigla hibridno prigu\u0161enje do 35dB, \u0161to zna\u010di da se mogu ukloniti svi zvukovi 1000-3000Hz frekvencije.\u2026","rel":"","context":"Srodne objave","img":{"alt_text":"","src":"https:\/\/i2.wp.com\/astehshop.com\/wp-content\/uploads\/2022\/11\/slusalice-xiaomi-mi-true-wireless-earphones-2-pro.jpg?fit=800%2C800&resize=350%2C200","width":350,"height":200},"classes":[]},{"id":6569,"url":"http:\/\/astehshop.com\/index.php\/product\/slusalice-redmi-buds-3-lite-black\/","url_meta":{"origin":6571,"position":4},"title":"Slusalice Redmi Buds 3 Lite Black","date":"17. studenoga 2022.","format":false,"excerpt":"Redmi Buds 3 Lite su lagane, komotne i nje\u017ene slu\u0161alice koje ne smetaju ko\u017ei i donose najbolji do\u017eivljaj muzike i sadr\u017eaja. Ergonomski dizajn daje komfor i zan\u010di da su slu\u0161alice uvijek sigurne u u\u0161ima, \u010dak i pri fizi\u010dkim aktivnostima. Automatsko prepoznavanje ure\u0111aja, tako da se konektuju sa \u017eeljenim ure\u0111ajima odmah\u2026","rel":"","context":"Srodne objave","img":{"alt_text":"","src":"https:\/\/i1.wp.com\/astehshop.com\/wp-content\/uploads\/2022\/11\/redmi-buds-3-lite.png?fit=800%2C800&resize=350%2C200","width":350,"height":200},"classes":[]},{"id":7377,"url":"http:\/\/astehshop.com\/index.php\/product\/slusalice-bluetooth-5-0-tws-gaming-punjivo-kuciste-assault-mediatech\/","url_meta":{"origin":6571,"position":5},"title":"Slu\u0161alice Bluetooth 5.0 TWS | Gaming | Punjivo Ku\u0107i\u0161te | ASSAULT | Mediatech","date":"11. o\u017eujka 2023.","format":false,"excerpt":"ASSAULT TWS MT3606 in-ear be\u017ei\u010dne slu\u0161alice za igrice TWS in-ear be\u017ei\u010dne gaming slu\u0161alice s punja\u010dem (Powerbox). Ugra\u0111eni osjetljivi mikrofon. Jednostavno uparivanje i rukovanje, osvjetljenje. In-ear be\u017ei\u010dne TWS Bluetooth slu\u0161alice za igra\u010de Predstavljamo in-ear Bluetooth 5.0 TWS slu\u0161alice s prijenosnim punja\u010dem\/power bankom. ASSAULT TWS MT3606 podr\u017eava TWS (True Wireless Stereo) tehnologiju\u2026","rel":"","context":"Srodne objave","img":{"alt_text":"","src":"https:\/\/i1.wp.com\/astehshop.com\/wp-content\/uploads\/2023\/03\/MT3606.jpg?fit=400%2C400&resize=350%2C200","width":350,"height":200},"classes":[]}],"_links":{"self":[{"href":"http:\/\/astehshop.com\/index.php\/wp-json\/wp\/v2\/product\/6571"}],"collection":[{"href":"http:\/\/astehshop.com\/index.php\/wp-json\/wp\/v2\/product"}],"about":[{"href":"http:\/\/astehshop.com\/index.php\/wp-json\/wp\/v2\/types\/product"}],"replies":[{"embeddable":true,"href":"http:\/\/astehshop.com\/index.php\/wp-json\/wp\/v2\/comments?post=6571"}],"wp:featuredmedia":[{"embeddable":true,"href":"http:\/\/astehshop.com\/index.php\/wp-json\/wp\/v2\/media\/6572"}],"wp:attachment":[{"href":"http:\/\/astehshop.com\/index.php\/wp-json\/wp\/v2\/media?parent=6571"}],"wp:term":[{"taxonomy":"product_cat","embeddable":true,"href":"http:\/\/astehshop.com\/index.php\/wp-json\/wp\/v2\/product_cat?post=6571"},{"taxonomy":"product_tag","embeddable":true,"href":"http:\/\/astehshop.com\/index.php\/wp-json\/wp\/v2\/product_tag?post=6571"}],"curies":[{"name":"wp","href":"https:\/\/api.w.org\/{rel}","templated":true}]}}