{"id":6567,"date":"2022-11-17T19:18:24","date_gmt":"2022-11-17T18:18:24","guid":{"rendered":"http:\/\/astehshop.com\/?post_type=product&#038;p=6567"},"modified":"2023-09-24T11:22:19","modified_gmt":"2023-09-24T09:22:19","slug":"xiaomi-haylou-gt5-tws-bluetooth-earbuds-black","status":"publish","type":"product","link":"http:\/\/astehshop.com\/index.php\/product\/xiaomi-haylou-gt5-tws-bluetooth-earbuds-black\/","title":{"rendered":"Xiaomi Haylou GT5 TWS Bluetooth Earbuds Black"},"content":{"rendered":"<div id=\"collapseDescription\" class=\"product-description-block tab-pane fade show active\">\n<div class=\"panel-content\">\n<div class=\"product-description typo\">\n<p>Haylou GT5 Be\u017ei\u010dne slu\u0161alice imaju dugo radno vrijeme, udobnu kontrolu dodira, kao i izvrsnu kvalitetu zvuka i stabilan Bluetooth 5.0 prijenos.Moderna Bluetooth 5.0 veza omogu\u0107uje trenutni, stabilan i gotovo bez gubitaka prijenos signala. Sa Haylou GT5 \u0107ete se oprostiti od ka\u0161njenja &#8211; u\u017eivat \u0107ete u pouzdanoj vezi i izvanrednoj kvaliteti zvuka. Dodatna prednost ure\u0111aja je automatsko uparivanje &#8211; zaboravite na nezgrapnu komplikovanu konfiguraciju.Svaka slu\u0161alica pojedina\u010dno se povezuje s ure\u0111ajem koji odaberete. Zahvaljuju\u0107i tome mo\u017eete brzo i jednostavno prebacivati izme\u0111u mono i stereo moda. Bez obzira na to koju slu\u0161alicu podignete, odmah \u0107ete uspostaviti stabilnu vezu.<\/p>\n<\/div>\n<\/div>\n<\/div>\n","protected":false},"excerpt":{"rendered":"<div id=\"collapseDescription\" class=\"product-description-block tab-pane fade show active\">\n<div class=\"panel-content\">\n<div class=\"product-description typo\">\n<p>Haylou GT5 Be\u017ei\u010dne slu\u0161alice imaju dugo radno vrijeme, udobnu kontrolu dodira, kao i izvrsnu kvalitetu zvuka i stabilan Bluetooth 5.0 prijenos.Moderna Bluetooth 5.0 veza omogu\u0107uje trenutni, stabilan i gotovo bez gubitaka prijenos signala. Sa Haylou GT5 \u0107ete se oprostiti od ka\u0161njenja &#8211; u\u017eivat \u0107ete u pouzdanoj vezi i izvanrednoj kvaliteti zvuka. Dodatna prednost ure\u0111aja je automatsko uparivanje &#8211; zaboravite na nezgrapnu komplikovanu konfiguraciju.Svaka slu\u0161alica pojedina\u010dno se povezuje s ure\u0111ajem koji odaberete. Zahvaljuju\u0107i tome mo\u017eete brzo i jednostavno prebacivati izme\u0111u mono i stereo moda. Bez obzira na to koju slu\u0161alicu podignete, odmah \u0107ete uspostaviti stabilnu vezu.<\/p>\n<\/div>\n<\/div>\n<\/div>\n","protected":false},"featured_media":6568,"comment_status":"open","ping_status":"closed","template":"","meta":{"_mi_skip_tracking":false,"_exactmetrics_sitenote_active":false,"_exactmetrics_sitenote_note":"","_exactmetrics_sitenote_category":0,"spay_email":""},"product_cat":[788],"product_tag":[4361],"brands":[],"df_price":48,"df_sale_price":"","df_regular_price":48,"df_image_link":"https:\/\/i1.wp.com\/astehshop.com\/wp-content\/uploads\/2022\/11\/xiaomi-haylou-gt5-tws-bluetooth-earbuds-black.jpg?fit=450%2C450","jetpack_publicize_connections":[],"jetpack_sharing_enabled":true,"jetpack_likes_enabled":true,"jetpack-related-posts":[{"id":6573,"url":"http:\/\/astehshop.com\/index.php\/product\/haylou-t15-bluetooth-earbuds-black\/","url_meta":{"origin":6567,"position":0},"title":"Haylou T15 Bluetooth Earbuds Black","date":"17. studenoga 2022.","format":false,"excerpt":"Vrijeme rada : 3,5 sata Vrijeme punjenja slu\u0161alica do 1,5 sati (kutija - 4 sata) Radijus: do 10 metara Baterija : slu\u0161alica 43 m * Ah, ku\u0107i\u0161te 2200 m * Ah Priklju\u010dci: MicroUSB, USB-A","rel":"","context":"Srodne objave","img":{"alt_text":"","src":"https:\/\/i1.wp.com\/astehshop.com\/wp-content\/uploads\/2022\/11\/haylou-t15-bluetooth-earbuds-black.jpg?fit=800%2C800&resize=350%2C200","width":350,"height":200},"classes":[]},{"id":6571,"url":"http:\/\/astehshop.com\/index.php\/product\/xiaomi-haylou-gt7-true-wireless-earbuds-gray\/","url_meta":{"origin":6567,"position":1},"title":"Xiaomi Haylou GT7 True Wireless Earbuds Gray","date":"17. studenoga 2022.","format":false,"excerpt":"Haylou GT7 ima kompozitnu vibriraju\u010du dijafragmatsku zavojnicu i AAC audio kodek koji hvata vi\u0161e detalja zvuka i pru\u017ea odli\u010dnu kvalitetu zvuka. Re\u017eim za igranje igrica sa niskom latencijom koji pobolj\u0161ava ugo\u0111aj sadr\u017eaja zajedno sa dual-master komunikacijom koja osigurava stabilnu konekciju u svakom trenutku. Napredni Bluetooth 5.2 \u010dip integrira prednosti kao\u2026","rel":"","context":"Srodne objave","img":{"alt_text":"","src":"https:\/\/i0.wp.com\/astehshop.com\/wp-content\/uploads\/2022\/11\/xiaomi-haylou-gt7-true-wireless-earbuds-gray.png?fit=800%2C800&resize=350%2C200","width":350,"height":200},"classes":[]},{"id":6575,"url":"http:\/\/astehshop.com\/index.php\/product\/xiaomi-haylou-gt7-true-wireless-earbuds-black\/","url_meta":{"origin":6567,"position":2},"title":"Xiaomi Haylou GT7 True Wireless Earbuds Black","date":"17. studenoga 2022.","format":false,"excerpt":"Haylou GT7 ima kompozitnu vibriraju\u010du dijafragmatsku zavojnicu i AAC audio kodek koji hvata vi\u0161e detalja zvuka i pru\u017ea odli\u010dnu kvalitetu zvuka. Re\u017eim za igranje igrica sa niskom latencijom koji pobolj\u0161ava ugo\u0111aj sadr\u017eaja zajedno sa dual-master komunikacijom koja osigurava stabilnu konekciju u svakom trenutku. Napredni Bluetooth 5.2 \u010dip integrira prednosti kao\u2026","rel":"","context":"Srodne objave","img":{"alt_text":"","src":"https:\/\/i1.wp.com\/astehshop.com\/wp-content\/uploads\/2022\/11\/xiaomi-haylou-gt7-true-wireless-earbuds-black.png?fit=800%2C800&resize=350%2C200","width":350,"height":200},"classes":[]},{"id":7391,"url":"http:\/\/astehshop.com\/index.php\/product\/pametni-sat-haylou-smart-watch-gst-black-ls09b\/","url_meta":{"origin":6567,"position":3},"title":"Pametni sat Haylou Smart Watch GST Black &#8211; LS09B","date":"11. o\u017eujka 2023.","format":false,"excerpt":"Detaljan opis: Vodootporni pametni sat Haylou LS09B GST s Bluetooth 5.0 - IP68, 220 mAh Pratite svoje fitness aktivnosti pomo\u0107u ovog vodootpornog pametnog sata Haylou LS09B GST! Opremljen s vi\u0161e senzora, mo\u0107i \u0107ete pratiti broj otkucaja srca, razinu kisika, sate spavanja itd. Pove\u017eite ga sa svojim pametnim telefonom putem aplikacije\u2026","rel":"","context":"Srodne objave","img":{"alt_text":"","src":"https:\/\/i1.wp.com\/astehshop.com\/wp-content\/uploads\/2023\/03\/xiaomi-haylou-ls09b-smart-watch-black.png?fit=800%2C800&resize=350%2C200","width":350,"height":200},"classes":[]},{"id":7377,"url":"http:\/\/astehshop.com\/index.php\/product\/slusalice-bluetooth-5-0-tws-gaming-punjivo-kuciste-assault-mediatech\/","url_meta":{"origin":6567,"position":4},"title":"Slu\u0161alice Bluetooth 5.0 TWS | Gaming | Punjivo Ku\u0107i\u0161te | ASSAULT | Mediatech","date":"11. o\u017eujka 2023.","format":false,"excerpt":"ASSAULT TWS MT3606 in-ear be\u017ei\u010dne slu\u0161alice za igrice TWS in-ear be\u017ei\u010dne gaming slu\u0161alice s punja\u010dem (Powerbox). Ugra\u0111eni osjetljivi mikrofon. Jednostavno uparivanje i rukovanje, osvjetljenje. In-ear be\u017ei\u010dne TWS Bluetooth slu\u0161alice za igra\u010de Predstavljamo in-ear Bluetooth 5.0 TWS slu\u0161alice s prijenosnim punja\u010dem\/power bankom. ASSAULT TWS MT3606 podr\u017eava TWS (True Wireless Stereo) tehnologiju\u2026","rel":"","context":"Srodne objave","img":{"alt_text":"","src":"https:\/\/i1.wp.com\/astehshop.com\/wp-content\/uploads\/2023\/03\/MT3606.jpg?fit=400%2C400&resize=350%2C200","width":350,"height":200},"classes":[]},{"id":6577,"url":"http:\/\/astehshop.com\/index.php\/product\/xiaomi-haylou-w1-bluetooth-earbuds-black\/","url_meta":{"origin":6567,"position":5},"title":"Xiaomi Haylou W1 Bluetooth Earbuds Black","date":"17. studenoga 2022.","format":false,"excerpt":"Do\u017eivljaj tri-band izjedna\u010davaju\u0107eg efekta sa dualno balansiranim oklopom i dinami\u010dkim drajverima, vi\u0161e HD audio kodeka uklju\u010duju\u0107i aptX, aptX Adaptive, AAC i SBC. Knowles balansirani oklopni drajveri odr\u017eavaju bogate detalje visokih nota za glavnu melodiju, \u0161to donosi imerzivan do\u017eivljaj slu\u0161anja muzike. Mala koli\u010dina distorzije, visoka rezolucija i \u0161irok spektrum zvukova. Dinami\u010dki\u2026","rel":"","context":"Srodne objave","img":{"alt_text":"","src":"https:\/\/i1.wp.com\/astehshop.com\/wp-content\/uploads\/2022\/11\/xiaomi-haylou-w1-bluetooth-earbuds-black.png?fit=800%2C800&resize=350%2C200","width":350,"height":200},"classes":[]}],"_links":{"self":[{"href":"http:\/\/astehshop.com\/index.php\/wp-json\/wp\/v2\/product\/6567"}],"collection":[{"href":"http:\/\/astehshop.com\/index.php\/wp-json\/wp\/v2\/product"}],"about":[{"href":"http:\/\/astehshop.com\/index.php\/wp-json\/wp\/v2\/types\/product"}],"replies":[{"embeddable":true,"href":"http:\/\/astehshop.com\/index.php\/wp-json\/wp\/v2\/comments?post=6567"}],"wp:featuredmedia":[{"embeddable":true,"href":"http:\/\/astehshop.com\/index.php\/wp-json\/wp\/v2\/media\/6568"}],"wp:attachment":[{"href":"http:\/\/astehshop.com\/index.php\/wp-json\/wp\/v2\/media?parent=6567"}],"wp:term":[{"taxonomy":"product_cat","embeddable":true,"href":"http:\/\/astehshop.com\/index.php\/wp-json\/wp\/v2\/product_cat?post=6567"},{"taxonomy":"product_tag","embeddable":true,"href":"http:\/\/astehshop.com\/index.php\/wp-json\/wp\/v2\/product_tag?post=6567"}],"curies":[{"name":"wp","href":"https:\/\/api.w.org\/{rel}","templated":true}]}}