{"id":6547,"date":"2022-11-13T20:14:18","date_gmt":"2022-11-13T19:14:18","guid":{"rendered":"http:\/\/astehshop.com\/?post_type=product&#038;p=6547"},"modified":"2023-09-24T11:21:35","modified_gmt":"2023-09-24T09:21:35","slug":"prijenosna-led-svjetiljka-sl-3656","status":"publish","type":"product","link":"http:\/\/astehshop.com\/index.php\/product\/prijenosna-led-svjetiljka-sl-3656\/","title":{"rendered":"Prijenosna LED svjetiljka SL-3656"},"content":{"rendered":"<p>Prijenosna LED Lampa (svjetiljka)<\/p>\n<p>Proizvo\u0111a\u010d: S-link<br \/>\nModel: SL-3656<br \/>\nBoja: bijela sa naran\u010dastim<br \/>\nVeli\u010dina: 18,2 x 7 x 5 cm<br \/>\nBaterija: 4,3V 1600mAh (integrirana \/ na punjenje)<br \/>\nPaljenje: prekida\u010d<br \/>\nBroj LED: 20x SMD<\/p>\n","protected":false},"excerpt":{"rendered":"<p>Prijenosna LED Lampa (svjetiljka)<\/p>\n<p>Proizvo\u0111a\u010d: S-link<br \/>\nModel: SL-3656<br \/>\nBoja: bijela sa naran\u010dastim<br \/>\nVeli\u010dina: 18,2 x 7 x 5 cm<br \/>\nBaterija: 4,3V 1600mAh (integrirana \/ na punjenje)<br \/>\nPaljenje: prekida\u010d<br \/>\nBroj LED: 20x SMD<\/p>\n","protected":false},"featured_media":6548,"comment_status":"open","ping_status":"closed","template":"","meta":{"_mi_skip_tracking":false,"_exactmetrics_sitenote_active":false,"_exactmetrics_sitenote_note":"","_exactmetrics_sitenote_category":0,"spay_email":""},"product_cat":[4331],"product_tag":[4335],"brands":[],"df_price":25,"df_sale_price":"","df_regular_price":25,"df_image_link":"https:\/\/i2.wp.com\/astehshop.com\/wp-content\/uploads\/2022\/11\/Prijenosna-LED-svjetiljka-SL-3656.jpg?fit=450%2C385","jetpack_publicize_connections":[],"jetpack_sharing_enabled":true,"jetpack_likes_enabled":true,"jetpack-related-posts":[{"id":6545,"url":"http:\/\/astehshop.com\/index.php\/product\/s-link-sl-f261-led-svjetiljka-i-powerbank\/","url_meta":{"origin":6547,"position":0},"title":"S-link SL-F261 LED svjetiljka i Powerbank","date":"13. studenoga 2022.","format":false,"excerpt":"Prijenosna LED svjetiljka sa 3 razli\u010dite LED svjetiljke i Powerbank-om Proizvo\u0111a\u010d: S-link Model: SL-F261 LED: 1x 5W (bijelo) + 40x SMD (bijelo) + 20x SMD (crveno) Baterija: 3000mAh Vrijeme rada: do 5h","rel":"","context":"Srodne objave","img":{"alt_text":"","src":"https:\/\/i0.wp.com\/astehshop.com\/wp-content\/uploads\/2022\/11\/S-link-SL-F261-LED-svjetiljka-i-Powerbank.jpg?fit=1157%2C1200&resize=350%2C200","width":350,"height":200},"classes":[]},{"id":6541,"url":"http:\/\/astehshop.com\/index.php\/product\/baterijska-lampa-s-link-sl-f303\/","url_meta":{"origin":6547,"position":1},"title":"Baterijska lampa S-link SL-F303","date":"13. studenoga 2022.","format":false,"excerpt":"S-link SL-F303 Baterija: 4x1,5V AA uz lampu nedolaze baterije","rel":"","context":"Srodne objave","img":{"alt_text":"","src":"https:\/\/i2.wp.com\/astehshop.com\/wp-content\/uploads\/2022\/11\/Baterijska-lampa-S-link-SL-F303.jpg?fit=1200%2C1187&resize=350%2C200","width":350,"height":200},"classes":[]},{"id":5833,"url":"http:\/\/astehshop.com\/index.php\/product\/s-link-sl-4131a-krone-pliers\/","url_meta":{"origin":6547,"position":2},"title":"S-Link SL-4131A Krone Pliers","date":"23. sije\u010dnja 2022.","format":false,"excerpt":"Impact and punch own tool - Phone Krone Pliers Proizvo\u0111a\u010d: S-link Model: SL-4131A Boja: siva","rel":"","context":"Srodne objave","img":{"alt_text":"","src":"https:\/\/i2.wp.com\/astehshop.com\/wp-content\/uploads\/2022\/01\/S-Link-SL-4131A-Krone-Pliers.jpg?fit=700%2C500&resize=350%2C200","width":350,"height":200},"classes":[]},{"id":9736,"url":"http:\/\/astehshop.com\/index.php\/product\/mrezni-kabel-60cm-sl-cat606bk-crni\/","url_meta":{"origin":6547,"position":3},"title":"Mre\u017eni kabel 60cm SL-CAT606BK Crni","date":"24. studenoga 2024.","format":false,"excerpt":"Mre\u017eni kabel 60cm Proizvo\u0111a\u010d: S-Link Model: SL-CAT606BK Boja: Crna Du\u017eina: 60cm Kategorija: CAT 6","rel":"","context":"Srodne objave","img":{"alt_text":"","src":"https:\/\/i1.wp.com\/astehshop.com\/wp-content\/uploads\/2024\/11\/Mrezni-kabel-60cm-SL-CAT606BK-Crni.jpg?fit=1024%2C1024&resize=350%2C200","width":350,"height":200},"classes":[]},{"id":6448,"url":"http:\/\/astehshop.com\/index.php\/product\/solarni-prijenosni-set-green-tech-sps-300-fm-tf-bluetooth-usb\/","url_meta":{"origin":6547,"position":4},"title":"Solarni prijenosni set Green Tech SPS-300, FM, TF, Bluetooth, USB","date":"23. listopada 2022.","format":false,"excerpt":"LED: Snaga: 3 W + 3 W + 3 W \/ LED \u017earulje uklju\u010dene u pakiranje Boja svjetlosti: 4000 K Napon: AC 85 - 265 V \/ 50 - 60 Hz FLUX: 300 lm LED diode: SMD Kut svjetlosti: 120 \u00b0 UGR: < 19 Radni vijek: 20 000 radnih sati\u2026","rel":"","context":"Srodne objave","img":{"alt_text":"","src":"https:\/\/i0.wp.com\/astehshop.com\/wp-content\/uploads\/2022\/10\/7937_bf9df51dc75f5892c0b67bfbdb43f6f85av.png?fit=800%2C800&resize=350%2C200","width":350,"height":200},"classes":[]},{"id":7763,"url":"http:\/\/astehshop.com\/index.php\/product\/reflektor-led-10w-sa-solarnim-panelomdetekcija-pokreta\/","url_meta":{"origin":6547,"position":5},"title":"Reflektor LED 10W sa solarnim panelom,detekcija pokreta","date":"14. svibnja 2023.","format":false,"excerpt":"LED reflektor sa solarnim panelom i detektorom pokreta, domet senzora 8 met, izvor svjetlosti LED ( 60 x 2835 SMD ) 10 W, svjetlost 1000 lm, 6000K hladna bijela svjetlost, odabir na\u010dina rada - konstantna svjetlost ili svjetlost na detekciju, ugra\u0111ena Li-Ion baterija 18650, 3,7V \/ 3000 mAh, monta\u017ea na\u2026","rel":"","context":"Srodne objave","img":{"alt_text":"","src":"https:\/\/i1.wp.com\/astehshop.com\/wp-content\/uploads\/2023\/05\/solarni-led-10w.png?fit=1200%2C1188&resize=350%2C200","width":350,"height":200},"classes":[]}],"_links":{"self":[{"href":"http:\/\/astehshop.com\/index.php\/wp-json\/wp\/v2\/product\/6547"}],"collection":[{"href":"http:\/\/astehshop.com\/index.php\/wp-json\/wp\/v2\/product"}],"about":[{"href":"http:\/\/astehshop.com\/index.php\/wp-json\/wp\/v2\/types\/product"}],"replies":[{"embeddable":true,"href":"http:\/\/astehshop.com\/index.php\/wp-json\/wp\/v2\/comments?post=6547"}],"wp:featuredmedia":[{"embeddable":true,"href":"http:\/\/astehshop.com\/index.php\/wp-json\/wp\/v2\/media\/6548"}],"wp:attachment":[{"href":"http:\/\/astehshop.com\/index.php\/wp-json\/wp\/v2\/media?parent=6547"}],"wp:term":[{"taxonomy":"product_cat","embeddable":true,"href":"http:\/\/astehshop.com\/index.php\/wp-json\/wp\/v2\/product_cat?post=6547"},{"taxonomy":"product_tag","embeddable":true,"href":"http:\/\/astehshop.com\/index.php\/wp-json\/wp\/v2\/product_tag?post=6547"}],"curies":[{"name":"wp","href":"https:\/\/api.w.org\/{rel}","templated":true}]}}