{"id":6545,"date":"2022-11-13T20:12:48","date_gmt":"2022-11-13T19:12:48","guid":{"rendered":"http:\/\/astehshop.com\/?post_type=product&#038;p=6545"},"modified":"2023-09-24T11:21:35","modified_gmt":"2023-09-24T09:21:35","slug":"s-link-sl-f261-led-svjetiljka-i-powerbank","status":"publish","type":"product","link":"http:\/\/astehshop.com\/index.php\/product\/s-link-sl-f261-led-svjetiljka-i-powerbank\/","title":{"rendered":"S-link SL-F261 LED svjetiljka i Powerbank"},"content":{"rendered":"<p>Prijenosna LED svjetiljka sa 3 razli\u010dite LED svjetiljke i Powerbank-om<\/p>\n<p>Proizvo\u0111a\u010d: S-link<br \/>\nModel: SL-F261<br \/>\nLED: 1x 5W (bijelo) + 40x SMD (bijelo) + 20x SMD (crveno)<br \/>\nBaterija: 3000mAh<br \/>\nVrijeme rada: do 5h<\/p>\n","protected":false},"excerpt":{"rendered":"<p>Prijenosna LED svjetiljka sa 3 razli\u010dite LED svjetiljke i Powerbank-om<\/p>\n<p>Proizvo\u0111a\u010d: S-link<br \/>\nModel: SL-F261<br \/>\nLED: 1x 5W (bijelo) + 40x SMD (bijelo) + 20x SMD (crveno)<br \/>\nBaterija: 3000mAh<br \/>\nVrijeme rada: do 5h<\/p>\n","protected":false},"featured_media":6546,"comment_status":"open","ping_status":"closed","template":"","meta":{"_mi_skip_tracking":false,"_exactmetrics_sitenote_active":false,"_exactmetrics_sitenote_note":"","_exactmetrics_sitenote_category":0,"spay_email":""},"product_cat":[4331],"product_tag":[4334],"brands":[],"df_price":45,"df_sale_price":"","df_regular_price":45,"df_image_link":"https:\/\/i0.wp.com\/astehshop.com\/wp-content\/uploads\/2022\/11\/S-link-SL-F261-LED-svjetiljka-i-Powerbank.jpg?fit=434%2C450","jetpack_publicize_connections":[],"jetpack_sharing_enabled":true,"jetpack_likes_enabled":true,"jetpack-related-posts":[{"id":6547,"url":"http:\/\/astehshop.com\/index.php\/product\/prijenosna-led-svjetiljka-sl-3656\/","url_meta":{"origin":6545,"position":0},"title":"Prijenosna LED svjetiljka SL-3656","date":"13. studenoga 2022.","format":false,"excerpt":"Prijenosna LED Lampa (svjetiljka) Proizvo\u0111a\u010d: S-link Model: SL-3656 Boja: bijela sa naran\u010dastim Veli\u010dina: 18,2 x 7 x 5 cm Baterija: 4,3V 1600mAh (integrirana \/ na punjenje) Paljenje: prekida\u010d Broj LED: 20x SMD","rel":"","context":"Srodne objave","img":{"alt_text":"","src":"https:\/\/i2.wp.com\/astehshop.com\/wp-content\/uploads\/2022\/11\/Prijenosna-LED-svjetiljka-SL-3656.jpg?fit=928%2C794&resize=350%2C200","width":350,"height":200},"classes":[]},{"id":6543,"url":"http:\/\/astehshop.com\/index.php\/product\/led-reflektor-s-link-sl-f889-10w\/","url_meta":{"origin":6545,"position":1},"title":"Led reflektor S-link SL-F889 10W","date":"13. studenoga 2022.","format":false,"excerpt":"S-link SL-F889 Snaga: 10W Cob Led Baterija: 3000mAh Magnetni dr\u017ea\u010d Opcija flash lampe Mo\u017ee slu\u017eiti kao powerbank","rel":"","context":"Srodne objave","img":{"alt_text":"","src":"https:\/\/i2.wp.com\/astehshop.com\/wp-content\/uploads\/2022\/11\/Led-reflektor-S-link-SL-F889-10W.jpg?fit=1179%2C1200&resize=350%2C200","width":350,"height":200},"classes":[]},{"id":7763,"url":"http:\/\/astehshop.com\/index.php\/product\/reflektor-led-10w-sa-solarnim-panelomdetekcija-pokreta\/","url_meta":{"origin":6545,"position":2},"title":"Reflektor LED 10W sa solarnim panelom,detekcija pokreta","date":"14. svibnja 2023.","format":false,"excerpt":"LED reflektor sa solarnim panelom i detektorom pokreta, domet senzora 8 met, izvor svjetlosti LED ( 60 x 2835 SMD ) 10 W, svjetlost 1000 lm, 6000K hladna bijela svjetlost, odabir na\u010dina rada - konstantna svjetlost ili svjetlost na detekciju, ugra\u0111ena Li-Ion baterija 18650, 3,7V \/ 3000 mAh, monta\u017ea na\u2026","rel":"","context":"Srodne objave","img":{"alt_text":"","src":"https:\/\/i1.wp.com\/astehshop.com\/wp-content\/uploads\/2023\/05\/solarni-led-10w.png?fit=1200%2C1188&resize=350%2C200","width":350,"height":200},"classes":[]},{"id":5842,"url":"http:\/\/astehshop.com\/index.php\/product\/type-c-na-audio-type-c\/","url_meta":{"origin":6545,"position":3},"title":"Type-C na Audio + Type-C","date":"23. sije\u010dnja 2022.","format":false,"excerpt":"2u1 Adapter Type C na AUX i Type-C Proizvo\u0111a\u010d: S-link Model: SL-TA45M Boja: siva Tip: Type-C na 1x 3,5mm AUX (\u017eenski), 1x Type-C (\u017eenski)","rel":"","context":"Srodne objave","img":{"alt_text":"","src":"https:\/\/i2.wp.com\/astehshop.com\/wp-content\/uploads\/2022\/01\/Type-C-na-Audio-Type-C.jpg?fit=1024%2C1024&resize=350%2C200","width":350,"height":200},"classes":[]},{"id":5833,"url":"http:\/\/astehshop.com\/index.php\/product\/s-link-sl-4131a-krone-pliers\/","url_meta":{"origin":6545,"position":4},"title":"S-Link SL-4131A Krone Pliers","date":"23. sije\u010dnja 2022.","format":false,"excerpt":"Impact and punch own tool - Phone Krone Pliers Proizvo\u0111a\u010d: S-link Model: SL-4131A Boja: siva","rel":"","context":"Srodne objave","img":{"alt_text":"","src":"https:\/\/i2.wp.com\/astehshop.com\/wp-content\/uploads\/2022\/01\/S-Link-SL-4131A-Krone-Pliers.jpg?fit=700%2C500&resize=350%2C200","width":350,"height":200},"classes":[]},{"id":9736,"url":"http:\/\/astehshop.com\/index.php\/product\/mrezni-kabel-60cm-sl-cat606bk-crni\/","url_meta":{"origin":6545,"position":5},"title":"Mre\u017eni kabel 60cm SL-CAT606BK Crni","date":"24. studenoga 2024.","format":false,"excerpt":"Mre\u017eni kabel 60cm Proizvo\u0111a\u010d: S-Link Model: SL-CAT606BK Boja: Crna Du\u017eina: 60cm Kategorija: CAT 6","rel":"","context":"Srodne objave","img":{"alt_text":"","src":"https:\/\/i1.wp.com\/astehshop.com\/wp-content\/uploads\/2024\/11\/Mrezni-kabel-60cm-SL-CAT606BK-Crni.jpg?fit=1024%2C1024&resize=350%2C200","width":350,"height":200},"classes":[]}],"_links":{"self":[{"href":"http:\/\/astehshop.com\/index.php\/wp-json\/wp\/v2\/product\/6545"}],"collection":[{"href":"http:\/\/astehshop.com\/index.php\/wp-json\/wp\/v2\/product"}],"about":[{"href":"http:\/\/astehshop.com\/index.php\/wp-json\/wp\/v2\/types\/product"}],"replies":[{"embeddable":true,"href":"http:\/\/astehshop.com\/index.php\/wp-json\/wp\/v2\/comments?post=6545"}],"wp:featuredmedia":[{"embeddable":true,"href":"http:\/\/astehshop.com\/index.php\/wp-json\/wp\/v2\/media\/6546"}],"wp:attachment":[{"href":"http:\/\/astehshop.com\/index.php\/wp-json\/wp\/v2\/media?parent=6545"}],"wp:term":[{"taxonomy":"product_cat","embeddable":true,"href":"http:\/\/astehshop.com\/index.php\/wp-json\/wp\/v2\/product_cat?post=6545"},{"taxonomy":"product_tag","embeddable":true,"href":"http:\/\/astehshop.com\/index.php\/wp-json\/wp\/v2\/product_tag?post=6545"}],"curies":[{"name":"wp","href":"https:\/\/api.w.org\/{rel}","templated":true}]}}