{"id":6543,"date":"2022-11-13T20:11:17","date_gmt":"2022-11-13T19:11:17","guid":{"rendered":"http:\/\/astehshop.com\/?post_type=product&#038;p=6543"},"modified":"2023-09-24T11:21:36","modified_gmt":"2023-09-24T09:21:36","slug":"led-reflektor-s-link-sl-f889-10w","status":"publish","type":"product","link":"http:\/\/astehshop.com\/index.php\/product\/led-reflektor-s-link-sl-f889-10w\/","title":{"rendered":"Led reflektor S-link SL-F889 10W"},"content":{"rendered":"<p>S-link<br \/>\nSL-F889<br \/>\nSnaga: 10W Cob Led<br \/>\nBaterija: 3000mAh<br \/>\nMagnetni dr\u017ea\u010d<br \/>\nOpcija flash lampe<br \/>\nMo\u017ee slu\u017eiti kao powerbank<\/p>\n","protected":false},"excerpt":{"rendered":"<p>S-link<br \/>\nSL-F889<br \/>\nSnaga: 10W Cob Led<br \/>\nBaterija: 3000mAh<br \/>\nMagnetni dr\u017ea\u010d<br \/>\nOpcija flash lampe<br \/>\nMo\u017ee slu\u017eiti kao powerbank<\/p>\n","protected":false},"featured_media":6544,"comment_status":"open","ping_status":"closed","template":"","meta":{"_mi_skip_tracking":false,"_exactmetrics_sitenote_active":false,"_exactmetrics_sitenote_note":"","_exactmetrics_sitenote_category":0,"spay_email":""},"product_cat":[4331],"product_tag":[4333],"brands":[],"df_price":59,"df_sale_price":"","df_regular_price":59,"df_image_link":"https:\/\/i2.wp.com\/astehshop.com\/wp-content\/uploads\/2022\/11\/Led-reflektor-S-link-SL-F889-10W.jpg?fit=442%2C450","jetpack_publicize_connections":[],"jetpack_sharing_enabled":true,"jetpack_likes_enabled":true,"jetpack-related-posts":[{"id":6545,"url":"http:\/\/astehshop.com\/index.php\/product\/s-link-sl-f261-led-svjetiljka-i-powerbank\/","url_meta":{"origin":6543,"position":0},"title":"S-link SL-F261 LED svjetiljka i Powerbank","date":"13. studenoga 2022.","format":false,"excerpt":"Prijenosna LED svjetiljka sa 3 razli\u010dite LED svjetiljke i Powerbank-om Proizvo\u0111a\u010d: S-link Model: SL-F261 LED: 1x 5W (bijelo) + 40x SMD (bijelo) + 20x SMD (crveno) Baterija: 3000mAh Vrijeme rada: do 5h","rel":"","context":"Srodne objave","img":{"alt_text":"","src":"https:\/\/i0.wp.com\/astehshop.com\/wp-content\/uploads\/2022\/11\/S-link-SL-F261-LED-svjetiljka-i-Powerbank.jpg?fit=1157%2C1200&resize=350%2C200","width":350,"height":200},"classes":[]},{"id":6541,"url":"http:\/\/astehshop.com\/index.php\/product\/baterijska-lampa-s-link-sl-f303\/","url_meta":{"origin":6543,"position":1},"title":"Baterijska lampa S-link SL-F303","date":"13. studenoga 2022.","format":false,"excerpt":"S-link SL-F303 Baterija: 4x1,5V AA uz lampu nedolaze baterije","rel":"","context":"Srodne objave","img":{"alt_text":"","src":"https:\/\/i2.wp.com\/astehshop.com\/wp-content\/uploads\/2022\/11\/Baterijska-lampa-S-link-SL-F303.jpg?fit=1200%2C1187&resize=350%2C200","width":350,"height":200},"classes":[]},{"id":6547,"url":"http:\/\/astehshop.com\/index.php\/product\/prijenosna-led-svjetiljka-sl-3656\/","url_meta":{"origin":6543,"position":2},"title":"Prijenosna LED svjetiljka SL-3656","date":"13. studenoga 2022.","format":false,"excerpt":"Prijenosna LED Lampa (svjetiljka) Proizvo\u0111a\u010d: S-link Model: SL-3656 Boja: bijela sa naran\u010dastim Veli\u010dina: 18,2 x 7 x 5 cm Baterija: 4,3V 1600mAh (integrirana \/ na punjenje) Paljenje: prekida\u010d Broj LED: 20x SMD","rel":"","context":"Srodne objave","img":{"alt_text":"","src":"https:\/\/i2.wp.com\/astehshop.com\/wp-content\/uploads\/2022\/11\/Prijenosna-LED-svjetiljka-SL-3656.jpg?fit=928%2C794&resize=350%2C200","width":350,"height":200},"classes":[]},{"id":7650,"url":"http:\/\/astehshop.com\/index.php\/product\/drzac-kartica-za-hotele-apartmane\/","url_meta":{"origin":6543,"position":3},"title":"Dr\u017ea\u010d kartica za hotele \/ apartmane","date":"30. travnja 2023.","format":false,"excerpt":"Dr\u017ea\u010d kartica za hotele \/ apartmane, radna volta\u017ea 50\/60Hz AC 120-240V, maksimalno optere\u0107enje 30A, radna snaga do maksimalno 6000W, radna temperatura -10 do 60\u00b0, vrijeme ka\u0161njenja isklju\u010denja 10-20 sekundi. Radi sa RF, HID i sli\u010dnim karticama.","rel":"","context":"Srodne objave","img":{"alt_text":"","src":"https:\/\/i1.wp.com\/astehshop.com\/wp-content\/uploads\/2023\/04\/drzac-za-kartice.png?fit=946%2C890&resize=350%2C200","width":350,"height":200},"classes":[]},{"id":4009,"url":"http:\/\/astehshop.com\/index.php\/product\/paradox-dct10-bezicni-magnetni-kontakt\/","url_meta":{"origin":6543,"position":4},"title":"Paradox DCT10 be\u017ei\u010dni magnetni kontakt","date":"19. velja\u010de 2020.","format":false,"excerpt":"\u2022 Be\u017ei\u010dni magnetni kontakt, domet do 70 m s MG5000\/MG5050\/RTX3 do 35 m s MG6160\/MG6130 \u2022 LED indikacija baterije i signala \u2022 Antisabota\u017eni prekida\u010d","rel":"","context":"Srodne objave","img":{"alt_text":"","src":"https:\/\/i0.wp.com\/astehshop.com\/wp-content\/uploads\/2020\/02\/DCT10.jpg?fit=906%2C970&resize=350%2C200","width":350,"height":200},"classes":[]},{"id":4011,"url":"http:\/\/astehshop.com\/index.php\/product\/paradox-dctxp2-bezicni-magnetni-kontakt\/","url_meta":{"origin":6543,"position":5},"title":"Paradox DCTXP2 be\u017ei\u010dni magnetni kontakt","date":"19. velja\u010de 2020.","format":false,"excerpt":"\u2022 Be\u017ei\u010dni magnetni kontakt, domet do 60 m s MG5000\/MG5050\/RTX3 do 30m s MG6160\/MG6130 \u2022 LED indikacija baterije i signala \u2022 Antisabota\u017eni prekida\u010d","rel":"","context":"Srodne objave","img":{"alt_text":"","src":"https:\/\/i0.wp.com\/astehshop.com\/wp-content\/uploads\/2020\/02\/DCTXP2.png?fit=824%2C806&resize=350%2C200","width":350,"height":200},"classes":[]}],"_links":{"self":[{"href":"http:\/\/astehshop.com\/index.php\/wp-json\/wp\/v2\/product\/6543"}],"collection":[{"href":"http:\/\/astehshop.com\/index.php\/wp-json\/wp\/v2\/product"}],"about":[{"href":"http:\/\/astehshop.com\/index.php\/wp-json\/wp\/v2\/types\/product"}],"replies":[{"embeddable":true,"href":"http:\/\/astehshop.com\/index.php\/wp-json\/wp\/v2\/comments?post=6543"}],"wp:featuredmedia":[{"embeddable":true,"href":"http:\/\/astehshop.com\/index.php\/wp-json\/wp\/v2\/media\/6544"}],"wp:attachment":[{"href":"http:\/\/astehshop.com\/index.php\/wp-json\/wp\/v2\/media?parent=6543"}],"wp:term":[{"taxonomy":"product_cat","embeddable":true,"href":"http:\/\/astehshop.com\/index.php\/wp-json\/wp\/v2\/product_cat?post=6543"},{"taxonomy":"product_tag","embeddable":true,"href":"http:\/\/astehshop.com\/index.php\/wp-json\/wp\/v2\/product_tag?post=6543"}],"curies":[{"name":"wp","href":"https:\/\/api.w.org\/{rel}","templated":true}]}}