{"id":6541,"date":"2022-11-13T20:09:21","date_gmt":"2022-11-13T19:09:21","guid":{"rendered":"http:\/\/astehshop.com\/?post_type=product&#038;p=6541"},"modified":"2023-09-24T11:21:36","modified_gmt":"2023-09-24T09:21:36","slug":"baterijska-lampa-s-link-sl-f303","status":"publish","type":"product","link":"http:\/\/astehshop.com\/index.php\/product\/baterijska-lampa-s-link-sl-f303\/","title":{"rendered":"Baterijska lampa S-link SL-F303"},"content":{"rendered":"<p>S-link<br \/>\nSL-F303<br \/>\nBaterija: 4&#215;1,5V AA<br \/>\nuz lampu nedolaze baterije<\/p>\n","protected":false},"excerpt":{"rendered":"<p>S-link<br \/>\nSL-F303<br \/>\nBaterija: 4&#215;1,5V AA<br \/>\nuz lampu nedolaze baterije<\/p>\n","protected":false},"featured_media":6542,"comment_status":"open","ping_status":"closed","template":"","meta":{"_mi_skip_tracking":false,"_exactmetrics_sitenote_active":false,"_exactmetrics_sitenote_note":"","_exactmetrics_sitenote_category":0,"spay_email":""},"product_cat":[4331],"product_tag":[4332],"brands":[],"df_price":22,"df_sale_price":"","df_regular_price":22,"df_image_link":"https:\/\/i2.wp.com\/astehshop.com\/wp-content\/uploads\/2022\/11\/Baterijska-lampa-S-link-SL-F303.jpg?fit=450%2C445","jetpack_publicize_connections":[],"jetpack_sharing_enabled":true,"jetpack_likes_enabled":true,"jetpack-related-posts":[{"id":6774,"url":"http:\/\/astehshop.com\/index.php\/product\/tester-baterija\/","url_meta":{"origin":6541,"position":0},"title":"Tester Baterija","date":"20. studenoga 2022.","format":false,"excerpt":"Testirajte preostalu razinu energije AAA, AA, C, D, 9 V i dugmastih baterija s ovim prakti\u010dnim, kompaktnim testerom baterija Specifikacije proizvoda Boja: crna Dubina: 40 mm \u0160irina: 80 mm Visina: 150 mm Format baterije 9V AA AAA C D dugmaste baterije","rel":"","context":"Srodne objave","img":{"alt_text":"","src":"https:\/\/i2.wp.com\/astehshop.com\/wp-content\/uploads\/2022\/11\/Tester-Baterija.jpg?fit=400%2C400&resize=350%2C200","width":350,"height":200},"classes":[]},{"id":6543,"url":"http:\/\/astehshop.com\/index.php\/product\/led-reflektor-s-link-sl-f889-10w\/","url_meta":{"origin":6541,"position":1},"title":"Led reflektor S-link SL-F889 10W","date":"13. studenoga 2022.","format":false,"excerpt":"S-link SL-F889 Snaga: 10W Cob Led Baterija: 3000mAh Magnetni dr\u017ea\u010d Opcija flash lampe Mo\u017ee slu\u017eiti kao powerbank","rel":"","context":"Srodne objave","img":{"alt_text":"","src":"https:\/\/i2.wp.com\/astehshop.com\/wp-content\/uploads\/2022\/11\/Led-reflektor-S-link-SL-F889-10W.jpg?fit=1179%2C1200&resize=350%2C200","width":350,"height":200},"classes":[]},{"id":6545,"url":"http:\/\/astehshop.com\/index.php\/product\/s-link-sl-f261-led-svjetiljka-i-powerbank\/","url_meta":{"origin":6541,"position":2},"title":"S-link SL-F261 LED svjetiljka i Powerbank","date":"13. studenoga 2022.","format":false,"excerpt":"Prijenosna LED svjetiljka sa 3 razli\u010dite LED svjetiljke i Powerbank-om Proizvo\u0111a\u010d: S-link Model: SL-F261 LED: 1x 5W (bijelo) + 40x SMD (bijelo) + 20x SMD (crveno) Baterija: 3000mAh Vrijeme rada: do 5h","rel":"","context":"Srodne objave","img":{"alt_text":"","src":"https:\/\/i0.wp.com\/astehshop.com\/wp-content\/uploads\/2022\/11\/S-link-SL-F261-LED-svjetiljka-i-Powerbank.jpg?fit=1157%2C1200&resize=350%2C200","width":350,"height":200},"classes":[]},{"id":6547,"url":"http:\/\/astehshop.com\/index.php\/product\/prijenosna-led-svjetiljka-sl-3656\/","url_meta":{"origin":6541,"position":3},"title":"Prijenosna LED svjetiljka SL-3656","date":"13. studenoga 2022.","format":false,"excerpt":"Prijenosna LED Lampa (svjetiljka) Proizvo\u0111a\u010d: S-link Model: SL-3656 Boja: bijela sa naran\u010dastim Veli\u010dina: 18,2 x 7 x 5 cm Baterija: 4,3V 1600mAh (integrirana \/ na punjenje) Paljenje: prekida\u010d Broj LED: 20x SMD","rel":"","context":"Srodne objave","img":{"alt_text":"","src":"https:\/\/i2.wp.com\/astehshop.com\/wp-content\/uploads\/2022\/11\/Prijenosna-LED-svjetiljka-SL-3656.jpg?fit=928%2C794&resize=350%2C200","width":350,"height":200},"classes":[]},{"id":5833,"url":"http:\/\/astehshop.com\/index.php\/product\/s-link-sl-4131a-krone-pliers\/","url_meta":{"origin":6541,"position":4},"title":"S-Link SL-4131A Krone Pliers","date":"23. sije\u010dnja 2022.","format":false,"excerpt":"Impact and punch own tool - Phone Krone Pliers Proizvo\u0111a\u010d: S-link Model: SL-4131A Boja: siva","rel":"","context":"Srodne objave","img":{"alt_text":"","src":"https:\/\/i2.wp.com\/astehshop.com\/wp-content\/uploads\/2022\/01\/S-Link-SL-4131A-Krone-Pliers.jpg?fit=700%2C500&resize=350%2C200","width":350,"height":200},"classes":[]},{"id":9738,"url":"http:\/\/astehshop.com\/index.php\/product\/s-link-rj-45-cat6-pass-through-konektori-sl-cob26p-100-komada\/","url_meta":{"origin":6541,"position":5},"title":"S-link RJ-45 CAT6 PASS THROUGH konektori SL-COB26P (100 komada)","date":"24. studenoga 2024.","format":false,"excerpt":"S-link RJ-45 CAT6 PASS THROUGH konektori SL-COB26P (100 komada)","rel":"","context":"Srodne objave","img":{"alt_text":"","src":"https:\/\/i2.wp.com\/astehshop.com\/wp-content\/uploads\/2024\/11\/S-link-RJ-45-CAT6-PASS-THROUGH-konektori-SL-COB26P-100-komada.jpg?fit=1024%2C1024&resize=350%2C200","width":350,"height":200},"classes":[]}],"_links":{"self":[{"href":"http:\/\/astehshop.com\/index.php\/wp-json\/wp\/v2\/product\/6541"}],"collection":[{"href":"http:\/\/astehshop.com\/index.php\/wp-json\/wp\/v2\/product"}],"about":[{"href":"http:\/\/astehshop.com\/index.php\/wp-json\/wp\/v2\/types\/product"}],"replies":[{"embeddable":true,"href":"http:\/\/astehshop.com\/index.php\/wp-json\/wp\/v2\/comments?post=6541"}],"wp:featuredmedia":[{"embeddable":true,"href":"http:\/\/astehshop.com\/index.php\/wp-json\/wp\/v2\/media\/6542"}],"wp:attachment":[{"href":"http:\/\/astehshop.com\/index.php\/wp-json\/wp\/v2\/media?parent=6541"}],"wp:term":[{"taxonomy":"product_cat","embeddable":true,"href":"http:\/\/astehshop.com\/index.php\/wp-json\/wp\/v2\/product_cat?post=6541"},{"taxonomy":"product_tag","embeddable":true,"href":"http:\/\/astehshop.com\/index.php\/wp-json\/wp\/v2\/product_tag?post=6541"}],"curies":[{"name":"wp","href":"https:\/\/api.w.org\/{rel}","templated":true}]}}