{"id":6537,"date":"2022-11-13T10:43:12","date_gmt":"2022-11-13T09:43:12","guid":{"rendered":"http:\/\/astehshop.com\/?post_type=product&#038;p=6537"},"modified":"2022-11-13T10:43:12","modified_gmt":"2022-11-13T09:43:12","slug":"pekac-za-hljeb-12-programa-550-w-zln5213","status":"publish","type":"product","link":"http:\/\/astehshop.com\/index.php\/product\/pekac-za-hljeb-12-programa-550-w-zln5213\/","title":{"rendered":"Peka\u010d za hljeb, 12 programa, 550 W ZLN5213"},"content":{"rendered":"<p>Peka\u010d kruha je mali ku\u0107anski aparat , vrlo prakti\u010dan, nevjerojatno pojednostavljuje i olak\u0161ava, ali i ubrzava pripremanje i pe\u010denje kruha, ina\u010de vrlo slo\u017eeni proces za koji treba imati znanja i vje\u0161tine te ulo\u017eiti mnogo truda i vremena. Kako je k tome i vrlo jednostavan za upotrebu, pe\u010denje kruha u peka\u010du je vje\u0161tina koju vrlo brzo mogu svladati redom svi. Peka\u010d preuzima odgovornost za mije\u0161anje, dizanje i pe\u010denje na temperaturi i u vremenu koje je neophodno za savr\u0161eno ispe\u010deni kruh i bez na\u0161eg nadgledanja.<\/p>\n<p>Aparat ZLN213 ima 12 digitalnih programa rada, priprema kruha te\u017eine 900 g., upravlja\u010dka plo\u010da sa 6 tipki, ku\u0107i\u0161te izra\u0111eno od plastike otporne na temperaturu, odvojiva posuda, ka\u0161ika za mije\u0161anje, snaga 550 W, napajanje 220 &#8211; 240 V<\/p>\n","protected":false},"excerpt":{"rendered":"<p>Peka\u010d kruha je mali ku\u0107anski aparat , vrlo prakti\u010dan, nevjerojatno pojednostavljuje i olak\u0161ava, ali i ubrzava pripremanje i pe\u010denje kruha, ina\u010de vrlo slo\u017eeni proces za koji treba imati znanja i vje\u0161tine te ulo\u017eiti mnogo truda i vremena. Kako je k tome i vrlo jednostavan za upotrebu, pe\u010denje kruha u peka\u010du je vje\u0161tina koju vrlo brzo mogu svladati redom svi. Peka\u010d preuzima odgovornost za mije\u0161anje, dizanje i pe\u010denje na temperaturi i u vremenu koje je neophodno za savr\u0161eno ispe\u010deni kruh i bez na\u0161eg nadgledanja.<\/p>\n<p>Aparat ZLN213 ima 12 digitalnih programa rada, priprema kruha te\u017eine 900 g., upravlja\u010dka plo\u010da sa 6 tipki, ku\u0107i\u0161te izra\u0111eno od plastike otporne na temperaturu, odvojiva posuda, ka\u0161ika za mije\u0161anje, snaga 550 W, napajanje 220 &#8211; 240 V<\/p>\n","protected":false},"featured_media":6538,"comment_status":"open","ping_status":"closed","template":"","meta":{"_mi_skip_tracking":false,"_exactmetrics_sitenote_active":false,"_exactmetrics_sitenote_note":"","_exactmetrics_sitenote_category":0,"spay_email":""},"product_cat":[4322],"product_tag":[4327,4328,4326],"brands":[],"df_price":189,"df_sale_price":"","df_regular_price":189,"df_image_link":"https:\/\/i2.wp.com\/astehshop.com\/wp-content\/uploads\/2022\/11\/ZLN5213.jpg?fit=450%2C432","jetpack_publicize_connections":[],"jetpack_sharing_enabled":true,"jetpack_likes_enabled":true,"jetpack-related-posts":[{"id":6873,"url":"http:\/\/astehshop.com\/index.php\/product\/aparat-za-kafu-nescafe-dolce-gusto-piccolo-xs\/","url_meta":{"origin":6537,"position":0},"title":"Aparat za kafu, Nescafe Dolce Gusto Piccolo XS","date":"25. studenoga 2022.","format":false,"excerpt":"Aparat za kafu na kapsule Krups KP1A3 Nescafe Dolce Gusto Piccolo XS je sa svojim kompaktnim dimenzijama savr\u0161en za male kuhinje. Njegov moderni oblik s elegantnom i manjom konstrukcijom za jednsotavno upravljanje pomo\u0107u ru\u010dice. Uz njegovu pomo\u0107 mo\u017eete pripremiti vi\u0161e od 30 vru\u0107ih ili hladnih pi\u0107a. Aparat za kafu Krups\u2026","rel":"","context":"Srodne objave","img":{"alt_text":"","src":"https:\/\/i2.wp.com\/astehshop.com\/wp-content\/uploads\/2022\/11\/1-25.jpg?fit=810%2C754&resize=350%2C200","width":350,"height":200},"classes":[]},{"id":6549,"url":"http:\/\/astehshop.com\/index.php\/product\/aparat-za-kokice-priprema-uz-ulje-i-sol-700-w\/","url_meta":{"origin":6537,"position":1},"title":"Aparat za kokice, priprema uz ulje i sol, 700 W","date":"13. studenoga 2022.","format":false,"excerpt":"Aparat za kokice, snaga 700 W, upotreba ulja i soli, kokice spremne za 3 - 5 minuta, providni poklopac mo\u017ee poslu\u017eiti kao zdjela za poslu\u017eivanje, non - stick premaz protiv ljepljnje, tijelo otporno na toplinu","rel":"","context":"Srodne objave","img":{"alt_text":"","src":"https:\/\/i2.wp.com\/astehshop.com\/wp-content\/uploads\/2022\/11\/IN-6401.jpg?fit=1200%2C1172&resize=350%2C200","width":350,"height":200},"classes":[]},{"id":11800,"url":"http:\/\/astehshop.com\/index.php\/product\/aparat-za-espresso-kafu-1500-w-15-bar-dolcegusto\/","url_meta":{"origin":6537,"position":2},"title":"Aparat za espresso kafu, 1500 W, 15 bar, DolceGusto","date":"28. rujna 2025.","format":false,"excerpt":"Espresso ure\u0111aj malih dimenzija i modernog dizajna \u2022 Ru\u010dno pokretanje i zaustavljanje istjecanja kafe \u2022 Zapremina spremnika za vodu 1.2 lit. \u2022 Priprema toplih i hladnih napitaka \u2022 Posuda za kapljevinu prilagodljiva po visini \u2022 Automatsko isklju\u010divanje nakon 5 minuta \u2022 Pumpa 15 bara \u2022 Snaga 1500 W Aparat za\u2026","rel":"","context":"Srodne objave","img":{"alt_text":"","src":"https:\/\/i2.wp.com\/astehshop.com\/wp-content\/uploads\/2025\/09\/Aparat-za-espresso-kafu-1500-W-15-bar-DolceGusto-640x480-1.png?fit=640%2C480&resize=350%2C200","width":350,"height":200},"classes":[]},{"id":8771,"url":"http:\/\/astehshop.com\/index.php\/product\/digitalni-tablet-za-pisanje-i-crtanje-10-5-inca-plavi\/","url_meta":{"origin":6537,"position":3},"title":"Digitalni Tablet za Pisanje i Crtanje | 10.5 in\u010da | Plavi","date":"10. sije\u010dnja 2024.","format":false,"excerpt":"10,5\" tablet za pisanje i crtanje Zaslon je osjetljiv na pritisak, a debljina \u0107e varirati ovisno o pritisku koji vr\u0161ite na njega Uklju\u010duje olovku Zaslon se mo\u017ee obrisati vi\u0161e od 50.000 puta Savr\u0161eno za ljude koji vole crtati, bez tro\u0161enja papira Jednostavan za kori\u0161tenje - Brisanje crte\u017ea i rije\u010di pritiskom\u2026","rel":"","context":"Srodne objave","img":{"alt_text":"","src":"https:\/\/i1.wp.com\/astehshop.com\/wp-content\/uploads\/2024\/01\/plavi-tablet.jpg?fit=400%2C400&resize=350%2C200","width":350,"height":200},"classes":[]},{"id":8774,"url":"http:\/\/astehshop.com\/index.php\/product\/digitalni-tablet-za-pisanje-i-crtanje-14-inca-rozi\/","url_meta":{"origin":6537,"position":4},"title":"Digitalni Tablet za Pisanje i Crtanje | 14 in\u010da | Rozi","date":"10. sije\u010dnja 2024.","format":false,"excerpt":"14\" tablet za pisanje i crtanje Zaslon je osjetljiv na pritisak, a debljina \u0107e varirati ovisno o pritisku koji vr\u0161ite na njega Uklju\u010duje olovku Zaslon se mo\u017ee obrisati vi\u0161e od 50.000 puta Savr\u0161eno za ljude koji vole crtati, bez tro\u0161enja papira Jednostavan za kori\u0161tenje - Brisanje crte\u017ea i rije\u010di pritiskom\u2026","rel":"","context":"Srodne objave","img":{"alt_text":"","src":"https:\/\/i1.wp.com\/astehshop.com\/wp-content\/uploads\/2024\/01\/14-rozi.jpg?fit=400%2C400&resize=350%2C200","width":350,"height":200},"classes":[]},{"id":8777,"url":"http:\/\/astehshop.com\/index.php\/product\/digitalni-tablet-za-pisanje-i-crtanje-14-inca-plavi\/","url_meta":{"origin":6537,"position":5},"title":"Digitalni Tablet za Pisanje i Crtanje | 14 in\u010da | Plavi","date":"10. sije\u010dnja 2024.","format":false,"excerpt":"14\" tablet za pisanje i crtanje Zaslon je osjetljiv na pritisak, a debljina \u0107e varirati ovisno o pritisku koji vr\u0161ite na njega Uklju\u010duje olovku Zaslon se mo\u017ee obrisati vi\u0161e od 50.000 puta Savr\u0161eno za ljude koji vole crtati, bez tro\u0161enja papira Jednostavan za kori\u0161tenje - Brisanje crte\u017ea i rije\u010di pritiskom\u2026","rel":"","context":"Srodne objave","img":{"alt_text":"","src":"https:\/\/i0.wp.com\/astehshop.com\/wp-content\/uploads\/2024\/01\/14-inca-tablet-plavi.jpg?fit=400%2C400&resize=350%2C200","width":350,"height":200},"classes":[]}],"_links":{"self":[{"href":"http:\/\/astehshop.com\/index.php\/wp-json\/wp\/v2\/product\/6537"}],"collection":[{"href":"http:\/\/astehshop.com\/index.php\/wp-json\/wp\/v2\/product"}],"about":[{"href":"http:\/\/astehshop.com\/index.php\/wp-json\/wp\/v2\/types\/product"}],"replies":[{"embeddable":true,"href":"http:\/\/astehshop.com\/index.php\/wp-json\/wp\/v2\/comments?post=6537"}],"wp:featuredmedia":[{"embeddable":true,"href":"http:\/\/astehshop.com\/index.php\/wp-json\/wp\/v2\/media\/6538"}],"wp:attachment":[{"href":"http:\/\/astehshop.com\/index.php\/wp-json\/wp\/v2\/media?parent=6537"}],"wp:term":[{"taxonomy":"product_cat","embeddable":true,"href":"http:\/\/astehshop.com\/index.php\/wp-json\/wp\/v2\/product_cat?post=6537"},{"taxonomy":"product_tag","embeddable":true,"href":"http:\/\/astehshop.com\/index.php\/wp-json\/wp\/v2\/product_tag?post=6537"}],"curies":[{"name":"wp","href":"https:\/\/api.w.org\/{rel}","templated":true}]}}