{"id":6535,"date":"2022-11-13T10:38:28","date_gmt":"2022-11-13T09:38:28","guid":{"rendered":"http:\/\/astehshop.com\/?post_type=product&#038;p=6535"},"modified":"2023-09-24T11:21:38","modified_gmt":"2023-09-24T09:21:38","slug":"friteza-na-vruci-zrak-2u1-1400w-ey5018-tefal","status":"publish","type":"product","link":"http:\/\/astehshop.com\/index.php\/product\/friteza-na-vruci-zrak-2u1-1400w-ey5018-tefal\/","title":{"rendered":"Friteza na vru\u0107i zrak, 2u1, 1400W EY5018 Tefal"},"content":{"rendered":"<p>U\u017eivajte u zdravlju osvje\u0161tenom kuhanju s dva ure\u0111aja u jednom! Easy Fry &amp; Grill kombinira zra\u010dnu fritezu i ro\u0161tilj za zdravo pr\u017eenje s malo ili nimalo ulja, uz besprijekorno pe\u010denje na \u017earu iz udobnosti va\u0161e kuhinje.<br \/>\nObe\u0107avaju\u0107i brze rezultate uz manje potro\u0161nje energije, savr\u0161ena je alternativa klasi\u010dnoj pe\u0107nici.<\/p>\n<p>Otkrijte rje\u0161enje 2 u 1, za zdravu fritezu i ro\u0161tilj sve u jednom!<\/p>\n<p>Vi\u0161e od samo friteze, njegova ekskluzivna dvojna tehnologija nudi i re\u0161etku od lijevanog aluminija, za nje\u017eno, so\u010dno meso i povr\u0107e zape\u010deno do savr\u0161enstva.<\/p>\n<p>Naravno, klasi\u010dna funkcija pe\u010denja vru\u0107im zrakom obe\u0107ava hrskave, zlatne rezultate na va\u0161im omiljenim pr\u017eenim poslasticama s malo ili bez dodavanja ulja.<\/p>\n<p>Idealna je alternativa klasi\u010dnoj pe\u0107nici, za brze rezultate i manju potro\u0161nju energije!<\/p>\n<p>Podesiva kontrola temperature i prikladan timer olak\u0161avaju postizanje savr\u0161enih rezultata<\/p>\n<p>na \u0161irokom spektru ukusnih sastojaka.<\/p>\n<p>A s XL kapacitetom, Easy Fry &amp; Grill pokriva cijelu obitelj.<\/p>\n<p>Friteza na vru\u0107i zrak, snaga 1400 W, veliki kapacitet 4,2 l \u2013 do 6 obroka u jednoj fritezi, podesiva temperaturu izme\u0111u 80 \u2013 200 \u00b0C, termoizolirano ku\u010di\u0161te, timer, odvojiva posuda, tipka za On \/ Off<\/p>\n","protected":false},"excerpt":{"rendered":"<p>U\u017eivajte u zdravlju osvje\u0161tenom kuhanju s dva ure\u0111aja u jednom! Easy Fry &amp; Grill kombinira zra\u010dnu fritezu i ro\u0161tilj za zdravo pr\u017eenje s malo ili nimalo ulja, uz besprijekorno pe\u010denje na \u017earu iz udobnosti va\u0161e kuhinje.<br \/>\nObe\u0107avaju\u0107i brze rezultate uz manje potro\u0161nje energije, savr\u0161ena je alternativa klasi\u010dnoj pe\u0107nici.<\/p>\n<p>Otkrijte rje\u0161enje 2 u 1, za zdravu fritezu i ro\u0161tilj sve u jednom!<\/p>\n<p>Vi\u0161e od samo friteze, njegova ekskluzivna dvojna tehnologija nudi i re\u0161etku od lijevanog aluminija, za nje\u017eno, so\u010dno meso i povr\u0107e zape\u010deno do savr\u0161enstva.<\/p>\n<p>Naravno, klasi\u010dna funkcija pe\u010denja vru\u0107im zrakom obe\u0107ava hrskave, zlatne rezultate na va\u0161im omiljenim pr\u017eenim poslasticama s malo ili bez dodavanja ulja.<\/p>\n<p>Idealna je alternativa klasi\u010dnoj pe\u0107nici, za brze rezultate i manju potro\u0161nju energije!<\/p>\n<p>Podesiva kontrola temperature i prikladan timer olak\u0161avaju postizanje savr\u0161enih rezultata<\/p>\n<p>na \u0161irokom spektru ukusnih sastojaka.<\/p>\n<p>A s XL kapacitetom, Easy Fry &amp; Grill pokriva cijelu obitelj.<\/p>\n<p>Friteza na vru\u0107i zrak, snaga 1400 W, veliki kapacitet 4,2 l \u2013 do 6 obroka u jednoj fritezi, podesiva temperaturu izme\u0111u 80 \u2013 200 \u00b0C, termoizolirano ku\u010di\u0161te, timer, odvojiva posuda, tipka za On \/ Off<\/p>\n","protected":false},"featured_media":6536,"comment_status":"open","ping_status":"closed","template":"","meta":{"_mi_skip_tracking":false,"_exactmetrics_sitenote_active":false,"_exactmetrics_sitenote_note":"","_exactmetrics_sitenote_category":0,"spay_email":""},"product_cat":[4322],"product_tag":[4325,4324,4323],"brands":[],"df_price":299,"df_sale_price":"","df_regular_price":299,"df_image_link":"https:\/\/i1.wp.com\/astehshop.com\/wp-content\/uploads\/2022\/11\/EY5018.jpg?fit=450%2C411","jetpack_publicize_connections":[],"jetpack_sharing_enabled":true,"jetpack_likes_enabled":true,"jetpack-related-posts":[{"id":8761,"url":"http:\/\/astehshop.com\/index.php\/product\/masazni-jastuk-mt6525-periva-navlaka\/","url_meta":{"origin":6535,"position":0},"title":"Masa\u017eni Jastuk MT6525 | Periva Navlaka","date":"10. sije\u010dnja 2024.","format":false,"excerpt":"Savr\u0161en jastuk za va\u0161e zdravlje i udobnost. U svakodnevnoj \u017eivotnoj u\u017eurbanosti vrijedi se pobrinuti za udobnost svog vrata i vrata. U-PILLOW MASSAGING moderan je odgovor na potrebe najzahtjevnijih korisnika \u017eeljnih udobnosti i luksuza. Dizajniran da podupre va\u0161 vrat, savr\u0161eno je rje\u0161enje i kod ku\u0107e, u uredu i tijekom dugih putovanja.\u2026","rel":"","context":"Srodne objave","img":{"alt_text":"","src":"https:\/\/i2.wp.com\/astehshop.com\/wp-content\/uploads\/2024\/01\/masazni-jastuk.jpg?fit=400%2C400&resize=350%2C200","width":350,"height":200},"classes":[]},{"id":6873,"url":"http:\/\/astehshop.com\/index.php\/product\/aparat-za-kafu-nescafe-dolce-gusto-piccolo-xs\/","url_meta":{"origin":6535,"position":1},"title":"Aparat za kafu, Nescafe Dolce Gusto Piccolo XS","date":"25. studenoga 2022.","format":false,"excerpt":"Aparat za kafu na kapsule Krups KP1A3 Nescafe Dolce Gusto Piccolo XS je sa svojim kompaktnim dimenzijama savr\u0161en za male kuhinje. Njegov moderni oblik s elegantnom i manjom konstrukcijom za jednsotavno upravljanje pomo\u0107u ru\u010dice. Uz njegovu pomo\u0107 mo\u017eete pripremiti vi\u0161e od 30 vru\u0107ih ili hladnih pi\u0107a. Aparat za kafu Krups\u2026","rel":"","context":"Srodne objave","img":{"alt_text":"","src":"https:\/\/i2.wp.com\/astehshop.com\/wp-content\/uploads\/2022\/11\/1-25.jpg?fit=810%2C754&resize=350%2C200","width":350,"height":200},"classes":[]},{"id":7946,"url":"http:\/\/astehshop.com\/index.php\/product\/zigbee-wireless-gateway-sav-smart-na-jednom-mjestu\/","url_meta":{"origin":6535,"position":2},"title":"Zigbee Wireless Gateway sav SMART na jednom mjestu","date":"11. lipnja 2023.","format":false,"excerpt":"Smart Home Automatizacija Sigurnost Kontrola putem aplikacije Mali modul za sve va\u0161e smart WIFI ure\u0111aje koji tro\u0161i veoma malo interneta i ne pravi skoro nikakvo optere\u010denje na Va\u0161em WIFI ure\u0111aju Uz njega mo\u017eete napraviti automatizaciju uz kombinaciju recimo wifi magneta za prozore da ukoliko se prozor otvori, klima ure\u0111aj se\u2026","rel":"","context":"Srodne objave","img":{"alt_text":"","src":"https:\/\/i1.wp.com\/astehshop.com\/wp-content\/uploads\/2023\/06\/Zigbee-Wireless-Gateway.png?fit=846%2C705&resize=350%2C200","width":350,"height":200},"classes":[]},{"id":7079,"url":"http:\/\/astehshop.com\/index.php\/product\/video-nadzor-longse-komplet-sa-jednom-kamerom-2-mpx-full-color\/","url_meta":{"origin":6535,"position":3},"title":"Video nadzor Longse komplet sa jednom kamerom 2 MPX FULL Color","date":"16. prosinca 2022.","format":false,"excerpt":"Longse video nadzor SET za poslovne prostore, dvori\u0161ta, gara\u017ee, ku\u0107e, stanove. 1 x Longse 4 kanalni snima\u010d 1 x Longse bullet kamera 2 MPX BPSCHTC200FPEW-2 Full color slika u boji uvijek 1 x disk 500 GB 1 x naljepnica Objekat je pod video nadzorom 1 x RBOX kutija za kablove\u2026","rel":"","context":"Srodne objave","img":{"alt_text":"","src":"https:\/\/i1.wp.com\/astehshop.com\/wp-content\/uploads\/2022\/12\/BPSCHTC200FPEW-2-set-1-kam.jpg?fit=1200%2C953&resize=350%2C200","width":350,"height":200},"classes":[]},{"id":6549,"url":"http:\/\/astehshop.com\/index.php\/product\/aparat-za-kokice-priprema-uz-ulje-i-sol-700-w\/","url_meta":{"origin":6535,"position":4},"title":"Aparat za kokice, priprema uz ulje i sol, 700 W","date":"13. studenoga 2022.","format":false,"excerpt":"Aparat za kokice, snaga 700 W, upotreba ulja i soli, kokice spremne za 3 - 5 minuta, providni poklopac mo\u017ee poslu\u017eiti kao zdjela za poslu\u017eivanje, non - stick premaz protiv ljepljnje, tijelo otporno na toplinu","rel":"","context":"Srodne objave","img":{"alt_text":"","src":"https:\/\/i2.wp.com\/astehshop.com\/wp-content\/uploads\/2022\/11\/IN-6401.jpg?fit=1200%2C1172&resize=350%2C200","width":350,"height":200},"classes":[]},{"id":7102,"url":"http:\/\/astehshop.com\/index.php\/product\/video-nadzor-partizan-security-komplet-sa-jednom-kamerom-2-mpx\/","url_meta":{"origin":6535,"position":5},"title":"Video nadzor Partizan Security komplet sa jednom kamerom 2 MPX","date":"19. prosinca 2022.","format":false,"excerpt":"Partizan Security video nadzor SET za poslovne prostore, dvori\u0161ta, gara\u017ee, ku\u0107e, stanove. 1 x Partizan Security 4 kanalni snima\u010d 1 x Partizan Security bullet kamera 2 MPX IR do 30 M no\u0107ni domet 1 x disk 500 GB 1 x naljepnica Objekat je pod video nadzorom Partizan Security komplet video\u2026","rel":"","context":"Srodne objave","img":{"alt_text":"","src":"https:\/\/i2.wp.com\/astehshop.com\/wp-content\/uploads\/2022\/12\/partizan-security-set-1-kamera.jpg?fit=1200%2C953&resize=350%2C200","width":350,"height":200},"classes":[]}],"_links":{"self":[{"href":"http:\/\/astehshop.com\/index.php\/wp-json\/wp\/v2\/product\/6535"}],"collection":[{"href":"http:\/\/astehshop.com\/index.php\/wp-json\/wp\/v2\/product"}],"about":[{"href":"http:\/\/astehshop.com\/index.php\/wp-json\/wp\/v2\/types\/product"}],"replies":[{"embeddable":true,"href":"http:\/\/astehshop.com\/index.php\/wp-json\/wp\/v2\/comments?post=6535"}],"wp:featuredmedia":[{"embeddable":true,"href":"http:\/\/astehshop.com\/index.php\/wp-json\/wp\/v2\/media\/6536"}],"wp:attachment":[{"href":"http:\/\/astehshop.com\/index.php\/wp-json\/wp\/v2\/media?parent=6535"}],"wp:term":[{"taxonomy":"product_cat","embeddable":true,"href":"http:\/\/astehshop.com\/index.php\/wp-json\/wp\/v2\/product_cat?post=6535"},{"taxonomy":"product_tag","embeddable":true,"href":"http:\/\/astehshop.com\/index.php\/wp-json\/wp\/v2\/product_tag?post=6535"}],"curies":[{"name":"wp","href":"https:\/\/api.w.org\/{rel}","templated":true}]}}