{"id":6533,"date":"2022-11-13T10:20:29","date_gmt":"2022-11-13T09:20:29","guid":{"rendered":"http:\/\/astehshop.com\/?post_type=product&#038;p=6533"},"modified":"2022-11-13T10:20:29","modified_gmt":"2022-11-13T09:20:29","slug":"auto-radio-4-x-45w-bluetooth-fm-usb-sd-auxdaljinski-vb-4000","status":"publish","type":"product","link":"http:\/\/astehshop.com\/index.php\/product\/auto-radio-4-x-45w-bluetooth-fm-usb-sd-auxdaljinski-vb-4000\/","title":{"rendered":"Auto radio, 4 X 45W, Bluetooth, FM, USB \/ SD \/ AUX,daljinski VB 4000"},"content":{"rendered":"<p>Auto radio sa daljinskim upravlja\u010dem, 4 x 45 W, be\u017ei\u010dna Bluetooth veza, vanjski mikrofon ( kabel 1.8 met. ), HandFree funkcija, prikaz broja pozivatelja na display-u, automatsko prebacivanje moda rada pri uspostavi poziva, FM radio, 18 memorijskih mjesta za radio frekvencije, manualno ili automatsko pretra\u017eivanje, RDS, MP3 player, ID3 tag, USB utor, 3.5 mm AUX, 4 x RCA izlaz, ISO priklju\u010dak, daljinski upravlja\u010d, napajanje daljinskog upravlja\u010da 1 x CR2025 3 V baterija<\/p>\n","protected":false},"excerpt":{"rendered":"<p>Auto radio sa daljinskim upravlja\u010dem, 4 x 45 W, be\u017ei\u010dna Bluetooth veza, vanjski mikrofon ( kabel 1.8 met. ), HandFree funkcija, prikaz broja pozivatelja na display-u, automatsko prebacivanje moda rada pri uspostavi poziva, FM radio, 18 memorijskih mjesta za radio frekvencije, manualno ili automatsko pretra\u017eivanje, RDS, MP3 player, ID3 tag, USB utor, 3.5 mm AUX, 4 x RCA izlaz, ISO priklju\u010dak, daljinski upravlja\u010d, napajanje daljinskog upravlja\u010da 1 x CR2025 3 V baterija<\/p>\n","protected":false},"featured_media":6534,"comment_status":"open","ping_status":"closed","template":"","meta":{"_mi_skip_tracking":false,"_exactmetrics_sitenote_active":false,"_exactmetrics_sitenote_note":"","_exactmetrics_sitenote_category":0,"spay_email":""},"product_cat":[1788],"product_tag":[4316,1790,763,259,737,4317],"brands":[],"df_price":89,"df_sale_price":"","df_regular_price":89,"df_image_link":"https:\/\/i0.wp.com\/astehshop.com\/wp-content\/uploads\/2022\/11\/VB-4000-jpg.jpg?fit=450%2C394","jetpack_publicize_connections":[],"jetpack_sharing_enabled":true,"jetpack_likes_enabled":true,"jetpack-related-posts":[{"id":6529,"url":"http:\/\/astehshop.com\/index.php\/product\/auto-radio-4-x-45w-bluetooth-fm-usb-sd-aux-daljinski-vb-3100\/","url_meta":{"origin":6533,"position":0},"title":"Auto radio, 4 x 45W, Bluetooth, FM, USB\/SD\/AUX, daljinski VB 3100","date":"13. studenoga 2022.","format":false,"excerpt":"Auto Radio sa daljinskim upravlja\u010dem, 4 x 45W, FM radio, 18 memorijskih mjesta, automatsko pretra\u017eivanje, MP3 info, Bluetooth, Handsfree, Caller ID, USB utor, SD memorijska kartica, 3,5 mm AUX ulaz, 4 x RCA, ISO konektor","rel":"","context":"Srodne objave","img":{"alt_text":"","src":"https:\/\/i1.wp.com\/astehshop.com\/wp-content\/uploads\/2022\/11\/VB-3100-radio.jpg?fit=1200%2C1032&resize=350%2C200","width":350,"height":200},"classes":[]},{"id":3593,"url":"http:\/\/astehshop.com\/index.php\/product\/auto-radio-vb-3100-handsfree-bluetooth\/","url_meta":{"origin":6533,"position":1},"title":"Auto Radio VB 3100 Handsfree Bluetooth","date":"9. rujna 2019.","format":false,"excerpt":"Auto Radio sa daljinskim upravlja\u010dem, 4 x 45W, FM radio, 18 memorijskih mjesta, automatsko pretra\u017eivanje, MP3 info, Bluetooth, Handsfree, Caller ID, USB utor, SD memorijska kartica, 3,5 mm AUX ulaz, 4 x RCA, ISO konektor \u00a0 055 422 599","rel":"","context":"Srodne objave","img":{"alt_text":"","src":"https:\/\/i0.wp.com\/astehshop.com\/wp-content\/uploads\/2019\/09\/VB-3100.png?fit=1200%2C1200&resize=350%2C200","width":350,"height":200},"classes":[]},{"id":3590,"url":"http:\/\/astehshop.com\/index.php\/product\/auto-radio-vb-1000-bl-plavi\/","url_meta":{"origin":6533,"position":2},"title":"Auto radio VB 1000\/BL Plavi","date":"9. rujna 2019.","format":false,"excerpt":"Auto radio, 4 x 25W, FM, USB\/SD\/AUX, daljinski Auto Radio, FM, 18 FM memorijskih mjesta, automatsko pretra\u017eivanje, USB utor, SD memorijska kartica, 3,5 mm AUX ulaz, 4 x RCA, ISO konektor, LED display sa plavim pozadinskim osvjetljenjem","rel":"","context":"Srodne objave","img":{"alt_text":"","src":"https:\/\/i2.wp.com\/astehshop.com\/wp-content\/uploads\/2019\/09\/Auto-radio-vb1000.png?fit=1200%2C1200&resize=350%2C200","width":350,"height":200},"classes":[]},{"id":6531,"url":"http:\/\/astehshop.com\/index.php\/product\/auto-radio-sa-ugradenim-zvucnicima-2x10w-usb-rca-vb-p1000\/","url_meta":{"origin":6533,"position":3},"title":"Auto radio sa ugra\u0111enim zvu\u010dnicima, 2x10W, USB, RCA VB P1000","date":"13. studenoga 2022.","format":false,"excerpt":"Auto radio, ugra\u0111eni 2 x \u0161irokopojasni zvu\u010dnici sa subwoofer 1,8\", USB\/SD\/AUX, 2 x 10W, FM radio sa 12 memorijskih mjesta za radio frekvencije, automatsko pretra\u017eivanje, USB utor , microSD memorijska kartica, 2 x RCA, ISO konektor","rel":"","context":"Srodne objave","img":{"alt_text":"","src":"https:\/\/i1.wp.com\/astehshop.com\/wp-content\/uploads\/2022\/11\/VB-P1000-jpg.jpg?fit=1200%2C1115&resize=350%2C200","width":350,"height":200},"classes":[]},{"id":3595,"url":"http:\/\/astehshop.com\/index.php\/product\/auto-radio-sa-ugradenim-zvucnicima-vb-p-1000\/","url_meta":{"origin":6533,"position":4},"title":"Auto radio sa ugra\u0111enim zvu\u010dnicima VB P 1000","date":"9. rujna 2019.","format":false,"excerpt":"Zvu\u010dnici 2 x 10 W Auto radio, ugra\u0111eni 2 x \u0161irokopojasni zvu\u010dnici sa subwoofer 1,8\", USB\/SD\/AUX, 2 x 10W, FM radio sa 12 memorijskih mjesta za radio frekvencije, automatsko pretra\u017eivanje, USB utor , microSD memorijska kartica, 2 x RCA, ISO konektor","rel":"","context":"Srodne objave","img":{"alt_text":"","src":"https:\/\/i2.wp.com\/astehshop.com\/wp-content\/uploads\/2019\/09\/VB-P1000.png?fit=1200%2C1200&resize=350%2C200","width":350,"height":200},"classes":[]},{"id":3597,"url":"http:\/\/astehshop.com\/index.php\/product\/auto-radio-vb-m6600-vodootporan\/","url_meta":{"origin":6533,"position":5},"title":"Auto Radio VB M6600 Vodootporan","date":"9. rujna 2019.","format":false,"excerpt":"Auto radio, vodootporan, dizajniran za vlagu i vla\u017ena okru\u017eenja, idealan za razli\u010dite vrste vozila ili plovila, sa daljinskim upravlja\u010dem, Bluetooth be\u017ei\u010dna veza. Izlaz za zvu\u010dnike 4x45W, RCA konekcija za subwoofer, AUX, USB, SD, 3.5mm. Uspostava telefonskog poziva (na zaslonu se prikazuje ID pozivatelja), zvono se \u010duje putem auto-zvu\u010dnika, ugra\u0111en mikrofon.\u2026","rel":"","context":"Srodne objave","img":{"alt_text":"","src":"https:\/\/i0.wp.com\/astehshop.com\/wp-content\/uploads\/2019\/09\/VB-M6600.png?fit=1200%2C1200&resize=350%2C200","width":350,"height":200},"classes":[]}],"_links":{"self":[{"href":"http:\/\/astehshop.com\/index.php\/wp-json\/wp\/v2\/product\/6533"}],"collection":[{"href":"http:\/\/astehshop.com\/index.php\/wp-json\/wp\/v2\/product"}],"about":[{"href":"http:\/\/astehshop.com\/index.php\/wp-json\/wp\/v2\/types\/product"}],"replies":[{"embeddable":true,"href":"http:\/\/astehshop.com\/index.php\/wp-json\/wp\/v2\/comments?post=6533"}],"wp:featuredmedia":[{"embeddable":true,"href":"http:\/\/astehshop.com\/index.php\/wp-json\/wp\/v2\/media\/6534"}],"wp:attachment":[{"href":"http:\/\/astehshop.com\/index.php\/wp-json\/wp\/v2\/media?parent=6533"}],"wp:term":[{"taxonomy":"product_cat","embeddable":true,"href":"http:\/\/astehshop.com\/index.php\/wp-json\/wp\/v2\/product_cat?post=6533"},{"taxonomy":"product_tag","embeddable":true,"href":"http:\/\/astehshop.com\/index.php\/wp-json\/wp\/v2\/product_tag?post=6533"}],"curies":[{"name":"wp","href":"https:\/\/api.w.org\/{rel}","templated":true}]}}