{"id":6502,"date":"2022-11-12T19:57:16","date_gmt":"2022-11-12T18:57:16","guid":{"rendered":"http:\/\/astehshop.com\/?post_type=product&#038;p=6502"},"modified":"2022-11-12T19:57:17","modified_gmt":"2022-11-12T18:57:17","slug":"kamin-elektricni-1200w-led-svjetlo-ventilator-fkk-07","status":"publish","type":"product","link":"http:\/\/astehshop.com\/index.php\/product\/kamin-elektricni-1200w-led-svjetlo-ventilator-fkk-07\/","title":{"rendered":"Kamin, elektri\u010dni, 1200W, LED svjetlo, ventilator FKK 07"},"content":{"rendered":"<p>Elektri\u010dni kamin je odli\u010dan izvor primarnog grijanja domova. Smanjuje pritisak po\u010detkom sezone grijanja, kada jo\u0161 nije toliko hladno i uz pomo\u0107 termostata odr\u017eat \u0107e Va\u0161 dom ugodno toplim.<br \/>\nElektri\u010dni kamin mo\u017eda nema \u0161arm tradicionalnog kamina, ali je puno zahvalniji za odr\u017eavanje i jednostavniji za upotrebu.<\/p>\n<p>U usporedbi s tradicionalnim kaminima na drva, karakteriziraju ih mnogobrojne prednosti: nestaje potreba za dimnjakom, \u010di\u0161\u0107enjem i odr\u017eavanjem lo\u017ei\u0161ta, lagano se premje\u0161taju, sadr\u017ee mogu\u0107nost efekt plamena u razli\u010ditim bojama, kao i mogu\u0107nost rukovanja na daljinu.<\/p>\n<p>Efekt plamena mo\u017eete koristiti i bez funkcije grijanja.<\/p>\n<p>Garantuje sigurnu upotrebu, jer se automatski isklju\u010duje u slu\u010daju pregrijavanja.<\/p>\n<p>Elektri\u010dni kamin ( grijalica ) FKK 07, kamin sa daljinskim upravlja\u010dem, podesive snage 600W \/ 1200W, izvor svjetlost LED \u017earulja 11W, mehani\u010dki termostat, ventilator za ispuhavanje na dnu<\/p>\n<p>Materijal izrade staklo, plastika, idealno za prostorije do 18 m\u00b2, razina buke 59 dB(A), samostoje\u0107i<\/p>\n<p>Napajanje 230 V~ \/ 50 Hz, du\u017eina napojnog kabela 1.7 met.<\/p>\n<p>Dimenzije 310 x 530 x 180 mm, te\u017eina 6 kg<\/p>\n<p>Ure\u0111aj nije prikladan za osvjetljavanje prostorije.<\/p>\n","protected":false},"excerpt":{"rendered":"<p>Elektri\u010dni kamin je odli\u010dan izvor primarnog grijanja domova. Smanjuje pritisak po\u010detkom sezone grijanja, kada jo\u0161 nije toliko hladno i uz pomo\u0107 termostata odr\u017eat \u0107e Va\u0161 dom ugodno toplim.<br \/>\nElektri\u010dni kamin mo\u017eda nema \u0161arm tradicionalnog kamina, ali je puno zahvalniji za odr\u017eavanje i jednostavniji za upotrebu.<\/p>\n<p>U usporedbi s tradicionalnim kaminima na drva, karakteriziraju ih mnogobrojne prednosti: nestaje potreba za dimnjakom, \u010di\u0161\u0107enjem i odr\u017eavanjem lo\u017ei\u0161ta, lagano se premje\u0161taju, sadr\u017ee mogu\u0107nost efekt plamena u razli\u010ditim bojama, kao i mogu\u0107nost rukovanja na daljinu.<\/p>\n<p>Efekt plamena mo\u017eete koristiti i bez funkcije grijanja.<\/p>\n<p>Garantuje sigurnu upotrebu, jer se automatski isklju\u010duje u slu\u010daju pregrijavanja.<\/p>\n<p>Elektri\u010dni kamin ( grijalica ) FKK 07, kamin sa daljinskim upravlja\u010dem, podesive snage 600W \/ 1200W, izvor svjetlost LED \u017earulja 11W, mehani\u010dki termostat, ventilator za ispuhavanje na dnu<\/p>\n<p>Materijal izrade staklo, plastika, idealno za prostorije do 18 m\u00b2, razina buke 59 dB(A), samostoje\u0107i<\/p>\n<p>Napajanje 230 V~ \/ 50 Hz, du\u017eina napojnog kabela 1.7 met.<\/p>\n<p>Dimenzije 310 x 530 x 180 mm, te\u017eina 6 kg<\/p>\n<p>Ure\u0111aj nije prikladan za osvjetljavanje prostorije.<\/p>\n","protected":false},"featured_media":6503,"comment_status":"open","ping_status":"closed","template":"","meta":{"_mi_skip_tracking":false,"_exactmetrics_sitenote_active":false,"_exactmetrics_sitenote_note":"","_exactmetrics_sitenote_category":0,"spay_email":""},"product_cat":[656],"product_tag":[1874,4274,4273,1855,4275,3760],"brands":[],"df_price":269,"df_sale_price":"","df_regular_price":269,"df_image_link":"https:\/\/i2.wp.com\/astehshop.com\/wp-content\/uploads\/2022\/11\/FKK-07.png?fit=450%2C434","jetpack_publicize_connections":[],"jetpack_sharing_enabled":true,"jetpack_likes_enabled":true,"jetpack-related-posts":[{"id":11764,"url":"http:\/\/astehshop.com\/index.php\/product\/kamin-elektricni-2000w-led-svjetlost-wifi\/","url_meta":{"origin":6502,"position":0},"title":"Kamin, elektri\u010dni, 2000W, LED svjetlost, WiFi","date":"28. rujna 2025.","format":false,"excerpt":"Elektri\u010dni kamin je odli\u010dan izvor primarnog grijanja domova. Smanjuje pritisak po\u010detkom sezone grijanja, kada jo\u0161 nije toliko hladno i uz pomo\u0107 termostata odr\u017eat \u0107e Va\u0161 dom ugodno toplim. Elektri\u010dni kamin mo\u017eda nema \u0161arm tradicionalnog kamina, ali je puno zahvalniji za odr\u017eavanje i jednostavniji za upotrebu. Elektri\u010dni kamin se mo\u017ee postaviti\u2026","rel":"","context":"Srodne objave","img":{"alt_text":"","src":"https:\/\/i1.wp.com\/astehshop.com\/wp-content\/uploads\/2025\/09\/Kamin-elektricni-2000W-LED-svjetlost-WiFi.jpg?fit=1200%2C1071&resize=350%2C200","width":350,"height":200},"classes":[]},{"id":11766,"url":"http:\/\/astehshop.com\/index.php\/product\/kamin-elektricni-2000w-led-svjetlo-daljinski-upravljac\/","url_meta":{"origin":6502,"position":1},"title":"Kamin, elektri\u010dni, 2000W, LED svjetlo, daljinski upravlja\u010d","date":"28. rujna 2025.","format":false,"excerpt":"Elektri\u010dni kamin je odli\u010dan izvor primarnog grijanja domova. Smanjuje pritisak po\u010detkom sezone grijanja, kada jo\u0161 nije toliko hladno i uz pomo\u0107 termostata odr\u017eat \u0107e Va\u0161 dom ugodno toplim. Elektri\u010dni kamin mo\u017eda nema \u0161arm tradicionalnog kamina, ali je puno zahvalniji za odr\u017eavanje i jednostavniji za upotrebu. U usporedbi s tradicionalnim kaminima\u2026","rel":"","context":"Srodne objave","img":{"alt_text":"","src":"https:\/\/i1.wp.com\/astehshop.com\/wp-content\/uploads\/2025\/09\/kamin-fk10.png?fit=1200%2C1059&resize=350%2C200","width":350,"height":200},"classes":[]},{"id":6504,"url":"http:\/\/astehshop.com\/index.php\/product\/kamin-elektricni-2000w-led-svjetlo-daljinski-upravljac-fkk-10\/","url_meta":{"origin":6502,"position":2},"title":"Kamin, elektri\u010dni, 2000W, LED svjetlo, daljinski upravlja\u010d FKK 10","date":"12. studenoga 2022.","format":false,"excerpt":"Elektri\u010dni kamin je odli\u010dan izvor primarnog grijanja domova. Smanjuje pritisak po\u010detkom sezone grijanja, kada jo\u0161 nije toliko hladno i uz pomo\u0107 termostata odr\u017eat \u0107e Va\u0161 dom ugodno toplim. Elektri\u010dni kamin mo\u017eda nema \u0161arm tradicionalnog kamina, ali je puno zahvalniji za odr\u017eavanje i jednostavniji za upotrebu. U usporedbi s tradicionalnim kaminima\u2026","rel":"","context":"Srodne objave","img":{"alt_text":"","src":"https:\/\/i2.wp.com\/astehshop.com\/wp-content\/uploads\/2022\/11\/FKK-10.png?fit=1200%2C1138&resize=350%2C200","width":350,"height":200},"classes":[]},{"id":6506,"url":"http:\/\/astehshop.com\/index.php\/product\/fkk-24\/","url_meta":{"origin":6502,"position":3},"title":"FKK 24","date":"12. studenoga 2022.","format":false,"excerpt":"Elektri\u010dni kamin je odli\u010dan izvor primarnog grijanja domova. Smanjuje pritisak po\u010detkom sezone grijanja, kada jo\u0161 nije toliko hladno i uz pomo\u0107 termostata odr\u017eat \u0107e Va\u0161 dom ugodno toplim. Elektri\u010dni kamin mo\u017eda nema \u0161arm tradicionalnog kamina, ali je puno zahvalniji za odr\u017eavanje i jednostavniji za upotrebu. U usporedbi s tradicionalnim kaminima\u2026","rel":"","context":"Srodne objave","img":{"alt_text":"","src":"https:\/\/i2.wp.com\/astehshop.com\/wp-content\/uploads\/2022\/11\/FKK-24.png?fit=1200%2C1124&resize=350%2C200","width":350,"height":200},"classes":[]},{"id":11774,"url":"http:\/\/astehshop.com\/index.php\/product\/kamin-elektricni-2000w-fkk15\/","url_meta":{"origin":6502,"position":4},"title":"Kamin, elektri\u010dni, 2000W FKK15","date":"28. rujna 2025.","format":false,"excerpt":"Elektri\u010dni kamin ( grijalica ), samostoje\u0107a, podesiva snaga 1000W \/ 2000W, ugra\u0111en izvor svjetlost 10W, podesiva svjetlina, realan efekt plamena, termostat, za\u0161tita od pregrijavanja, du\u017eina napojnog kabela 1.6 met., nivo buke 50dB, napajanje 230VAC \/ 50Hz","rel":"","context":"Srodne objave","img":{"alt_text":"","src":"https:\/\/i1.wp.com\/astehshop.com\/wp-content\/uploads\/2025\/09\/elektricni-kamin-fkk15.png?fit=1200%2C1156&resize=350%2C200","width":350,"height":200},"classes":[]},{"id":11768,"url":"http:\/\/astehshop.com\/index.php\/product\/kamin-elektricni-2000w-daljinski-upravljac\/","url_meta":{"origin":6502,"position":5},"title":"Kamin, elektri\u010dni, 2000W, daljinski upravlja\u010d","date":"28. rujna 2025.","format":false,"excerpt":"Elekti\u010dni kamin (grijalica) sa ventilatorom, ugradbeni, snaga grija\u010da 1000W \/ 2000W, realan efekt sagorijevanja drveta, efekt plamena i grijanje se mo\u017ee koristiti odvojeno, ru\u010dno i upravljanje preko daljinskog upravlja\u010da, LED izvor svjetlosti, 5 brzina svjetlosnih efekata, tjedni program, detekcija otvorenog prozora, dimenzije 600 x 440 x 200 mm, ugradbene dimenzije\u2026","rel":"","context":"Srodne objave","img":{"alt_text":"","src":"https:\/\/i2.wp.com\/astehshop.com\/wp-content\/uploads\/2025\/09\/fki03.jpg?fit=1200%2C1072&resize=350%2C200","width":350,"height":200},"classes":[]}],"_links":{"self":[{"href":"http:\/\/astehshop.com\/index.php\/wp-json\/wp\/v2\/product\/6502"}],"collection":[{"href":"http:\/\/astehshop.com\/index.php\/wp-json\/wp\/v2\/product"}],"about":[{"href":"http:\/\/astehshop.com\/index.php\/wp-json\/wp\/v2\/types\/product"}],"replies":[{"embeddable":true,"href":"http:\/\/astehshop.com\/index.php\/wp-json\/wp\/v2\/comments?post=6502"}],"wp:featuredmedia":[{"embeddable":true,"href":"http:\/\/astehshop.com\/index.php\/wp-json\/wp\/v2\/media\/6503"}],"wp:attachment":[{"href":"http:\/\/astehshop.com\/index.php\/wp-json\/wp\/v2\/media?parent=6502"}],"wp:term":[{"taxonomy":"product_cat","embeddable":true,"href":"http:\/\/astehshop.com\/index.php\/wp-json\/wp\/v2\/product_cat?post=6502"},{"taxonomy":"product_tag","embeddable":true,"href":"http:\/\/astehshop.com\/index.php\/wp-json\/wp\/v2\/product_tag?post=6502"}],"curies":[{"name":"wp","href":"https:\/\/api.w.org\/{rel}","templated":true}]}}