{"id":6492,"date":"2022-11-05T17:18:04","date_gmt":"2022-11-05T16:18:04","guid":{"rendered":"http:\/\/astehshop.com\/?post_type=product&#038;p=6492"},"modified":"2022-11-05T17:18:05","modified_gmt":"2022-11-05T16:18:05","slug":"vivotek-2mp-dome-kamera-fd9369-ik10-antivandal","status":"publish","type":"product","link":"http:\/\/astehshop.com\/index.php\/product\/vivotek-2mp-dome-kamera-fd9369-ik10-antivandal\/","title":{"rendered":"Vivotek 2MP dome kamera FD9369 &#8211; IK10 antivandal"},"content":{"rendered":"<p>2MP, H.265, 2.8mm, 30M IR, IP66, built-in mic<\/p>\n<p>&nbsp;<\/p>\n<p>H.265 Compression Technology<br \/>\n30 fps @ 1920&#215;1080<br \/>\nSmart Stream III to Optimize Bandwidth Efficiency<br \/>\nBuilt-in IR Illuminators, Effective up to 30 Meters<br \/>\nSmart IR Technology to Avoid Overexposure<br \/>\nSmart Motion Detection to Reduce False Alarms<br \/>\nBuilt-in MicroSD\/SDHC\/SDXC Card Slot for On-board Storage<br \/>\nWeather-proof IP66 and Vandal-proof IK10-rated Protection<\/p>\n<p>,<\/p>\n<p>VIVOTEK FD9369 is an affordable outdoor dome network camera equipped with a 2M sensor enabling resolution of 1920&#215;1080 at 30 fps. The FD9369 offers a fixed-focus lens for different user scenarios. IR illuminators are equipped with 30-meter effective range for better night visibility. To protect the camera from a range of outdoor environments, the FD9369 is encased in robust IP66 and IK10 rated housing.<\/p>\n<p>Two power input options are available: PoE (Power-over-Ethernet) and DC power, providing users with installation flexibility. In order to facilitate on-board storage and data portability, the camera is also equipped with a MicroSD\/SDHC\/SDXC card slot for local recording.<\/p>\n<p>The FD9369 uses H.265 compression and employs VIVOTEK&#8217;s Smart Stream III technology, which helps to reduce bandwidth and storage consumption. Finally, FD9369 comes with AI based deep-learning smart motion detection to reduce false alarms.<\/p>\n","protected":false},"excerpt":{"rendered":"<p>2MP, H.265, 2.8mm, 30M IR, IP66, built-in mic<\/p>\n<p>&nbsp;<\/p>\n<p>H.265 Compression Technology<br \/>\n30 fps @ 1920&#215;1080<br \/>\nSmart Stream III to Optimize Bandwidth Efficiency<br \/>\nBuilt-in IR Illuminators, Effective up to 30 Meters<br \/>\nSmart IR Technology to Avoid Overexposure<br \/>\nSmart Motion Detection to Reduce False Alarms<br \/>\nBuilt-in MicroSD\/SDHC\/SDXC Card Slot for On-board Storage<br \/>\nWeather-proof IP66 and Vandal-proof IK10-rated Protection<\/p>\n<p>,<\/p>\n<p>VIVOTEK FD9369 is an affordable outdoor dome network camera equipped with a 2M sensor enabling resolution of 1920&#215;1080 at 30 fps. The FD9369 offers a fixed-focus lens for different user scenarios. IR illuminators are equipped with 30-meter effective range for better night visibility. To protect the camera from a range of outdoor environments, the FD9369 is encased in robust IP66 and IK10 rated housing.<\/p>\n<p>Two power input options are available: PoE (Power-over-Ethernet) and DC power, providing users with installation flexibility. In order to facilitate on-board storage and data portability, the camera is also equipped with a MicroSD\/SDHC\/SDXC card slot for local recording.<\/p>\n<p>The FD9369 uses H.265 compression and employs VIVOTEK&#8217;s Smart Stream III technology, which helps to reduce bandwidth and storage consumption. Finally, FD9369 comes with AI based deep-learning smart motion detection to reduce false alarms.<\/p>\n","protected":false},"featured_media":6493,"comment_status":"open","ping_status":"closed","template":"","meta":{"_mi_skip_tracking":false,"_exactmetrics_sitenote_active":false,"_exactmetrics_sitenote_note":"","_exactmetrics_sitenote_category":0,"spay_email":""},"product_cat":[15],"product_tag":[4264,4262,4263],"brands":[],"df_price":350,"df_sale_price":"","df_regular_price":350,"df_image_link":"https:\/\/i2.wp.com\/astehshop.com\/wp-content\/uploads\/2022\/11\/fd9369.jpg?fit=391%2C450","jetpack_publicize_connections":[],"jetpack_sharing_enabled":true,"jetpack_likes_enabled":true,"jetpack-related-posts":[{"id":6889,"url":"http:\/\/astehshop.com\/index.php\/product\/vivotek-ip-bullet-kamera-ib9369\/","url_meta":{"origin":6492,"position":0},"title":"Vivotek IP bullet kamera IB9369","date":"2. prosinca 2022.","format":false,"excerpt":"H.265 Tehnologija kompresije 30 fps @ 1920x1080 Smart Stream III za optimizaciju efikasnosti propusnog opsega Ugra\u0111eni IR iluminatori, efektivni do 30 metara Pametna IR tehnologija za izbjegavanje prekomjerne ekspozicije Pametna detekcija pokreta za smanjenje la\u017enih alarma Ugra\u0111eni slot za MicroSD\/SDHC\/SDXC karticu za skladi\u0161tenje na plo\u010di Ku\u0107i\u0161te otporno na vremenske uvjete\u2026","rel":"","context":"Srodne objave","img":{"alt_text":"","src":"https:\/\/i2.wp.com\/astehshop.com\/wp-content\/uploads\/2022\/12\/ib9369.jpg?fit=906%2C940&resize=350%2C200","width":350,"height":200},"classes":[]},{"id":6893,"url":"http:\/\/astehshop.com\/index.php\/product\/vivotek-dome-5-mp-fd9380-h-ip-kamera\/","url_meta":{"origin":6492,"position":1},"title":"Vivotek Dome 5 MP FD9380-H IP kamera","date":"2. prosinca 2022.","format":false,"excerpt":"H.265 Tehnologija kompresije 20 fps @ 2560x1920 (WDR Pro uklju\u010den) SNV (Supreme Night Visibility) za uslove slabog osvetljenja WDR Pro za neuporedivu vidljivost u ekstremno svijetlim i tamnim okru\u017eenjima Smart Stream III za optimizaciju efikasnosti propusnog opsega Ugra\u0111eni IR iluminatori, efektivni do 30 metara Trend Micro IoT sigurnost Ku\u0107i\u0161te otporno\u2026","rel":"","context":"Srodne objave","img":{"alt_text":"","src":"https:\/\/i2.wp.com\/astehshop.com\/wp-content\/uploads\/2022\/12\/fd9380-h_.png?fit=466%2C443&resize=350%2C200","width":350,"height":200},"classes":[]},{"id":6891,"url":"http:\/\/astehshop.com\/index.php\/product\/vivotek-ip-kamera-2-mp-ib9368-ht\/","url_meta":{"origin":6492,"position":2},"title":"Vivotek IP kamera 2 MP IB9368-HT","date":"2. prosinca 2022.","format":false,"excerpt":"H.265 Tehnologija kompresije 30 fps @ 1920x1080 (WDR Pro uklju\u010den) 2,8~12 mm, daljinski fokus SNV (Supreme Night Visibility) za uslove slabog osvetljenja WDR Pro za neuporedivu vidljivost u ekstremno svijetlim i tamnim okru\u017eenjima Smart Stream III za optimizaciju efikasnosti propusnog opsega Ugra\u0111eni IR iluminatori, efektivni do 30 metara Trend Micro\u2026","rel":"","context":"Srodne objave","img":{"alt_text":"","src":"https:\/\/i2.wp.com\/astehshop.com\/wp-content\/uploads\/2022\/12\/ib9368-ht.png?fit=484%2C460&resize=350%2C200","width":350,"height":200},"classes":[]},{"id":8567,"url":"http:\/\/astehshop.com\/index.php\/product\/uniview-dome-ip-kamera-ipc322lb-sf28-a\/","url_meta":{"origin":6492,"position":3},"title":"Uniview dome IP kamera IPC322LB-SF28-A","date":"10. studenoga 2023.","format":false,"excerpt":"\u2022 2MP (1920*1080)@30\/25fps; 720P (1280*720) @ 30\/25 fps \u2022 Ultra 265, H.265, H.264 \u2022 Pametan IR, do 30m (98ft) IR udaljenosti \u2022 Dan\/no\u0107 funkcionalnost \u2022 2D\/3D DNR (Digitalno smanjenje \u0161uma) \u2022 IP67 za\u0161tita \u2022 IK10 otporan na vandal \u2022 Podr\u017eava PoE napajanje \u2022 2-ose","rel":"","context":"Srodne objave","img":{"alt_text":"","src":"https:\/\/i0.wp.com\/astehshop.com\/wp-content\/uploads\/2023\/11\/IPC322LB-SF28-A.jpg?fit=510%2C348&resize=350%2C200","width":350,"height":200},"classes":[]},{"id":6895,"url":"http:\/\/astehshop.com\/index.php\/product\/vivotek-5-mp-bullet-ip-kamera-ip-ib9380-h\/","url_meta":{"origin":6492,"position":4},"title":"Vivotek 5 MP Bullet IP kamera ip IB9380-H","date":"2. prosinca 2022.","format":false,"excerpt":"H.265 Tehnologija kompresije SNV (Supreme Night Visibility) za uslove slabog osvetljenja 20 fps @ 2560x1920 (WDR Pro uklju\u010den) WDR Pro za neuporedivu vidljivost u ekstremno svijetlim i tamnim okru\u017eenjima Smart Stream III za optimizaciju efikasnosti propusnog opsega Ugra\u0111eni IR iluminatori, efektivni do 30 metara Trend Micro IoT sigurnost Ku\u0107i\u0161te otporno\u2026","rel":"","context":"Srodne objave","img":{"alt_text":"","src":"https:\/\/i1.wp.com\/astehshop.com\/wp-content\/uploads\/2022\/12\/ib9380-h.png?fit=437%2C435&resize=350%2C200","width":350,"height":200},"classes":[]},{"id":3036,"url":"http:\/\/astehshop.com\/index.php\/product\/dome-ip-kamera-2-0mp-2-8mm-20m-ir-2\/","url_meta":{"origin":6492,"position":5},"title":"DOME IP KAMERA 2.0MP 2.8MM 20M IR","date":"6. velja\u010de 2019.","format":false,"excerpt":"LMDCS200 2MP Outdoor Fixed Dome IP IR 20m \u2022 1\/2.9\"SONY Low Illumination CMOS Sensor \u2022 H.264\/H.265 Compression Method \u2022 2.8mm Fixed Lens \u2022 IR Distance 20m Max. \u2022 IP66 Outdoor Metal Case Dostava 24\/48h ukoliko nije vikend","rel":"","context":"Srodne objave","img":{"alt_text":"","src":"https:\/\/i1.wp.com\/astehshop.com\/wp-content\/uploads\/2019\/02\/LMDCS200.jpg?fit=1200%2C900&resize=350%2C200","width":350,"height":200},"classes":[]}],"_links":{"self":[{"href":"http:\/\/astehshop.com\/index.php\/wp-json\/wp\/v2\/product\/6492"}],"collection":[{"href":"http:\/\/astehshop.com\/index.php\/wp-json\/wp\/v2\/product"}],"about":[{"href":"http:\/\/astehshop.com\/index.php\/wp-json\/wp\/v2\/types\/product"}],"replies":[{"embeddable":true,"href":"http:\/\/astehshop.com\/index.php\/wp-json\/wp\/v2\/comments?post=6492"}],"wp:featuredmedia":[{"embeddable":true,"href":"http:\/\/astehshop.com\/index.php\/wp-json\/wp\/v2\/media\/6493"}],"wp:attachment":[{"href":"http:\/\/astehshop.com\/index.php\/wp-json\/wp\/v2\/media?parent=6492"}],"wp:term":[{"taxonomy":"product_cat","embeddable":true,"href":"http:\/\/astehshop.com\/index.php\/wp-json\/wp\/v2\/product_cat?post=6492"},{"taxonomy":"product_tag","embeddable":true,"href":"http:\/\/astehshop.com\/index.php\/wp-json\/wp\/v2\/product_tag?post=6492"}],"curies":[{"name":"wp","href":"https:\/\/api.w.org\/{rel}","templated":true}]}}