{"id":6455,"date":"2022-10-25T19:41:19","date_gmt":"2022-10-25T17:41:19","guid":{"rendered":"http:\/\/astehshop.com\/?post_type=product&#038;p=6455"},"modified":"2025-09-17T21:22:00","modified_gmt":"2025-09-17T19:22:00","slug":"hikvision-colorvu-kamera-2-mpx-ds-2ce12df3t-fs","status":"publish","type":"product","link":"http:\/\/astehshop.com\/index.php\/product\/hikvision-colorvu-kamera-2-mpx-ds-2ce12df3t-fs\/","title":{"rendered":"HikVision ColorVu kamera 2 MPX DS-2CE12DF3T-FS"},"content":{"rendered":"<ul>\n<li class=\" product_description_item\">High quality imaging with 2 MP, 1920 \u00d7 1080 resolution<\/li>\n<li class=\" product_description_item\">24\/7 color imaging with F1.0 aperture<\/li>\n<li class=\" product_description_item\">Clear imaging against strong back light due to 130 dB true WDR technology<\/li>\n<li class=\" product_description_item\">3D DNR technology delivers clean and sharp images<\/li>\n<li class=\" product_description_item\">2.8 mm, 3.6 mm, 6 mm fixed focal lens<\/li>\n<li class=\" product_description_item\">Up to 40 m white light distance for bright night imaging<\/li>\n<li class=\" product_description_item\">One port for four switchable signals (TVI\/AHD\/CVI\/CVBS)<\/li>\n<li class=\" product_description_item\">Water and dust resistant (IP67)<\/li>\n<\/ul>\n<iframe  id=\"_ytid_11804\"  width=\"480\" height=\"270\"  data-origwidth=\"480\" data-origheight=\"270\"  src=\"https:\/\/www.youtube.com\/embed\/sn_DFZJCc7U?enablejsapi=1&autoplay=0&cc_load_policy=0&cc_lang_pref=&iv_load_policy=1&loop=0&modestbranding=0&rel=1&fs=1&playsinline=0&autohide=2&theme=dark&color=red&controls=1&\" class=\"__youtube_prefs__  no-lazyload\" title=\"YouTube player\"  allow=\"autoplay; encrypted-media\" allowfullscreen data-no-lazy=\"1\" data-skipgform_ajax_framebjll=\"\"><\/iframe>\n<p><span style=\"color: #ff0000;\"><a style=\"color: #ff0000;\" href=\"https:\/\/www.hikvision.com\/content\/dam\/hikvision\/products\/S000000001\/S000000132\/S000000146\/S000001395\/OFR002099\/M000035757\/Data_Sheet\/Datasheet-of-DS-2CE12DF3T-FS_V1.0_20210806.pdf\">DATASHEET\u00a0<\/a><\/span><\/p>\n<blockquote class=\"wp-embedded-content\" data-secret=\"64GScjru7R\"><p><a href=\"http:\/\/astehshop.com\/index.php\/2022\/10\/31\/korisnicko-uputstvo-hik-connect\/\">Korisni\u010dko uputstvo &#8211; Hik Connect<\/a><\/p><\/blockquote>\n<p><iframe class=\"wp-embedded-content\" sandbox=\"allow-scripts\" security=\"restricted\" style=\"position: absolute; clip: rect(1px, 1px, 1px, 1px);\" title=\"&#8220;Korisni\u010dko uputstvo &#8211; Hik Connect&#8221; &#8212; Techno Shop Bijeljina\" src=\"http:\/\/astehshop.com\/index.php\/2022\/10\/31\/korisnicko-uputstvo-hik-connect\/embed\/#?secret=64GScjru7R\" data-secret=\"64GScjru7R\" width=\"500\" height=\"282\" frameborder=\"0\" marginwidth=\"0\" marginheight=\"0\" scrolling=\"no\"><\/iframe><\/p>\n<p>&nbsp;<\/p>\n","protected":false},"excerpt":{"rendered":"<ul>\n<li class=\" product_description_item\">High quality imaging with 2 MP, 1920 \u00d7 1080 resolution<\/li>\n<li class=\" product_description_item\">24\/7 color imaging with F1.0 aperture<\/li>\n<li class=\" product_description_item\">Clear imaging against strong back light due to 130 dB true WDR technology<\/li>\n<li class=\" product_description_item\">3D DNR technology delivers clean and sharp images<\/li>\n<li class=\" product_description_item\">2.8 mm, 3.6 mm, 6 mm fixed focal lens<\/li>\n<li class=\" product_description_item\">Up to 40 m white light distance for bright night imaging<\/li>\n<li class=\" product_description_item\">One port for four switchable signals (TVI\/AHD\/CVI\/CVBS)<\/li>\n<li class=\" product_description_item\">Water and dust resistant (IP67)<\/li>\n<\/ul>\n[embedyt] https:\/\/www.youtube.com\/watch?v=sn_DFZJCc7U[\/embedyt]\n<p><a href=\"https:\/\/www.hikvision.com\/content\/dam\/hikvision\/products\/S000000001\/S000000132\/S000000146\/S000001395\/OFR002099\/M000035757\/Data_Sheet\/Datasheet-of-DS-2CE12DF3T-FS_V1.0_20210806.pdf\">DATASHEET\u00a0<\/a><\/p>\n<p>http:\/\/astehshop.com\/index.php\/2022\/10\/31\/korisnicko-uputstvo-hik-connect\/<\/p>\n<p>&nbsp;<\/p>\n<p>&nbsp;<\/p>\n","protected":false},"featured_media":6456,"comment_status":"open","ping_status":"closed","template":"","meta":{"_mi_skip_tracking":false,"_exactmetrics_sitenote_active":false,"_exactmetrics_sitenote_note":"","_exactmetrics_sitenote_category":0,"spay_email":""},"product_cat":[132],"product_tag":[4249,469],"brands":[{"id":2044,"name":"HikVision","slug":"hikvision"}],"df_price":"","df_sale_price":"","df_regular_price":"","df_image_link":"https:\/\/i2.wp.com\/astehshop.com\/wp-content\/uploads\/2022\/10\/DS-2CE12DF3T-F-1.jpg?fit=450%2C450","jetpack_publicize_connections":[],"jetpack_sharing_enabled":true,"jetpack_likes_enabled":true,"jetpack-related-posts":[{"id":7672,"url":"http:\/\/astehshop.com\/index.php\/product\/dahua-full-color-hac-hfw1239tu-z-a-led-moto-zoom-kamera\/","url_meta":{"origin":6455,"position":0},"title":"Dahua Full Color HAC-HFW1239TU-Z-A-LED moto zoom kamera","date":"9. svibnja 2023.","format":false,"excerpt":"> * The parameters and datasheets below can only be applied to 1239-S2 series > 24\/7 color imaging, Max. 30 fps@1080p > Super Adapt, 130 dB true WDR, 3D NR > Auto focus, 2.7 mm\u201313.5 mm motorized lens > 60 m illumination distance > Built-in mic > CVI\/CVBS\/AHD\/TVI switchable >\u2026","rel":"","context":"Srodne objave","img":{"alt_text":"","src":"https:\/\/i0.wp.com\/astehshop.com\/wp-content\/uploads\/2023\/05\/HAC-HFW1239TU-Z-A-LED-500x500-1.png?fit=664%2C622&resize=350%2C200","width":350,"height":200},"classes":[]},{"id":7679,"url":"http:\/\/astehshop.com\/index.php\/product\/dahua-hac-b2a21-0360b\/","url_meta":{"origin":6455,"position":1},"title":"Dahua HAC-B2A21-0360B","date":"9. svibnja 2023.","format":false,"excerpt":"> Max. 30 fps@1080p > CVI\/CVBS\/AHD\/TVI switchable > 3.6 mm fixed lens (2.8 mm, 6 mm optional) > Max. IR length 20 m, Smart IR > IP67,12 VDC","rel":"","context":"Srodne objave","img":{"alt_text":"","src":"https:\/\/i1.wp.com\/astehshop.com\/wp-content\/uploads\/2023\/05\/DH-HAC-B2A21.png?fit=443%2C427&resize=350%2C200","width":350,"height":200},"classes":[]},{"id":5375,"url":"http:\/\/astehshop.com\/index.php\/product\/dahua-full-color-led-hac-hfw1509tlm-a-led-5-mpx-kamera\/","url_meta":{"origin":6455,"position":2},"title":"Dahua Full Color LED HAC-HFW1509TLM-A-LED 5 MPX kamera","date":"11. listopada 2021.","format":false,"excerpt":"5 MP Full-color HDCVI Bullet Camera * The parameters and datasheets below can only be applied to1509-S2 series. *In order to use the 5MP 16:9 HDCVI camera, the firmware of XVR must be upgraded to V4.001.0000001.0.R.200908 or later version. > Max 25 fps@5MP (16:9 video output) > 120 dB true\u2026","rel":"","context":"Srodne objave","img":{"alt_text":"","src":"https:\/\/i0.wp.com\/astehshop.com\/wp-content\/uploads\/2021\/10\/HAC-HFW1509TLM-A-LED-1.png?fit=500%2C500&resize=350%2C200","width":350,"height":200},"classes":[]},{"id":5766,"url":"http:\/\/astehshop.com\/index.php\/product\/hikvision-dome-kamera-wdr-5-mpx-ds-2ce76h8t-itmf\/","url_meta":{"origin":6455,"position":3},"title":"HikVision dome kamera WDR 5 MPX DS-2CE76H8T-ITMF","date":"9. sije\u010dnja 2022.","format":false,"excerpt":"Turret TVI video kamera, rezolucije 5Mpx, objektiv 2.8 mm, osjetljivost 0.003Lux@F1.2, WDR, IR cut filter, 1 HD analog output TVI\/AHD\/CVI\/CVBS, 3D-DNR, napajanje 12VDC, CoC, IP67","rel":"","context":"Srodne objave","img":{"alt_text":"","src":"https:\/\/i0.wp.com\/astehshop.com\/wp-content\/uploads\/2022\/01\/DS-2CE76H0T-ITMF-1.jpg?fit=800%2C909&resize=350%2C200","width":350,"height":200},"classes":[]},{"id":3862,"url":"http:\/\/astehshop.com\/index.php\/product\/kamera-za-video-nadzor-hikvision-ds-2ce19u8t-ait3z-8mpx-4k\/","url_meta":{"origin":6455,"position":4},"title":"Kamera za video nadzor HikVision DS-2CE19U8T-AIT3Z 8MPX 4K","date":"16. velja\u010de 2020.","format":false,"excerpt":"\u2022\u00a0\u00a0\u00a0\u00a08.29 Megapixel high-performance CMOS \u2022\u00a0\u00a0\u00a0\u00a0Ultra-low light \u2022\u00a0\u00a0\u00a0\u00a03840 \u00d7 2160 resolution \u2022\u00a0\u00a0\u00a0\u00a0Auto focus, 2.8 mm to 12 mm motorized vari-focal lens \u2022\u00a0\u00a0\u00a0\u00a0120 dB true WDR, 3D DNR \u2022\u00a0\u00a0\u00a0\u00a0EXIR 2.0,\u00a0smart IR, up to 80m IR distance \u2022\u00a0\u00a0\u00a0\u00a0Dual voltage input: 12 VDC \u00b125%\/24 VAC \u00b125% \u2022\u00a0\u00a0\u00a0\u00a0Dual video output: TVI\/CVBS \u2022\u00a0\u00a0\u00a0\u00a0IP67 \u2022\u00a0\u00a0\u00a0\u00a0Up the Coax(HIKVISION-C)","rel":"","context":"Srodne objave","img":{"alt_text":"","src":"https:\/\/i2.wp.com\/astehshop.com\/wp-content\/uploads\/2020\/02\/DS-2CE19U8T-AIT3Z.jpg?fit=1176%2C1200&resize=350%2C200","width":350,"height":200},"classes":[]},{"id":7483,"url":"http:\/\/astehshop.com\/index.php\/product\/hikvision-colorvu-kamera-1080p-ds-2ce10df3t-fs-sa-mikrofonom\/","url_meta":{"origin":6455,"position":5},"title":"HikVision ColorVu kamera 1080p DS-2CE10DF3T-FS sa mikrofonom","date":"12. o\u017eujka 2023.","format":false,"excerpt":"Visokokvalitetna slika sa 2 MP, rezolucijom 1920 \u00d7 1080 24\/7 slika u boji sa otvorom blende F1.0 Jasna slika uz jako pozadinsko svjetlo zahvaljuju\u0107i istinskoj WDR tehnologiji od 130 dB 3D DNR tehnologija daje \u010diste i o\u0161tre slike 2,8 mm, 3,6 mm fiksna \u017ei\u017ena so\u010diva Udaljenost bijelog svjetla do 20\u2026","rel":"","context":"Srodne objave","img":{"alt_text":"","src":"https:\/\/i0.wp.com\/astehshop.com\/wp-content\/uploads\/2023\/03\/DS-2CE10DF3T-F-2.jpg?fit=590%2C590&resize=350%2C200","width":350,"height":200},"classes":[]}],"_links":{"self":[{"href":"http:\/\/astehshop.com\/index.php\/wp-json\/wp\/v2\/product\/6455"}],"collection":[{"href":"http:\/\/astehshop.com\/index.php\/wp-json\/wp\/v2\/product"}],"about":[{"href":"http:\/\/astehshop.com\/index.php\/wp-json\/wp\/v2\/types\/product"}],"replies":[{"embeddable":true,"href":"http:\/\/astehshop.com\/index.php\/wp-json\/wp\/v2\/comments?post=6455"}],"wp:featuredmedia":[{"embeddable":true,"href":"http:\/\/astehshop.com\/index.php\/wp-json\/wp\/v2\/media\/6456"}],"wp:attachment":[{"href":"http:\/\/astehshop.com\/index.php\/wp-json\/wp\/v2\/media?parent=6455"}],"wp:term":[{"taxonomy":"product_cat","embeddable":true,"href":"http:\/\/astehshop.com\/index.php\/wp-json\/wp\/v2\/product_cat?post=6455"},{"taxonomy":"product_tag","embeddable":true,"href":"http:\/\/astehshop.com\/index.php\/wp-json\/wp\/v2\/product_tag?post=6455"}],"curies":[{"name":"wp","href":"https:\/\/api.w.org\/{rel}","templated":true}]}}