{"id":6427,"date":"2022-10-20T21:36:21","date_gmt":"2022-10-20T19:36:21","guid":{"rendered":"http:\/\/astehshop.com\/?post_type=product&#038;p=6427"},"modified":"2022-10-20T21:36:22","modified_gmt":"2022-10-20T19:36:22","slug":"fiksna-polica-za-soho-rack-ormare-crna","status":"publish","type":"product","link":"http:\/\/astehshop.com\/index.php\/product\/fiksna-polica-za-soho-rack-ormare-crna\/","title":{"rendered":"Fiksna polica za SOHO rack ormare, crna"},"content":{"rendered":"<p>Fiksna polica za SOHO rack ormare, crna<\/p>\n","protected":false},"excerpt":{"rendered":"<p>Fiksna polica za SOHO rack ormare, crna<\/p>\n","protected":false},"featured_media":6428,"comment_status":"open","ping_status":"closed","template":"","meta":{"_mi_skip_tracking":false,"_exactmetrics_sitenote_active":false,"_exactmetrics_sitenote_note":"","_exactmetrics_sitenote_category":0,"spay_email":""},"product_cat":[3090,4218],"product_tag":[4228,4227],"brands":[],"df_price":35,"df_sale_price":"","df_regular_price":35,"df_image_link":"https:\/\/i0.wp.com\/astehshop.com\/wp-content\/uploads\/2022\/10\/modem-raf1.jpg?fit=450%2C450","jetpack_publicize_connections":[],"jetpack_sharing_enabled":true,"jetpack_likes_enabled":true,"jetpack-related-posts":[{"id":5309,"url":"http:\/\/astehshop.com\/index.php\/product\/racksis-soho-7u-rack-ormar-crni-520x400x360mm\/","url_meta":{"origin":6427,"position":0},"title":"RACKSIS SOHO 7U rack ormar crni, 520x400x360mm","date":"10. listopada 2021.","format":false,"excerpt":"RACKSIS SOHO 7U rack ormar crni, 520x400x360mm SH07U5240D Racksis SOHO 7U rack ormar crni, 520x400x360mm \u00a0 Tip ormara: Soho\/zidni Dimenzije: 520x400x360mm Nosivost: 40 kg Boja: crna Vrata: staklena sa bravicom za zaklju\u010davanje \u00a0 - otvor za ventilatorsko polje - otvor za ulaz kablova na gornjoj i donjoj stranici, te na\u2026","rel":"","context":"Srodne objave","img":{"alt_text":"","src":"https:\/\/i1.wp.com\/astehshop.com\/wp-content\/uploads\/2021\/10\/racksis-soho-7u-rack-ormar-crni-520x400x360mm.jpg?fit=750%2C672&resize=350%2C200","width":350,"height":200},"classes":[]},{"id":5306,"url":"http:\/\/astehshop.com\/index.php\/product\/racksis-soho-4u-rack-ormar-crni-520x400x230mm\/","url_meta":{"origin":6427,"position":1},"title":"RACKSIS SOHO 4U rack ormar crni, 520x400x230mm","date":"10. listopada 2021.","format":false,"excerpt":"RACKSIS SOHO 4U rack ormar crni, 520x400x230mm Tip ormara: Soho\/zidni Dimenzije: 520x400x230mm Nosivost: 40 kg Boja: crna Vrata: staklena sa bravicom za zaklju\u010davanje \u00a0 - otvor za ventilatorsko polje - otvor za ulaz kablova na gornjoj i donjoj stranici, te na sredini stra\u017enje stranice - jednostavno pri\u010dvr\u0161\u0107ivanje na zid -\u2026","rel":"","context":"Srodne objave","img":{"alt_text":"","src":"https:\/\/i0.wp.com\/astehshop.com\/wp-content\/uploads\/2021\/10\/racksis-soho-4u-rack-ormar-crni-520x400x230mm.jpg?fit=1200%2C1053&resize=350%2C200","width":350,"height":200},"classes":[]},{"id":5311,"url":"http:\/\/astehshop.com\/index.php\/product\/racksis-soho-9u-rack-ormar-crni-520x400x450mm\/","url_meta":{"origin":6427,"position":2},"title":"RACKSIS SOHO 9U rack ormar crni, 520x400x450mm","date":"10. listopada 2021.","format":false,"excerpt":"RACKSIS SOHO 9U rack ormar crni, 520x400x450mm \u00a0 SH09U5240D Racksis SOHO 9U rack ormar crni, 520x400x450mm Tip ormara: Soho\/zidni Dimenzije: 520x400x450mm Nosivost: 40 kg Boja: crna Vrata: staklena sa bravicom za zaklju\u010davanje \u00a0 - otvor za ventilatorsko polje - otvor za ulaz kablova na gornjoj i donjoj stranici, te na\u2026","rel":"","context":"Srodne objave","img":{"alt_text":"","src":"https:\/\/i0.wp.com\/astehshop.com\/wp-content\/uploads\/2021\/10\/racksis-soho-9u-rack-ormar-crni-520x400x450mm.jpg?fit=1158%2C1040&resize=350%2C200","width":350,"height":200},"classes":[]},{"id":5313,"url":"http:\/\/astehshop.com\/index.php\/product\/racksis-soho-12u-rack-ormar-crni-520x400x585mm\/","url_meta":{"origin":6427,"position":3},"title":"RACKSIS SOHO 12U rack ormar crni, 520x400x585mm","date":"10. listopada 2021.","format":false,"excerpt":"SH12U5240D Racksis SOHO 12U rack ormar crni, 520x400x585mm Tip ormara: Soho\/zidni Dimenzije: 520x400x585mm Nosivost: 40 kg Boja: crna Vrata: staklo \u00a0 - otvor za ventilatorsko polje - otvor za ulaz kablova na gornjoj i donjoj stranici, te na sredini stra\u017enje stranice - jednostavno pri\u010dvr\u0161\u0107ivanje na zid - jedan red 19\u201c\u2026","rel":"","context":"Srodne objave","img":{"alt_text":"","src":"https:\/\/i1.wp.com\/astehshop.com\/wp-content\/uploads\/2021\/10\/racksis-rack-12u.jpg?fit=694%2C670&resize=350%2C200","width":350,"height":200},"classes":[]},{"id":11844,"url":"http:\/\/astehshop.com\/index.php\/product\/lande-pandora-serija-4u\/","url_meta":{"origin":6427,"position":4},"title":"Lande Pandora serija 4U","date":"12. listopada 2025.","format":false,"excerpt":"PANDORA SOHO serija je predvi\u0111ena za zidnu monta\u017eu\u00a0 540 x 400 mm. Dostupan u be\u017e boji","rel":"","context":"Srodne objave","img":{"alt_text":"","src":"https:\/\/i2.wp.com\/astehshop.com\/wp-content\/uploads\/2025\/10\/lande-4u-i-7u.jpeg?fit=225%2C225&resize=350%2C200","width":350,"height":200},"classes":[]},{"id":7751,"url":"http:\/\/astehshop.com\/index.php\/product\/dvr520-racksis-dvr-zidni-rack-ormar-crni\/","url_meta":{"origin":6427,"position":5},"title":"DVR520 Racksis DVR zidni rack ormar crni","date":"13. svibnja 2023.","format":false,"excerpt":"\u00a0 DVR520 Racksis DVR zidni rack ormar crni, 500x430x120mm Tip ormara: zidni Dimenzije: 500x430x120mm Nosivost: 40 kg Boja: crna \u00a0 za male sisteme mre\u017ee ili videonadzora namijenjen za smje\u0161taj DVR\/NVR-a, switch-a ili sli\u010dne opreme podesive \u0161ine na vratima za fiksiranje opreme sa svih strana bo\u010dni ventilacijski otvori","rel":"","context":"Srodne objave","img":{"alt_text":"","src":"https:\/\/i2.wp.com\/astehshop.com\/wp-content\/uploads\/2023\/05\/dvr-box-1-scaled.jpg?fit=1190%2C1200&resize=350%2C200","width":350,"height":200},"classes":[]}],"_links":{"self":[{"href":"http:\/\/astehshop.com\/index.php\/wp-json\/wp\/v2\/product\/6427"}],"collection":[{"href":"http:\/\/astehshop.com\/index.php\/wp-json\/wp\/v2\/product"}],"about":[{"href":"http:\/\/astehshop.com\/index.php\/wp-json\/wp\/v2\/types\/product"}],"replies":[{"embeddable":true,"href":"http:\/\/astehshop.com\/index.php\/wp-json\/wp\/v2\/comments?post=6427"}],"wp:featuredmedia":[{"embeddable":true,"href":"http:\/\/astehshop.com\/index.php\/wp-json\/wp\/v2\/media\/6428"}],"wp:attachment":[{"href":"http:\/\/astehshop.com\/index.php\/wp-json\/wp\/v2\/media?parent=6427"}],"wp:term":[{"taxonomy":"product_cat","embeddable":true,"href":"http:\/\/astehshop.com\/index.php\/wp-json\/wp\/v2\/product_cat?post=6427"},{"taxonomy":"product_tag","embeddable":true,"href":"http:\/\/astehshop.com\/index.php\/wp-json\/wp\/v2\/product_tag?post=6427"}],"curies":[{"name":"wp","href":"https:\/\/api.w.org\/{rel}","templated":true}]}}