{"id":6426,"date":"2022-10-20T21:34:24","date_gmt":"2022-10-20T19:34:24","guid":{"rendered":"http:\/\/astehshop.com\/?post_type=product&#038;p=6426"},"modified":"2022-10-20T21:34:24","modified_gmt":"2022-10-20T19:34:24","slug":"patch-panel-24-portni-cat6-utp-sa-24-modula","status":"publish","type":"product","link":"http:\/\/astehshop.com\/index.php\/product\/patch-panel-24-portni-cat6-utp-sa-24-modula\/","title":{"rendered":"Patch panel 24 portni, CAT6 UTP, sa 24 modula"},"content":{"rendered":"<table class=\"NormalTable\">\n<tbody>\n<tr>\n<td width=\"200\"><span class=\"fontstyle0\">patch panel 24 portni,<br \/>\nCAT6 UTP, sa 24 modula<\/span><\/td>\n<\/tr>\n<\/tbody>\n<\/table>\n<p>&nbsp;<\/p>\n","protected":false},"excerpt":{"rendered":"<table class=\"NormalTable\">\n<tbody>\n<tr>\n<td width=\"200\"><span class=\"fontstyle0\">patch panel 24 portni,<br \/>\nCAT6 UTP, sa 24 modula<\/span><\/td>\n<\/tr>\n<\/tbody>\n<\/table>\n<p>&nbsp;<\/p>\n","protected":false},"featured_media":6425,"comment_status":"open","ping_status":"closed","template":"","meta":{"_mi_skip_tracking":false,"_exactmetrics_sitenote_active":false,"_exactmetrics_sitenote_note":"","_exactmetrics_sitenote_category":0,"spay_email":""},"product_cat":[3090,4218],"product_tag":[4225,4224,4226],"brands":[],"df_price":120,"df_sale_price":"","df_regular_price":120,"df_image_link":"https:\/\/i2.wp.com\/astehshop.com\/wp-content\/uploads\/2022\/10\/PATCH-PANELS-655x422-1.jpg?fit=450%2C290","jetpack_publicize_connections":[],"jetpack_sharing_enabled":true,"jetpack_likes_enabled":true,"jetpack-related-posts":[{"id":6424,"url":"http:\/\/astehshop.com\/index.php\/product\/patch-panel-24-portni-cat6-utp-modularni\/","url_meta":{"origin":6426,"position":0},"title":"Patch panel 24 portni, CAT6 UTP, modularni","date":"20. listopada 2022.","format":false,"excerpt":"Patch panel 24 portni, CAT6 UTP, modularni","rel":"","context":"Srodne objave","img":{"alt_text":"","src":"https:\/\/i2.wp.com\/astehshop.com\/wp-content\/uploads\/2022\/10\/PATCH-PANELS-655x422-1.jpg?fit=971%2C626&resize=350%2C200","width":350,"height":200},"classes":[]},{"id":5389,"url":"http:\/\/astehshop.com\/index.php\/product\/mrezni-kabal-utp-cat6-305-metara-bunt\/","url_meta":{"origin":6426,"position":1},"title":"Mre\u017eni kabal UTP-CAT6 305 metara bunt","date":"11. listopada 2021.","format":false,"excerpt":"UTP Cat6 lan cable, Conductor: 0.5mm CCA, Boja: Plava, Du\u017eina: 305m\/kutija, Pakovanje: CPU kutija, te\u017eina 9,65 kg","rel":"","context":"Srodne objave","img":{"alt_text":"","src":"https:\/\/i2.wp.com\/astehshop.com\/wp-content\/uploads\/2021\/10\/ccs-cat5e-utp-cable-lszh-outer-sheath.jpg?fit=800%2C800&resize=350%2C200","width":350,"height":200},"classes":[]},{"id":5065,"url":"http:\/\/astehshop.com\/index.php\/product\/dvc-24-portni-poe-switch-das-3242p\/","url_meta":{"origin":6426,"position":2},"title":"DVC 24 portni POE switch DAS-3242P","date":"21. studenoga 2020.","format":false,"excerpt":"24-port PoE switch + 2 x uplink port. 24 x 10\/100\/100 Base-T(PoE power supply) every port 15W, up to 390W, 2 x 10\/100\/1000 Base-T uplink, 1 x 100\/1000 Base-X Combo,,PoE protocol: IEEE802.3af, IEEE802.3at, 230V AC.","rel":"","context":"Srodne objave","img":{"alt_text":"","src":"https:\/\/i2.wp.com\/astehshop.com\/wp-content\/uploads\/2020\/11\/DAS-3242P-1.png?fit=1200%2C564&resize=350%2C200","width":350,"height":200},"classes":[]},{"id":8141,"url":"http:\/\/astehshop.com\/index.php\/product\/cudy-24-port-gigabit-ethernet-switch-model-gs1024\/","url_meta":{"origin":6426,"position":3},"title":"Cudy 24-Port Gigabit Ethernet Switch, Model: GS1024","date":"24. kolovoza 2023.","format":false,"excerpt":"24-Port Gigabit Switch GS1024 U skladu je sa IEEE 802.3, IEEE 802.3u, IEEE802.3x i IEEE 802.3ab standardima 24 10\/100\/1000Mbps Auto-Negotiation, Auto-MDI\/MDIX portovi pru\u017eaju pametno prebacivanje izme\u0111u 10Mbps, 100Mbps i 1000Mbps hardvera Arhitektura komutacije bez blokiranja omogu\u0107ava proslje\u0111ivanje i filtriranje paketa full-wire brzine Metod prebacivanja Store-and-Forward Podr\u017eava 16K MAC adresu automatskog\u2026","rel":"","context":"Srodne objave","img":{"alt_text":"","src":"https:\/\/i0.wp.com\/astehshop.com\/wp-content\/uploads\/2023\/08\/Prednja-strana-2.jpg?fit=1200%2C1162&resize=350%2C200","width":350,"height":200},"classes":[]},{"id":5392,"url":"http:\/\/astehshop.com\/index.php\/product\/mrezni-kabal-cat6e-outdoor-vanjski-305-metara-bunt\/","url_meta":{"origin":6426,"position":4},"title":"Mre\u017eni kabal CAT6E-OUTDOOR vanjski 305 Metara bunt","date":"11. listopada 2021.","format":false,"excerpt":"UTP Cat6 outdoor cable, Conductor: 0.5mm CCA, Boja: Crna, Du\u017eina: 305m\/drveni kolut, te\u017eina: 11,075 kg","rel":"","context":"Srodne objave","img":{"alt_text":"","src":"https:\/\/i2.wp.com\/astehshop.com\/wp-content\/uploads\/2021\/10\/ccs-cat5e-utp-cable-lszh-outer-sheath.jpg?fit=800%2C800&resize=350%2C200","width":350,"height":200},"classes":[]},{"id":6268,"url":"http:\/\/astehshop.com\/index.php\/product\/hikvision-poe-24-portni-switch-ds-3e1326p-ei\/","url_meta":{"origin":6426,"position":5},"title":"HikVision POE 24 portni switch DS-3E1326P-EI","date":"9. travnja 2022.","format":false,"excerpt":"24 \u00d7 100 Mbps PoE RJ45 ports, 2 \u00d7 gigabit combos. IEEE 802.3at\/af standard for PoE ports. Network topology management, alarm push, network health monitor. 6 KV surge protection for PoE ports. AF\/AT camera can reach up to 300 m in extend mode. Available models: DS-3E1326P-EI","rel":"","context":"Srodne objave","img":{"alt_text":"","src":"https:\/\/i2.wp.com\/astehshop.com\/wp-content\/uploads\/2022\/04\/DS-3E1326P-EI.jpg?fit=1200%2C516&resize=350%2C200","width":350,"height":200},"classes":[]}],"_links":{"self":[{"href":"http:\/\/astehshop.com\/index.php\/wp-json\/wp\/v2\/product\/6426"}],"collection":[{"href":"http:\/\/astehshop.com\/index.php\/wp-json\/wp\/v2\/product"}],"about":[{"href":"http:\/\/astehshop.com\/index.php\/wp-json\/wp\/v2\/types\/product"}],"replies":[{"embeddable":true,"href":"http:\/\/astehshop.com\/index.php\/wp-json\/wp\/v2\/comments?post=6426"}],"wp:featuredmedia":[{"embeddable":true,"href":"http:\/\/astehshop.com\/index.php\/wp-json\/wp\/v2\/media\/6425"}],"wp:attachment":[{"href":"http:\/\/astehshop.com\/index.php\/wp-json\/wp\/v2\/media?parent=6426"}],"wp:term":[{"taxonomy":"product_cat","embeddable":true,"href":"http:\/\/astehshop.com\/index.php\/wp-json\/wp\/v2\/product_cat?post=6426"},{"taxonomy":"product_tag","embeddable":true,"href":"http:\/\/astehshop.com\/index.php\/wp-json\/wp\/v2\/product_tag?post=6426"}],"curies":[{"name":"wp","href":"https:\/\/api.w.org\/{rel}","templated":true}]}}