{"id":6419,"date":"2022-10-20T21:23:56","date_gmt":"2022-10-20T19:23:56","guid":{"rendered":"http:\/\/astehshop.com\/?post_type=product&#038;p=6419"},"modified":"2022-10-20T21:23:57","modified_gmt":"2022-10-20T19:23:57","slug":"napojna-letva-sa-prenaponskom-zastitom-3-izlaza-suko","status":"publish","type":"product","link":"http:\/\/astehshop.com\/index.php\/product\/napojna-letva-sa-prenaponskom-zastitom-3-izlaza-suko\/","title":{"rendered":"Napojna letva sa prenaponskom za\u0161titom, 3 izlaza \u0161uko"},"content":{"rendered":"<p>Napojna letva sa prenaponskom za\u0161titom, 3 izlaza \u0161uko<\/p>\n","protected":false},"excerpt":{"rendered":"<p>Napojna letva sa prenaponskom za\u0161titom, 3 izlaza \u0161uko<\/p>\n","protected":false},"featured_media":6420,"comment_status":"open","ping_status":"closed","template":"","meta":{"_mi_skip_tracking":false,"_exactmetrics_sitenote_active":false,"_exactmetrics_sitenote_note":"","_exactmetrics_sitenote_category":0,"spay_email":""},"product_cat":[3090,4218],"product_tag":[4219,4221,4220],"brands":[],"df_price":46,"df_sale_price":"","df_regular_price":46,"df_image_link":"https:\/\/i1.wp.com\/astehshop.com\/wp-content\/uploads\/2022\/10\/pdu-1.jpg?fit=450%2C356","jetpack_publicize_connections":[],"jetpack_sharing_enabled":true,"jetpack_likes_enabled":true,"jetpack-related-posts":[{"id":6423,"url":"http:\/\/astehshop.com\/index.php\/product\/napojna-letva-sa-prenaponskom-zastitom-12-izlaza-suko\/","url_meta":{"origin":6419,"position":0},"title":"Napojna letva sa prenaponskom za\u0161titom, 12 izlaza \u0161uko","date":"20. listopada 2022.","format":false,"excerpt":"Napojna letva sa prenaponskom za\u0161titom, 12 izlaza \u0161uko","rel":"","context":"Srodne objave","img":{"alt_text":"","src":"https:\/\/i1.wp.com\/astehshop.com\/wp-content\/uploads\/2022\/10\/pdu-1.jpg?fit=998%2C789&resize=350%2C200","width":350,"height":200},"classes":[]},{"id":6422,"url":"http:\/\/astehshop.com\/index.php\/product\/napojna-letva-sa-prenaponskom-zastitom-9-izlaza-suko\/","url_meta":{"origin":6419,"position":1},"title":"Napojna letva sa prenaponskom za\u0161titom, 9 izlaza \u0161uko","date":"20. listopada 2022.","format":false,"excerpt":"Napojna letva sa prenaponskom za\u0161titom, 9 izlaza \u0161uko","rel":"","context":"Srodne objave","img":{"alt_text":"","src":"https:\/\/i1.wp.com\/astehshop.com\/wp-content\/uploads\/2022\/10\/pdu-1.jpg?fit=998%2C789&resize=350%2C200","width":350,"height":200},"classes":[]},{"id":6421,"url":"http:\/\/astehshop.com\/index.php\/product\/napojna-letva-sa-prenap-zastitom-6-izlaza-suko\/","url_meta":{"origin":6419,"position":2},"title":"Napojna letva sa prenap. za\u0161titom, 6 izlaza \u0161uko","date":"20. listopada 2022.","format":false,"excerpt":"napojna letva sa prenap. za\u0161titom, 6 izlaza \u0161uko \u00a0","rel":"","context":"Srodne objave","img":{"alt_text":"","src":"https:\/\/i1.wp.com\/astehshop.com\/wp-content\/uploads\/2022\/10\/pdu-1.jpg?fit=998%2C789&resize=350%2C200","width":350,"height":200},"classes":[]},{"id":9186,"url":"http:\/\/astehshop.com\/index.php\/product\/dahua-napajanje-dh-pfm340-5ch-za-video-nadzor-2\/","url_meta":{"origin":6419,"position":3},"title":"Dahua napajanje DH-PFM340-5CH za video nadzor","date":"14. o\u017eujka 2024.","format":false,"excerpt":"5-kanalna razvodna kutija za napajanje sigurnosne kamere sa individualnim LED indikatorom izlaza i metalnim ku\u0107i\u0161tem sa klju\u010dem za zaklju\u010davanje kako bi se sprije\u010dio neovla\u0161teni pristup. >\u0160iroki ulazni napon: AC90~264Vac, ispunjava zahtjeve u razli\u010ditim dijelovima za fluktuacije elektri\u010dne mre\u017ee. >Visoka kvaliteta i pouzdanost: pro\u0107i 100% ispitivanje kvalitete i 3 mjeseca testa\u2026","rel":"","context":"Srodne objave","img":{"alt_text":"","src":"https:\/\/i2.wp.com\/astehshop.com\/wp-content\/uploads\/2024\/03\/box-di-distribuzione-con-protezione-sovratensioni-dahua-pfm340-5ch-pfm340-5chdc12v4a-alimentatore-distribuito-cctv-a-5-canalisca.jpg?fit=800%2C800&resize=350%2C200","width":350,"height":200},"classes":[]},{"id":9188,"url":"http:\/\/astehshop.com\/index.php\/product\/dahua-stabilisano-napajanje-pfm341-9ch-9-kanala\/","url_meta":{"origin":6419,"position":4},"title":"Dahua stabilisano napajanje PFM341-9CH 9 kanala","date":"14. o\u017eujka 2024.","format":false,"excerpt":"DC12V5A 9-kanalni CCTV Distributed Power Box >9-kanalna razvodna kutija za napajanje sigurnosne kamere sa individualnim LED indikatorom izlaza i metalnim ku\u0107i\u0161tem sa klju\u010dem za zaklju\u010davanje kako bi se sprije\u010dio neovla\u0161teni pristup. >\u0160iroki ulazni napon: AC90~264Vac, ispunjava zahtjeve u razli\u010ditim dijelovima za fluktuacije elektri\u010dne mre\u017ee. >Visoka kvaliteta i pouzdanost: pro\u0107i 100%\u2026","rel":"","context":"Srodne objave","img":{"alt_text":"","src":"https:\/\/i2.wp.com\/astehshop.com\/wp-content\/uploads\/2024\/03\/DH-PFM341-9CH-2.png?fit=600%2C600&resize=350%2C200","width":350,"height":200},"classes":[]},{"id":10996,"url":"http:\/\/astehshop.com\/index.php\/product\/produzni-kabl-10x-suko-3xusb-1xusb-c\/","url_meta":{"origin":6419,"position":5},"title":"PRODU\u017dNI KABL 10x \u0160uko 3xUSB 1xUSB-C","date":"14. srpnja 2025.","format":false,"excerpt":"AC klasa: 230V, 16A, 3680W Vrsta kabla: 3G 1,5mm2 Du\u017eina kabla: 2m Broj Schuko uti\u010dnica: 10 USB izlaz: 3x USB-A + 1x USB-C USB-C PD: 20W (5V 3A 9V 2A12V 1,66A) Ukupna snaga USB izlaza (USB-A + USB-C): 15,5W","rel":"","context":"Srodne objave","img":{"alt_text":"","src":"https:\/\/i1.wp.com\/astehshop.com\/wp-content\/uploads\/2025\/07\/exts-10s2m-prot_1.jpg?fit=1024%2C768&resize=350%2C200","width":350,"height":200},"classes":[]}],"_links":{"self":[{"href":"http:\/\/astehshop.com\/index.php\/wp-json\/wp\/v2\/product\/6419"}],"collection":[{"href":"http:\/\/astehshop.com\/index.php\/wp-json\/wp\/v2\/product"}],"about":[{"href":"http:\/\/astehshop.com\/index.php\/wp-json\/wp\/v2\/types\/product"}],"replies":[{"embeddable":true,"href":"http:\/\/astehshop.com\/index.php\/wp-json\/wp\/v2\/comments?post=6419"}],"wp:featuredmedia":[{"embeddable":true,"href":"http:\/\/astehshop.com\/index.php\/wp-json\/wp\/v2\/media\/6420"}],"wp:attachment":[{"href":"http:\/\/astehshop.com\/index.php\/wp-json\/wp\/v2\/media?parent=6419"}],"wp:term":[{"taxonomy":"product_cat","embeddable":true,"href":"http:\/\/astehshop.com\/index.php\/wp-json\/wp\/v2\/product_cat?post=6419"},{"taxonomy":"product_tag","embeddable":true,"href":"http:\/\/astehshop.com\/index.php\/wp-json\/wp\/v2\/product_tag?post=6419"}],"curies":[{"name":"wp","href":"https:\/\/api.w.org\/{rel}","templated":true}]}}