{"id":6396,"date":"2022-10-06T19:44:47","date_gmt":"2022-10-06T17:44:47","guid":{"rendered":"http:\/\/astehshop.com\/?post_type=product&#038;p=6396"},"modified":"2024-02-18T10:14:16","modified_gmt":"2024-02-18T09:14:16","slug":"ajax-doorprotect-bl","status":"publish","type":"product","link":"http:\/\/astehshop.com\/index.php\/product\/ajax-doorprotect-bl\/","title":{"rendered":"AJAX DoorProtect BL"},"content":{"rendered":"<table id=\"ContentPlaceHolder1_GridViewTechnicalCharacteristics\" class=\"table table-striped\" cellspacing=\"0\">\n<tbody>\n<tr>\n<td>Proizvo\u0111a\u010d<\/td>\n<td>AJAX<\/td>\n<\/tr>\n<tr>\n<td>Tehnologija<\/td>\n<td>Be\u017ei\u010dna<\/td>\n<\/tr>\n<tr>\n<td>Be\u017ei\u010dna frekvencija<\/td>\n<td>868 MHz<\/td>\n<\/tr>\n<tr>\n<td>Be\u017ei\u010dna komunikacija<\/td>\n<td>Dvosmjerna<\/td>\n<\/tr>\n<tr>\n<td>Dimenzije<\/td>\n<td>\u00d820 x 90 mm<\/td>\n<\/tr>\n<tr>\n<td>Stupanj sigurnosti<\/td>\n<td>Grade 2<\/td>\n<\/tr>\n<tr>\n<td>Napajanje<\/td>\n<td>Baterijsko 1 x 3V, tip CR123A<\/td>\n<\/tr>\n<tr>\n<td>Ugradnja<\/td>\n<td>Unutra\u0161nja<\/td>\n<\/tr>\n<tr>\n<td>Detekcija<\/td>\n<td>Otvaranje &#8211; Zatvaranje<\/td>\n<\/tr>\n<tr>\n<td>Metoda detekcije<\/td>\n<td>1 x REED \/ 1 x AUX<\/td>\n<\/tr>\n<tr>\n<td>Monta\u017ea<\/td>\n<td>Nadgradni<\/td>\n<\/tr>\n<tr>\n<td>Domet detekcije<\/td>\n<td>20 mm<\/td>\n<\/tr>\n<tr>\n<td>LED signalizacija<\/td>\n<td>DA<\/td>\n<\/tr>\n<tr>\n<td>Tamper<\/td>\n<td>DA<\/td>\n<\/tr>\n<tr>\n<td>Te\u017eina<\/td>\n<td>29 g<\/td>\n<\/tr>\n<tr>\n<td>Alarmni ulaz<\/td>\n<td>NC<\/td>\n<\/tr>\n<tr>\n<td>Tip \/ ku\u0107i\u0161te<\/td>\n<td>Plasti\u010dno<\/td>\n<\/tr>\n<\/tbody>\n<\/table>\n<p>&nbsp;<\/p>\n<iframe  id=\"_ytid_47514\"  width=\"480\" height=\"270\"  data-origwidth=\"480\" data-origheight=\"270\"  src=\"https:\/\/www.youtube.com\/embed\/4WO6r7OdViw?enablejsapi=1&autoplay=0&cc_load_policy=0&cc_lang_pref=&iv_load_policy=1&loop=0&modestbranding=0&rel=1&fs=1&playsinline=0&autohide=2&theme=dark&color=red&controls=1&\" class=\"__youtube_prefs__  no-lazyload\" title=\"YouTube player\"  allow=\"autoplay; encrypted-media\" allowfullscreen data-no-lazy=\"1\" data-skipgform_ajax_framebjll=\"\"><\/iframe>\n","protected":false},"excerpt":{"rendered":"<table id=\"ContentPlaceHolder1_GridViewTechnicalCharacteristics\" class=\"table table-striped\" cellspacing=\"0\">\n<tbody>\n<tr>\n<td>Proizvo\u0111a\u010d<\/td>\n<td>AJAX<\/td>\n<\/tr>\n<tr>\n<td>Tehnologija<\/td>\n<td>Be\u017ei\u010dna<\/td>\n<\/tr>\n<tr>\n<td>Be\u017ei\u010dna frekvencija<\/td>\n<td>868 MHz<\/td>\n<\/tr>\n<tr>\n<td>Be\u017ei\u010dna komunikacija<\/td>\n<td>Dvosmjerna<\/td>\n<\/tr>\n<tr>\n<td>Dimenzije<\/td>\n<td>\u00d820 x 90 mm<\/td>\n<\/tr>\n<tr>\n<td>Stupanj sigurnosti<\/td>\n<td>Grade 2<\/td>\n<\/tr>\n<tr>\n<td>Napajanje<\/td>\n<td>Baterijsko 1 x 3V, tip CR123A<\/td>\n<\/tr>\n<tr>\n<td>Ugradnja<\/td>\n<td>Unutra\u0161nja<\/td>\n<\/tr>\n<tr>\n<td>Detekcija<\/td>\n<td>Otvaranje &#8211; Zatvaranje<\/td>\n<\/tr>\n<tr>\n<td>Metoda detekcije<\/td>\n<td>1 x REED \/ 1 x AUX<\/td>\n<\/tr>\n<tr>\n<td>Monta\u017ea<\/td>\n<td>Nadgradni<\/td>\n<\/tr>\n<tr>\n<td>Domet detekcije<\/td>\n<td>20 mm<\/td>\n<\/tr>\n<tr>\n<td>LED signalizacija<\/td>\n<td>DA<\/td>\n<\/tr>\n<tr>\n<td>Tamper<\/td>\n<td>DA<\/td>\n<\/tr>\n<tr>\n<td>Te\u017eina<\/td>\n<td>29 g<\/td>\n<\/tr>\n<tr>\n<td>Alarmni ulaz<\/td>\n<td>NC<\/td>\n<\/tr>\n<tr>\n<td>Tip \/ ku\u0107i\u0161te<\/td>\n<td>Plasti\u010dno<\/td>\n<\/tr>\n<\/tbody>\n<\/table>\n<p>&nbsp;<\/p>\n[embedyt] https:\/\/www.youtube.com\/watch?v=4WO6r7OdViw[\/embedyt]\n","protected":false},"featured_media":6397,"comment_status":"open","ping_status":"closed","template":"","meta":{"_mi_skip_tracking":false,"_exactmetrics_sitenote_active":false,"_exactmetrics_sitenote_note":"","_exactmetrics_sitenote_category":0,"spay_email":""},"product_cat":[2173,4415],"product_tag":[4210],"brands":[{"id":2473,"name":"AJAX","slug":"ajax"}],"df_price":83,"df_sale_price":"","df_regular_price":83,"df_image_link":"https:\/\/i2.wp.com\/astehshop.com\/wp-content\/uploads\/2022\/10\/magnetic-detector-and-wireless-vibration-detector-ajax-doorprotect-plus-black.jpg?fit=394%2C450","jetpack_publicize_connections":[],"jetpack_sharing_enabled":true,"jetpack_likes_enabled":true,"jetpack-related-posts":[{"id":6398,"url":"http:\/\/astehshop.com\/index.php\/product\/ajax-doorprotectplus-bl-ili-wh-bijeli-i-crni\/","url_meta":{"origin":6396,"position":0},"title":"AJAX DoorProtectPlus BL ili WH ( bijeli i crni )","date":"6. listopada 2022.","format":false,"excerpt":"Proizvo\u0111a\u010d AJAX Tehnologija Be\u017ei\u010dna Be\u017ei\u010dna frekvencija 868 MHz Be\u017ei\u010dna komunikacija Dvosmjerna Dimenzije \u00d820 x 90 mm Stupanj sigurnosti Grade 2 Napajanje Baterijsko 1 x 3V, tip CR123A Ugradnja Unutra\u0161nja Detekcija Vibracija \/ Otvaranje - Zatvaranje Metoda detekcije detektor vibracija \/ Reed Monta\u017ea Nadgradni Domet detekcije 20 mm LED signalizacija DA\u2026","rel":"","context":"Srodne objave","img":{"alt_text":"","src":"https:\/\/i1.wp.com\/astehshop.com\/wp-content\/uploads\/2022\/10\/magnetic-detector-and-wireless-vibration-detector-ajax-doorprotect-plus-black-1.jpg?fit=1050%2C1200&resize=350%2C200","width":350,"height":200},"classes":[]},{"id":6400,"url":"http:\/\/astehshop.com\/index.php\/product\/ajax-doublebutton\/","url_meta":{"origin":6396,"position":1},"title":"AJAX DoubleButton","date":"6. listopada 2022.","format":false,"excerpt":"roizvo\u0111a\u010d AJAX Tehnologija Be\u017ei\u010dna Be\u017ei\u010dna frekvencija 868 MHz Be\u017ei\u010dna komunikacija Dvosmjerna Dimenzije 47 x 35 x 13 mm Napajanje baterijsko 1 x 3V, tip CR2032 Ugradnja Unutra\u0161nja Detekcija Hitnosti Metoda detekcije Tipka Monta\u017ea privjesak ili nadgradni LED signalizacija Da Te\u017eina 16 g Tip \/ ku\u0107i\u0161te Plasti\u010dno \u00a0","rel":"","context":"Srodne objave","img":{"alt_text":"","src":"","width":0,"height":0},"classes":[]},{"id":4954,"url":"http:\/\/astehshop.com\/index.php\/product\/ajax-button\/","url_meta":{"origin":6396,"position":2},"title":"AJAX Button","date":"6. studenoga 2020.","format":false,"excerpt":"Wireless panic button - black \u00a0 Proizvo\u0111a\u010d AJAX Tehnologija Be\u017ei\u010dni Be\u017ei\u010dna frekvencija 868 MHz Be\u017ei\u010dna komunikacija Dvosmjerna Dimenzije 47 x 35 x 13 mm Napajanje baterijsko 1 x 3V, tip CR2032 Ugradnja Unutra\u0161nja Detekcija Hitnosti Metoda detekcije Tipka Monta\u017ea privjesak ili nadgradni LED signalizacija Da Te\u017eina 16 g Tip \/\u2026","rel":"","context":"Srodne objave","img":{"alt_text":"","src":"https:\/\/i1.wp.com\/astehshop.com\/wp-content\/uploads\/2020\/11\/ajax-button.png?fit=900%2C900&resize=350%2C200","width":350,"height":200},"classes":[]},{"id":4524,"url":"http:\/\/astehshop.com\/index.php\/product\/bezicni-detektor-loma-stakla-dometa-9m-crni-ajax-gp-bl\/","url_meta":{"origin":6396,"position":3},"title":"Be\u017ei\u010dni detektor loma stakla dometa 9m Crni AJAX-GP-BL GlassProtect","date":"4. svibnja 2020.","format":false,"excerpt":"Model: AJAX GlassProtect BL Be\u017ei\u010dni detektor loma stakla dometa 9m Crne boje, Be\u017ei\u010dna frekvencija 868Mhz, Dvosmjerna be\u017ei\u010dna komunikacija, Dimenzije O20 x 90 mm, Stupanj sigurnosti Grade 2, Baterijsko napajanje, 1x3V, tip CR123A, Unutra\u0161nja ugradnja, GB Metoda detekcije, Zidna ili stropna monta\u017ea, Visina monta\u017ee 2,2m Pode\u0161avanje osjetljivosti putem centrale, LED signalizacija,\u2026","rel":"","context":"Srodne objave","img":{"alt_text":"","src":"https:\/\/i0.wp.com\/astehshop.com\/wp-content\/uploads\/2020\/05\/AJAX-GP-BL-11.jpg?fit=1200%2C650&resize=350%2C200","width":350,"height":200},"classes":[]},{"id":4535,"url":"http:\/\/astehshop.com\/index.php\/product\/detektor-izljeva-vode-bijele-boje-ajax-lp-wh\/","url_meta":{"origin":6396,"position":4},"title":"Detektor izljeva vode bijele boje AJAX-LP-WH LeakProtect","date":"4. svibnja 2020.","format":false,"excerpt":"Model: AJAX LeaksProtect WH Be\u017ei\u010dna tehnologija, Be\u017ei\u010dna frekvencija 868MHz, Dvosmjerna be\u017ei\u010dna komunikacija, Unutra\u0161nja ugradnja, Detekcija poplave, Metoda detekcije - otpor kruga. IP65 Za\u0161tita, LED i zvu\u010dna signalizacija, Dimenzije 60 x 60 x 14 mm, Napajanje Baterijsko 2 x AAA","rel":"","context":"Srodne objave","img":{"alt_text":"","src":"https:\/\/i1.wp.com\/astehshop.com\/wp-content\/uploads\/2020\/05\/AJAX-LP-WH.png?fit=731%2C680&resize=350%2C200","width":350,"height":200},"classes":[]},{"id":4950,"url":"http:\/\/astehshop.com\/index.php\/product\/ajax-combiprotect\/","url_meta":{"origin":6396,"position":5},"title":"AJAX CombiProtect","date":"6. studenoga 2020.","format":false,"excerpt":"Be\u017ei\u010dni detektor pokreta dometa 12m neosjetljiv na ku\u0107ne ljubimce i loma stakla dometa 9m. Proizvo\u0111a\u010d AJAX Tehnologija Be\u017ei\u010dna Be\u017ei\u010dna frekvencija 868Mhz Be\u017ei\u010dna komunikacija Dvosmjerna Dimenzije 110 x 65 x 50 mm Stupanj sigurnosti Grade 2 Napajanje Baterijsko, 1 x 3V, tipCR123A Ugradnja Unutra\u0161nja Metoda detekcije PIR \/ GB Monta\u017ea Zidna\u2026","rel":"","context":"Srodne objave","img":{"alt_text":"","src":"https:\/\/i1.wp.com\/astehshop.com\/wp-content\/uploads\/2020\/11\/AJAX-CombiProtect-BL.jpg?fit=600%2C444&resize=350%2C200","width":350,"height":200},"classes":[]}],"_links":{"self":[{"href":"http:\/\/astehshop.com\/index.php\/wp-json\/wp\/v2\/product\/6396"}],"collection":[{"href":"http:\/\/astehshop.com\/index.php\/wp-json\/wp\/v2\/product"}],"about":[{"href":"http:\/\/astehshop.com\/index.php\/wp-json\/wp\/v2\/types\/product"}],"replies":[{"embeddable":true,"href":"http:\/\/astehshop.com\/index.php\/wp-json\/wp\/v2\/comments?post=6396"}],"wp:featuredmedia":[{"embeddable":true,"href":"http:\/\/astehshop.com\/index.php\/wp-json\/wp\/v2\/media\/6397"}],"wp:attachment":[{"href":"http:\/\/astehshop.com\/index.php\/wp-json\/wp\/v2\/media?parent=6396"}],"wp:term":[{"taxonomy":"product_cat","embeddable":true,"href":"http:\/\/astehshop.com\/index.php\/wp-json\/wp\/v2\/product_cat?post=6396"},{"taxonomy":"product_tag","embeddable":true,"href":"http:\/\/astehshop.com\/index.php\/wp-json\/wp\/v2\/product_tag?post=6396"}],"curies":[{"name":"wp","href":"https:\/\/api.w.org\/{rel}","templated":true}]}}