{"id":6393,"date":"2022-10-06T19:41:06","date_gmt":"2022-10-06T17:41:06","guid":{"rendered":"http:\/\/astehshop.com\/?post_type=product&#038;p=6393"},"modified":"2024-01-13T19:53:45","modified_gmt":"2024-01-13T18:53:45","slug":"ajax-hub2-plus-wh","status":"publish","type":"product","link":"http:\/\/astehshop.com\/index.php\/product\/ajax-hub2-plus-wh\/","title":{"rendered":"AJAX Hub2 Plus WH"},"content":{"rendered":"<table id=\"ContentPlaceHolder1_GridViewTechnicalCharacteristics\" class=\"table table-striped\" cellspacing=\"0\">\n<tbody>\n<tr>\n<td>Proizvo\u0111a\u010d<\/td>\n<td>AJAX<\/td>\n<\/tr>\n<tr>\n<td>Tehnologija<\/td>\n<td>Be\u017ei\u010dna<\/td>\n<\/tr>\n<tr>\n<td>Izvedba<\/td>\n<td>Modularna<\/td>\n<\/tr>\n<tr>\n<td>Broj ugra\u0111enih be\u017ei\u010dnih zona<\/td>\n<td>200<\/td>\n<\/tr>\n<tr>\n<td>Max broj zona &#8211; ukupno<\/td>\n<td>200<\/td>\n<\/tr>\n<tr>\n<td>Ukupan broj particija<\/td>\n<td>25<\/td>\n<\/tr>\n<tr>\n<td>Be\u017ei\u010dna frekvencija<\/td>\n<td>868 MHz<\/td>\n<\/tr>\n<tr>\n<td>Be\u017ei\u010dna komunikacija<\/td>\n<td>Dvosmjerna<\/td>\n<\/tr>\n<tr>\n<td>Automatsko prijavljivanje be\u017ei\u010dnih ure\u0111aja<\/td>\n<td>QR kod<\/td>\n<\/tr>\n<tr>\n<td>Max pro\u0161irivo be\u017ei\u010dne zone<\/td>\n<td>200<\/td>\n<\/tr>\n<tr>\n<td>Ukupan broj pristupnih \u0161ifri<\/td>\n<td>200 (app)<\/td>\n<\/tr>\n<tr>\n<td>Ukupan broj daljinskih upravlja\u010da<\/td>\n<td>200<\/td>\n<\/tr>\n<tr>\n<td>Ukupan broj be\u017ei\u010dnih tipkovnica &#8211; 2 way<\/td>\n<td>200<\/td>\n<\/tr>\n<tr>\n<td>Dimenzije<\/td>\n<td>162.7 x 162.7 x 35.9 mm<\/td>\n<\/tr>\n<tr>\n<td>Stupanj sigurnosti<\/td>\n<td>Grade 2<\/td>\n<\/tr>\n<tr>\n<td>Napajanje glavno<\/td>\n<td>220 VAC<\/td>\n<\/tr>\n<tr>\n<td>Napajanje pomo\u0107no &#8211; baterija<\/td>\n<td>Li-ion (ugra\u0111eno)<\/td>\n<\/tr>\n<tr>\n<td>Max broj PGM izlaza slabe struje<\/td>\n<td>200 (Ajax Relay)<\/td>\n<\/tr>\n<tr>\n<td>Ugra\u0111en ispravlja\u010d mre\u017enog napajanja<\/td>\n<td>Da<\/td>\n<\/tr>\n<tr>\n<td>Max broj PGM izlaza jake struje<\/td>\n<td>200 (Ajax WallSwitch \/ Ajax Socket)<\/td>\n<\/tr>\n<tr>\n<td>Max broj nadziranih be\u017ei\u010dnih sirena<\/td>\n<td>10<\/td>\n<\/tr>\n<tr>\n<td>Dojava na CDS<\/td>\n<td>IP\/GPRS 1 + 1 IP adresa<\/td>\n<\/tr>\n<tr>\n<td>Softver za programiranje<\/td>\n<td>App<\/td>\n<\/tr>\n<tr>\n<td>Formati dojave na CDS<\/td>\n<td>Ajax Translator, SIA-IP<\/td>\n<\/tr>\n<tr>\n<td>Privatna dojava<\/td>\n<td>SMS \/ Poziv (zahtjeva SIM karticu)<\/td>\n<\/tr>\n<tr>\n<td>SMS<\/td>\n<td>Da<\/td>\n<\/tr>\n<tr>\n<td>Nadzor komunikacije i tel. linije<\/td>\n<td>Da<\/td>\n<\/tr>\n<tr>\n<td>GSM \/ GPRS komunikator<\/td>\n<td>GSM \/ GPRS<\/td>\n<\/tr>\n<tr>\n<td>IP komunikator<\/td>\n<td>integriran<\/td>\n<\/tr>\n<tr>\n<td>Videoverifikacija alarmnih doga\u0111aja<\/td>\n<td>Da<\/td>\n<\/tr>\n<tr>\n<td>Smartphone aplikacija<\/td>\n<td>Da<\/td>\n<\/tr>\n<tr>\n<td>Ugra\u0111ena pomo\u0107na baterija<\/td>\n<td>Da<\/td>\n<\/tr>\n<tr>\n<td>Radni uvjeti<\/td>\n<td>0\u00b0C do +50\u00b0C<\/td>\n<\/tr>\n<tr>\n<td>Materijal<\/td>\n<td>ABS<\/td>\n<\/tr>\n<tr>\n<td>Ugra\u0111eni RFID \u010dita\u010d<\/td>\n<td>Ne<\/td>\n<\/tr>\n<tr>\n<td>Integracija IP kamera\/snima\u010da<\/td>\n<td>50<\/td>\n<\/tr>\n<tr>\n<td>Smarthome scenariji<\/td>\n<td>64<\/td>\n<\/tr>\n<\/tbody>\n<\/table>\n","protected":false},"excerpt":{"rendered":"<table id=\"ContentPlaceHolder1_GridViewTechnicalCharacteristics\" class=\"table table-striped\" cellspacing=\"0\">\n<tbody>\n<tr>\n<td>Proizvo\u0111a\u010d<\/td>\n<td>AJAX<\/td>\n<\/tr>\n<tr>\n<td>Tehnologija<\/td>\n<td>Be\u017ei\u010dna<\/td>\n<\/tr>\n<tr>\n<td>Izvedba<\/td>\n<td>Modularna<\/td>\n<\/tr>\n<tr>\n<td>Broj ugra\u0111enih be\u017ei\u010dnih zona<\/td>\n<td>200<\/td>\n<\/tr>\n<tr>\n<td>Max broj zona &#8211; ukupno<\/td>\n<td>200<\/td>\n<\/tr>\n<tr>\n<td>Ukupan broj particija<\/td>\n<td>25<\/td>\n<\/tr>\n<tr>\n<td>Be\u017ei\u010dna frekvencija<\/td>\n<td>868 MHz<\/td>\n<\/tr>\n<tr>\n<td>Be\u017ei\u010dna komunikacija<\/td>\n<td>Dvosmjerna<\/td>\n<\/tr>\n<tr>\n<td>Automatsko prijavljivanje be\u017ei\u010dnih ure\u0111aja<\/td>\n<td>QR kod<\/td>\n<\/tr>\n<tr>\n<td>Max pro\u0161irivo be\u017ei\u010dne zone<\/td>\n<td>200<\/td>\n<\/tr>\n<tr>\n<td>Ukupan broj pristupnih \u0161ifri<\/td>\n<td>200 (app)<\/td>\n<\/tr>\n<tr>\n<td>Ukupan broj daljinskih upravlja\u010da<\/td>\n<td>200<\/td>\n<\/tr>\n<tr>\n<td>Ukupan broj be\u017ei\u010dnih tipkovnica &#8211; 2 way<\/td>\n<td>200<\/td>\n<\/tr>\n<tr>\n<td>Dimenzije<\/td>\n<td>162.7 x 162.7 x 35.9 mm<\/td>\n<\/tr>\n<tr>\n<td>Stupanj sigurnosti<\/td>\n<td>Grade 2<\/td>\n<\/tr>\n<tr>\n<td>Napajanje glavno<\/td>\n<td>220 VAC<\/td>\n<\/tr>\n<tr>\n<td>Napajanje pomo\u0107no &#8211; baterija<\/td>\n<td>Li-ion (ugra\u0111eno)<\/td>\n<\/tr>\n<tr>\n<td>Max broj PGM izlaza slabe struje<\/td>\n<td>200 (Ajax Relay)<\/td>\n<\/tr>\n<tr>\n<td>Ugra\u0111en ispravlja\u010d mre\u017enog napajanja<\/td>\n<td>Da<\/td>\n<\/tr>\n<tr>\n<td>Max broj PGM izlaza jake struje<\/td>\n<td>200 (Ajax WallSwitch \/ Ajax Socket)<\/td>\n<\/tr>\n<tr>\n<td>Max broj nadziranih be\u017ei\u010dnih sirena<\/td>\n<td>10<\/td>\n<\/tr>\n<tr>\n<td>Dojava na CDS<\/td>\n<td>IP\/GPRS 1 + 1 IP adresa<\/td>\n<\/tr>\n<tr>\n<td>Softver za programiranje<\/td>\n<td>App<\/td>\n<\/tr>\n<tr>\n<td>Formati dojave na CDS<\/td>\n<td>Ajax Translator, SIA-IP<\/td>\n<\/tr>\n<tr>\n<td>Privatna dojava<\/td>\n<td>SMS \/ Poziv (zahtjeva SIM karticu)<\/td>\n<\/tr>\n<tr>\n<td>SMS<\/td>\n<td>Da<\/td>\n<\/tr>\n<tr>\n<td>Nadzor komunikacije i tel. linije<\/td>\n<td>Da<\/td>\n<\/tr>\n<tr>\n<td>GSM \/ GPRS komunikator<\/td>\n<td>GSM \/ GPRS<\/td>\n<\/tr>\n<tr>\n<td>IP komunikator<\/td>\n<td>integriran<\/td>\n<\/tr>\n<tr>\n<td>Videoverifikacija alarmnih doga\u0111aja<\/td>\n<td>Da<\/td>\n<\/tr>\n<tr>\n<td>Smartphone aplikacija<\/td>\n<td>Da<\/td>\n<\/tr>\n<tr>\n<td>Ugra\u0111ena pomo\u0107na baterija<\/td>\n<td>Da<\/td>\n<\/tr>\n<tr>\n<td>Radni uvjeti<\/td>\n<td>0\u00b0C do +50\u00b0C<\/td>\n<\/tr>\n<tr>\n<td>Materijal<\/td>\n<td>ABS<\/td>\n<\/tr>\n<tr>\n<td>Ugra\u0111eni RFID \u010dita\u010d<\/td>\n<td>Ne<\/td>\n<\/tr>\n<tr>\n<td>Integracija IP kamera\/snima\u010da<\/td>\n<td>50<\/td>\n<\/tr>\n<tr>\n<td>Smarthome scenariji<\/td>\n<td>64<\/td>\n<\/tr>\n<\/tbody>\n<\/table>\n","protected":false},"featured_media":6394,"comment_status":"open","ping_status":"closed","template":"","meta":{"_mi_skip_tracking":false,"_exactmetrics_sitenote_active":false,"_exactmetrics_sitenote_note":"","_exactmetrics_sitenote_category":0,"spay_email":""},"product_cat":[142,4415],"product_tag":[2488,2474,2475,4209,246],"brands":[{"id":2473,"name":"AJAX","slug":"ajax"}],"df_price":889,"df_sale_price":"","df_regular_price":889,"df_image_link":"https:\/\/i0.wp.com\/astehshop.com\/wp-content\/uploads\/2022\/10\/AJAX-Hub2-Plus-WH.jpg?fit=450%2C450","jetpack_publicize_connections":[],"jetpack_sharing_enabled":true,"jetpack_likes_enabled":true,"jetpack-related-posts":[{"id":4531,"url":"http:\/\/astehshop.com\/index.php\/product\/alarmna-centrala-bezicnog-sistema-crne-boje-ajax-hub-bl\/","url_meta":{"origin":6393,"position":0},"title":"Alarmna centrala be\u017ei\u010dnog sistema crne boje AJAX-HUB-BL","date":"4. svibnja 2020.","format":false,"excerpt":"AJAX-HUB-BL \u00a0 Model: AJAX Hub BL Centralna jedinica (HUB) be\u017ei\u010dnog protuprovalnog sustava sa integriranim LAN i GSM\/GPRS komunikatorom, omogu\u0107eno dodavanje i rad do 100 be\u017ei\u010dnih ure\u0111aja, max 50 korisnika. Ugra\u0111ena back-up baterija. Crne boje, Modularna izvedba, 99 ugra\u0111enih be\u017ei\u010dnih zona, 9 Particija, Be\u017ei\u010dna frekvencija 868MHz, Dvosmjerna be\u017ei\u010dna komunikacija, Automatsko prijavljivanje\u2026","rel":"","context":"Srodne objave","img":{"alt_text":"","src":"https:\/\/i2.wp.com\/astehshop.com\/wp-content\/uploads\/2020\/05\/AJAX-HUB-BL.png?fit=864%2C520&resize=350%2C200","width":350,"height":200},"classes":[]},{"id":4956,"url":"http:\/\/astehshop.com\/index.php\/product\/ajax-ocbridge-plus\/","url_meta":{"origin":6393,"position":1},"title":"AJAX ocBridge Plus","date":"6. studenoga 2020.","format":false,"excerpt":"Modul za integraciju sa \u017ei\u010danim sustavima drugih proizvo\u0111a\u010da Proizvo\u0111a\u010d AJAX Izvedba Be\u017ei\u010dno Be\u017ei\u010dna frekvencija 868 MHz Dimenzije 95 x 92 x 18 mm Napajanje 12VDC Namjena Me\u0111usklop Kompatibilne centrale \u017di\u010dane alarmne centrale Broj zona - be\u017ei\u010dno 100 Spajanje na alarmnu centralu Releji Broj PGM-a - \u017ei\u010dano 8 Broj daljinskih upravlja\u010da\u2026","rel":"","context":"Srodne objave","img":{"alt_text":"","src":"https:\/\/i1.wp.com\/astehshop.com\/wp-content\/uploads\/2020\/11\/AJAX-ocBridge-Plus.jpg?fit=304%2C304&resize=350%2C200","width":350,"height":200},"classes":[]},{"id":4546,"url":"http:\/\/astehshop.com\/index.php\/product\/bezicni-daljinski-upravljac-crni-ajax-sc-bl\/","url_meta":{"origin":6393,"position":2},"title":"Be\u017ei\u010dni daljinski upravlja\u010d crni AJAX-SC-BL SpaceControl","date":"4. svibnja 2020.","format":false,"excerpt":"Model: AJAX SpaceControl BL Be\u017ei\u010dna Tehnologija, Dvosmjerna be\u017ei\u010dna komunikacija, Na\u010din prikaza LED, Napajanje Baterijsko, 1 x 3V tipCR-2032, Broj podr\u017eanih particija 1, Broj zasebnih alarmnih tipki 4, Dimenzije 65 x 37 x 10 mm, Te\u017eina 15g","rel":"","context":"Srodne objave","img":{"alt_text":"","src":"https:\/\/i0.wp.com\/astehshop.com\/wp-content\/uploads\/2020\/05\/AJAX-SC-BL-1.jpg?fit=1200%2C650&resize=350%2C200","width":350,"height":200},"classes":[]},{"id":4964,"url":"http:\/\/astehshop.com\/index.php\/product\/ajax-transmitter\/","url_meta":{"origin":6393,"position":3},"title":"AJAX Transmitter","date":"6. studenoga 2020.","format":false,"excerpt":"Modul za be\u017ei\u010dno povezivanje univerzalnih be\u017ei\u010dnih detektora (Optex BX80R, AMC Soutdoor BC i sl) na AJAX protuprovalni sustav. Proizvo\u0111a\u010d AJAX Izvedba Be\u017ei\u010dno Be\u017ei\u010dna frekvencija 868 MHz Dimenzije 100 x 39 x 22 mm Tamper Da Napajanje baterijsko 3 x CR123A 3V Namjena Be\u017ei\u010dni primopredajnik Kompatibilne centrale AJAX HUB Spajanje na\u2026","rel":"","context":"Srodne objave","img":{"alt_text":"","src":"https:\/\/i2.wp.com\/astehshop.com\/wp-content\/uploads\/2020\/11\/AJAX-Transmitter.jpg?fit=264%2C264&resize=350%2C200","width":350,"height":200},"classes":[]},{"id":6404,"url":"http:\/\/astehshop.com\/index.php\/product\/ajax-vhf-bridge\/","url_meta":{"origin":6393,"position":4},"title":"AJAX VHF Bridge","date":"6. listopada 2022.","format":false,"excerpt":"Proizvo\u0111a\u010d AJAX Izvedba Be\u017ei\u010dna Be\u017ei\u010dna frekvencija 868 MHz Dimenzije 196 x 238 x 100 mm Tamper Da Napajanje 220 VAC Namjena Me\u0111usklop Kompatibilne centrale Ajax HUB, HUB PLUS, HUB 2. HUB 2 PLUS Spajanje na alarmnu centralu Be\u017ei\u010dno Priklju\u010dak za integraciju Relejni izlazi Broj PGM-a - \u017ei\u010dano 8","rel":"","context":"Srodne objave","img":{"alt_text":"","src":"https:\/\/i0.wp.com\/astehshop.com\/wp-content\/uploads\/2022\/10\/ajax-vhf-bridge-white.png?fit=800%2C800&resize=350%2C200","width":350,"height":200},"classes":[]},{"id":4958,"url":"http:\/\/astehshop.com\/index.php\/product\/ajax-relay\/","url_meta":{"origin":6393,"position":5},"title":"AJAX Relay","date":"6. studenoga 2020.","format":false,"excerpt":"Be\u017ei\u010dni relejni izlaz , potrebno napajanje 12VDC Proizvo\u0111a\u010d AJAX Izvedba Be\u017ei\u010dno Be\u017ei\u010dna frekvencija 868 MHz Napajanje 12VDC Namjena Relejni izlaz Kompatibilne centrale AJAX HUB Spajanje na alarmnu centralu Be\u017ei\u010dno Priklju\u010dak za integraciju Relejni izlazi Broj PGM-a - \u017ei\u010dano 1","rel":"","context":"Srodne objave","img":{"alt_text":"","src":"https:\/\/i0.wp.com\/astehshop.com\/wp-content\/uploads\/2020\/11\/AJAX-Relay.png?fit=500%2C500&resize=350%2C200","width":350,"height":200},"classes":[]}],"_links":{"self":[{"href":"http:\/\/astehshop.com\/index.php\/wp-json\/wp\/v2\/product\/6393"}],"collection":[{"href":"http:\/\/astehshop.com\/index.php\/wp-json\/wp\/v2\/product"}],"about":[{"href":"http:\/\/astehshop.com\/index.php\/wp-json\/wp\/v2\/types\/product"}],"replies":[{"embeddable":true,"href":"http:\/\/astehshop.com\/index.php\/wp-json\/wp\/v2\/comments?post=6393"}],"wp:featuredmedia":[{"embeddable":true,"href":"http:\/\/astehshop.com\/index.php\/wp-json\/wp\/v2\/media\/6394"}],"wp:attachment":[{"href":"http:\/\/astehshop.com\/index.php\/wp-json\/wp\/v2\/media?parent=6393"}],"wp:term":[{"taxonomy":"product_cat","embeddable":true,"href":"http:\/\/astehshop.com\/index.php\/wp-json\/wp\/v2\/product_cat?post=6393"},{"taxonomy":"product_tag","embeddable":true,"href":"http:\/\/astehshop.com\/index.php\/wp-json\/wp\/v2\/product_tag?post=6393"}],"curies":[{"name":"wp","href":"https:\/\/api.w.org\/{rel}","templated":true}]}}