{"id":6389,"date":"2022-09-30T16:53:56","date_gmt":"2022-09-30T14:53:56","guid":{"rendered":"http:\/\/astehshop.com\/?post_type=product&#038;p=6389"},"modified":"2023-09-24T11:20:02","modified_gmt":"2023-09-24T09:20:02","slug":"cubot-note-8-2gb-16gb-green","status":"publish","type":"product","link":"http:\/\/astehshop.com\/index.php\/product\/cubot-note-8-2gb-16gb-green\/","title":{"rendered":"Cubot Note 8 2GB 16GB Green"},"content":{"rendered":"<p>Cubot Note zelene boje sa HD+ ekranom. Posjeduje 13MP AI zadnju kameru i 5MP prednju kameru koje daju odli\u010dnu kvalitetu slika. Te\u017eine je 143g. Rezolucija ekrana je 442x960px. Posjeduje SD slot.<\/p>\n","protected":false},"excerpt":{"rendered":"<p>Cubot Note zelene boje sa HD+ ekranom. Posjeduje 13MP AI zadnju kameru i 5MP prednju kameru koje daju odli\u010dnu kvalitetu slika. Te\u017eine je 143g. Rezolucija ekrana je 442x960px. Posjeduje SD slot.<\/p>\n","protected":false},"featured_media":6390,"comment_status":"open","ping_status":"closed","template":"","meta":{"_mi_skip_tracking":false,"_exactmetrics_sitenote_active":false,"_exactmetrics_sitenote_note":"","_exactmetrics_sitenote_category":0,"spay_email":""},"product_cat":[1170],"product_tag":[4203],"brands":[],"df_price":199,"df_sale_price":"","df_regular_price":199,"df_image_link":"https:\/\/i2.wp.com\/astehshop.com\/wp-content\/uploads\/2022\/09\/cubot-note-8-2gb-16gb-green.png?fit=450%2C450","jetpack_publicize_connections":[],"jetpack_sharing_enabled":true,"jetpack_likes_enabled":true,"jetpack-related-posts":[{"id":6824,"url":"http:\/\/astehshop.com\/index.php\/product\/cubot-king-kong-mini-2-ds-32gb-3gb\/","url_meta":{"origin":6389,"position":0},"title":"Cubot King Kong Mini 2 DS 32GB 3GB","date":"25. studenoga 2022.","format":false,"excerpt":"Cubot King Kong Mini 2 sa 64GB interne memorije i 13MP zadnjom kamerom. Te\u017eine je 122g. Tako\u0111er je multi-touch i otporan na ogrebotine. Posjeduje 8 jezgri i 4GB RAM.","rel":"","context":"Srodne objave","img":{"alt_text":"","src":"https:\/\/i2.wp.com\/astehshop.com\/wp-content\/uploads\/2022\/11\/cubot-king-kong-mini-2-ds-32gb-3gb-red.png?fit=800%2C800&resize=350%2C200","width":350,"height":200},"classes":[]},{"id":6818,"url":"http:\/\/astehshop.com\/index.php\/product\/cubot-j10-1gb-32gb-black\/","url_meta":{"origin":6389,"position":1},"title":"Cubot J10 1GB 32GB Black","date":"25. studenoga 2022.","format":false,"excerpt":"Cubot J10 u crnoj boji. Posjeduje slot za SD karticu. RAM je 1GB i interna memorija je 32GB, sa SD karticom do 128 GB. Baterija 2350 mAh. Rezolucija zadnje kamere je 5MP, prednja kamera 2MP. Quad Core i Android 11 operativni sistem. Veli\u010dina 4 in\u010da. \u00a0 \u00a0","rel":"","context":"Srodne objave","img":{"alt_text":"","src":"https:\/\/i0.wp.com\/astehshop.com\/wp-content\/uploads\/2022\/11\/Cubot-J10-1GB-32GB-Black.png?fit=800%2C800&resize=350%2C200","width":350,"height":200},"classes":[]},{"id":6391,"url":"http:\/\/astehshop.com\/index.php\/product\/pametni-telefon-cubot-p50-6gb-128gb-black\/","url_meta":{"origin":6389,"position":2},"title":"Pametni telefon Cubot P50 6GB 128GB Black","date":"30. rujna 2022.","format":false,"excerpt":"Cubot P50 u zelenoj boji. Posjeduje slot za SD karticu. RAM je 6 GB i interna memorija je 128 GB, mo\u017ee se pove\u0107ati sa SD karticom do 512 GB. Baterija 4200 mAh. Rezolucija zadnje kamere je 12MP, prednja kamera 20 MP. Octa core i Android 11 Red Velvet Cake operativni\u2026","rel":"","context":"Srodne objave","img":{"alt_text":"","src":"https:\/\/i0.wp.com\/astehshop.com\/wp-content\/uploads\/2022\/09\/cubot-p50-black.jpg?fit=800%2C800&resize=350%2C200","width":350,"height":200},"classes":[]},{"id":4800,"url":"http:\/\/astehshop.com\/index.php\/product\/multimedijalni-radio\/","url_meta":{"origin":6389,"position":3},"title":"Multimedijalni radio","date":"27. rujna 2020.","format":false,"excerpt":"Univerzalna multimedija 2 Din 7010B sa daljinskim upravlja\u010dem Rezolucija ekrana je 440x240 i osjetljiv je na dodir Ima integrisan bluetooth, radio i izlaze za zvu\u010dnike 4x60W Ima dva AUX izlaza Posjeduje mikrofon, USB priklju\u010dak i \u010dita\u010d SD kartice uputstvo za povezivanje. Veoma atraktivan i univerzalan Mogucnost povezivanja rikverc kamere","rel":"","context":"Srodne objave","img":{"alt_text":"","src":"https:\/\/i0.wp.com\/astehshop.com\/wp-content\/uploads\/2020\/09\/7010B-1.jpg?fit=800%2C800&resize=350%2C200","width":350,"height":200},"classes":[]},{"id":3159,"url":"http:\/\/astehshop.com\/index.php\/product\/wifi-ptz-kamera-hd-13-mpx\/","url_meta":{"origin":6389,"position":4},"title":"WIFI PTZ KAMERA HD 1,3 MPX","date":"13. velja\u010de 2019.","format":false,"excerpt":"\u00a0 Snimanje na micro SD karticu do 64 GB Pregled putem mobilne aplikacije na androidu i IOSu Veoma jednostavno postavljanje, Uz kameru u pakiranju dolazi nosa\u010d za montiranje i adapter za struju Kamera se ve\u017ee na WiFi mre\u017eu Kamerom se upravlja putem aplikacije Kamera mo\u017ee da radi be\u017ei\u010dnim putem (WIFI),\u2026","rel":"","context":"Srodne objave","img":{"alt_text":"","src":"https:\/\/i1.wp.com\/astehshop.com\/wp-content\/uploads\/2019\/02\/YYZ100-111.jpg?fit=850%2C995&resize=350%2C200","width":350,"height":200},"classes":[]},{"id":3162,"url":"http:\/\/astehshop.com\/index.php\/product\/wifi-ptz-kamera-hd-2-mpx\/","url_meta":{"origin":6389,"position":5},"title":"WIFI PTZ KAMERA HD 2 MPX","date":"13. velja\u010de 2019.","format":false,"excerpt":"Snimanje na micro SD karticu do 64 GB Pregled putem mobilne aplikacije na androidu i IOSu Veoma jednostavno postavljanje, Uz kameru u pakiranju dolazi nosa\u010d za montiranje i adapter za struju Kamera se ve\u017ee na WiFi mre\u017eu Kamerom se upravlja putem aplikacije Kamera mo\u017ee da radi be\u017ei\u010dnim putem (WIFI), a\u2026","rel":"","context":"Srodne objave","img":{"alt_text":"","src":"https:\/\/i1.wp.com\/astehshop.com\/wp-content\/uploads\/2019\/02\/YYZ100-111.jpg?fit=850%2C995&resize=350%2C200","width":350,"height":200},"classes":[]}],"_links":{"self":[{"href":"http:\/\/astehshop.com\/index.php\/wp-json\/wp\/v2\/product\/6389"}],"collection":[{"href":"http:\/\/astehshop.com\/index.php\/wp-json\/wp\/v2\/product"}],"about":[{"href":"http:\/\/astehshop.com\/index.php\/wp-json\/wp\/v2\/types\/product"}],"replies":[{"embeddable":true,"href":"http:\/\/astehshop.com\/index.php\/wp-json\/wp\/v2\/comments?post=6389"}],"wp:featuredmedia":[{"embeddable":true,"href":"http:\/\/astehshop.com\/index.php\/wp-json\/wp\/v2\/media\/6390"}],"wp:attachment":[{"href":"http:\/\/astehshop.com\/index.php\/wp-json\/wp\/v2\/media?parent=6389"}],"wp:term":[{"taxonomy":"product_cat","embeddable":true,"href":"http:\/\/astehshop.com\/index.php\/wp-json\/wp\/v2\/product_cat?post=6389"},{"taxonomy":"product_tag","embeddable":true,"href":"http:\/\/astehshop.com\/index.php\/wp-json\/wp\/v2\/product_tag?post=6389"}],"curies":[{"name":"wp","href":"https:\/\/api.w.org\/{rel}","templated":true}]}}