{"id":6383,"date":"2022-09-30T16:35:06","date_gmt":"2022-09-30T14:35:06","guid":{"rendered":"http:\/\/astehshop.com\/?post_type=product&#038;p=6383"},"modified":"2022-09-30T16:35:07","modified_gmt":"2022-09-30T14:35:07","slug":"sat-pametni-hoco-y4","status":"publish","type":"product","link":"http:\/\/astehshop.com\/index.php\/product\/sat-pametni-hoco-y4\/","title":{"rendered":"Sat pametni Hoco Y4"},"content":{"rendered":"<p>Pametni sat, 1.28&#8243; 2,5H HD kapacitivni zaslon osjetljiv na dodir, rezolucija 240 x 240 pixel, IP68<\/p>\n<p>CPU Goodix 5515, memorija RAM 256 KB + ROM 128 MB<\/p>\n<p>Kapacitet baterije 220mAh, trajanje baterije do 5 dana, te\u017eina 37.5g<\/p>\n<p>Bluetooth 5.0, upravljanje preko Da Fit aplikacije, 13 razli\u010ditih jezika<\/p>\n<p>Obavijest: poziv \/ poruka \/ WeChat \/ QQ \/ Whats App \/ Facebook \/ Line \/ Twitter i drugi informativni podsjetnici<\/p>\n<p>Ostale funkcije: pedometar, monitor otkucaja srca, zone otkucaja srca, pra\u0107enje spavanja, 8 sportskih na\u010dina ( hodanje, tr\u010danje, preskakanje u\u017eeta, vo\u017enja bicikla, badminton, joga, planinarenje, trbu\u0161njaci ), prona\u0111i moj mobitel, upravljajte kamerom pametnog telefona, izbor razli\u010ditih lica satova, obavijesti na pametnom telefonu, podsjetnik za kretanje, funkcija svjetiljke, timera, \u0161toperica, vremenska prognoza &#8230;<\/p>\n","protected":false},"excerpt":{"rendered":"<p>Pametni sat, 1.28&#8243; 2,5H HD kapacitivni zaslon osjetljiv na dodir, rezolucija 240 x 240 pixel, IP68<\/p>\n<p>CPU Goodix 5515, memorija RAM 256 KB + ROM 128 MB<\/p>\n<p>Kapacitet baterije 220mAh, trajanje baterije do 5 dana, te\u017eina 37.5g<\/p>\n<p>Bluetooth 5.0, upravljanje preko Da Fit aplikacije, 13 razli\u010ditih jezika<\/p>\n<p>Obavijest: poziv \/ poruka \/ WeChat \/ QQ \/ Whats App \/ Facebook \/ Line \/ Twitter i drugi informativni podsjetnici<\/p>\n<p>Ostale funkcije: pedometar, monitor otkucaja srca, zone otkucaja srca, pra\u0107enje spavanja, 8 sportskih na\u010dina ( hodanje, tr\u010danje, preskakanje u\u017eeta, vo\u017enja bicikla, badminton, joga, planinarenje, trbu\u0161njaci ), prona\u0111i moj mobitel, upravljajte kamerom pametnog telefona, izbor razli\u010ditih lica satova, obavijesti na pametnom telefonu, podsjetnik za kretanje, funkcija svjetiljke, timera, \u0161toperica, vremenska prognoza &#8230;<\/p>\n","protected":false},"featured_media":6384,"comment_status":"open","ping_status":"closed","template":"","meta":{"_mi_skip_tracking":false,"_exactmetrics_sitenote_active":false,"_exactmetrics_sitenote_note":"","_exactmetrics_sitenote_category":0,"spay_email":""},"product_cat":[885],"product_tag":[435,4200,896,1383],"brands":[],"df_price":99,"df_sale_price":"","df_regular_price":99,"df_image_link":"https:\/\/i0.wp.com\/astehshop.com\/wp-content\/uploads\/2022\/09\/6931474754196.png?fit=450%2C448","jetpack_publicize_connections":[],"jetpack_sharing_enabled":true,"jetpack_likes_enabled":true,"jetpack-related-posts":[{"id":5611,"url":"http:\/\/astehshop.com\/index.php\/product\/haylou-solar-smartwatch-ls05\/","url_meta":{"origin":6383,"position":0},"title":"Haylou Solar SmartWatch LS05","date":"5. studenoga 2021.","format":false,"excerpt":"Haylou Solar LS05 ima jednostavan i atraktivan dizajn s\u00a0IP68 certifikatom\u00a0(otporan na vodu i pra\u0161inu) i velikim 1.28\u2033 zaslonom. Zaslon je ina\u010de vrlo visoke\u00a0240 x 240 rezolucije, te je dobro vidljiv na suncu. Ovo je zapravo idealan ure\u0111aj za one koji \u017eele pametni sat \/ narukvicu \/ fitness ure\u0111aj, ali ne\u2026","rel":"","context":"Srodne objave","img":{"alt_text":"","src":"https:\/\/i0.wp.com\/astehshop.com\/wp-content\/uploads\/2021\/11\/Haylou-Solar.jpg?fit=1000%2C1000&resize=350%2C200","width":350,"height":200},"classes":[]},{"id":7391,"url":"http:\/\/astehshop.com\/index.php\/product\/pametni-sat-haylou-smart-watch-gst-black-ls09b\/","url_meta":{"origin":6383,"position":1},"title":"Pametni sat Haylou Smart Watch GST Black &#8211; LS09B","date":"11. o\u017eujka 2023.","format":false,"excerpt":"Detaljan opis: Vodootporni pametni sat Haylou LS09B GST s Bluetooth 5.0 - IP68, 220 mAh Pratite svoje fitness aktivnosti pomo\u0107u ovog vodootpornog pametnog sata Haylou LS09B GST! Opremljen s vi\u0161e senzora, mo\u0107i \u0107ete pratiti broj otkucaja srca, razinu kisika, sate spavanja itd. Pove\u017eite ga sa svojim pametnim telefonom putem aplikacije\u2026","rel":"","context":"Srodne objave","img":{"alt_text":"","src":"https:\/\/i1.wp.com\/astehshop.com\/wp-content\/uploads\/2023\/03\/xiaomi-haylou-ls09b-smart-watch-black.png?fit=800%2C800&resize=350%2C200","width":350,"height":200},"classes":[]},{"id":7433,"url":"http:\/\/astehshop.com\/index.php\/product\/pametni-sat-blackview-r3-pink\/","url_meta":{"origin":6383,"position":2},"title":"Pametni sat Blackview R3 Pink","date":"11. o\u017eujka 2023.","format":false,"excerpt":"Dimenzije: 35.5*41.5*11 mm Vodootpornost 5ATM Veli\u010dina zaslona 1,3 \" Tip zaslona TFT-LCD Zaslon je za\u0161ti\u0107en staklenim poklopcem visoke tvrdo\u0107e Materijal remenja: Silikon CPU: Realtek8762C, BLE 5.1, 384KB FLASH + 160KB RAM Rezolucija ekrana: 240*240 Bluetooth BLE 5.1 Baterija: 220mAh FUNKCIJE: - Osnovne funkcije: sat, prikaz datuma (12\/24 satni sustav, zadani\u2026","rel":"","context":"Srodne objave","img":{"alt_text":"","src":"https:\/\/i1.wp.com\/astehshop.com\/wp-content\/uploads\/2023\/03\/0107452_pametni-sat-blackview-r3-pink.jpeg?fit=900%2C900&resize=350%2C200","width":350,"height":200},"classes":[]},{"id":7388,"url":"http:\/\/astehshop.com\/index.php\/product\/pametni-sat-haylou-smart-watch-gs-black-ls09a\/","url_meta":{"origin":6383,"position":3},"title":"Pametni sat Haylou Smart Watch GS Black &#8211; LS09A","date":"11. o\u017eujka 2023.","format":false,"excerpt":"Xiaomi Haylou GST Watch LS09A, boja: crna. Ekran u boji 1.28''. Obavijesti o pozivima, porukama i od aplikacija. Pra\u0107enje sportskih aktivnosti, 12 razli\u010ditih sportskih modova. Pra\u0107enje rada srca 24 sata. Pra\u0107enje kvaliteta sna. Mjerenje nivoa kisika u krvi (SpO2). Trajanje baterije do 7-20 dana. Vodootporan, certificiran IP68. Garancija 12 mjeseci.","rel":"","context":"Srodne objave","img":{"alt_text":"","src":"https:\/\/i1.wp.com\/astehshop.com\/wp-content\/uploads\/2023\/03\/xiaomi-haylou-ls09a-smart-watch-black.png?fit=800%2C800&resize=350%2C200","width":350,"height":200},"classes":[]},{"id":7430,"url":"http:\/\/astehshop.com\/index.php\/product\/pametni-sat-blackview-r3-black\/","url_meta":{"origin":6383,"position":4},"title":"Pametni sat Blackview R3 Black","date":"11. o\u017eujka 2023.","format":false,"excerpt":"Dimenzije: 35.5*41.5*11 mm Vodootpornost 5ATM Veli\u010dina zaslona 1,3 \" Tip zaslona TFT-LCD Zaslon je za\u0161ti\u0107en staklenim poklopcem visoke tvrdo\u0107e Materijal remenja: Silikon CPU: Realtek8762C, BLE 5.1, 384KB FLASH + 160KB RAM Rezolucija ekrana: 240*240 Bluetooth BLE 5.1 Baterija: 220mAh FUNKCIJE: - Osnovne funkcije: sat, prikaz datuma (12\/24 satni sustav, zadani\u2026","rel":"","context":"Srodne objave","img":{"alt_text":"","src":"https:\/\/i1.wp.com\/astehshop.com\/wp-content\/uploads\/2023\/03\/0107449_pametni-sat-blackview-r3-black.jpeg?fit=900%2C900&resize=350%2C200","width":350,"height":200},"classes":[]},{"id":7423,"url":"http:\/\/astehshop.com\/index.php\/product\/pametni-sat-cubot-c5-crni\/","url_meta":{"origin":6383,"position":5},"title":"Pametni sat CUBOT C5 crni","date":"11. o\u017eujka 2023.","format":false,"excerpt":"Android 6.0+ IOS 10.0+ 24 satno pra\u0107enje otkucaja srca 23 sportska moda 7 dana baterija (uobi\u010dajno kori\u0161tenje) 5ATM - vodootpornost Display - 1.7 in\u010da | TFT-LCD Pozivi\/Poruke - notifikacija 15 jezika","rel":"","context":"Srodne objave","img":{"alt_text":"","src":"https:\/\/i2.wp.com\/astehshop.com\/wp-content\/uploads\/2023\/03\/0102458_pametni-sat-cubot-c5-crni.jpeg?fit=900%2C900&resize=350%2C200","width":350,"height":200},"classes":[]}],"_links":{"self":[{"href":"http:\/\/astehshop.com\/index.php\/wp-json\/wp\/v2\/product\/6383"}],"collection":[{"href":"http:\/\/astehshop.com\/index.php\/wp-json\/wp\/v2\/product"}],"about":[{"href":"http:\/\/astehshop.com\/index.php\/wp-json\/wp\/v2\/types\/product"}],"replies":[{"embeddable":true,"href":"http:\/\/astehshop.com\/index.php\/wp-json\/wp\/v2\/comments?post=6383"}],"wp:featuredmedia":[{"embeddable":true,"href":"http:\/\/astehshop.com\/index.php\/wp-json\/wp\/v2\/media\/6384"}],"wp:attachment":[{"href":"http:\/\/astehshop.com\/index.php\/wp-json\/wp\/v2\/media?parent=6383"}],"wp:term":[{"taxonomy":"product_cat","embeddable":true,"href":"http:\/\/astehshop.com\/index.php\/wp-json\/wp\/v2\/product_cat?post=6383"},{"taxonomy":"product_tag","embeddable":true,"href":"http:\/\/astehshop.com\/index.php\/wp-json\/wp\/v2\/product_tag?post=6383"}],"curies":[{"name":"wp","href":"https:\/\/api.w.org\/{rel}","templated":true}]}}