{"id":6375,"date":"2022-09-30T16:28:22","date_gmt":"2022-09-30T14:28:22","guid":{"rendered":"http:\/\/astehshop.com\/?post_type=product&#038;p=6375"},"modified":"2022-09-30T16:28:23","modified_gmt":"2022-09-30T14:28:23","slug":"pametni-sat-huawei-gt-3-42-mm","status":"publish","type":"product","link":"http:\/\/astehshop.com\/index.php\/product\/pametni-sat-huawei-gt-3-42-mm\/","title":{"rendered":"Pametni sat Huawei GT 3 42 mm"},"content":{"rendered":"<p>Multifunkcionalni pametni sat, 1.32&#8243; ( 3.35 cm ) AMOLED display, 466 x 466 pixela, vodootporan 5ATM, ku\u0107i\u0161te izra\u0111eno od nehr\u0111aju\u0107eg \u010delika \/ plastika.<\/p>\n<p>Interna memorija 4GB \/ 32MB.<\/p>\n<p>Senzor: Akcelerometar, \u017eiroskop, geomagnetni senzor, opti\u010dki senzor za mjerenje otkucaja srca, senzor za vazdu\u0161ni pritisak, senzor temperature<\/p>\n<p>Povezivost Bluetooth 5.1, LE, EDR, GPS,<\/p>\n<p>Napajanje Li-ion baterija, 292 mAh, be\u017ei\u010dno punjenje, dimenzije 42.3 x 42.3 x 10.2 mm<\/p>\n<p>Operativni sistem Harmony OS 2, kompatibilan sa Android 7.0 +, iOS 9.0 +<\/p>\n","protected":false},"excerpt":{"rendered":"<p>Multifunkcionalni pametni sat, 1.32&#8243; ( 3.35 cm ) AMOLED display, 466 x 466 pixela, vodootporan 5ATM, ku\u0107i\u0161te izra\u0111eno od nehr\u0111aju\u0107eg \u010delika \/ plastika.<\/p>\n<p>Interna memorija 4GB \/ 32MB.<\/p>\n<p>Senzor: Akcelerometar, \u017eiroskop, geomagnetni senzor, opti\u010dki senzor za mjerenje otkucaja srca, senzor za vazdu\u0161ni pritisak, senzor temperature<\/p>\n<p>Povezivost Bluetooth 5.1, LE, EDR, GPS,<\/p>\n<p>Napajanje Li-ion baterija, 292 mAh, be\u017ei\u010dno punjenje, dimenzije 42.3 x 42.3 x 10.2 mm<\/p>\n<p>Operativni sistem Harmony OS 2, kompatibilan sa Android 7.0 +, iOS 9.0 +<\/p>\n","protected":false},"featured_media":6376,"comment_status":"open","ping_status":"closed","template":"","meta":{"_mi_skip_tracking":false,"_exactmetrics_sitenote_active":false,"_exactmetrics_sitenote_note":"","_exactmetrics_sitenote_category":0,"spay_email":""},"product_cat":[885],"product_tag":[4195,896],"brands":[],"df_price":419,"df_sale_price":"","df_regular_price":419,"df_image_link":"https:\/\/i2.wp.com\/astehshop.com\/wp-content\/uploads\/2022\/09\/GT-3-42-mm.png?fit=431%2C450","jetpack_publicize_connections":[],"jetpack_sharing_enabled":true,"jetpack_likes_enabled":true,"jetpack-related-posts":[{"id":6377,"url":"http:\/\/astehshop.com\/index.php\/product\/pametni-sat-huawei-gt-3-pro\/","url_meta":{"origin":6375,"position":0},"title":"Pametni sat Huawei GT 3 PRO","date":"30. rujna 2022.","format":false,"excerpt":"Multifunkcionalni pametni sat, 1.43\" AMOLED display, 466 x 466 pixela, vodootporan 5ATM. Prednja strana od safirnog kristala, kerami\u010dki okvir. Interna memorija 4GB \/ 32MB. Senzor: Akcelerometar, \u017eiroskop, otkucaji srca, barometar, kompas, SpO2, termometar (tjelesna temperatura) ... Povezivost Bluetooth 5.2, A2DP, LE, GPS, Napajanje Li-Po baterija, 530 mAh, be\u017ei\u010dno punjenje, dimenzije\u2026","rel":"","context":"Srodne objave","img":{"alt_text":"","src":"https:\/\/i1.wp.com\/astehshop.com\/wp-content\/uploads\/2022\/09\/GT-3-Pro.png?fit=1184%2C1200&resize=350%2C200","width":350,"height":200},"classes":[]},{"id":5710,"url":"http:\/\/astehshop.com\/index.php\/product\/xiaomi-mi-pametni-senzor-za-vrata-i-prozore\/","url_meta":{"origin":6375,"position":1},"title":"Xiaomi Mi pametni senzor za vrata i prozore","date":"5. prosinca 2021.","format":false,"excerpt":"Pametni senzori za prozore i vrata Mi Smart Window & Door Sensor. Ergonomski dizajn i alarm o otvorenim prozorima ili vratima. Preuzmi kontrolu nad svojim domom.","rel":"","context":"Srodne objave","img":{"alt_text":"","src":"https:\/\/i1.wp.com\/astehshop.com\/wp-content\/uploads\/2021\/12\/pametni-senzor.jpg?fit=800%2C800&resize=350%2C200","width":350,"height":200},"classes":[]},{"id":7399,"url":"http:\/\/astehshop.com\/index.php\/product\/pametni-sat-amazfit-bip-u-green\/","url_meta":{"origin":6375,"position":2},"title":"Pametni sat Amazfit Bip U Green","date":"11. o\u017eujka 2023.","format":false,"excerpt":"Najnoviji Amazfit Bip dobio je kvadratni ekran, za razliku od Amazfit Pacea. No, njegova glavna karakteristika je super dugo vrijeme trajanja baterije, oko 9 dana. Sa vodootpornom stopom IP68, ovaj pametni sat Amazfit BIP mo\u017ee se koristiti u mnogim razli\u010ditim situacijama. Tako\u0111er koristi dual-core pozicioniranje uz pomo\u0107 28nm GPS modula\u2026","rel":"","context":"Srodne objave","img":{"alt_text":"","src":"https:\/\/i1.wp.com\/astehshop.com\/wp-content\/uploads\/2023\/03\/Amazfit-Bip-U-Green.jpg?fit=800%2C800&resize=350%2C200","width":350,"height":200},"classes":[]},{"id":12231,"url":"http:\/\/astehshop.com\/index.php\/product\/paradox-bezicni-digitalni-dual-optic-pir-detektor-sa-pet-opcijom-pmd75m\/","url_meta":{"origin":6375,"position":3},"title":"Paradox Be\u017ei\u010dni digitalni dual-optic PIR detektor sa PET opcijom PMD75M","date":"29. sije\u010dnja 2026.","format":false,"excerpt":"Be\u017ei\u010dni digitalni dual-optic PIR detektor sa PET opcijom Integrisan be\u017ei\u010dni primopredajnik na frekvenciji 868MHz, koristi auto learn funkciju \u0161to zna\u010di da se automatski registruje na centralu M serije, dualni PIR senzor, unutra\u0161nja monta\u017ea, sa dvije optike u senzoru, domet 11m (90\u00b0), PET opcija do 40kg na visini monta\u017ee 2.1m, tamper\u2026","rel":"","context":"Srodne objave","img":{"alt_text":"","src":"https:\/\/i1.wp.com\/astehshop.com\/wp-content\/uploads\/2026\/01\/pmd75m.jpg?fit=1200%2C1200&resize=350%2C200","width":350,"height":200},"classes":[]},{"id":10985,"url":"http:\/\/astehshop.com\/index.php\/product\/pametni-sat-swc-392\/","url_meta":{"origin":6375,"position":4},"title":"Pametni Sat SWC-392","date":"14. srpnja 2025.","format":false,"excerpt":"1.43\u201d AMOLED rezolucije 466\u00d7466 Bluetooth telefonski poziv sa sata Pratite svoju sportsku izvedbu, svoje dnevne aktivnosti i san Prikaz SMS-a, poziva, aktivnosti na dru\u0161tvenim mre\u017eama i kalendara Ugra\u0111eni otkucaji srca, krvni pritisak i kiseonik u krvi","rel":"","context":"Srodne objave","img":{"alt_text":"","src":"https:\/\/i2.wp.com\/astehshop.com\/wp-content\/uploads\/2025\/07\/dv-swc-392b.jpg?fit=900%2C900&resize=350%2C200","width":350,"height":200},"classes":[]},{"id":11389,"url":"http:\/\/astehshop.com\/index.php\/product\/amazfit-pametni-sat-pop-3r-silver\/","url_meta":{"origin":6375,"position":5},"title":"Amazfit pametni sat Pop 3R silver","date":"23. srpnja 2025.","format":false,"excerpt":"1.43\" HD AMOLED ekran s Always-On prikazom Metalni okvir i narukvica od nehr\u0111aju\u0107eg \u010delika Bluetooth pozivi i podr\u0161ka za glasovne asistente 24h mjerenje pulsa, SpO2, stresa i sna 100+ sportskih re\u017eima Baterija traje do 12 dana","rel":"","context":"Srodne objave","img":{"alt_text":"","src":"https:\/\/i0.wp.com\/astehshop.com\/wp-content\/uploads\/2025\/07\/0136563_amazfit-pametni-sat-pop-3r-silver.png?fit=900%2C900&resize=350%2C200","width":350,"height":200},"classes":[]}],"_links":{"self":[{"href":"http:\/\/astehshop.com\/index.php\/wp-json\/wp\/v2\/product\/6375"}],"collection":[{"href":"http:\/\/astehshop.com\/index.php\/wp-json\/wp\/v2\/product"}],"about":[{"href":"http:\/\/astehshop.com\/index.php\/wp-json\/wp\/v2\/types\/product"}],"replies":[{"embeddable":true,"href":"http:\/\/astehshop.com\/index.php\/wp-json\/wp\/v2\/comments?post=6375"}],"wp:featuredmedia":[{"embeddable":true,"href":"http:\/\/astehshop.com\/index.php\/wp-json\/wp\/v2\/media\/6376"}],"wp:attachment":[{"href":"http:\/\/astehshop.com\/index.php\/wp-json\/wp\/v2\/media?parent=6375"}],"wp:term":[{"taxonomy":"product_cat","embeddable":true,"href":"http:\/\/astehshop.com\/index.php\/wp-json\/wp\/v2\/product_cat?post=6375"},{"taxonomy":"product_tag","embeddable":true,"href":"http:\/\/astehshop.com\/index.php\/wp-json\/wp\/v2\/product_tag?post=6375"}],"curies":[{"name":"wp","href":"https:\/\/api.w.org\/{rel}","templated":true}]}}