{"id":6369,"date":"2022-09-30T16:10:04","date_gmt":"2022-09-30T14:10:04","guid":{"rendered":"http:\/\/astehshop.com\/?post_type=product&#038;p=6369"},"modified":"2023-09-24T11:18:13","modified_gmt":"2023-09-24T09:18:13","slug":"tesla-tv-43k625bus-uhd","status":"publish","type":"product","link":"http:\/\/astehshop.com\/index.php\/product\/tesla-tv-43k625bus-uhd\/","title":{"rendered":"Tesla TV 43K625BUS UHD"},"content":{"rendered":"<table class=\"table\">\n<tbody>\n<tr class=\"odd\">\n<td class=\"text-light bg-dark\">Veli\u010dina Ekrana<\/td>\n<td class=\"spec-value\">43&#8221;<\/td>\n<\/tr>\n<tr class=\"even\">\n<td class=\"text-light bg-dark\">Rezolucija Ekrana<\/td>\n<td class=\"spec-value\">4K Ultra HD (3840 x 2160)<\/td>\n<\/tr>\n<tr class=\"odd\">\n<td class=\"text-light bg-dark\">Vrsta Ekrana<\/td>\n<td class=\"spec-value\">LED<\/td>\n<\/tr>\n<tr class=\"even\">\n<td class=\"text-light bg-dark\">Smart<\/td>\n<td class=\"spec-value\">Da<\/td>\n<\/tr>\n<tr class=\"odd\">\n<td class=\"text-light bg-dark\">Internet<\/td>\n<td class=\"spec-value\">Da<\/td>\n<\/tr>\n<tr class=\"even\">\n<td class=\"text-light bg-dark\">3D<\/td>\n<td class=\"spec-value\">Ne<\/td>\n<\/tr>\n<tr class=\"odd\">\n<td class=\"text-light bg-dark\">Zakrivljenost<\/td>\n<td class=\"spec-value\">Ravni<\/td>\n<\/tr>\n<\/tbody>\n<\/table>\n","protected":false},"excerpt":{"rendered":"<table class=\"table\">\n<tbody>\n<tr class=\"odd\">\n<td class=\"text-light bg-dark\">Veli\u010dina Ekrana<\/td>\n<td class=\"spec-value\">43&#8221;<\/td>\n<\/tr>\n<tr class=\"even\">\n<td class=\"text-light bg-dark\">Rezolucija Ekrana<\/td>\n<td class=\"spec-value\">4K Ultra HD (3840 x 2160)<\/td>\n<\/tr>\n<tr class=\"odd\">\n<td class=\"text-light bg-dark\">Vrsta Ekrana<\/td>\n<td class=\"spec-value\">LED<\/td>\n<\/tr>\n<tr class=\"even\">\n<td class=\"text-light bg-dark\">Smart<\/td>\n<td class=\"spec-value\">Da<\/td>\n<\/tr>\n<tr class=\"odd\">\n<td class=\"text-light bg-dark\">Internet<\/td>\n<td class=\"spec-value\">Da<\/td>\n<\/tr>\n<tr class=\"even\">\n<td class=\"text-light bg-dark\">3D<\/td>\n<td class=\"spec-value\">Ne<\/td>\n<\/tr>\n<tr class=\"odd\">\n<td class=\"text-light bg-dark\">Zakrivljenost<\/td>\n<td class=\"spec-value\">Ravni<\/td>\n<\/tr>\n<\/tbody>\n<\/table>\n","protected":false},"featured_media":6370,"comment_status":"open","ping_status":"closed","template":"","meta":{"_mi_skip_tracking":false,"_exactmetrics_sitenote_active":false,"_exactmetrics_sitenote_note":"","_exactmetrics_sitenote_category":0,"spay_email":""},"product_cat":[2011],"product_tag":[4187,2014,2015],"brands":[],"df_price":559,"df_sale_price":"","df_regular_price":559,"df_image_link":"https:\/\/i1.wp.com\/astehshop.com\/wp-content\/uploads\/2022\/09\/0112965_tesla-tv-43k625bus-uhd-webos-tv-magic-remote-43k625bus.jpeg?fit=450%2C450","jetpack_publicize_connections":[],"jetpack_sharing_enabled":true,"jetpack_likes_enabled":true,"jetpack-related-posts":[{"id":11749,"url":"http:\/\/astehshop.com\/index.php\/product\/pametni-televizor-max-50mt504-50\/","url_meta":{"origin":6369,"position":0},"title":"Pametni televizor MAX 50MT504 50&#8221;","date":"27. rujna 2025.","format":false,"excerpt":"Veli\u010dina ekrana 50\u201d\u00a0 Tip ekrana UHD 4K Rezolucija 3840\u00d72160 Boje za prikazivanje 1.07B Ugao gledanja 178\u00ba Savjet tjunera DVB-T\/C\/T2 Smart OS Android 9.0 CPU okvir ARM Cortex-A53\/1.5GHz\/\u010cetiri jezgra GPU G52MP2\/Dual core Memorija 8GB, RAM 1.5GB DDR3 Miracast Da Mod za sliku Standardni\/Svijetli\/Mekani\/Korisni\u010dki Mod za zvuk Standard\/Muzika\/Film\/Korisnik Audio snaga (izlaz) 8W\u2026","rel":"","context":"Srodne objave","img":{"alt_text":"","src":"https:\/\/i1.wp.com\/astehshop.com\/wp-content\/uploads\/2025\/09\/max-50-incha-smart.jpg?fit=762%2C547&resize=350%2C200","width":350,"height":200},"classes":[]},{"id":3778,"url":"http:\/\/astehshop.com\/index.php\/product\/televizor-tesla-32-led\/","url_meta":{"origin":6369,"position":1},"title":"Televizor Tesla 32&#8221; LED 3 GODINE GARANCIJE","date":"20. studenoga 2019.","format":false,"excerpt":"Ime proizvo\u0111a\u010da: Tesla\u00a0 Grupa: TV\u00a0 Garancija: 60M\u00a0 Dijagonala 32\" (81cm) Ekran D-LED Oblik ekrana Ravni Rezolucija 1366 x 768 SMART Ne WiFi Ne Tip Tunera DVB-T2\/C\/S2 MCI frekvencija 120 VGA Ne DVR to USB Da MHL Da CI slot Da HDMI 2 USB 2.0 1 Kompozitni ulaz Ne Scart Da\u2026","rel":"","context":"Srodne objave","img":{"alt_text":"","src":"https:\/\/i1.wp.com\/astehshop.com\/wp-content\/uploads\/2019\/11\/32tesla.jpg?fit=1200%2C746&resize=350%2C200","width":350,"height":200},"classes":[]},{"id":11751,"url":"http:\/\/astehshop.com\/index.php\/product\/max-televizor-165-cm-65mt501-65\/","url_meta":{"origin":6369,"position":2},"title":"Max Smart televizor 165 CM 65MT501 65&#8221;","date":"27. rujna 2025.","format":false,"excerpt":"Velicina ekrana 65\u2033 (165 cm) Tip ekrana \u2013 UHD 4K\/A+ GRADE\/ Rezolucija \u2013 3840\u00d72160 Boje za prikazivanje \u2013 1.07B Ugao gledanja \u2013 178* Tip tjunera \u2013 DVB-T\/C\/T2 Smart OS \u2013 Android 9.0 FRAMLESS\/ BEZ RAMA\/ \u2013 ARM Cortex A9\/1.2GHz\/dual-core GPU- Mali-400MP2\/Dual core Memorija \u2013 8GB, RAM 1.5GB DDR3 Miracast Mod\u2026","rel":"","context":"Srodne objave","img":{"alt_text":"","src":"https:\/\/i1.wp.com\/astehshop.com\/wp-content\/uploads\/2025\/09\/max-65-inca.jpg?fit=1058%2C669&resize=350%2C200","width":350,"height":200},"classes":[]},{"id":8219,"url":"http:\/\/astehshop.com\/index.php\/product\/xiaomi-mi-desktop-monitor-27-fullhd-ips\/","url_meta":{"origin":6369,"position":3},"title":"XIAOMI MI DESKTOP MONITOR 27&#8243; FullHD IPS","date":"31. kolovoza 2023.","format":false,"excerpt":"Veli\u010dina ekrana: 27 in\u010da Broj boja: 16,7 miliona Rezolucija: 1920\u00d71080 Brzina osvje\u017eavanja: 75Hz HDMI 1.4 port \u00d71 VGA port \u00d71 Audio port \u00d71 DC IN port za napajanje","rel":"","context":"Srodne objave","img":{"alt_text":"","src":"https:\/\/i1.wp.com\/astehshop.com\/wp-content\/uploads\/2023\/08\/51042.webp?fit=1200%2C675&resize=350%2C200","width":350,"height":200},"classes":[]},{"id":11173,"url":"http:\/\/astehshop.com\/index.php\/product\/gaming-monitor-24-samsung-ls24dg300euxen-odyssey-g30d-180hz\/","url_meta":{"origin":6369,"position":4},"title":"GAMING MONITOR 24&#8243; SAMSUNG LS24DG300EUXEN Odyssey G30D 180Hz","date":"17. srpnja 2025.","format":false,"excerpt":"Veli\u010dina ekrana: 24\" Rezolucija: 1920\u00d71080 (Full HD) Osvjetljenje: 250 cd\/m\u00b2 Vrijeme odziva: 1 ms Brzina osvje\u017eenja: 180 Hz Tehnologija: AMD FreeSync Kontrast: 3000:1 Priklju\u010dci: HDMI 2.0, DisplayPort 1.4, USB Type-A, ulaz za slu\u0161alice Dodatne funkcije: Pivot (rotacija ekrana)","rel":"","context":"Srodne objave","img":{"alt_text":"","src":"https:\/\/i1.wp.com\/astehshop.com\/wp-content\/uploads\/2025\/07\/37529-24-SAMSUNG-LS24DG300EUXEN-Odyssey-Gaming-G30D-180Hz-Display-3.webp?fit=450%2C450&resize=350%2C200","width":350,"height":200},"classes":[]},{"id":6555,"url":"http:\/\/astehshop.com\/index.php\/product\/laptop-toshiba-satellite-pro-c40-g-109-14-hd-celeron-5205u-4gb-128gb-ssd-win10pro\/","url_meta":{"origin":6369,"position":5},"title":"Laptop Toshiba Satellite Pro C40-G-109 14 HD Celeron 5205U 4GB 128GB SSD Win10Pro","date":"17. studenoga 2022.","format":false,"excerpt":"Veli\u010dina ekrana 14'' HD Procesor Intel Celeron 5205U RAM 4 GB Pohrana 128GB SSD Grafi\u010dka Intel UHD Graphics","rel":"","context":"Srodne objave","img":{"alt_text":"","src":"https:\/\/i0.wp.com\/astehshop.com\/wp-content\/uploads\/2022\/11\/laptop-toshiba-satellite-pro-c40-g-109-14-hd-celeron-5205u-4gb-128gb-ssd-win10pro.jpg?fit=1152%2C944&resize=350%2C200","width":350,"height":200},"classes":[]}],"_links":{"self":[{"href":"http:\/\/astehshop.com\/index.php\/wp-json\/wp\/v2\/product\/6369"}],"collection":[{"href":"http:\/\/astehshop.com\/index.php\/wp-json\/wp\/v2\/product"}],"about":[{"href":"http:\/\/astehshop.com\/index.php\/wp-json\/wp\/v2\/types\/product"}],"replies":[{"embeddable":true,"href":"http:\/\/astehshop.com\/index.php\/wp-json\/wp\/v2\/comments?post=6369"}],"wp:featuredmedia":[{"embeddable":true,"href":"http:\/\/astehshop.com\/index.php\/wp-json\/wp\/v2\/media\/6370"}],"wp:attachment":[{"href":"http:\/\/astehshop.com\/index.php\/wp-json\/wp\/v2\/media?parent=6369"}],"wp:term":[{"taxonomy":"product_cat","embeddable":true,"href":"http:\/\/astehshop.com\/index.php\/wp-json\/wp\/v2\/product_cat?post=6369"},{"taxonomy":"product_tag","embeddable":true,"href":"http:\/\/astehshop.com\/index.php\/wp-json\/wp\/v2\/product_tag?post=6369"}],"curies":[{"name":"wp","href":"https:\/\/api.w.org\/{rel}","templated":true}]}}