{"id":6357,"date":"2022-09-30T15:57:18","date_gmt":"2022-09-30T13:57:18","guid":{"rendered":"http:\/\/astehshop.com\/?post_type=product&#038;p=6357"},"modified":"2023-03-04T18:35:31","modified_gmt":"2023-03-04T17:35:31","slug":"esperanza-konvektorska-grijalica","status":"publish","type":"product","link":"http:\/\/astehshop.com\/index.php\/product\/esperanza-konvektorska-grijalica\/","title":{"rendered":"ESPERANZA konvektorska grijalica"},"content":{"rendered":"<h1>ESPERANZA konvektorska grijalica 750W\/1250W\/2000W Tanami EHH008<\/h1>\n","protected":false},"excerpt":{"rendered":"<h1>ESPERANZA konvektorska grijalica 750W\/1250W\/2000W Tanami EHH008<\/h1>\n","protected":false},"featured_media":6358,"comment_status":"open","ping_status":"closed","template":"","meta":{"_mi_skip_tracking":false,"_exactmetrics_sitenote_active":false,"_exactmetrics_sitenote_note":"","_exactmetrics_sitenote_category":0,"spay_email":""},"product_cat":[656],"product_tag":[658,4183],"brands":[],"df_price":99,"df_sale_price":"","df_regular_price":99,"df_image_link":"https:\/\/i2.wp.com\/astehshop.com\/wp-content\/uploads\/2022\/09\/0105008_esperanza-konvektorska-grijalica-750w1250w2000w-tanami-ehh008.jpeg?fit=450%2C450","jetpack_publicize_connections":[],"jetpack_sharing_enabled":true,"jetpack_likes_enabled":true,"jetpack-related-posts":[{"id":9493,"url":"http:\/\/astehshop.com\/index.php\/product\/iskra-konvektorska-grijalica-dl01s\/","url_meta":{"origin":6357,"position":0},"title":"ISKRA KONVEKTORSKA GRIJALICA DL01S","date":"21. rujna 2024.","format":false,"excerpt":"\u2022 Napon: 220V-240V~50\/60Hz \u2022 Snaga: 1700W-2000W \u2022 3 snage grijanja: \u2013 snaga 1: 750W \u2013 snaga 2: 1250W \u2013 snaga 3: 2000W \u2022 Ventilator \u2022 Samostoje\u0107i \u2022 Funkcija \u010duvanja toplote \u2022 Termi\u010dka za\u0161tita \u2022 Termostat \u2022 Indikator stanja \u2022 S nosivim ru\u010dkama","rel":"","context":"Srodne objave","img":{"alt_text":"","src":"https:\/\/i1.wp.com\/astehshop.com\/wp-content\/uploads\/2024\/09\/iskra-grijalica-jeftina.png?fit=800%2C800&resize=350%2C200","width":350,"height":200},"classes":[]},{"id":9491,"url":"http:\/\/astehshop.com\/index.php\/product\/grijalica-konvektor-dl08-turbo-i-tajmer-iskra\/","url_meta":{"origin":6357,"position":1},"title":"GRIJALICA KONVEKTOR DL08 TURBO I TAJMER ISKRA","date":"21. rujna 2024.","format":false,"excerpt":"\u2022 Napon: 220V-240V~50\/60Hz \u2022 Snaga: 1700W-2000W \u2022 3 snage grijanja: \u2013 snaga 1: 750W \u2013 snaga 2: 1250W \u2013 snaga 3: 2000W \u2022 Ventilator \u2022 Samostoje\u0107i \u2022 Funkcija \u010duvanja toplote \u2022 Termi\u010dka za\u0161tita \u2022 Termostat \u2022 Indikator stanja \u2022 S nosivim ru\u010dkama \u2022 Timer","rel":"","context":"Srodne objave","img":{"alt_text":"","src":"https:\/\/i2.wp.com\/astehshop.com\/wp-content\/uploads\/2024\/09\/GRIJALICA-KONVEKTOR-DL08-TURBO-I-TAJMER-ISKRA-1.png?fit=800%2C800&resize=350%2C200","width":350,"height":200},"classes":[]},{"id":9485,"url":"http:\/\/astehshop.com\/index.php\/product\/grijalica-elektricna-panel-2000w\/","url_meta":{"origin":6357,"position":2},"title":"Grijalica, elektri\u010dna panel, 2000W","date":"21. rujna 2024.","format":false,"excerpt":"Jeste li ikada razmi\u0161ljali kako brzo i u\u010dinkovito zagrijati svoj dom u hladnijim danima? Prijenosna konvektorska grijalica Home FK331 mo\u017ee biti idealan izbor za vas. Ova konvektorska grijalica nudi tri razli\u010dite razine grijanja: 750 W, 1250 W i 2000 W, \u0161to olak\u0161ava prilagodbu va\u0161im potrebama. S ugra\u0111enim termostatom mo\u017eete precizno\u2026","rel":"","context":"Srodne objave","img":{"alt_text":"","src":"https:\/\/i2.wp.com\/astehshop.com\/wp-content\/uploads\/2024\/09\/48306_1724146817an9o44hl11.png?fit=1200%2C1200&resize=350%2C200","width":350,"height":200},"classes":[]},{"id":9720,"url":"http:\/\/astehshop.com\/index.php\/product\/konvektorska-grijalica-kumtel-hc-2947-2500w-elektricna\/","url_meta":{"origin":6357,"position":3},"title":"Konvektorska grijalica Kumtel HC-2947 2500W, elektri\u010dna","date":"24. studenoga 2024.","format":false,"excerpt":"Snaga: 2500 W Napon: 220 - 240 V Podesivi termostat 2 postavke topline: 1250 W \/ 2500 W Mogu\u0107nost monta\u017ee na zid Pokrivenost grijanja na otvorenom: 20 m\u00b2 Pokrivenost grijanja u zatvorenom: 30 m\u00b2 Sigurna, tiha, lagana sa posebnim sustavom koji osigurava u\u010dinkovito grijanje Boja artikla: bijela","rel":"","context":"Srodne objave","img":{"alt_text":"","src":"https:\/\/i0.wp.com\/astehshop.com\/wp-content\/uploads\/2024\/11\/Konvektorska-grijalica-Kumtel-HC-2947-2500W-elektricna.png?fit=800%2C800&resize=350%2C200","width":350,"height":200},"classes":[]},{"id":9488,"url":"http:\/\/astehshop.com\/index.php\/product\/grijalica-fabbygo-2000w-hot-4001\/","url_meta":{"origin":6357,"position":4},"title":"GRIJALICA FABBYGO 2000W HOT-4001","date":"21. rujna 2024.","format":false,"excerpt":"Proizvo\u0111a\u010d: Fabbygo Model: 4001-HOT Snaga: 2000W Napon: 220v 50Hz Tezina: 5 kg","rel":"","context":"Srodne objave","img":{"alt_text":"","src":"https:\/\/i1.wp.com\/astehshop.com\/wp-content\/uploads\/2024\/09\/fabbygo-grijalica.png?fit=800%2C800&resize=350%2C200","width":350,"height":200},"classes":[]},{"id":9504,"url":"http:\/\/astehshop.com\/index.php\/product\/konvektorska-grijalica-iskra-ch-2020f-standard\/","url_meta":{"origin":6357,"position":5},"title":"KONVEKTORSKA GRIJALICA ISKRA CH-2020F STANDARD","date":"21. rujna 2024.","format":false,"excerpt":"Napajanje 220-240 V ~ \/ 50-60 Hz Snaga 2000 W (750\/1250\/2000 W) Instalacija Samostoje\u0107i Du\u017eina kabla 1,6 m Materijal ku\u0107i\u0161ta Metal \/ plastika Boja ku\u0107i\u0161ta Bijela IP za\u0161tita IP20 Za\u0161tita od pregrijavanja Da Za\u0161tita od prevrtanja Ne Termostat Da Podesiva snaga Da Tajmer Ne Daljinski upravlja\u010d Ne \u00a0Te\u017eina 2,8 kg\u2026","rel":"","context":"Srodne objave","img":{"alt_text":"","src":"https:\/\/i1.wp.com\/astehshop.com\/wp-content\/uploads\/2024\/09\/ISKRA-KONVEKTORSKA-GRIJALICA-CH-2020F-STANDARD1.png?fit=800%2C800&resize=350%2C200","width":350,"height":200},"classes":[]}],"_links":{"self":[{"href":"http:\/\/astehshop.com\/index.php\/wp-json\/wp\/v2\/product\/6357"}],"collection":[{"href":"http:\/\/astehshop.com\/index.php\/wp-json\/wp\/v2\/product"}],"about":[{"href":"http:\/\/astehshop.com\/index.php\/wp-json\/wp\/v2\/types\/product"}],"replies":[{"embeddable":true,"href":"http:\/\/astehshop.com\/index.php\/wp-json\/wp\/v2\/comments?post=6357"}],"wp:featuredmedia":[{"embeddable":true,"href":"http:\/\/astehshop.com\/index.php\/wp-json\/wp\/v2\/media\/6358"}],"wp:attachment":[{"href":"http:\/\/astehshop.com\/index.php\/wp-json\/wp\/v2\/media?parent=6357"}],"wp:term":[{"taxonomy":"product_cat","embeddable":true,"href":"http:\/\/astehshop.com\/index.php\/wp-json\/wp\/v2\/product_cat?post=6357"},{"taxonomy":"product_tag","embeddable":true,"href":"http:\/\/astehshop.com\/index.php\/wp-json\/wp\/v2\/product_tag?post=6357"}],"curies":[{"name":"wp","href":"https:\/\/api.w.org\/{rel}","templated":true}]}}