{"id":6354,"date":"2022-09-30T15:39:50","date_gmt":"2022-09-30T13:39:50","guid":{"rendered":"http:\/\/astehshop.com\/?post_type=product&#038;p=6354"},"modified":"2023-03-04T18:35:31","modified_gmt":"2023-03-04T17:35:31","slug":"konvektor-tesla-pc250wh-2500-w-termicki-prekidac-zdina-montaza","status":"publish","type":"product","link":"http:\/\/astehshop.com\/index.php\/product\/konvektor-tesla-pc250wh-2500-w-termicki-prekidac-zdina-montaza\/","title":{"rendered":"Konvektor TESLA PC250WH 2500 W, termi\u010dki prekida\u010d, zdina monta\u017ea"},"content":{"rendered":"<h1>Konvektor TESLA PC250WH 2500 W, termi\u010dki prekida\u010d, zdina monta\u017ea<\/h1>\n","protected":false},"excerpt":{"rendered":"<h1>Konvektor TESLA PC250WH 2500 W, termi\u010dki prekida\u010d, zdina monta\u017ea<\/h1>\n","protected":false},"featured_media":6355,"comment_status":"open","ping_status":"closed","template":"","meta":{"_mi_skip_tracking":false,"_exactmetrics_sitenote_active":false,"_exactmetrics_sitenote_note":"","_exactmetrics_sitenote_category":0,"spay_email":""},"product_cat":[656,655],"product_tag":[4182,4181,2014,4180],"brands":[{"id":2331,"name":"Tesla","slug":"tesla"}],"df_price":109,"df_sale_price":109,"df_regular_price":129,"df_image_link":"https:\/\/i0.wp.com\/astehshop.com\/wp-content\/uploads\/2022\/09\/tesla-1.jpeg?fit=450%2C450","jetpack_publicize_connections":[],"jetpack_sharing_enabled":true,"jetpack_likes_enabled":true,"jetpack-related-posts":[{"id":9496,"url":"http:\/\/astehshop.com\/index.php\/product\/konvektor-fabbygo-2000w-5001\/","url_meta":{"origin":6354,"position":0},"title":"Konvektor FABBYGO 2000W 5001","date":"21. rujna 2024.","format":false,"excerpt":"KONVEKTOR JACINA 2000 W DVA NIVOA GRIJANJA TERMOSTAT MONTAZA NA TOCKICIMA MOGUCNOST MONTAZE NA ZID NAMJENJEN ZA ZAGRIJAVANJE PROSTORIJA OD 20 DO 25m2 GARANCIJA 12 MJESECI","rel":"","context":"Srodne objave","img":{"alt_text":"","src":"https:\/\/i2.wp.com\/astehshop.com\/wp-content\/uploads\/2024\/09\/Konvektor-FABBYGO-2000W-5001.png?fit=800%2C800&resize=350%2C200","width":350,"height":200},"classes":[]},{"id":9498,"url":"http:\/\/astehshop.com\/index.php\/product\/konvektor-fabbygo-hot-5003-2500w\/","url_meta":{"origin":6354,"position":1},"title":"Konvektor FABBYGO HOT-5003 2500W","date":"21. rujna 2024.","format":false,"excerpt":"Snaga: 2500 W Napon: 220-240 V On\/Off Indikator","rel":"","context":"Srodne objave","img":{"alt_text":"","src":"https:\/\/i2.wp.com\/astehshop.com\/wp-content\/uploads\/2024\/09\/Konvektor-FABBYGO-2000W-5001.png?fit=800%2C800&resize=350%2C200","width":350,"height":200},"classes":[]},{"id":6691,"url":"http:\/\/astehshop.com\/index.php\/product\/grijalica-konvektor-2000-w-zln6258\/","url_meta":{"origin":6354,"position":2},"title":"Grijalica, konvektor, 2000 W ZLN6258","date":"19. studenoga 2022.","format":false,"excerpt":"Elektri\u010dna panel grijalica, snaga 2000 W, samostoje\u0107i ili monta\u017ea na zid, sustav grijanja bez smanjivanja razine kisika u prostoriji, 2 opcije snage, podesivi termostat Siguran, tih, lagan, dekorativan","rel":"","context":"Srodne objave","img":{"alt_text":"","src":"https:\/\/i0.wp.com\/astehshop.com\/wp-content\/uploads\/2022\/11\/8682744806258.jpg?fit=1200%2C1128&resize=350%2C200","width":350,"height":200},"classes":[]},{"id":9720,"url":"http:\/\/astehshop.com\/index.php\/product\/konvektorska-grijalica-kumtel-hc-2947-2500w-elektricna\/","url_meta":{"origin":6354,"position":3},"title":"Konvektorska grijalica Kumtel HC-2947 2500W, elektri\u010dna","date":"24. studenoga 2024.","format":false,"excerpt":"Snaga: 2500 W Napon: 220 - 240 V Podesivi termostat 2 postavke topline: 1250 W \/ 2500 W Mogu\u0107nost monta\u017ee na zid Pokrivenost grijanja na otvorenom: 20 m\u00b2 Pokrivenost grijanja u zatvorenom: 30 m\u00b2 Sigurna, tiha, lagana sa posebnim sustavom koji osigurava u\u010dinkovito grijanje Boja artikla: bijela","rel":"","context":"Srodne objave","img":{"alt_text":"","src":"https:\/\/i0.wp.com\/astehshop.com\/wp-content\/uploads\/2024\/11\/Konvektorska-grijalica-Kumtel-HC-2947-2500W-elektricna.png?fit=800%2C800&resize=350%2C200","width":350,"height":200},"classes":[]},{"id":8266,"url":"http:\/\/astehshop.com\/index.php\/product\/konvektorska-grijalica-green-tech-2000w-elektricna\/","url_meta":{"origin":6354,"position":4},"title":"Konvektorska grijalica Green Tech 2000W, elektri\u010dna","date":"24. rujna 2023.","format":false,"excerpt":"Snaga grija\u010da: 2000 W 2 postavke topline: 1000 \/ 2000 W Podesiva kontrola termostata Za\u0161tita od pregrijavanja (automatsko isklju\u010divanje u slu\u010daju pregrijavanja: da, termostat za za\u0161titu od previsoke temperature: da) Aluminijski grija\u0107i element u obliku slova X Indikator napajanja Vrsta kontrole: mehani\u010dka Tajmer: ne Daljinski upravlja\u010d: ne Automatski prekida\u010d: da\u2026","rel":"","context":"Srodne objave","img":{"alt_text":"","src":"https:\/\/i2.wp.com\/astehshop.com\/wp-content\/uploads\/2023\/09\/HCN-2000_5243.png?fit=1200%2C1074&resize=350%2C200","width":350,"height":200},"classes":[]},{"id":7991,"url":"http:\/\/astehshop.com\/index.php\/product\/zidni-zvucnik-crni-ili-bijeli-dsp8064\/","url_meta":{"origin":6354,"position":5},"title":"Zidni zvu\u010dnik crni ili bijeli DSP8064","date":"20. lipnja 2023.","format":false,"excerpt":"6.5\u201d dvosistemski zidni zvu\u010dnik, za 100V\/70V\/8\u03a9 liniju. Snaga 3W-6W-10W-20W-40W na 70V, 6W-10W-20W-40W na 100V. 40W na 8\u03a9. RMS 40W. Osetljivost 90dB, Maksimalni nivo zvuka 103dB\/1m, frekventni opseg 95Hz-20kHz. Rotacioni prekida\u010d za izbor snage\/impedanse. Materijal Aluminijum, ABS. Dimenzije: 255x176x170mm, te\u017eina 2.6kg. Nazidna monta\u017ea. Bijela\/Crna boja. Komplet sa U- nosa\u010dem.","rel":"","context":"Srodne objave","img":{"alt_text":"","src":"https:\/\/i0.wp.com\/astehshop.com\/wp-content\/uploads\/2023\/06\/DSP8064.jpg?fit=600%2C600&resize=350%2C200","width":350,"height":200},"classes":[]}],"_links":{"self":[{"href":"http:\/\/astehshop.com\/index.php\/wp-json\/wp\/v2\/product\/6354"}],"collection":[{"href":"http:\/\/astehshop.com\/index.php\/wp-json\/wp\/v2\/product"}],"about":[{"href":"http:\/\/astehshop.com\/index.php\/wp-json\/wp\/v2\/types\/product"}],"replies":[{"embeddable":true,"href":"http:\/\/astehshop.com\/index.php\/wp-json\/wp\/v2\/comments?post=6354"}],"wp:featuredmedia":[{"embeddable":true,"href":"http:\/\/astehshop.com\/index.php\/wp-json\/wp\/v2\/media\/6355"}],"wp:attachment":[{"href":"http:\/\/astehshop.com\/index.php\/wp-json\/wp\/v2\/media?parent=6354"}],"wp:term":[{"taxonomy":"product_cat","embeddable":true,"href":"http:\/\/astehshop.com\/index.php\/wp-json\/wp\/v2\/product_cat?post=6354"},{"taxonomy":"product_tag","embeddable":true,"href":"http:\/\/astehshop.com\/index.php\/wp-json\/wp\/v2\/product_tag?post=6354"}],"curies":[{"name":"wp","href":"https:\/\/api.w.org\/{rel}","templated":true}]}}