{"id":6303,"date":"2022-04-23T16:32:10","date_gmt":"2022-04-23T14:32:10","guid":{"rendered":"http:\/\/astehshop.com\/?post_type=product&#038;p=6303"},"modified":"2024-02-18T10:12:08","modified_gmt":"2024-02-18T09:12:08","slug":"longse-2-0mp-2-8-12mm-30m-ir-super-starlight-lvdbhsl200","status":"publish","type":"product","link":"http:\/\/astehshop.com\/index.php\/product\/longse-2-0mp-2-8-12mm-30m-ir-super-starlight-lvdbhsl200\/","title":{"rendered":"Longse 2.0MP 2.8-12MM 30M IR SUPER STARLIGHT LVDBHSL200"},"content":{"rendered":"<p>Izuzetno kvalitetne izrade i extra dizajna u anti vandal ku\u0107i\u0161tu ovaj model kamere sa potrebnim nosa\u010dem uklopit \u0107e se u moderne objekte, bilo da se radi o va\u0161em domu ili poslovnom objektu.<\/p>\n<p>Kamera sa podesivim objektivom 2.8-12mm sa rezolucijom Full HD 2MP i ista \u0107e se prilagoditi va\u0161em unutra\u0161njem prostora po va\u0161oj \u017eelji. Odlikuje ju Starlight no\u0107no osvjetljenje i ista \u0107e uz vrlo malo svjetlosti nave\u010de imati sliku u boji IR Dometa do 30 metara.<\/p>\n<p>Isto tako mo\u017ee se podesiti da prilikom uo\u010denja kretanja kamera \u0161alje sliku na va\u0161 mobitel i o istom Vas obavjesti.<\/p>\n<p>Sa kompresijom H.265 ili H.265+ kamera \u0107e u\u0161tedjeti mjesto na va\u0161em hard disku, a da potom ne gubi na kvalitetu snimka.<\/p>\n<p>Istu je jednostavno povezati na va\u0161 ruter i putem Bitvision aplikacije kameru pratiti putem interneta.<\/p>\n<p>IP67 Standard zna\u010di da je ista vodootporna i za\u0161ti\u0107ena od ulaza pra\u0161ine. Mo\u017ee se koristiti i u unutra\u0161njem i vanjskom prostoru.<\/p>\n<p>Prednost IP POE Kamera je ta \u0161to je dovoljan jedan UTP Kabal (preporuka Cat6), a kroz isti kamera dobije napajanje i video signal. U koliko kamera radi zasebno mo\u017ee se spojiti direktno na Adapter 12V 1 ili 2A.<\/p>\n<p><strong>Garancija 24 mjeseca (U slu\u010daju kvara u uslovima garancije ure\u0111aj se ne popravlja, nego isklju\u010divo mijenja za novi ure\u0111aj istih ili boljih karekteristika). Kod ugradnje bitno je obratiti pa\u017enju da isto odradi ovla\u0161tena ili stru\u010dna osoba.<\/strong><\/p>\n<p>Model: LVDBHSL200<\/p>\n<p>2MP Outdoor Varifocal Dome IP PoE IR 30m<\/p>\n<p>\u2022 1\/2.8\u2033SONY Starvis Back-illuminated CMOS Sensor<\/p>\n<p>\u2022 H.265+\/H.265\/H.264+\/H.264 Compression Method<\/p>\n<p>\u2022 2.8-12mm Varifocal Lens<\/p>\n<p>\u2022 IR Distance 30m Max.<\/p>\n<p>\u2022 IP67 Outdoor Metal Case<\/p>\n","protected":false},"excerpt":{"rendered":"<p>Izuzetno kvalitetne izrade i extra dizajna u anti vandal ku\u0107i\u0161tu ovaj model kamere sa potrebnim nosa\u010dem uklopit \u0107e se u moderne objekte, bilo da se radi o va\u0161em domu ili poslovnom objektu.<\/p>\n<p>Kamera sa podesivim objektivom 2.8-12mm sa rezolucijom Full HD 2MP i ista \u0107e se prilagoditi va\u0161em unutra\u0161njem prostora po va\u0161oj \u017eelji. Odlikuje ju Starlight no\u0107no osvjetljenje i ista \u0107e uz vrlo malo svjetlosti nave\u010de imati sliku u boji IR Dometa do 30 metara.<\/p>\n<p>Isto tako mo\u017ee se podesiti da prilikom uo\u010denja kretanja kamera \u0161alje sliku na va\u0161 mobitel i o istom Vas obavjesti.<\/p>\n<p>Sa kompresijom H.265 ili H.265+ kamera \u0107e u\u0161tedjeti mjesto na va\u0161em hard disku, a da potom ne gubi na kvalitetu snimka.<\/p>\n<p>Istu je jednostavno povezati na va\u0161 ruter i putem Bitvision aplikacije kameru pratiti putem interneta.<\/p>\n<p>IP67 Standard zna\u010di da je ista vodootporna i za\u0161ti\u0107ena od ulaza pra\u0161ine. Mo\u017ee se koristiti i u unutra\u0161njem i vanjskom prostoru.<\/p>\n<p>Prednost IP POE Kamera je ta \u0161to je dovoljan jedan UTP Kabal (preporuka Cat6), a kroz isti kamera dobije napajanje i video signal. U koliko kamera radi zasebno mo\u017ee se spojiti direktno na Adapter 12V 1 ili 2A.<\/p>\n<p><strong>Garancija 24 mjeseca (U slu\u010daju kvara u uslovima garancije ure\u0111aj se ne popravlja, nego isklju\u010divo mijenja za novi ure\u0111aj istih ili boljih karekteristika). Kod ugradnje bitno je obratiti pa\u017enju da isto odradi ovla\u0161tena ili stru\u010dna osoba.<\/strong><\/p>\n<p>Model: LVDBHSL200<\/p>\n<p>2MP Outdoor Varifocal Dome IP PoE IR 30m<\/p>\n<p>\u2022 1\/2.8\u2033SONY Starvis Back-illuminated CMOS Sensor<\/p>\n<p>\u2022 H.265+\/H.265\/H.264+\/H.264 Compression Method<\/p>\n<p>\u2022 2.8-12mm Varifocal Lens<\/p>\n<p>\u2022 IR Distance 30m Max.<\/p>\n<p>\u2022 IP67 Outdoor Metal Case<\/p>\n","protected":false},"featured_media":6304,"comment_status":"open","ping_status":"closed","template":"","meta":{"_mi_skip_tracking":false,"_exactmetrics_sitenote_active":false,"_exactmetrics_sitenote_note":"","_exactmetrics_sitenote_category":0,"spay_email":""},"product_cat":[1037],"product_tag":[1042,2223,2222,4141,4142,2264],"brands":[{"id":2220,"name":"Longse","slug":"longse"}],"df_price":269,"df_sale_price":"","df_regular_price":269,"df_image_link":"https:\/\/i0.wp.com\/astehshop.com\/wp-content\/uploads\/2022\/04\/LVDBHSL200.jpg?fit=450%2C338","jetpack_publicize_connections":[],"jetpack_sharing_enabled":true,"jetpack_likes_enabled":true,"jetpack-related-posts":[{"id":6313,"url":"http:\/\/astehshop.com\/index.php\/product\/longse-ip-kamera-bullet-5mp-2-8-12mm-40m-ir-starlight-lbp60ml500\/","url_meta":{"origin":6303,"position":0},"title":"Longse IP Kamera Bullet 5MP 2.8-12mm 40m IR Starlight LBP60ML500","date":"23. travnja 2022.","format":false,"excerpt":"Ovo je jedan od najprodavanijih modela IP Kamera na tr\u017ei\u0161tu, kamera dolazi sa podesivim objektivom 2.8-12mm sa rezolucijom 4K 5MP i ista \u0107e se prilagoditi va\u0161em vanjskom prostoru po va\u0161oj \u017eelji. Odlikuje ju Starlight no\u0107no osvjetljenje i ista \u0107e uz vrlo malo svjetlosti nave\u010de imati sliku u boji IR Dometa\u2026","rel":"","context":"Srodne objave","img":{"alt_text":"","src":"https:\/\/i0.wp.com\/astehshop.com\/wp-content\/uploads\/2022\/04\/LBP60HTC500FKE.jpg?fit=960%2C700&resize=350%2C200","width":350,"height":200},"classes":[]},{"id":6312,"url":"http:\/\/astehshop.com\/index.php\/product\/longse-ip-kamera-bullet-2mp-2-8-12mm-40m-ir-starlight-lbp60ml200\/","url_meta":{"origin":6303,"position":1},"title":"Longse IP Kamera Bullet 2MP 2.8-12mm 40m IR Starlight LBP60ML200","date":"23. travnja 2022.","format":false,"excerpt":"Ovo je jedan od najprodavanijih modela IP Kamera na tr\u017ei\u0161tu, kamera dolazi sa podesivim objektivom 2.8-12mm sa rezolucijom Full HD 2MP i ista \u0107e se prilagoditi va\u0161em vanjskom prostoru po va\u0161oj \u017eelji. Odlikuje ju Starlight no\u0107no osvjetljenje i ista \u0107e uz vrlo malo svjetlosti nave\u010de imati sliku u boji IR\u2026","rel":"","context":"Srodne objave","img":{"alt_text":"","src":"https:\/\/i0.wp.com\/astehshop.com\/wp-content\/uploads\/2022\/04\/LBP60HTC500FKE.jpg?fit=960%2C700&resize=350%2C200","width":350,"height":200},"classes":[]},{"id":5406,"url":"http:\/\/astehshop.com\/index.php\/product\/bullet-ip-kamera-2mp-3-6mm-poe-super-starlight-60m-ir-bmlasp200\/","url_meta":{"origin":6303,"position":2},"title":"BULLET IP KAMERA 2MP 3.6MM POE SUPER STARLIGHT 60M IR BMLASP200","date":"13. listopada 2021.","format":false,"excerpt":"Ova IP Kamera mo\u017ee raditi ne ovisno od snima\u010da, jer posjeduje mjesto za momorijsku karticu do 512 GB. Isto tako mo\u017ee se podesiti da prilikom uo\u010denja kretanja kamera \u0161alje sliku na va\u0161 mobitel i o istom Vas obavjesti. Ovaj model kamere dolazi u robusnom metalnom ku\u0107i\u0161tu sa objektivom 3.6mm i\u2026","rel":"","context":"Srodne objave","img":{"alt_text":"","src":"https:\/\/i0.wp.com\/astehshop.com\/wp-content\/uploads\/2021\/10\/BMLASP200-1.jpg?fit=1200%2C900&resize=350%2C200","width":350,"height":200},"classes":[]},{"id":5400,"url":"http:\/\/astehshop.com\/index.php\/product\/bullet-ip-kamera-2mp-2-8mm-poe-starlight-25m-ir-bmsahsl200\/","url_meta":{"origin":6303,"position":3},"title":"BULLET IP KAMERA 2MP 2.8MM POE STARLIGHT 25M IR BMSAHSL200","date":"11. listopada 2021.","format":false,"excerpt":"Ova IP Kamera mo\u017ee raditi ne ovisno od snima\u010da, jer posjeduje mjesto za momorijsku karticu do 512 GB. Isto tako mo\u017ee se podesiti da prilikom uo\u010denja kretanja kamera \u0161alje sliku na va\u0161 mobitel i o istom Vas obavjesti. Ovaj model kamere dolazi u metalnom ku\u0107i\u0161tu extra dizajna i sa \u0161irokim\u2026","rel":"","context":"Srodne objave","img":{"alt_text":"","src":"https:\/\/i2.wp.com\/astehshop.com\/wp-content\/uploads\/2021\/10\/BMSASL200WH-111.png?fit=648%2C480&resize=350%2C200","width":350,"height":200},"classes":[]},{"id":5248,"url":"http:\/\/astehshop.com\/index.php\/product\/dome-ip-kamera-poe-5mp-2-8-12mm-30m-ir-lirdcafe500\/","url_meta":{"origin":6303,"position":4},"title":"DOME IP KAMERA POE 5MP 2.8-12MM 30M IR LIRDCAFE500","date":"9. listopada 2021.","format":false,"excerpt":"Ovaj model kamere dolazi sa podesivim objektivom 2.8-12mm i 5MP 4K rezolucijom. Ista \u0107e se prilagoditi va\u0161em unutra\u0161njem prostora po va\u0161oj \u017eelji. Odlikuje ju je izuzetno kvalitetna slika i previ\u0111ena je za unutra\u0161nju monta\u017eu. No\u0107ni IR Domet do 30 metara. Isto tako kamera se mo\u017ee podesiti da prilikom uo\u010denja kretanja\u2026","rel":"","context":"Srodne objave","img":{"alt_text":"","src":"https:\/\/i0.wp.com\/astehshop.com\/wp-content\/uploads\/2021\/10\/LIRDCAFE200-1.png?fit=668%2C643&resize=350%2C200","width":350,"height":200},"classes":[]},{"id":6308,"url":"http:\/\/astehshop.com\/index.php\/product\/ip-kamera-bullet-4-mp-2-8mm-25m-ir-poe-starlight-bmsarl400\/","url_meta":{"origin":6303,"position":5},"title":"IP Kamera Bullet 4 MP 2.8mm 25m IR POE Starlight BMSARL400","date":"23. travnja 2022.","format":false,"excerpt":"Ovaj model kamere dolazi u metalnom ku\u0107i\u0161tu sa objektivom 3.6mm i rezolucijom 4K 5MP@30fps (SONY IMX335+RV1109). Objektivom 2.8mm i ista \u0107e pokriti kvalitetno \u0161irok dio prostora sa jasnom slikom ili videom. No\u0107ni IR domet 25m Starlight, uz vrlo malo svjetlosti kamera \u0107e snimati 24 sata u boji. Sa kompresijom H.265\u2026","rel":"","context":"Srodne objave","img":{"alt_text":"","src":"https:\/\/i2.wp.com\/astehshop.com\/wp-content\/uploads\/2022\/04\/BMSARL400.jpg?fit=480%2C350&resize=350%2C200","width":350,"height":200},"classes":[]}],"_links":{"self":[{"href":"http:\/\/astehshop.com\/index.php\/wp-json\/wp\/v2\/product\/6303"}],"collection":[{"href":"http:\/\/astehshop.com\/index.php\/wp-json\/wp\/v2\/product"}],"about":[{"href":"http:\/\/astehshop.com\/index.php\/wp-json\/wp\/v2\/types\/product"}],"replies":[{"embeddable":true,"href":"http:\/\/astehshop.com\/index.php\/wp-json\/wp\/v2\/comments?post=6303"}],"wp:featuredmedia":[{"embeddable":true,"href":"http:\/\/astehshop.com\/index.php\/wp-json\/wp\/v2\/media\/6304"}],"wp:attachment":[{"href":"http:\/\/astehshop.com\/index.php\/wp-json\/wp\/v2\/media?parent=6303"}],"wp:term":[{"taxonomy":"product_cat","embeddable":true,"href":"http:\/\/astehshop.com\/index.php\/wp-json\/wp\/v2\/product_cat?post=6303"},{"taxonomy":"product_tag","embeddable":true,"href":"http:\/\/astehshop.com\/index.php\/wp-json\/wp\/v2\/product_tag?post=6303"}],"curies":[{"name":"wp","href":"https:\/\/api.w.org\/{rel}","templated":true}]}}