{"id":6300,"date":"2022-04-23T15:59:15","date_gmt":"2022-04-23T13:59:15","guid":{"rendered":"http:\/\/astehshop.com\/?post_type=product&#038;p=6300"},"modified":"2023-09-24T11:16:24","modified_gmt":"2023-09-24T09:16:24","slug":"longse-ip-kamera-dome-2mp-2-8mm-25m-ir-poe-sa-mikrofonom-cmsbfg200","status":"publish","type":"product","link":"http:\/\/astehshop.com\/index.php\/product\/longse-ip-kamera-dome-2mp-2-8mm-25m-ir-poe-sa-mikrofonom-cmsbfg200\/","title":{"rendered":"Longse IP Kamera Dome 2MP 2.8mm 25m IR POE sa mikrofonom CMSBFG200"},"content":{"rendered":"<p>Ovaj model kamere dolazi sa \u0161irokim objektivom 2.8mm sa rezolucijom Full HD 2MP i ista \u0107e pokriti dosta \u0161irok spektar va\u0161eg unutra\u0161njeg prostora. IR Dometa do 25 metara i dolazi sa ugra\u0111enim mikrofonom.<\/p>\n<p>Sa kompresijom H.265 ili H.265+ kamera \u0107e u\u0161tedjeti mjesto na va\u0161em hard disku a da potom ne gubi na kvalitetu snimka.<\/p>\n<p>Istu je jednostavno povezati na va\u0161 ruter i putem Bitvision aplikacije kameru pratiti putem interneta.<\/p>\n<p>IP67 Standard zna\u010di da je ista vodootporna i za\u0161ti\u0107ena od ulaza pra\u0161ine. Ovaj tip namjenjen je za unutra\u0161nju monta\u017eu. Vandalproof &amp; Weatherproof<\/p>\n<p>Prednost IP POE Kamera je ta \u0161to je dovoljan jedan UTP Kabal (preporuka Cat6), a kroz isti kamera dobije napajanje i video signal. U koliko kamera radi zasebno mo\u017ee se spojiti direktno na Adapter 12V 1 ili 2A.<\/p>\n<p>Garancija 24 mjeseca (U slu\u010daju kvara u uslovima garancije ure\u0111aj se ne popravlja, nego isklju\u010divo mijenja za novi ure\u0111aj istih ili boljih karekteristika). Kod ugradnje bitno je obratiti pa\u017enju da isto odradi ovla\u0161tena ili stru\u010dna osoba.<\/p>\n<p>Model: CMSBFG200<\/p>\n<p>1\/2.9\u2033 Progressive Scan CMOS, Fullhan SOC,DWDR, With IR-CUT<br \/>\nMain Stream: 1080P\/720P@30fps, 3MP@30fps; With Internal POE<br \/>\nSupport Human-shape Detection, Intrusion Detection<\/p>\n<p>Vandalproof &amp; Weatherproof<br \/>\nWater Resistance: IP67<br \/>\nIR LED: 42\u03bc x 2PCS<br \/>\nIR Range: 25m<\/p>\n","protected":false},"excerpt":{"rendered":"<p>Ovaj model kamere dolazi sa \u0161irokim objektivom 2.8mm sa rezolucijom Full HD 2MP i ista \u0107e pokriti dosta \u0161irok spektar va\u0161eg unutra\u0161njeg prostora. IR Dometa do 25 metara i dolazi sa ugra\u0111enim mikrofonom.<\/p>\n<p>Sa kompresijom H.265 ili H.265+ kamera \u0107e u\u0161tedjeti mjesto na va\u0161em hard disku a da potom ne gubi na kvalitetu snimka.<\/p>\n<p>Istu je jednostavno povezati na va\u0161 ruter i putem Bitvision aplikacije kameru pratiti putem interneta.<\/p>\n<p>IP67 Standard zna\u010di da je ista vodootporna i za\u0161ti\u0107ena od ulaza pra\u0161ine. Ovaj tip namjenjen je za unutra\u0161nju monta\u017eu. Vandalproof &amp; Weatherproof<\/p>\n<p>Prednost IP POE Kamera je ta \u0161to je dovoljan jedan UTP Kabal (preporuka Cat6), a kroz isti kamera dobije napajanje i video signal. U koliko kamera radi zasebno mo\u017ee se spojiti direktno na Adapter 12V 1 ili 2A.<\/p>\n<p>Garancija 24 mjeseca (U slu\u010daju kvara u uslovima garancije ure\u0111aj se ne popravlja, nego isklju\u010divo mijenja za novi ure\u0111aj istih ili boljih karekteristika). Kod ugradnje bitno je obratiti pa\u017enju da isto odradi ovla\u0161tena ili stru\u010dna osoba.<\/p>\n<p>Model: CMSBFG200<\/p>\n<p>1\/2.9\u2033 Progressive Scan CMOS, Fullhan SOC,DWDR, With IR-CUT<br \/>\nMain Stream: 1080P\/720P@30fps, 3MP@30fps; With Internal POE<br \/>\nSupport Human-shape Detection, Intrusion Detection<\/p>\n<p>Vandalproof &amp; Weatherproof<br \/>\nWater Resistance: IP67<br \/>\nIR LED: 42\u03bc x 2PCS<br \/>\nIR Range: 25m<\/p>\n","protected":false},"featured_media":6301,"comment_status":"open","ping_status":"closed","template":"","meta":{"_mi_skip_tracking":false,"_exactmetrics_sitenote_active":false,"_exactmetrics_sitenote_note":"","_exactmetrics_sitenote_category":0,"spay_email":""},"product_cat":[1037],"product_tag":[4140,3568,574],"brands":[{"id":2220,"name":"Longse","slug":"longse"}],"df_price":199,"df_sale_price":"","df_regular_price":199,"df_image_link":"https:\/\/i1.wp.com\/astehshop.com\/wp-content\/uploads\/2022\/04\/CMSBFG200.jpg?fit=450%2C450","jetpack_publicize_connections":[],"jetpack_sharing_enabled":true,"jetpack_likes_enabled":true,"jetpack-related-posts":[{"id":8492,"url":"http:\/\/astehshop.com\/index.php\/product\/ip-kamera-dome-2mp-2-8mm-25m-ir-poe-lirdbafg200\/","url_meta":{"origin":6300,"position":0},"title":"IP Kamera Dome 2MP 2.8mm 25m IR POE  LIRDBAFG200","date":"2. studenoga 2023.","format":false,"excerpt":"Veoma pouzdan model u jeftinijem segmentu IP kamera. Ovaj model kamere uklopit \u0107e se u svaki moderan prostor ili dom. Dolazi sa \u0161irokim objektivom 2.8mm sa rezolucijom 2MP, ista \u0107e pokriti dosta \u0161irok spektar va\u0161eg unutra\u0161njeg prostora. IR no\u0107ni domet do 20 metara. Sa kompresijom H.265 ili H.265+ kamera \u0107e\u2026","rel":"","context":"Srodne objave","img":{"alt_text":"","src":"https:\/\/i2.wp.com\/astehshop.com\/wp-content\/uploads\/2023\/11\/LIRDBAFG200.png?fit=297%2C268&resize=350%2C200","width":350,"height":200},"classes":[]},{"id":5400,"url":"http:\/\/astehshop.com\/index.php\/product\/bullet-ip-kamera-2mp-2-8mm-poe-starlight-25m-ir-bmsahsl200\/","url_meta":{"origin":6300,"position":1},"title":"BULLET IP KAMERA 2MP 2.8MM POE STARLIGHT 25M IR BMSAHSL200","date":"11. listopada 2021.","format":false,"excerpt":"Ova IP Kamera mo\u017ee raditi ne ovisno od snima\u010da, jer posjeduje mjesto za momorijsku karticu do 512 GB. Isto tako mo\u017ee se podesiti da prilikom uo\u010denja kretanja kamera \u0161alje sliku na va\u0161 mobitel i o istom Vas obavjesti. Ovaj model kamere dolazi u metalnom ku\u0107i\u0161tu extra dizajna i sa \u0161irokim\u2026","rel":"","context":"Srodne objave","img":{"alt_text":"","src":"https:\/\/i2.wp.com\/astehshop.com\/wp-content\/uploads\/2021\/10\/BMSASL200WH-111.png?fit=648%2C480&resize=350%2C200","width":350,"height":200},"classes":[]},{"id":5406,"url":"http:\/\/astehshop.com\/index.php\/product\/bullet-ip-kamera-2mp-3-6mm-poe-super-starlight-60m-ir-bmlasp200\/","url_meta":{"origin":6300,"position":2},"title":"BULLET IP KAMERA 2MP 3.6MM POE SUPER STARLIGHT 60M IR BMLASP200","date":"13. listopada 2021.","format":false,"excerpt":"Ova IP Kamera mo\u017ee raditi ne ovisno od snima\u010da, jer posjeduje mjesto za momorijsku karticu do 512 GB. Isto tako mo\u017ee se podesiti da prilikom uo\u010denja kretanja kamera \u0161alje sliku na va\u0161 mobitel i o istom Vas obavjesti. Ovaj model kamere dolazi u robusnom metalnom ku\u0107i\u0161tu sa objektivom 3.6mm i\u2026","rel":"","context":"Srodne objave","img":{"alt_text":"","src":"https:\/\/i0.wp.com\/astehshop.com\/wp-content\/uploads\/2021\/10\/BMLASP200-1.jpg?fit=1200%2C900&resize=350%2C200","width":350,"height":200},"classes":[]},{"id":8494,"url":"http:\/\/astehshop.com\/index.php\/product\/ip-kamera-dome-2mp-2-8mm-25m-ir-poe-mic-sd-slot-cmsdfg200\/","url_meta":{"origin":6300,"position":3},"title":"IP Kamera Dome 2MP 2.8mm 25m IR POE + Mic + SD Slot CMSDFG200","date":"2. studenoga 2023.","format":false,"excerpt":"Model: CMSDFG200 Ovaj model kamere dolazi u plasti\u010dno \/ metalnom ku\u0107i\u0161tu sa objektivom 2.8mm i rezolucijom 2MP@30fps. \u0160irokim objektivom od 2.8mm i ista \u0107e pokriti \u0161irok dio prostora sa jasnom i kvalitetnom slikom ili videom. No\u0107ni IR domet 25m. Koristi externi POE. Posjeduje integrirani mikrofon i utor za Micro SD\u2026","rel":"","context":"Srodne objave","img":{"alt_text":"","src":"https:\/\/i0.wp.com\/astehshop.com\/wp-content\/uploads\/2023\/11\/CMSDFG200.jpg?fit=329%2C248&resize=350%2C200","width":350,"height":200},"classes":[]},{"id":9178,"url":"http:\/\/astehshop.com\/index.php\/product\/poe-bullet-ip-kamera-longse-4mp-2-8mm-25m-ir-full-color-24h-mic-bmscfg400wh\/","url_meta":{"origin":6300,"position":4},"title":"POE Bullet IP Kamera Longse 4MP 2.8mm 25m IR Full Color 24h + MIC BMSCFG400WH","date":"10. o\u017eujka 2024.","format":false,"excerpt":"Ovaj model kamere dolazi u metalnom ku\u0107i\u0161tu. Rezolucijom Full HD 4MP i objektivom 2.8mm ista \u0107e pokriti kvalitetno \u0161irok spekrtar prostora sa jasnom slikom ili videom. No\u0107ni IR domet 25m sa Full Color osvjetljenjem kamera \u0107e raditi u boji 24\/7h. Sa kompresijom H.265 ili H.265+ kamera \u0107e u\u0161tedjeti mjesto na\u2026","rel":"","context":"Srodne objave","img":{"alt_text":"","src":"https:\/\/i0.wp.com\/astehshop.com\/wp-content\/uploads\/2024\/03\/BMSCFG400WH-1.jpg?fit=510%2C348&resize=350%2C200","width":350,"height":200},"classes":[]},{"id":9172,"url":"http:\/\/astehshop.com\/index.php\/product\/poe-dome-ip-kamera-longse-4mp-2-8mm-25m-ir-sd-card-slot-mic-cmsefg400\/","url_meta":{"origin":6300,"position":5},"title":"POE Dome IP Kamera Longse 4MP 2.8mm 25m IR SD Card slot + Mic CMSEFG400","date":"10. o\u017eujka 2024.","format":false,"excerpt":"Ovaj model kamere dolazi u metalnom ku\u0107i\u0161tu sa objektivom 2.8mm i rezolucijom 4MP 4K. \u0160irokim objektivom od 2.8mm i ista \u0107e pokriti \u0161irok dio prostora sa jasnom i kvalitetnom slikom ili videom. No\u0107ni IR domet 25m. Posjeduje integrirani mikrofon i utor za MicroSD karticu. Sa kompresijom H.265+ kamera \u0107e u\u0161tedjeti\u2026","rel":"","context":"Srodne objave","img":{"alt_text":"","src":"https:\/\/i0.wp.com\/astehshop.com\/wp-content\/uploads\/2024\/03\/CMSDKL500.jpg?fit=618%2C475&resize=350%2C200","width":350,"height":200},"classes":[]}],"_links":{"self":[{"href":"http:\/\/astehshop.com\/index.php\/wp-json\/wp\/v2\/product\/6300"}],"collection":[{"href":"http:\/\/astehshop.com\/index.php\/wp-json\/wp\/v2\/product"}],"about":[{"href":"http:\/\/astehshop.com\/index.php\/wp-json\/wp\/v2\/types\/product"}],"replies":[{"embeddable":true,"href":"http:\/\/astehshop.com\/index.php\/wp-json\/wp\/v2\/comments?post=6300"}],"wp:featuredmedia":[{"embeddable":true,"href":"http:\/\/astehshop.com\/index.php\/wp-json\/wp\/v2\/media\/6301"}],"wp:attachment":[{"href":"http:\/\/astehshop.com\/index.php\/wp-json\/wp\/v2\/media?parent=6300"}],"wp:term":[{"taxonomy":"product_cat","embeddable":true,"href":"http:\/\/astehshop.com\/index.php\/wp-json\/wp\/v2\/product_cat?post=6300"},{"taxonomy":"product_tag","embeddable":true,"href":"http:\/\/astehshop.com\/index.php\/wp-json\/wp\/v2\/product_tag?post=6300"}],"curies":[{"name":"wp","href":"https:\/\/api.w.org\/{rel}","templated":true}]}}