{"id":6293,"date":"2022-04-23T15:48:36","date_gmt":"2022-04-23T13:48:36","guid":{"rendered":"http:\/\/astehshop.com\/?post_type=product&#038;p=6293"},"modified":"2026-01-14T17:30:17","modified_gmt":"2026-01-14T16:30:17","slug":"longse-5mp-4k-lite-4in1-ahd-bullet-ir-40m-2-8-12mm-lbp60htc500fke","status":"publish","type":"product","link":"http:\/\/astehshop.com\/index.php\/product\/longse-5mp-4k-lite-4in1-ahd-bullet-ir-40m-2-8-12mm-lbp60htc500fke\/","title":{"rendered":"Longse 5MP 4K Lite 4IN1 AHD BULLET IR 40M 2.8-12MM LBP60HTC500FKE"},"content":{"rendered":"<p>Ovaj model kamere mo\u017ee raditi u kombinaciji i sa ostalim proizvo\u0111a\u010dima snima\u010da.<\/p>\n<p>Kamera je izuzetno kvalitetna i dolazi sa rezolucijom 4K Lite 5MP, ali se mora uzeti u obzir da svi snima\u010di ne\u0107e podr\u017eati ovaj tip kamere, nego samo snima\u010di koji podr\u017eavaju kamere do 5MP, a iste mo\u017eete prona\u0107i pod kategorijom XVR snima\u010da, na na\u0161oj stranici!<\/p>\n<p>Kamera posjeduje OSD Menu, tako da se mo\u017ee prebaciti na \u017eeljeni mod kao npr. AHD, CVI, TVI ili CVBS..<\/p>\n<p>Kamera se nalazi metalnom ku\u0107i\u0161tu, standarda IP67 tako da je vodootporna i za\u0161ti\u0107ena od pra\u0161ine.<\/p>\n<p>Dolazi sa manualnim fokusom 2.8mm-12mm, \u0161to zna\u010di da se mo\u017ee prilagoditi da u kvalitetnoj rezoluciji pokriva ba\u0161 onoliko prostora koliko je potrebno.<\/p>\n<p>Maximalni no\u0107ni IR domet do 40m.<\/p>\n<p><strong>Garancija 24 mjeseca (U slu\u010daju kvara u uslovima garancije ure\u0111aj se ne popravlja, nego isklju\u010divo mijenja za novi ure\u0111aj istih ili boljih karekteristika). Kod ugradnje bitno je obratiti pa\u017enju da isto odradi ovla\u0161tena ili stru\u010dna osoba.<\/strong><\/p>\n<p>Model: LBP60HTC500FKE<\/p>\n<p>1\/2.5\u2033 CMOS sensor,5M (Default ) \/4K Output, 2DNR, UTC, OSD, With IR\u2010CUT<br \/>\nAHD\/TVI: 8M@15fps, 5M@20fps, 4M\/2M@30fps; CVI: 8M@15fp, 4M\/2M@30fps<\/p>\n<p>IR LED: 42\u03bc x 4PCS, IR Range: 40M, 2.8\u201012mm Manual Zoom Lens, Water Resistance: IP67, Anti\u2010Cut 3\u2010Axis Bracket<\/p>\n","protected":false},"excerpt":{"rendered":"<p>Ovaj model kamere mo\u017ee raditi u kombinaciji i sa ostalim proizvo\u0111a\u010dima snima\u010da.<\/p>\n<p>Kamera je izuzetno kvalitetna i dolazi sa rezolucijom 4K Lite 5MP, ali se mora uzeti u obzir da svi snima\u010di ne\u0107e podr\u017eati ovaj tip kamere, nego samo snima\u010di koji podr\u017eavaju kamere do 5MP, a iste mo\u017eete prona\u0107i pod kategorijom XVR snima\u010da, na na\u0161oj stranici!<\/p>\n<p>Kamera posjeduje OSD Menu, tako da se mo\u017ee prebaciti na \u017eeljeni mod kao npr. AHD, CVI, TVI ili CVBS..<\/p>\n<p>Kamera se nalazi metalnom ku\u0107i\u0161tu, standarda IP67 tako da je vodootporna i za\u0161ti\u0107ena od pra\u0161ine.<\/p>\n<p>Dolazi sa manualnim fokusom 2.8mm-12mm, \u0161to zna\u010di da se mo\u017ee prilagoditi da u kvalitetnoj rezoluciji pokriva ba\u0161 onoliko prostora koliko je potrebno.<\/p>\n<p>Maximalni no\u0107ni IR domet do 40m.<\/p>\n<p><strong>Garancija 24 mjeseca (U slu\u010daju kvara u uslovima garancije ure\u0111aj se ne popravlja, nego isklju\u010divo mijenja za novi ure\u0111aj istih ili boljih karekteristika). Kod ugradnje bitno je obratiti pa\u017enju da isto odradi ovla\u0161tena ili stru\u010dna osoba.<\/strong><\/p>\n<p>Model: LBP60HTC500FKE<\/p>\n<p>1\/2.5\u2033 CMOS sensor,5M (Default ) \/4K Output, 2DNR, UTC, OSD, With IR\u2010CUT<br \/>\nAHD\/TVI: 8M@15fps, 5M@20fps, 4M\/2M@30fps; CVI: 8M@15fp, 4M\/2M@30fps<\/p>\n<p>IR LED: 42\u03bc x 4PCS, IR Range: 40M, 2.8\u201012mm Manual Zoom Lens, Water Resistance: IP67, Anti\u2010Cut 3\u2010Axis Bracket<\/p>\n","protected":false},"featured_media":6294,"comment_status":"open","ping_status":"closed","template":"","meta":{"_mi_skip_tracking":false,"_exactmetrics_sitenote_active":false,"_exactmetrics_sitenote_note":"","_exactmetrics_sitenote_category":0,"spay_email":""},"product_cat":[6356,132],"product_tag":[4135,1042,2223,2222,1049],"brands":[{"id":2220,"name":"Longse","slug":"longse"}],"df_price":109,"df_sale_price":109,"df_regular_price":389,"df_image_link":"https:\/\/i0.wp.com\/astehshop.com\/wp-content\/uploads\/2022\/04\/LBP60HTC500FKE.jpg?fit=450%2C328","jetpack_publicize_connections":[],"jetpack_sharing_enabled":true,"jetpack_likes_enabled":true,"jetpack-related-posts":[{"id":5393,"url":"http:\/\/astehshop.com\/index.php\/product\/5mp-4k-lite-4in1-ahd-bullet-ir-40m-2-8-12mm-lbp60htc500fk\/","url_meta":{"origin":6293,"position":0},"title":"5MP 4K Lite 4IN1 AHD BULLET IR 40M 2.8-12MM LBP60HTC500FK","date":"11. listopada 2021.","format":false,"excerpt":"Ovaj model kamere mo\u017ee raditi u kombinaciji i sa ostalim proizvo\u0111a\u010dima snima\u010da. Kamera je izuzetno kvalitetna i dolazi sa rezolucijom 4K Lite 5MP, ali se mora uzeti u obzir da svi snima\u010di ne\u0107e podr\u017eati ovaj tip kamere, nego samo snima\u010di koji podr\u017eavaju kamere do 5MP, a iste mo\u017eete prona\u0107i pod\u2026","rel":"","context":"Srodne objave","img":{"alt_text":"","src":"https:\/\/i0.wp.com\/astehshop.com\/wp-content\/uploads\/2021\/10\/LBP60HTC500FK.jpg?fit=520%2C520&resize=350%2C200","width":350,"height":200},"classes":[]},{"id":6295,"url":"http:\/\/astehshop.com\/index.php\/product\/longse-5-mp-4k-lite-4in1-ahd-bullet-ir-60m-2-8-12mm-lbp90htc500fke\/","url_meta":{"origin":6293,"position":1},"title":"Longse 5 MP 4K Lite 4IN1 AHD BULLET IR 60M 2.8-12MM LBP90HTC500FKE","date":"23. travnja 2022.","format":false,"excerpt":"Ovaj model kamere mo\u017ee raditi u kombinaciji i sa ostalim proizvo\u0111a\u010dima snima\u010da. Kamera je izuzetno kvalitetna i dolazi sa rezolucijom 4K Lite 5MP, ali se mora uzeti u obzir da svi snima\u010di ne\u0107e podr\u017eati ovaj tip kamere, nego samo snima\u010di koji podr\u017eavaju kamere do 5MP, a iste mo\u017eete prona\u0107i pod\u2026","rel":"","context":"Srodne objave","img":{"alt_text":"","src":"https:\/\/i0.wp.com\/astehshop.com\/wp-content\/uploads\/2022\/04\/LBP60HTC500FKE.jpg?fit=960%2C700&resize=350%2C200","width":350,"height":200},"classes":[]},{"id":8813,"url":"http:\/\/astehshop.com\/index.php\/product\/longse-5mp-4in1-4k-lite-full-color-ir-25m-2-8mm-cmsbthc500fkew\/","url_meta":{"origin":6293,"position":2},"title":"Longse 5MP 4IN1 4K Lite Full Color IR 25m 2.8mm CMSBTHC500FKEW","date":"10. sije\u010dnja 2024.","format":false,"excerpt":"Model: CMSBTHC500FKEW Ovaj model kamere mo\u017ee raditi u kombinaciji i sa ostalim proizvo\u0111a\u010dima snima\u010da. Kamera posjeduje OSD Menu, tako da se mo\u017ee prebaciti na \u017eeljeni mod kao npr. AHD, CVI, TVI ili CVBS.. Kamera se nalazi metalnom ku\u0107i\u0161tu, standarda IP66 tako da je vodootporna i za\u0161ti\u0107ena od pra\u0161ine. Dolazi sa\u2026","rel":"","context":"Srodne objave","img":{"alt_text":"","src":"https:\/\/i1.wp.com\/astehshop.com\/wp-content\/uploads\/2024\/01\/Screenshot-2024-01-10-at-18-15-57-Longse-Full-Color-camera-specification-sheets_V202111A-20211222.xls-CMSBHTC500FKEW_20220626105213614.pdf.png?fit=452%2C425&resize=350%2C200","width":350,"height":200},"classes":[]},{"id":8808,"url":"http:\/\/astehshop.com\/index.php\/product\/longse-2mp-5mp-lite-4in1-hd-dome-kamera-ir-20m-lirdlahtc200fpe\/","url_meta":{"origin":6293,"position":3},"title":"Longse 2MP \/ 5MP Lite 4IN1 HD Dome Kamera IR 20m LIRDLAHTC200FPE","date":"10. sije\u010dnja 2024.","format":false,"excerpt":"Model: LIRDLAHTC200FPE Ovaj model kamere mo\u017ee raditi u kombinaciji i sa ostalim proizvo\u0111a\u010dima snima\u010da. Kamera posjeduje OSD Menu, tako da se mo\u017ee prebaciti na \u017eeljeni mod kao npr. AHD, CVI, TVI ili CVBS.. Kamera se nalazi plasti\u010dnom ku\u0107i\u0161tu, standarda IP66 tako da je vodootporna i za\u0161ti\u0107ena od pra\u0161ine. Dolazi sa\u2026","rel":"","context":"Srodne objave","img":{"alt_text":"","src":"https:\/\/i1.wp.com\/astehshop.com\/wp-content\/uploads\/2024\/01\/LIRDLAHTC200FPE.png?fit=431%2C373&resize=350%2C200","width":350,"height":200},"classes":[]},{"id":8790,"url":"http:\/\/astehshop.com\/index.php\/product\/longse-2-5mp-4in1-4k-lite-full-color-ir-25m-3-6mm-bpschtc200fpew-3\/","url_meta":{"origin":6293,"position":4},"title":"Longse 2 \/ 5MP 4IN1 4K Lite Full Color IR 25m 3.6mm BPSCHTC200FPEW-3","date":"10. sije\u010dnja 2024.","format":false,"excerpt":"Model: BPSCHTC200FPEW-3 Ovaj model kamere mo\u017ee raditi u kombinaciji i sa ostalim proizvo\u0111a\u010dima snima\u010da. Kamera posjeduje OSD Menu, tako da se mo\u017ee prebaciti na \u017eeljeni mod kao npr. AHD, CVI, TVI ili CVBS.. Kamera se nalazi plasti\u010dnom ku\u0107i\u0161tu, standarda IP66 tako da je vodootporna i za\u0161ti\u0107ena od pra\u0161ine. Dolazi sa\u2026","rel":"","context":"Srodne objave","img":{"alt_text":"","src":"https:\/\/i1.wp.com\/astehshop.com\/wp-content\/uploads\/2024\/01\/BPSCHTC200FPEW-2.jpg?fit=329%2C248&resize=350%2C200","width":350,"height":200},"classes":[]},{"id":8787,"url":"http:\/\/astehshop.com\/index.php\/product\/longse-2-5mp-4in1-4k-lite-full-color-ir-25m-2-8mm-bpschtc200fpew-2\/","url_meta":{"origin":6293,"position":5},"title":"Longse 2 \/ 5MP 4IN1 4K Lite Full Color IR 25m 2.8mm BPSCHTC200FPEW-2","date":"10. sije\u010dnja 2024.","format":false,"excerpt":"Model: BPSCHTC200FPEW-2 Ovaj model kamere mo\u017ee raditi u kombinaciji i sa ostalim proizvo\u0111a\u010dima snima\u010da. Kamera posjeduje OSD Menu, tako da se mo\u017ee prebaciti na \u017eeljeni mod kao npr. AHD, CVI, TVI ili CVBS.. Kamera se nalazi plasti\u010dnom ku\u0107i\u0161tu, standarda IP66 tako da je vodootporna i za\u0161ti\u0107ena od pra\u0161ine. Dolazi sa\u2026","rel":"","context":"Srodne objave","img":{"alt_text":"","src":"https:\/\/i1.wp.com\/astehshop.com\/wp-content\/uploads\/2024\/01\/BPSCHTC200FPEW-2.jpg?fit=329%2C248&resize=350%2C200","width":350,"height":200},"classes":[]}],"_links":{"self":[{"href":"http:\/\/astehshop.com\/index.php\/wp-json\/wp\/v2\/product\/6293"}],"collection":[{"href":"http:\/\/astehshop.com\/index.php\/wp-json\/wp\/v2\/product"}],"about":[{"href":"http:\/\/astehshop.com\/index.php\/wp-json\/wp\/v2\/types\/product"}],"replies":[{"embeddable":true,"href":"http:\/\/astehshop.com\/index.php\/wp-json\/wp\/v2\/comments?post=6293"}],"wp:featuredmedia":[{"embeddable":true,"href":"http:\/\/astehshop.com\/index.php\/wp-json\/wp\/v2\/media\/6294"}],"wp:attachment":[{"href":"http:\/\/astehshop.com\/index.php\/wp-json\/wp\/v2\/media?parent=6293"}],"wp:term":[{"taxonomy":"product_cat","embeddable":true,"href":"http:\/\/astehshop.com\/index.php\/wp-json\/wp\/v2\/product_cat?post=6293"},{"taxonomy":"product_tag","embeddable":true,"href":"http:\/\/astehshop.com\/index.php\/wp-json\/wp\/v2\/product_tag?post=6293"}],"curies":[{"name":"wp","href":"https:\/\/api.w.org\/{rel}","templated":true}]}}