{"id":6288,"date":"2022-04-23T15:37:05","date_gmt":"2022-04-23T13:37:05","guid":{"rendered":"http:\/\/astehshop.com\/?post_type=product&#038;p=6288"},"modified":"2024-02-18T10:09:13","modified_gmt":"2024-02-18T09:09:13","slug":"longse-dome-kamera-5m-4k-lite-4in1-hd-ir-25m-cmlbhtc500fkp","status":"publish","type":"product","link":"http:\/\/astehshop.com\/index.php\/product\/longse-dome-kamera-5m-4k-lite-4in1-hd-ir-25m-cmlbhtc500fkp\/","title":{"rendered":"Longse DOME kamera 5M \/ 4K Lite 4IN1 HD IR 25m CMLBHTC500FKP"},"content":{"rendered":"<p>Ovaj model kamere mo\u017ee raditi u kombinaciji i sa ostalim proizvo\u0111a\u010dima snima\u010da.<\/p>\n<p>Kamera posjeduje OSD Menu, tako da se mo\u017ee prebaciti na \u017eeljeni mod kao npr. AHD, CVI, TVI ili CVBS.<\/p>\n<p>Rezolucija same kamere ovisi od snima\u010da, u koliko snima\u010d podr\u017eava kamere od 8 megapixela u samim postavkama kamera se mo\u017ee prebaciti na \u017eeljenu rezoluciju od 8MP megapixela.<\/p>\n<p>Kamera se nalazi metalnom antivandal ku\u0107i\u0161tu koje je vodo \u2013 ne propusno IP67 standarda, tako da mo\u017ee poslu\u017eiti , i za vanjsku i unutra\u0161nju monta\u017eu.<\/p>\n<p>2.8mm objektivom pokrit \u0107e \u0161irok spektar prostora, a maximalni no\u0107ni IR domet je do 25 metara.<\/p>\n<p><strong>Garancija 24 mjeseca (U slu\u010daju kvara u uslovima garancije ure\u0111aj se ne popravlja, nego isklju\u010divo mijenja za novi ure\u0111aj istih ili boljih karekteristika). Kod ugradnje bitno je obratiti pa\u017enju da isto odradi ovla\u0161tena ili stru\u010dna osoba.<\/strong><\/p>\n","protected":false},"excerpt":{"rendered":"<p>Ovaj model kamere mo\u017ee raditi u kombinaciji i sa ostalim proizvo\u0111a\u010dima snima\u010da.<\/p>\n<p>Kamera posjeduje OSD Menu, tako da se mo\u017ee prebaciti na \u017eeljeni mod kao npr. AHD, CVI, TVI ili CVBS.<\/p>\n<p>Rezolucija same kamere ovisi od snima\u010da, u koliko snima\u010d podr\u017eava kamere od 8 megapixela u samim postavkama kamera se mo\u017ee prebaciti na \u017eeljenu rezoluciju od 8MP megapixela.<\/p>\n<p>Kamera se nalazi metalnom antivandal ku\u0107i\u0161tu koje je vodo \u2013 ne propusno IP67 standarda, tako da mo\u017ee poslu\u017eiti , i za vanjsku i unutra\u0161nju monta\u017eu.<\/p>\n<p>2.8mm objektivom pokrit \u0107e \u0161irok spektar prostora, a maximalni no\u0107ni IR domet je do 25 metara.<\/p>\n<p><strong>Garancija 24 mjeseca (U slu\u010daju kvara u uslovima garancije ure\u0111aj se ne popravlja, nego isklju\u010divo mijenja za novi ure\u0111aj istih ili boljih karekteristika). Kod ugradnje bitno je obratiti pa\u017enju da isto odradi ovla\u0161tena ili stru\u010dna osoba.<\/strong><\/p>\n","protected":false},"featured_media":6289,"comment_status":"open","ping_status":"closed","template":"","meta":{"_mi_skip_tracking":false,"_exactmetrics_sitenote_active":false,"_exactmetrics_sitenote_note":"","_exactmetrics_sitenote_category":0,"spay_email":""},"product_cat":[131],"product_tag":[4133,468,1042],"brands":[{"id":2220,"name":"Longse","slug":"longse"}],"df_price":169,"df_sale_price":"","df_regular_price":169,"df_image_link":"https:\/\/i2.wp.com\/astehshop.com\/wp-content\/uploads\/2022\/04\/CMLBHTC500FKP.jpg?fit=450%2C328","jetpack_publicize_connections":[],"jetpack_sharing_enabled":true,"jetpack_likes_enabled":true,"jetpack-related-posts":[{"id":8803,"url":"http:\/\/astehshop.com\/index.php\/product\/longse-2mp-5mp-4in1-kamera-ir-20m-2-8mm-lbm24htc200feh-2\/","url_meta":{"origin":6288,"position":0},"title":"Longse 2MP \/ 5MP 4IN1 KAMERA IR 20M 2.8MM LBM24HTC200FEH-2","date":"10. sije\u010dnja 2024.","format":false,"excerpt":"Ovaj model kamere mo\u017ee raditi u kombinaciji i sa ostalim proizvo\u0111a\u010dima snima\u010da. Kamera posjeduje OSD Menu, tako da se mo\u017ee prebaciti na \u017eeljeni mod kao npr. AHD, CVI, TVI ili CVBS. Rezolucija same kamere ovisi od snima\u010da, u koliko snima\u010d podr\u017eava kamere od 5 megapixela u samim postavkama kamera se\u2026","rel":"","context":"Srodne objave","img":{"alt_text":"","src":"https:\/\/i2.wp.com\/astehshop.com\/wp-content\/uploads\/2024\/01\/LBM24HTC200FEH-2.jpg?fit=342%2C285&resize=350%2C200","width":350,"height":200},"classes":[]},{"id":6284,"url":"http:\/\/astehshop.com\/index.php\/product\/longse-2-mp-5-mp-4in1-hd-dome-ir-20m-2-8mm-lirdlahtc200feh\/","url_meta":{"origin":6288,"position":1},"title":"Longse 2 MP \/ 5 MP 4IN1 HD DOME IR 20M 2.8MM LIRDLAHTC200FEH","date":"23. travnja 2022.","format":false,"excerpt":"Ovaj model kamere mo\u017ee raditi u kombinaciji i sa ostalim proizvo\u0111a\u010dima snima\u010da. Kamera posjeduje OSD Menu, tako da se mo\u017ee prebaciti na \u017eeljeni mod kao npr. AHD, CVI, TVI ili CVBS. Rezolucija same kamere ovisi od snima\u010da, u koliko snima\u010d podr\u017eava kamere od 5 megapixela u samim postavkama kamera se\u2026","rel":"","context":"Srodne objave","img":{"alt_text":"","src":"https:\/\/i1.wp.com\/astehshop.com\/wp-content\/uploads\/2022\/04\/lird200feh.jpg?fit=960%2C700&resize=350%2C200","width":350,"height":200},"classes":[]},{"id":8805,"url":"http:\/\/astehshop.com\/index.php\/product\/longse-2mp-5mp-4in1-kamera-ir-20m-3-6mm-lbm24htc200feh-3\/","url_meta":{"origin":6288,"position":2},"title":"Longse 2MP \/ 5MP 4IN1 KAMERA IR 20M 3.6MM LBM24HTC200FEH-3","date":"10. sije\u010dnja 2024.","format":false,"excerpt":"Ovaj model kamere mo\u017ee raditi u kombinaciji i sa ostalim proizvo\u0111a\u010dima snima\u010da. Kamera posjeduje OSD Menu, tako da se mo\u017ee prebaciti na \u017eeljeni mod kao npr. AHD, CVI, TVI ili CVBS. Rezolucija same kamere ovisi od snima\u010da, u koliko snima\u010d podr\u017eava kamere od 5 megapixela u samim postavkama kamera se\u2026","rel":"","context":"Srodne objave","img":{"alt_text":"","src":"https:\/\/i2.wp.com\/astehshop.com\/wp-content\/uploads\/2024\/01\/LBM24HTC200FEH-2.jpg?fit=342%2C285&resize=350%2C200","width":350,"height":200},"classes":[]},{"id":8798,"url":"http:\/\/astehshop.com\/index.php\/product\/longse-2-5mp-4in1-ahd-kamera-ir-25m-3-6mm-ip67-lbh30htc200feh-3\/","url_meta":{"origin":6288,"position":3},"title":"Longse 2\/5MP 4in1 AHD Kamera IR 25m 3.6mm IP67 LBH30HTC200FEH-3","date":"10. sije\u010dnja 2024.","format":false,"excerpt":"Ovaj model kamere mo\u017ee raditi u kombinaciji i sa ostalim proizvo\u0111a\u010dima snima\u010da. Kamera posjeduje OSD Menu, tako da se mo\u017ee prebaciti na \u017eeljeni mod kao npr. AHD, CVI, TVI ili CVBS. Rezolucija same kamere ovisi od snima\u010da, u koliko snima\u010d podr\u017eava kamere od 5 megapixela u samim postavkama kamera se\u2026","rel":"","context":"Srodne objave","img":{"alt_text":"","src":"https:\/\/i1.wp.com\/astehshop.com\/wp-content\/uploads\/2024\/01\/LBH30HTC200FEH-3.jpg?fit=960%2C700&resize=350%2C200","width":350,"height":200},"classes":[]},{"id":8800,"url":"http:\/\/astehshop.com\/index.php\/product\/vlasic-2-5mp-4in1-ahd-kamera-ir-25m-3-6mm-ip67\/","url_meta":{"origin":6288,"position":4},"title":"Longse 2\/5MP 4in1 AHD Kamera IR 25m 3.6mm IP67","date":"10. sije\u010dnja 2024.","format":false,"excerpt":"Model: BMSAHTC200FEH-3 Ovaj model kamere mo\u017ee raditi u kombinaciji i sa ostalim proizvo\u0111a\u010dima snima\u010da. Kamera posjeduje OSD Menu, tako da se mo\u017ee prebaciti na \u017eeljeni mod kao npr. AHD, CVI, TVI ili CVBS. Rezolucija same kamere ovisi od snima\u010da, u koliko snima\u010d podr\u017eava kamere od 5 megapixela u samim postavkama\u2026","rel":"","context":"Srodne objave","img":{"alt_text":"","src":"https:\/\/i1.wp.com\/astehshop.com\/wp-content\/uploads\/2024\/01\/BMSAHTC200FEH-3.jpg?fit=960%2C700&resize=350%2C200","width":350,"height":200},"classes":[]},{"id":8808,"url":"http:\/\/astehshop.com\/index.php\/product\/longse-2mp-5mp-lite-4in1-hd-dome-kamera-ir-20m-lirdlahtc200fpe\/","url_meta":{"origin":6288,"position":5},"title":"Longse 2MP \/ 5MP Lite 4IN1 HD Dome Kamera IR 20m LIRDLAHTC200FPE","date":"10. sije\u010dnja 2024.","format":false,"excerpt":"Model: LIRDLAHTC200FPE Ovaj model kamere mo\u017ee raditi u kombinaciji i sa ostalim proizvo\u0111a\u010dima snima\u010da. Kamera posjeduje OSD Menu, tako da se mo\u017ee prebaciti na \u017eeljeni mod kao npr. AHD, CVI, TVI ili CVBS.. Kamera se nalazi plasti\u010dnom ku\u0107i\u0161tu, standarda IP66 tako da je vodootporna i za\u0161ti\u0107ena od pra\u0161ine. Dolazi sa\u2026","rel":"","context":"Srodne objave","img":{"alt_text":"","src":"https:\/\/i1.wp.com\/astehshop.com\/wp-content\/uploads\/2024\/01\/LIRDLAHTC200FPE.png?fit=431%2C373&resize=350%2C200","width":350,"height":200},"classes":[]}],"_links":{"self":[{"href":"http:\/\/astehshop.com\/index.php\/wp-json\/wp\/v2\/product\/6288"}],"collection":[{"href":"http:\/\/astehshop.com\/index.php\/wp-json\/wp\/v2\/product"}],"about":[{"href":"http:\/\/astehshop.com\/index.php\/wp-json\/wp\/v2\/types\/product"}],"replies":[{"embeddable":true,"href":"http:\/\/astehshop.com\/index.php\/wp-json\/wp\/v2\/comments?post=6288"}],"wp:featuredmedia":[{"embeddable":true,"href":"http:\/\/astehshop.com\/index.php\/wp-json\/wp\/v2\/media\/6289"}],"wp:attachment":[{"href":"http:\/\/astehshop.com\/index.php\/wp-json\/wp\/v2\/media?parent=6288"}],"wp:term":[{"taxonomy":"product_cat","embeddable":true,"href":"http:\/\/astehshop.com\/index.php\/wp-json\/wp\/v2\/product_cat?post=6288"},{"taxonomy":"product_tag","embeddable":true,"href":"http:\/\/astehshop.com\/index.php\/wp-json\/wp\/v2\/product_tag?post=6288"}],"curies":[{"name":"wp","href":"https:\/\/api.w.org\/{rel}","templated":true}]}}