{"id":6274,"date":"2022-04-09T19:25:47","date_gmt":"2022-04-09T17:25:47","guid":{"rendered":"http:\/\/astehshop.com\/?post_type=product&#038;p=6274"},"modified":"2026-02-07T18:41:00","modified_gmt":"2026-02-07T17:41:00","slug":"hard-disk-3-tb-wd30purz-napravljen-da-radi-24h-dnevno","status":"publish","type":"product","link":"http:\/\/astehshop.com\/index.php\/product\/hard-disk-3-tb-wd30purz-napravljen-da-radi-24h-dnevno\/","title":{"rendered":"Hard Disk 3 TB WD30PURZ napravljen da radi 24h dnevno"},"content":{"rendered":"<p>Disk HDD WD Purple 3TB; WD30PURZ<\/p>\n","protected":false},"excerpt":{"rendered":"<p>Disk HDD WD Purple 3TB; WD30PURZ<\/p>\n","protected":false},"featured_media":6275,"comment_status":"open","ping_status":"closed","template":"","meta":{"_mi_skip_tracking":false,"_exactmetrics_sitenote_active":false,"_exactmetrics_sitenote_note":"","_exactmetrics_sitenote_category":0,"spay_email":""},"product_cat":[160],"product_tag":[4124,4123,3074,4122],"brands":[],"df_price":"","df_sale_price":"","df_regular_price":"","df_image_link":"https:\/\/i0.wp.com\/astehshop.com\/wp-content\/uploads\/2022\/04\/WD30PURZ.jpg?fit=405%2C450","jetpack_publicize_connections":[],"jetpack_sharing_enabled":true,"jetpack_likes_enabled":true,"jetpack-related-posts":[{"id":6276,"url":"http:\/\/astehshop.com\/index.php\/product\/hard-disk-4-tb-wd40purz-namijenjen-da-radi-24h-dnevno\/","url_meta":{"origin":6274,"position":0},"title":"Hard disk 4 TB WD40PURZ namijenjen da radi 24h dnevno","date":"9. travnja 2022.","format":false,"excerpt":"HDD AV WD Purple (3.5\u201d, 4TB, 64MB, 5400 RPM, SATA 6 Gb\/s)","rel":"","context":"Srodne objave","img":{"alt_text":"","src":"https:\/\/i2.wp.com\/astehshop.com\/wp-content\/uploads\/2022\/04\/WD40PURZ.jpeg?fit=550%2C550&resize=350%2C200","width":350,"height":200},"classes":[]},{"id":6270,"url":"http:\/\/astehshop.com\/index.php\/product\/hard-disk-1-tb-wd10purz-za-snimace-za-rad-24h-dnevno\/","url_meta":{"origin":6274,"position":1},"title":"Hard Disk 1 TB WD10PURZ za snima\u010de za rad 24h dnevno","date":"9. travnja 2022.","format":false,"excerpt":"Western Digital HDD 1TB SATA3 64MB Purple 5400RPM","rel":"","context":"Srodne objave","img":{"alt_text":"","src":"https:\/\/i0.wp.com\/astehshop.com\/wp-content\/uploads\/2022\/04\/WD10PURZ.jpg?fit=225%2C225&resize=350%2C200","width":350,"height":200},"classes":[]},{"id":6272,"url":"http:\/\/astehshop.com\/index.php\/product\/hard-disk-2-tb-wd20purz-napravljen-za-rad-24h-dnevno\/","url_meta":{"origin":6274,"position":2},"title":"Hard Disk 2 TB WD20PURZ napravljen za rad 24h dnevno","date":"9. travnja 2022.","format":false,"excerpt":"Disk za sisteme video nadzora, Kapacitet: 2 TB, Format: 3.5\", Brzina prijenosa podataka: 6 GB\/s, Cache: 64 MB, Boja: Ljubi\u010dasta, Garancija: 36 mjeseci,","rel":"","context":"Srodne objave","img":{"alt_text":"","src":"https:\/\/i1.wp.com\/astehshop.com\/wp-content\/uploads\/2022\/04\/WD20PURZ.jpg?fit=994%2C1200&resize=350%2C200","width":350,"height":200},"classes":[]},{"id":11405,"url":"http:\/\/astehshop.com\/index.php\/product\/hard-disk-st10000ve001-10tb-namijenjen-za-rad-24-sata-dnevno\/","url_meta":{"origin":6274,"position":3},"title":"Hard disk ST10000VE001 10TB namijenjen za rad 24 sata dnevno","date":"27. srpnja 2025.","format":false,"excerpt":"Interni, 3,5\" HDD sa odli\u010dnim performansama. Disk je dizajniran za pouzdan 24-satni rad u CCTV sistemima za nadzor. Serijski ATA interfejs.","rel":"","context":"Srodne objave","img":{"alt_text":"","src":"https:\/\/i0.wp.com\/astehshop.com\/wp-content\/uploads\/2025\/07\/seagate-st10000ve001-hdd-10tb_0.jpg?fit=1200%2C675&resize=350%2C200","width":350,"height":200},"classes":[]},{"id":5935,"url":"http:\/\/astehshop.com\/index.php\/product\/toshiba-hard-disk-2-tb\/","url_meta":{"origin":6274,"position":4},"title":"Toshiba Hard Disk 2 TB","date":"31. sije\u010dnja 2022.","format":false,"excerpt":"HDD desktop Toshiba P300 (3.5\" 2TB, 7200RPM, 64MB, NCQ, AF, SATAIII),","rel":"","context":"Srodne objave","img":{"alt_text":"","src":"https:\/\/i2.wp.com\/astehshop.com\/wp-content\/uploads\/2022\/01\/toshiba-2tb-sata3-p300.jpg?fit=458%2C458&resize=350%2C200","width":350,"height":200},"classes":[]},{"id":11417,"url":"http:\/\/astehshop.com\/index.php\/product\/hdd-toshiba-surveillance-s300-hdwt840uzsva-za-dvr-nvr-4tb\/","url_meta":{"origin":6274,"position":5},"title":"HDD Toshiba Surveillance S300 HDWT840UZSVA za DVR NVR 4TB","date":"27. srpnja 2025.","format":false,"excerpt":"Kod sistema za nadzor, ni\u0161ta osim najboljeg nije dovoljno dobro. Toshiba 3,5-in\u010dni S300 je napravljen da zadovolji najvi\u0161e zahtjeve. Sa podr\u0161kom za do 32 nadzorne video kamere visoke rezolucije istovremeno i kapacitetom od 4 TB, sve stavlja na jasan pogled. Svaki S300 je napravljen od najkvalitetnijih komponenti i pro\u0161ao je\u2026","rel":"","context":"Srodne objave","img":{"alt_text":"","src":"https:\/\/i1.wp.com\/astehshop.com\/wp-content\/uploads\/2025\/07\/4tb-toshiba.jpg?fit=1000%2C1000&resize=350%2C200","width":350,"height":200},"classes":[]}],"_links":{"self":[{"href":"http:\/\/astehshop.com\/index.php\/wp-json\/wp\/v2\/product\/6274"}],"collection":[{"href":"http:\/\/astehshop.com\/index.php\/wp-json\/wp\/v2\/product"}],"about":[{"href":"http:\/\/astehshop.com\/index.php\/wp-json\/wp\/v2\/types\/product"}],"replies":[{"embeddable":true,"href":"http:\/\/astehshop.com\/index.php\/wp-json\/wp\/v2\/comments?post=6274"}],"wp:featuredmedia":[{"embeddable":true,"href":"http:\/\/astehshop.com\/index.php\/wp-json\/wp\/v2\/media\/6275"}],"wp:attachment":[{"href":"http:\/\/astehshop.com\/index.php\/wp-json\/wp\/v2\/media?parent=6274"}],"wp:term":[{"taxonomy":"product_cat","embeddable":true,"href":"http:\/\/astehshop.com\/index.php\/wp-json\/wp\/v2\/product_cat?post=6274"},{"taxonomy":"product_tag","embeddable":true,"href":"http:\/\/astehshop.com\/index.php\/wp-json\/wp\/v2\/product_tag?post=6274"}],"curies":[{"name":"wp","href":"https:\/\/api.w.org\/{rel}","templated":true}]}}