{"id":6272,"date":"2022-04-09T19:23:41","date_gmt":"2022-04-09T17:23:41","guid":{"rendered":"http:\/\/astehshop.com\/?post_type=product&#038;p=6272"},"modified":"2026-02-07T18:41:00","modified_gmt":"2026-02-07T17:41:00","slug":"hard-disk-2-tb-wd20purz-napravljen-za-rad-24h-dnevno","status":"publish","type":"product","link":"http:\/\/astehshop.com\/index.php\/product\/hard-disk-2-tb-wd20purz-napravljen-za-rad-24h-dnevno\/","title":{"rendered":"Hard Disk 2 TB WD20PURZ napravljen za rad 24h dnevno"},"content":{"rendered":"<p>Disk za sisteme video nadzora, Kapacitet: 2 TB, Format: 3.5&#8243;, Brzina prijenosa podataka: 6 GB\/s, Cache: 64 MB, Boja: Ljubi\u010dasta, Garancija: 36 mjeseci,<\/p>\n","protected":false},"excerpt":{"rendered":"<p>Disk za sisteme video nadzora, Kapacitet: 2 TB, Format: 3.5&#8243;, Brzina prijenosa podataka: 6 GB\/s, Cache: 64 MB, Boja: Ljubi\u010dasta, Garancija: 36 mjeseci,<\/p>\n","protected":false},"featured_media":6273,"comment_status":"open","ping_status":"closed","template":"","meta":{"_mi_skip_tracking":false,"_exactmetrics_sitenote_active":false,"_exactmetrics_sitenote_note":"","_exactmetrics_sitenote_category":0,"spay_email":""},"product_cat":[160],"product_tag":[4120,4118,4121,4119,4117],"brands":[],"df_price":"","df_sale_price":"","df_regular_price":"","df_image_link":"https:\/\/i1.wp.com\/astehshop.com\/wp-content\/uploads\/2022\/04\/WD20PURZ.jpg?fit=373%2C450","jetpack_publicize_connections":[],"jetpack_sharing_enabled":true,"jetpack_likes_enabled":true,"jetpack-related-posts":[{"id":11423,"url":"http:\/\/astehshop.com\/index.php\/product\/hard-disk-1-tb-za-sisteme-video-nadzora-hdwv110uzsva\/","url_meta":{"origin":6272,"position":0},"title":"Hard Disk 1 TB za sisteme video nadzora HDWV110UZSVA","date":"27. srpnja 2025.","format":false,"excerpt":"Regija EMEA, Toshiba rje\u0161enja za pohranu podataka \u2013 Kod sistema za nadzor, ni\u0161ta osim najboljeg nije dovoljno dobro. Toshiba S300 od 3,5 in\u010da napravljen je da zadovolji najvi\u0161e zahtjeve. Sa podr\u0161kom za do 64 nadzorne video kamere visoke rezolucije istovremeno i kapacitetom do 6 TB, sve stavlja na jasan pregled.\u2026","rel":"","context":"Srodne objave","img":{"alt_text":"","src":"https:\/\/i2.wp.com\/astehshop.com\/wp-content\/uploads\/2025\/07\/disk-toshiba-6-tb.png?fit=640%2C640&resize=350%2C200","width":350,"height":200},"classes":[]},{"id":5935,"url":"http:\/\/astehshop.com\/index.php\/product\/toshiba-hard-disk-2-tb\/","url_meta":{"origin":6272,"position":1},"title":"Toshiba Hard Disk 2 TB","date":"31. sije\u010dnja 2022.","format":false,"excerpt":"HDD desktop Toshiba P300 (3.5\" 2TB, 7200RPM, 64MB, NCQ, AF, SATAIII),","rel":"","context":"Srodne objave","img":{"alt_text":"","src":"https:\/\/i2.wp.com\/astehshop.com\/wp-content\/uploads\/2022\/01\/toshiba-2tb-sata3-p300.jpg?fit=458%2C458&resize=350%2C200","width":350,"height":200},"classes":[]},{"id":11410,"url":"http:\/\/astehshop.com\/index.php\/product\/st16000ve002-hard-disk-16-tb-za-video-nadzor\/","url_meta":{"origin":6272,"position":2},"title":"ST16000VE002 Hard Disk 16 TB za video nadzor","date":"27. srpnja 2025.","format":false,"excerpt":"Seagate SkyHawk surveillance serija Dizajniran za upotrebu u DVR-ovima i NVR-ovima Pogodan za 24\/7 aplikacije","rel":"","context":"Srodne objave","img":{"alt_text":"","src":"https:\/\/i0.wp.com\/astehshop.com\/wp-content\/uploads\/2025\/07\/16-tb-hdd-technoshopbn.jpg?fit=1200%2C675&resize=350%2C200","width":350,"height":200},"classes":[]},{"id":6276,"url":"http:\/\/astehshop.com\/index.php\/product\/hard-disk-4-tb-wd40purz-namijenjen-da-radi-24h-dnevno\/","url_meta":{"origin":6272,"position":3},"title":"Hard disk 4 TB WD40PURZ namijenjen da radi 24h dnevno","date":"9. travnja 2022.","format":false,"excerpt":"HDD AV WD Purple (3.5\u201d, 4TB, 64MB, 5400 RPM, SATA 6 Gb\/s)","rel":"","context":"Srodne objave","img":{"alt_text":"","src":"https:\/\/i2.wp.com\/astehshop.com\/wp-content\/uploads\/2022\/04\/WD40PURZ.jpeg?fit=550%2C550&resize=350%2C200","width":350,"height":200},"classes":[]},{"id":11403,"url":"http:\/\/astehshop.com\/index.php\/product\/seagate-st8000vx010-hdd-8tb-dizajniran-za-rad-u-dvr-nvr-snimacima\/","url_meta":{"origin":6272,"position":4},"title":"Seagate ST8000VX010 HDD 8TB dizajniran za rad u DVR NVR snima\u010dima","date":"27. srpnja 2025.","format":false,"excerpt":"Seagate SkyHawk surveillance serija Dizajniran za upotrebu u DVR-ovima i NVR-ovima Pogodan za 24\/7 aplikacije MTBF (prosje\u010dno vrijeme izme\u0111u kvarova): 1.000.000 sati Format: 3.5\", Kapacitet: 8TB, Cache: 256MB, Interfejs: SATA 6Gb\/s CMR tehnologija (Conventional Magnetic Recording) SkyHawk\u2122 Health Management","rel":"","context":"Srodne objave","img":{"alt_text":"","src":"https:\/\/i2.wp.com\/astehshop.com\/wp-content\/uploads\/2025\/07\/seagate-st8000vx010-hdd-8tb_0.jpg?fit=1200%2C675&resize=350%2C200","width":350,"height":200},"classes":[]},{"id":6991,"url":"http:\/\/astehshop.com\/index.php\/product\/seagate-10tb-sata3-hdd-skyhawk-st10000ve0008\/","url_meta":{"origin":6272,"position":5},"title":"Seagate 10TB SATA3 HDD SkyHawk ST10000VE0008","date":"8. prosinca 2022.","format":false,"excerpt":"10TB, Form Factor 3.5\", SATA 6.0Gb\/s, 7200 RPM, Cache 256MB","rel":"","context":"Srodne objave","img":{"alt_text":"","src":"https:\/\/i0.wp.com\/astehshop.com\/wp-content\/uploads\/2022\/12\/ST10000VE0008.jpg?fit=926%2C836&resize=350%2C200","width":350,"height":200},"classes":[]}],"_links":{"self":[{"href":"http:\/\/astehshop.com\/index.php\/wp-json\/wp\/v2\/product\/6272"}],"collection":[{"href":"http:\/\/astehshop.com\/index.php\/wp-json\/wp\/v2\/product"}],"about":[{"href":"http:\/\/astehshop.com\/index.php\/wp-json\/wp\/v2\/types\/product"}],"replies":[{"embeddable":true,"href":"http:\/\/astehshop.com\/index.php\/wp-json\/wp\/v2\/comments?post=6272"}],"wp:featuredmedia":[{"embeddable":true,"href":"http:\/\/astehshop.com\/index.php\/wp-json\/wp\/v2\/media\/6273"}],"wp:attachment":[{"href":"http:\/\/astehshop.com\/index.php\/wp-json\/wp\/v2\/media?parent=6272"}],"wp:term":[{"taxonomy":"product_cat","embeddable":true,"href":"http:\/\/astehshop.com\/index.php\/wp-json\/wp\/v2\/product_cat?post=6272"},{"taxonomy":"product_tag","embeddable":true,"href":"http:\/\/astehshop.com\/index.php\/wp-json\/wp\/v2\/product_tag?post=6272"}],"curies":[{"name":"wp","href":"https:\/\/api.w.org\/{rel}","templated":true}]}}