{"id":6231,"date":"2022-04-07T20:10:33","date_gmt":"2022-04-07T18:10:33","guid":{"rendered":"http:\/\/astehshop.com\/?post_type=product&#038;p=6231"},"modified":"2023-03-11T14:30:24","modified_gmt":"2023-03-11T13:30:24","slug":"smarthome-wifi-zidni-prekidac-za-svjetlo-dvostruki-sifra-wifiws20wt","status":"publish","type":"product","link":"http:\/\/astehshop.com\/index.php\/product\/smarthome-wifi-zidni-prekidac-za-svjetlo-dvostruki-sifra-wifiws20wt\/","title":{"rendered":"SmartHome | WiFi Zidni Prekida\u010d Za Svjetlo | Dvostruki \u0160ifra: WIFIWS20WT"},"content":{"rendered":"<div class=\"row\">\n<div class=\"col-xs-12\">\n<div class=\"opis\">Tradicionalni prekidaci za svjetlo postali su pametniji. Ovaj Smart Wall prekidac za svjetla dopusta Vam da iz daljine i automatski preuzmete kontrolu dva svjetla sa jednog, diskretnog prekidaca na zidu.<\/p>\n<p>Jednostavan za postavljanje<br \/>\nPrekidac se moze koristiti za kontrolu svjetla jednostavno dodirom gumba na njemu. Takodjer, omogucava vam i da se povezeno izravno na svoj Wi\/Fi router i preuzmete kontrolu nad dvama svjetlima s pomocu svog pametnog telefona, tableta ili pricanjem, kada se koristi zajedno sa Amazon Alexa ili Google Home.<br \/>\nNapomena: Neutralna zica zahtjeva da se prekidac uvijek oprskbljuje sa strujom od 230V<\/p>\n<p>Rasporedi i upari<br \/>\nIntiutivna aplikacija koja stoji iza Smart Wall prekidaca za svjetla omogucava Vam da se spojite izravno na Wi-Fi router nez potrebe za odvojeneim hubovima. kroz to mozete upariti odabrana svjetla sa drugim uredjajima kako biste kreirali idealane postavke ambijenta u svojoj sobi sa samo jednom zapovjedi ili kako biste mogli postaviti da se svjetlo automatski upali, sto je idealno ako cete biti odsutni nekoliko dana.<br \/>\nOdvojen<br \/>\nUgladjen i jednostavan za ciscenje prednji stakleni dio stapa se za Vasim interijerom, a u isto vrijeme ova odvojena jedinica je dovoljno snazna da pruzi podrsku elektricnom osvjetljenju do 300 W.<\/p>\n<p>Znacajke<br \/>\n\u2022 Preuzmite bezicnu, iz daljine kontrolu nad dvama svjetlima u prostoriji sa samo jednim Smart Wall prekidacem<br \/>\n\u2022 Izdrzljiv \u2013 nudi zivotni vijek od preko 100 000 svjetlosnih krugova<br \/>\n\u2022 Diskretan \u2013 stapa se sa interijerom prostorije<br \/>\n\u2022 Snazan \u2013 dopusta Vam da rasporedite osvjetljenje, uparite ga sa drugim spravama i uredjajima i kontrolirate ga pomocu glasa ( sa Amazon Alexa ili Google Home)<br \/>\n\u2022 Svestran \u2013 moze se upravljati lokalno kao tradicionalni prekidaci za svjetlo ili iz daljine i automatski<\/p>\n<p>Sadrzaj paketa<br \/>\nSmart wall prekidac<br \/>\nPrirucnik za koristenje<\/p>\n<p>Specifikacije proizvoda<br \/>\n\u2022 Boja bijela<br \/>\n\u2022 Izvor napajanja &#8211; napajanje iz mreze<br \/>\n\u2022 Indikator svjetla<br \/>\n\u2022 Kompatibilan sa Nedis SmartLife<br \/>\n\u2022 Bezicna tehnologija Wi-Fi<br \/>\n\u2022 Maksimalno pojacanje odasiljacke antene 2dBi<br \/>\n\u2022 Ulazna struja 10A<br \/>\n\u2022 Materijal staklo<br \/>\n\u2022 Radna temperatura -10-45\u00b0C<br \/>\n\u2022 Ulazni napon 100-240 VAC 50Hz<br \/>\n\u2022 Izlazna snaga 1000 W<br \/>\n\u2022 Aplikacija dostupna za Android i IOS<br \/>\n\u2022 Sirina 86 mm<br \/>\n\u2022 Unutarnja dubina 26 mm<br \/>\n\u2022 Visina 86 mm<br \/>\n\u2022 Razmak rupa, montazna ploca 60 mm<br \/>\n\u2022 Maksimalna tranzitna snaga 19 dBm<br \/>\n\u2022 Frekvencijski raspon prijenosa 2412-2462 MHz<br \/>\n\u2022 Tezina 150gr<br \/>\n\u2022 Dubina 36 mm<br \/>\n\u2022 Montaza zidni nosac<br \/>\n\u2022 Broj prekidaca 2<br \/>\n\u2022 Maksimalna potrosnja energije 0.3 W<br \/>\n\u2022 Izlazni napon 100-240 VAC<br \/>\n\u2022 Izlazna struja 4.0A<\/p><\/div>\n<\/div>\n<\/div>\n<div class=\"row\">\n<div class=\"col-xs-12\">\n<div class=\"categories-switch-list\">\n<div>\n<hr \/>\n<\/div>\n<\/div>\n<\/div>\n<\/div>\n","protected":false},"excerpt":{"rendered":"<div class=\"row\">\n<div class=\"col-xs-12\">\n<div class=\"opis\">Tradicionalni prekidaci za svjetlo postali su pametniji. Ovaj Smart Wall prekidac za svjetla dopusta Vam da iz daljine i automatski preuzmete kontrolu dva svjetla sa jednog, diskretnog prekidaca na zidu.<\/p>\n<p>Jednostavan za postavljanje<br \/>\nPrekidac se moze koristiti za kontrolu svjetla jednostavno dodirom gumba na njemu. Takodjer, omogucava vam i da se povezeno izravno na svoj Wi\/Fi router i preuzmete kontrolu nad dvama svjetlima s pomocu svog pametnog telefona, tableta ili pricanjem, kada se koristi zajedno sa Amazon Alexa ili Google Home.<br \/>\nNapomena: Neutralna zica zahtjeva da se prekidac uvijek oprskbljuje sa strujom od 230V<\/p>\n<p>Rasporedi i upari<br \/>\nIntiutivna aplikacija koja stoji iza Smart Wall prekidaca za svjetla omogucava Vam da se spojite izravno na Wi-Fi router nez potrebe za odvojeneim hubovima. kroz to mozete upariti odabrana svjetla sa drugim uredjajima kako biste kreirali idealane postavke ambijenta u svojoj sobi sa samo jednom zapovjedi ili kako biste mogli postaviti da se svjetlo automatski upali, sto je idealno ako cete biti odsutni nekoliko dana.<br \/>\nOdvojen<br \/>\nUgladjen i jednostavan za ciscenje prednji stakleni dio stapa se za Vasim interijerom, a u isto vrijeme ova odvojena jedinica je dovoljno snazna da pruzi podrsku elektricnom osvjetljenju do 300 W.<\/p>\n<p>Znacajke<br \/>\n\u2022 Preuzmite bezicnu, iz daljine kontrolu nad dvama svjetlima u prostoriji sa samo jednim Smart Wall prekidacem<br \/>\n\u2022 Izdrzljiv \u2013 nudi zivotni vijek od preko 100 000 svjetlosnih krugova<br \/>\n\u2022 Diskretan \u2013 stapa se sa interijerom prostorije<br \/>\n\u2022 Snazan \u2013 dopusta Vam da rasporedite osvjetljenje, uparite ga sa drugim spravama i uredjajima i kontrolirate ga pomocu glasa ( sa Amazon Alexa ili Google Home)<br \/>\n\u2022 Svestran \u2013 moze se upravljati lokalno kao tradicionalni prekidaci za svjetlo ili iz daljine i automatski<\/p>\n<p>Sadrzaj paketa<br \/>\nSmart wall prekidac<br \/>\nPrirucnik za koristenje<\/p>\n<p>Specifikacije proizvoda<br \/>\n\u2022 Boja bijela<br \/>\n\u2022 Izvor napajanja &#8211; napajanje iz mreze<br \/>\n\u2022 Indikator svjetla<br \/>\n\u2022 Kompatibilan sa Nedis SmartLife<br \/>\n\u2022 Bezicna tehnologija Wi-Fi<br \/>\n\u2022 Maksimalno pojacanje odasiljacke antene 2dBi<br \/>\n\u2022 Ulazna struja 10A<br \/>\n\u2022 Materijal staklo<br \/>\n\u2022 Radna temperatura -10-45\u00b0C<br \/>\n\u2022 Ulazni napon 100-240 VAC 50Hz<br \/>\n\u2022 Izlazna snaga 1000 W<br \/>\n\u2022 Aplikacija dostupna za Android i IOS<br \/>\n\u2022 Sirina 86 mm<br \/>\n\u2022 Unutarnja dubina 26 mm<br \/>\n\u2022 Visina 86 mm<br \/>\n\u2022 Razmak rupa, montazna ploca 60 mm<br \/>\n\u2022 Maksimalna tranzitna snaga 19 dBm<br \/>\n\u2022 Frekvencijski raspon prijenosa 2412-2462 MHz<br \/>\n\u2022 Tezina 150gr<br \/>\n\u2022 Dubina 36 mm<br \/>\n\u2022 Montaza zidni nosac<br \/>\n\u2022 Broj prekidaca 2<br \/>\n\u2022 Maksimalna potrosnja energije 0.3 W<br \/>\n\u2022 Izlazni napon 100-240 VAC<br \/>\n\u2022 Izlazna struja 4.0A<\/p><\/div>\n<\/div>\n<\/div>\n<div class=\"row\">\n<div class=\"col-xs-12\">\n<div class=\"categories-switch-list\">\n<div>\n<hr \/>\n<\/div>\n<\/div>\n<\/div>\n<\/div>\n","protected":false},"featured_media":6232,"comment_status":"open","ping_status":"closed","template":"","meta":{"_mi_skip_tracking":false,"_exactmetrics_sitenote_active":false,"_exactmetrics_sitenote_note":"","_exactmetrics_sitenote_category":0,"spay_email":""},"product_cat":[3494,3480],"product_tag":[4094],"brands":[],"df_price":59,"df_sale_price":59,"df_regular_price":69,"df_image_link":"https:\/\/i2.wp.com\/astehshop.com\/wp-content\/uploads\/2022\/04\/WIFIWS20WT.jpg?fit=400%2C400","jetpack_publicize_connections":[],"jetpack_sharing_enabled":true,"jetpack_likes_enabled":true,"jetpack-related-posts":[{"id":8481,"url":"http:\/\/astehshop.com\/index.php\/product\/pametni-prekidac-za-svjetla-bez-0\/","url_meta":{"origin":6231,"position":0},"title":"Pametni prekida\u010d za svjetla bez 0","date":"27. listopada 2023.","format":false,"excerpt":"\u3010DVIJE metode o\u017ei\u010denja\u3011Podr\u017eava neutralni sistem i sistem bez neutralnosti. Podr\u017eava sistem sa jednom vatrom, ali vam je potreban kondenzator kada koristite sistem bez neutralnosti. (kondenzator je uklju\u010den.) \u3010Wi-Fi direktna veza\u3011 Nije potrebno \u010dvori\u0161te za prolaz, samo ga instalirajte i koristite. Direktno se pove\u017eite na internet, mo\u017eete kontrolisati pomo\u0107u mobilnog telefona\u2026","rel":"","context":"Srodne objave","img":{"alt_text":"","src":"https:\/\/i1.wp.com\/astehshop.com\/wp-content\/uploads\/2023\/10\/local_stock_tuyasmart_life_wif_1613810318_7725d4d1_progressive.jpg?fit=600%2C600&resize=350%2C200","width":350,"height":200},"classes":[]},{"id":5680,"url":"http:\/\/astehshop.com\/index.php\/product\/smart-home-pametni-prekidac-strujnog-kola-10\/","url_meta":{"origin":6231,"position":1},"title":"Smart Home pametni prekida\u010d strujnog kola 10","date":"5. prosinca 2021.","format":false,"excerpt":"Postavite ovaj pametni prekida\u010d u strujni vod bilo kojeg \u017ei\u010danog ure\u0111aja da biste ga daljinski uklju\u010dili ili isklju\u010dili. Postavljanje je jednostavno - povezivanje izravno na va\u0161 Wi-Fi . Mo\u017eete ga koristiti kao samostalni pametni prekida\u010d ili ga upariti s drugim Nedis\u00ae SmartLife proizvodima za brzo povezivanje cijelog pametnog doma. Zna\u010dajke\u2026","rel":"","context":"Srodne objave","img":{"alt_text":"","src":"https:\/\/i0.wp.com\/astehshop.com\/wp-content\/uploads\/2021\/12\/prekidac-strujnog-kruga.jpg?fit=400%2C400&resize=350%2C200","width":350,"height":200},"classes":[]},{"id":9019,"url":"http:\/\/astehshop.com\/index.php\/product\/sensbi-switchi-l2nn-wi-fi-uzidni-prekidac-dvostruki\/","url_meta":{"origin":6231,"position":2},"title":"Sensbi SWITCHI-L2NN Wi-Fi uzidni prekida\u010d &#8211; dvostruki","date":"19. velja\u010de 2024.","format":false,"excerpt":"Wi-Fi uzidni prekida\u010d - dvostruki Wi-Fi uzidni prekida\u010d - dvostruki, nije potrebna 0 za rad. Snage 200W po kanalu. On\/Off i Tajmer funkcija. On\/Off globalno ili pojedina\u010dno. Mogu\u0107nost pode\u0161avanja tajmera nezavisno za svaki prekida\u010d.","rel":"","context":"Srodne objave","img":{"alt_text":"","src":"https:\/\/i0.wp.com\/astehshop.com\/wp-content\/uploads\/2024\/02\/sensbi-switchi-l2nn-wi-fi-uzidni-prekidac-dvostruki_0.jpg?fit=1200%2C789&resize=350%2C200","width":350,"height":200},"classes":[]},{"id":7808,"url":"http:\/\/astehshop.com\/index.php\/product\/tuya-wifi-rf-smart-relay\/","url_meta":{"origin":6231,"position":3},"title":"Tuya WIFI  RF smart Relay","date":"17. svibnja 2023.","format":false,"excerpt":"\u3010Daljinsko upravljanje\u3011 Korisnik mo\u017ee koristiti pametni telefon za daljinsko upravljanje ku\u0107nom elektronikom bilo kada i bilo gdje sve dok telefon ima 2G \/ 3G \/ WIFI mre\u017eu kompatibilnu sa iOS i Android operativnim sistemom sa Smart Life i Tuya aplikacijom \u3010Upravljanje glasom\u3011Kompatibilno sa Amazon Alexa (Echo \/ Dot \/ Dot\u2026","rel":"","context":"Srodne objave","img":{"alt_text":"","src":"https:\/\/i2.wp.com\/astehshop.com\/wp-content\/uploads\/2023\/05\/tuya-wifi-rela.png?fit=557%2C552&resize=350%2C200","width":350,"height":200},"classes":[]},{"id":9051,"url":"http:\/\/astehshop.com\/index.php\/product\/sensbi-switchi-l3nn-wi-fi-uzidni-prekidac-trostruki\/","url_meta":{"origin":6231,"position":4},"title":"Sensbi SWITCHI-L3NN Wi-Fi uzidni prekida\u010d &#8211; trostruki","date":"19. velja\u010de 2024.","format":false,"excerpt":"Wi-Fi uzidni prekida\u010d - trostruki Wi-Fi uzidni prekida\u010d - trostruki, nije potrebna 0 za rad. Snage 200W po kanalu. On\/Off i Tajmer funkcija. On\/Off globalno ili pojedina\u010dno. Mogu\u0107nost pode\u0161avanja tajmera nezavisno za svaki prekida\u010d.","rel":"","context":"Srodne objave","img":{"alt_text":"","src":"https:\/\/i2.wp.com\/astehshop.com\/wp-content\/uploads\/2024\/02\/sensbi-switchi-l3nn-wi-fi-uzidni-prekidac-trostruki_0.jpg?fit=1200%2C805&resize=350%2C200","width":350,"height":200},"classes":[]},{"id":9045,"url":"http:\/\/astehshop.com\/index.php\/product\/sensbi-mini-wrelei-nn-mini-wi-fi-relej-150w\/","url_meta":{"origin":6231,"position":5},"title":"Sensbi MINI-WRELEI-NN Mini Wi-Fi relej, 150W","date":"19. velja\u010de 2024.","format":false,"excerpt":"Mini Wi-Fi rele, 150W Wi-Fi rele, 150W, nije potrebna 0 za rad. ON\/OFF funkcija, Tajmer. Ure\u0111aji sa naponskim izlazom. Aktiviranjem pojavljuje se 220V na izlazu ure\u0111aja. Mo\u017ee se koristiti za napajanje potro\u0161a\u010da do 150W. Ure\u0111aj poseduje dodatni ulaz za upravljane na koji se mo\u017ee povezati konvencionalni prekida\u010d.","rel":"","context":"Srodne objave","img":{"alt_text":"","src":"https:\/\/i2.wp.com\/astehshop.com\/wp-content\/uploads\/2024\/02\/sensbi-mini-wrelei-nn-mini-wi-fi-rele-150w_0.jpg?fit=1200%2C675&resize=350%2C200","width":350,"height":200},"classes":[]}],"_links":{"self":[{"href":"http:\/\/astehshop.com\/index.php\/wp-json\/wp\/v2\/product\/6231"}],"collection":[{"href":"http:\/\/astehshop.com\/index.php\/wp-json\/wp\/v2\/product"}],"about":[{"href":"http:\/\/astehshop.com\/index.php\/wp-json\/wp\/v2\/types\/product"}],"replies":[{"embeddable":true,"href":"http:\/\/astehshop.com\/index.php\/wp-json\/wp\/v2\/comments?post=6231"}],"wp:featuredmedia":[{"embeddable":true,"href":"http:\/\/astehshop.com\/index.php\/wp-json\/wp\/v2\/media\/6232"}],"wp:attachment":[{"href":"http:\/\/astehshop.com\/index.php\/wp-json\/wp\/v2\/media?parent=6231"}],"wp:term":[{"taxonomy":"product_cat","embeddable":true,"href":"http:\/\/astehshop.com\/index.php\/wp-json\/wp\/v2\/product_cat?post=6231"},{"taxonomy":"product_tag","embeddable":true,"href":"http:\/\/astehshop.com\/index.php\/wp-json\/wp\/v2\/product_tag?post=6231"}],"curies":[{"name":"wp","href":"https:\/\/api.w.org\/{rel}","templated":true}]}}