{"id":6221,"date":"2022-04-07T20:05:01","date_gmt":"2022-04-07T18:05:01","guid":{"rendered":"http:\/\/astehshop.com\/?post_type=product&#038;p=6221"},"modified":"2023-09-24T11:16:28","modified_gmt":"2023-09-24T09:16:28","slug":"smartlife-wifi-led-reflektor-20w-rgb-i-2700-6500-k-aluminijski","status":"publish","type":"product","link":"http:\/\/astehshop.com\/index.php\/product\/smartlife-wifi-led-reflektor-20w-rgb-i-2700-6500-k-aluminijski\/","title":{"rendered":"Smartlife WiFi LED Reflektor | 20W | RGB i 2700 &#8211; 6500 K | Aluminijski"},"content":{"rendered":"<p>Pametni Wi-Fi LED vanjski reflektor (20 W) za zidnu monta\u017eu ima svjetlosnu snagu od 1600 lumena \u0161to ga \u010dini idealnim za osvjetljenje ulaznih prostora, prilaza ili nadstre\u0161nica. Zahvaljuju\u0107i svojoj IP65 klasifikaciji, ovaj je reflektor prikladan za bilo koje vremenske uvjete i mo\u017ee se koristiti na temperaturama u rasponu od -20 do 40\u00b0C. Prakti\u010dan dr\u017ea\u010d za monta\u017eu osigurava da sami mo\u017eete odrediti pravi kut.<\/p>\n<p>Jednostavan za postavljanje<br \/>\nPove\u017eite ovaj reflektor s aplikacijom Nedis SmartLife i upravljajte njime daljinski. Mo\u017eete odrediti intenzitet svjetla i boju od podesivih bijelih (3000 &#8211; 6500 K) do RGB boja i postaviti tajmere i scenarije za optimalnu udobnost. Osim toga, mo\u017eete koristiti glasovno upravljanje u kombinaciji s Amazon Alexa ili Google Home<\/p>\n<p>Zna\u010dajke<\/p>\n<p>\u2022 Povezuje se izravno na Wi-Fi<br \/>\n\u2022 Kontrolirajte ili rasporedite svjetlinu i boju (podesiva bijela ili RGB)<br \/>\n\u2022 Postavite mjera\u010de vremena i scenarije za optimalnu udobnost<br \/>\n\u2022 Koristite glasovno upravljanje u kombinaciji s Amazon Alexa ili Google Home<br \/>\n\u2022 Vodootporno metalno ku\u0107i\u0161te za vanjsku upotrebu<br \/>\n\u2022 Koristite samostalno ili kombinirajte s drugim Nedis SmartLife proizvodima<br \/>\n\u2022 Idealno za osvjetljavanje ulaznih prostora, prilaza ili nadstre\u0161nica<br \/>\n\u2022 Mo\u017ee se koristiti i kao sredstvo odvra\u0107anja od provale i kra\u0111e<\/p>\n<p>Specifikacije<br \/>\nBoja crna<br \/>\nMaterijal Aluminij<br \/>\nKompatibilan s Nedis\u00ae SmartLifeom<br \/>\nBe\u017ei\u010dna tehnologija Wi-Fi<br \/>\nIP ocjena IP65<br \/>\nVisina 126 mm<br \/>\nEnergetski razred A<br \/>\nAplikacija dostupna za Android&#x2122;IOS<br \/>\nUlazni napon 220 &#8211; 240 VAC<br \/>\nUtika\u010d tipa F (CEE 7\/7)<br \/>\nBoja svijetlosti RGB , Topla do hladna bijela<br \/>\n\u0160irina 142 mm<br \/>\nRadna temperatura -20 &#8211; 40 \u00b0C<br \/>\nOblik svjetiljke Kvadrat<br \/>\nFrekvencijski raspon 2412 &#8211; 2484 MHz<br \/>\nTemperatura boje 2700 &#8211; 6500 K<br \/>\nSnaga 20 W<br \/>\nDubina 43 mm<br \/>\nSnaga radio prijenosa 16 dB\/m<br \/>\nNazivni svjetlosni tok 1600 lm<\/p>\n<p><a href=\"https:\/\/i2.wp.com\/astehshop.com\/wp-content\/uploads\/2022\/04\/WIFILOFC20FBK-21.jpg\" data-rel=\"lightbox-image-0\" data-rl_title=\"\" data-rl_caption=\"\" title=\"\"><img data-attachment-id=\"6222\" data-permalink=\"http:\/\/astehshop.com\/?attachment_id=6222\" data-orig-file=\"https:\/\/i2.wp.com\/astehshop.com\/wp-content\/uploads\/2022\/04\/WIFILOFC20FBK-21.jpg?fit=400%2C400\" data-orig-size=\"400,400\" data-comments-opened=\"1\" data-image-meta=\"{&quot;aperture&quot;:&quot;0&quot;,&quot;credit&quot;:&quot;&quot;,&quot;camera&quot;:&quot;&quot;,&quot;caption&quot;:&quot;&quot;,&quot;created_timestamp&quot;:&quot;0&quot;,&quot;copyright&quot;:&quot;&quot;,&quot;focal_length&quot;:&quot;0&quot;,&quot;iso&quot;:&quot;0&quot;,&quot;shutter_speed&quot;:&quot;0&quot;,&quot;title&quot;:&quot;&quot;,&quot;orientation&quot;:&quot;0&quot;}\" data-image-title=\"WIFILOFC20FBK 21\" data-image-description=\"\" data-image-caption=\"\" data-medium-file=\"https:\/\/i2.wp.com\/astehshop.com\/wp-content\/uploads\/2022\/04\/WIFILOFC20FBK-21.jpg?fit=400%2C400\" data-large-file=\"https:\/\/i2.wp.com\/astehshop.com\/wp-content\/uploads\/2022\/04\/WIFILOFC20FBK-21.jpg?fit=400%2C400\" decoding=\"async\" loading=\"lazy\" class=\"alignnone size-full wp-image-6222\" src=\"https:\/\/i2.wp.com\/astehshop.com\/wp-content\/uploads\/2022\/04\/WIFILOFC20FBK-21.jpg?resize=400%2C400\" alt=\"\" width=\"400\" height=\"400\" srcset=\"https:\/\/i2.wp.com\/astehshop.com\/wp-content\/uploads\/2022\/04\/WIFILOFC20FBK-21.jpg?w=400 400w, https:\/\/i2.wp.com\/astehshop.com\/wp-content\/uploads\/2022\/04\/WIFILOFC20FBK-21.jpg?resize=150%2C150 150w, https:\/\/i2.wp.com\/astehshop.com\/wp-content\/uploads\/2022\/04\/WIFILOFC20FBK-21.jpg?resize=300%2C300 300w, https:\/\/i2.wp.com\/astehshop.com\/wp-content\/uploads\/2022\/04\/WIFILOFC20FBK-21.jpg?resize=100%2C100 100w\" sizes=\"(max-width: 400px) 100vw, 400px\" data-recalc-dims=\"1\" \/><\/a> <a href=\"https:\/\/i2.wp.com\/astehshop.com\/wp-content\/uploads\/2022\/04\/WIFILOFC20FBK-7.jpg\" data-rel=\"lightbox-image-1\" data-rl_title=\"\" data-rl_caption=\"\" title=\"\"><img data-attachment-id=\"6223\" data-permalink=\"http:\/\/astehshop.com\/?attachment_id=6223\" data-orig-file=\"https:\/\/i2.wp.com\/astehshop.com\/wp-content\/uploads\/2022\/04\/WIFILOFC20FBK-7.jpg?fit=400%2C400\" data-orig-size=\"400,400\" data-comments-opened=\"1\" data-image-meta=\"{&quot;aperture&quot;:&quot;0&quot;,&quot;credit&quot;:&quot;&quot;,&quot;camera&quot;:&quot;&quot;,&quot;caption&quot;:&quot;&quot;,&quot;created_timestamp&quot;:&quot;0&quot;,&quot;copyright&quot;:&quot;&quot;,&quot;focal_length&quot;:&quot;0&quot;,&quot;iso&quot;:&quot;0&quot;,&quot;shutter_speed&quot;:&quot;0&quot;,&quot;title&quot;:&quot;&quot;,&quot;orientation&quot;:&quot;0&quot;}\" data-image-title=\"WIFILOFC20FBK 7\" data-image-description=\"\" data-image-caption=\"\" data-medium-file=\"https:\/\/i2.wp.com\/astehshop.com\/wp-content\/uploads\/2022\/04\/WIFILOFC20FBK-7.jpg?fit=400%2C400\" data-large-file=\"https:\/\/i2.wp.com\/astehshop.com\/wp-content\/uploads\/2022\/04\/WIFILOFC20FBK-7.jpg?fit=400%2C400\" decoding=\"async\" loading=\"lazy\" class=\"alignnone size-medium wp-image-6223\" src=\"https:\/\/i2.wp.com\/astehshop.com\/wp-content\/uploads\/2022\/04\/WIFILOFC20FBK-7.jpg?resize=400%2C400\" alt=\"\" width=\"400\" height=\"400\" srcset=\"https:\/\/i2.wp.com\/astehshop.com\/wp-content\/uploads\/2022\/04\/WIFILOFC20FBK-7.jpg?w=400 400w, https:\/\/i2.wp.com\/astehshop.com\/wp-content\/uploads\/2022\/04\/WIFILOFC20FBK-7.jpg?resize=150%2C150 150w, https:\/\/i2.wp.com\/astehshop.com\/wp-content\/uploads\/2022\/04\/WIFILOFC20FBK-7.jpg?resize=300%2C300 300w, https:\/\/i2.wp.com\/astehshop.com\/wp-content\/uploads\/2022\/04\/WIFILOFC20FBK-7.jpg?resize=100%2C100 100w\" sizes=\"(max-width: 400px) 100vw, 400px\" data-recalc-dims=\"1\" \/><\/a> <a href=\"https:\/\/i0.wp.com\/astehshop.com\/wp-content\/uploads\/2022\/04\/WIFILOFC20FBK-6.jpg\" data-rel=\"lightbox-image-2\" data-rl_title=\"\" data-rl_caption=\"\" title=\"\"><img data-attachment-id=\"6224\" data-permalink=\"http:\/\/astehshop.com\/?attachment_id=6224\" data-orig-file=\"https:\/\/i0.wp.com\/astehshop.com\/wp-content\/uploads\/2022\/04\/WIFILOFC20FBK-6.jpg?fit=400%2C400\" data-orig-size=\"400,400\" data-comments-opened=\"1\" data-image-meta=\"{&quot;aperture&quot;:&quot;0&quot;,&quot;credit&quot;:&quot;&quot;,&quot;camera&quot;:&quot;&quot;,&quot;caption&quot;:&quot;&quot;,&quot;created_timestamp&quot;:&quot;0&quot;,&quot;copyright&quot;:&quot;&quot;,&quot;focal_length&quot;:&quot;0&quot;,&quot;iso&quot;:&quot;0&quot;,&quot;shutter_speed&quot;:&quot;0&quot;,&quot;title&quot;:&quot;&quot;,&quot;orientation&quot;:&quot;0&quot;}\" data-image-title=\"WIFILOFC20FBK 6\" data-image-description=\"\" data-image-caption=\"\" data-medium-file=\"https:\/\/i0.wp.com\/astehshop.com\/wp-content\/uploads\/2022\/04\/WIFILOFC20FBK-6.jpg?fit=400%2C400\" data-large-file=\"https:\/\/i0.wp.com\/astehshop.com\/wp-content\/uploads\/2022\/04\/WIFILOFC20FBK-6.jpg?fit=400%2C400\" decoding=\"async\" loading=\"lazy\" class=\"alignnone size-medium wp-image-6224\" src=\"https:\/\/i0.wp.com\/astehshop.com\/wp-content\/uploads\/2022\/04\/WIFILOFC20FBK-6.jpg?resize=400%2C400\" alt=\"\" width=\"400\" height=\"400\" srcset=\"https:\/\/i0.wp.com\/astehshop.com\/wp-content\/uploads\/2022\/04\/WIFILOFC20FBK-6.jpg?w=400 400w, https:\/\/i0.wp.com\/astehshop.com\/wp-content\/uploads\/2022\/04\/WIFILOFC20FBK-6.jpg?resize=150%2C150 150w, https:\/\/i0.wp.com\/astehshop.com\/wp-content\/uploads\/2022\/04\/WIFILOFC20FBK-6.jpg?resize=300%2C300 300w, https:\/\/i0.wp.com\/astehshop.com\/wp-content\/uploads\/2022\/04\/WIFILOFC20FBK-6.jpg?resize=100%2C100 100w\" sizes=\"(max-width: 400px) 100vw, 400px\" data-recalc-dims=\"1\" \/><\/a> <a href=\"https:\/\/i1.wp.com\/astehshop.com\/wp-content\/uploads\/2022\/04\/WIFILOFC20FBK-5.jpg\" data-rel=\"lightbox-image-3\" data-rl_title=\"\" data-rl_caption=\"\" title=\"\"><img data-attachment-id=\"6225\" data-permalink=\"http:\/\/astehshop.com\/?attachment_id=6225\" data-orig-file=\"https:\/\/i1.wp.com\/astehshop.com\/wp-content\/uploads\/2022\/04\/WIFILOFC20FBK-5.jpg?fit=400%2C400\" data-orig-size=\"400,400\" data-comments-opened=\"1\" data-image-meta=\"{&quot;aperture&quot;:&quot;0&quot;,&quot;credit&quot;:&quot;&quot;,&quot;camera&quot;:&quot;&quot;,&quot;caption&quot;:&quot;&quot;,&quot;created_timestamp&quot;:&quot;0&quot;,&quot;copyright&quot;:&quot;&quot;,&quot;focal_length&quot;:&quot;0&quot;,&quot;iso&quot;:&quot;0&quot;,&quot;shutter_speed&quot;:&quot;0&quot;,&quot;title&quot;:&quot;&quot;,&quot;orientation&quot;:&quot;0&quot;}\" data-image-title=\"WIFILOFC20FBK 5\" data-image-description=\"\" data-image-caption=\"\" data-medium-file=\"https:\/\/i1.wp.com\/astehshop.com\/wp-content\/uploads\/2022\/04\/WIFILOFC20FBK-5.jpg?fit=400%2C400\" data-large-file=\"https:\/\/i1.wp.com\/astehshop.com\/wp-content\/uploads\/2022\/04\/WIFILOFC20FBK-5.jpg?fit=400%2C400\" decoding=\"async\" loading=\"lazy\" class=\"alignnone size-medium wp-image-6225\" src=\"https:\/\/i1.wp.com\/astehshop.com\/wp-content\/uploads\/2022\/04\/WIFILOFC20FBK-5.jpg?resize=400%2C400\" alt=\"\" width=\"400\" height=\"400\" srcset=\"https:\/\/i1.wp.com\/astehshop.com\/wp-content\/uploads\/2022\/04\/WIFILOFC20FBK-5.jpg?w=400 400w, https:\/\/i1.wp.com\/astehshop.com\/wp-content\/uploads\/2022\/04\/WIFILOFC20FBK-5.jpg?resize=150%2C150 150w, https:\/\/i1.wp.com\/astehshop.com\/wp-content\/uploads\/2022\/04\/WIFILOFC20FBK-5.jpg?resize=300%2C300 300w, https:\/\/i1.wp.com\/astehshop.com\/wp-content\/uploads\/2022\/04\/WIFILOFC20FBK-5.jpg?resize=100%2C100 100w\" sizes=\"(max-width: 400px) 100vw, 400px\" data-recalc-dims=\"1\" \/><\/a> <a href=\"https:\/\/i1.wp.com\/astehshop.com\/wp-content\/uploads\/2022\/04\/WIFILOFC20FBK-3.jpg\" data-rel=\"lightbox-image-4\" data-rl_title=\"\" data-rl_caption=\"\" title=\"\"><img data-attachment-id=\"6226\" data-permalink=\"http:\/\/astehshop.com\/?attachment_id=6226\" data-orig-file=\"https:\/\/i1.wp.com\/astehshop.com\/wp-content\/uploads\/2022\/04\/WIFILOFC20FBK-3.jpg?fit=400%2C400\" data-orig-size=\"400,400\" data-comments-opened=\"1\" data-image-meta=\"{&quot;aperture&quot;:&quot;0&quot;,&quot;credit&quot;:&quot;&quot;,&quot;camera&quot;:&quot;&quot;,&quot;caption&quot;:&quot;&quot;,&quot;created_timestamp&quot;:&quot;0&quot;,&quot;copyright&quot;:&quot;&quot;,&quot;focal_length&quot;:&quot;0&quot;,&quot;iso&quot;:&quot;0&quot;,&quot;shutter_speed&quot;:&quot;0&quot;,&quot;title&quot;:&quot;&quot;,&quot;orientation&quot;:&quot;0&quot;}\" data-image-title=\"WIFILOFC20FBK 3\" data-image-description=\"\" data-image-caption=\"\" data-medium-file=\"https:\/\/i1.wp.com\/astehshop.com\/wp-content\/uploads\/2022\/04\/WIFILOFC20FBK-3.jpg?fit=400%2C400\" data-large-file=\"https:\/\/i1.wp.com\/astehshop.com\/wp-content\/uploads\/2022\/04\/WIFILOFC20FBK-3.jpg?fit=400%2C400\" decoding=\"async\" loading=\"lazy\" class=\"alignnone size-medium wp-image-6226\" src=\"https:\/\/i1.wp.com\/astehshop.com\/wp-content\/uploads\/2022\/04\/WIFILOFC20FBK-3.jpg?resize=400%2C400\" alt=\"\" width=\"400\" height=\"400\" srcset=\"https:\/\/i1.wp.com\/astehshop.com\/wp-content\/uploads\/2022\/04\/WIFILOFC20FBK-3.jpg?w=400 400w, https:\/\/i1.wp.com\/astehshop.com\/wp-content\/uploads\/2022\/04\/WIFILOFC20FBK-3.jpg?resize=150%2C150 150w, https:\/\/i1.wp.com\/astehshop.com\/wp-content\/uploads\/2022\/04\/WIFILOFC20FBK-3.jpg?resize=300%2C300 300w, https:\/\/i1.wp.com\/astehshop.com\/wp-content\/uploads\/2022\/04\/WIFILOFC20FBK-3.jpg?resize=100%2C100 100w\" sizes=\"(max-width: 400px) 100vw, 400px\" data-recalc-dims=\"1\" \/><\/a><\/p>\n<p>&nbsp;<\/p>\n","protected":false},"excerpt":{"rendered":"<p>Pametni Wi-Fi LED vanjski reflektor (20 W) za zidnu monta\u017eu ima svjetlosnu snagu od 1600 lumena \u0161to ga \u010dini idealnim za osvjetljenje ulaznih prostora, prilaza ili nadstre\u0161nica. Zahvaljuju\u0107i svojoj IP65 klasifikaciji, ovaj je reflektor prikladan za bilo koje vremenske uvjete i mo\u017ee se koristiti na temperaturama u rasponu od -20 do 40\u00b0C. Prakti\u010dan dr\u017ea\u010d za monta\u017eu osigurava da sami mo\u017eete odrediti pravi kut.<\/p>\n<p>Jednostavan za postavljanje<br \/>\nPove\u017eite ovaj reflektor s aplikacijom Nedis SmartLife i upravljajte njime daljinski. Mo\u017eete odrediti intenzitet svjetla i boju od podesivih bijelih (3000 &#8211; 6500 K) do RGB boja i postaviti tajmere i scenarije za optimalnu udobnost. Osim toga, mo\u017eete koristiti glasovno upravljanje u kombinaciji s Amazon Alexa ili Google Home<\/p>\n<p>Zna\u010dajke<\/p>\n<p>\u2022 Povezuje se izravno na Wi-Fi<br \/>\n\u2022 Kontrolirajte ili rasporedite svjetlinu i boju (podesiva bijela ili RGB)<br \/>\n\u2022 Postavite mjera\u010de vremena i scenarije za optimalnu udobnost<br \/>\n\u2022 Koristite glasovno upravljanje u kombinaciji s Amazon Alexa ili Google Home<br \/>\n\u2022 Vodootporno metalno ku\u0107i\u0161te za vanjsku upotrebu<br \/>\n\u2022 Koristite samostalno ili kombinirajte s drugim Nedis SmartLife proizvodima<br \/>\n\u2022 Idealno za osvjetljavanje ulaznih prostora, prilaza ili nadstre\u0161nica<br \/>\n\u2022 Mo\u017ee se koristiti i kao sredstvo odvra\u0107anja od provale i kra\u0111e<\/p>\n<p>Specifikacije<br \/>\nBoja crna<br \/>\nMaterijal Aluminij<br \/>\nKompatibilan s Nedis\u00ae SmartLifeom<br \/>\nBe\u017ei\u010dna tehnologija Wi-Fi<br \/>\nIP ocjena IP65<br \/>\nVisina 126 mm<br \/>\nEnergetski razred A<br \/>\nAplikacija dostupna za Android&#x2122;IOS<br \/>\nUlazni napon 220 &#8211; 240 VAC<br \/>\nUtika\u010d tipa F (CEE 7\/7)<br \/>\nBoja svijetlosti RGB , Topla do hladna bijela<br \/>\n\u0160irina 142 mm<br \/>\nRadna temperatura -20 &#8211; 40 \u00b0C<br \/>\nOblik svjetiljke Kvadrat<br \/>\nFrekvencijski raspon 2412 &#8211; 2484 MHz<br \/>\nTemperatura boje 2700 &#8211; 6500 K<br \/>\nSnaga 20 W<br \/>\nDubina 43 mm<br \/>\nSnaga radio prijenosa 16 dB\/m<br \/>\nNazivni svjetlosni tok 1600 lm<\/p>\n<p><a href=\"http:\/\/astehshop.com\/wp-content\/uploads\/2022\/04\/WIFILOFC20FBK-21.jpg\"><img decoding=\"async\" loading=\"lazy\" class=\"alignnone size-full wp-image-6222\" src=\"http:\/\/astehshop.com\/wp-content\/uploads\/2022\/04\/WIFILOFC20FBK-21.jpg\" alt=\"\" width=\"400\" height=\"400\" srcset=\"https:\/\/i2.wp.com\/astehshop.com\/wp-content\/uploads\/2022\/04\/WIFILOFC20FBK-21.jpg?w=400 400w, https:\/\/i2.wp.com\/astehshop.com\/wp-content\/uploads\/2022\/04\/WIFILOFC20FBK-21.jpg?resize=150%2C150 150w, https:\/\/i2.wp.com\/astehshop.com\/wp-content\/uploads\/2022\/04\/WIFILOFC20FBK-21.jpg?resize=300%2C300 300w, https:\/\/i2.wp.com\/astehshop.com\/wp-content\/uploads\/2022\/04\/WIFILOFC20FBK-21.jpg?resize=100%2C100 100w\" sizes=\"(max-width: 400px) 100vw, 400px\" \/><\/a> <a href=\"http:\/\/astehshop.com\/wp-content\/uploads\/2022\/04\/WIFILOFC20FBK-7.jpg\"><img decoding=\"async\" loading=\"lazy\" class=\"alignnone size-medium wp-image-6223\" src=\"http:\/\/astehshop.com\/wp-content\/uploads\/2022\/04\/WIFILOFC20FBK-7.jpg\" alt=\"\" width=\"400\" height=\"400\" srcset=\"https:\/\/i2.wp.com\/astehshop.com\/wp-content\/uploads\/2022\/04\/WIFILOFC20FBK-7.jpg?w=400 400w, https:\/\/i2.wp.com\/astehshop.com\/wp-content\/uploads\/2022\/04\/WIFILOFC20FBK-7.jpg?resize=150%2C150 150w, https:\/\/i2.wp.com\/astehshop.com\/wp-content\/uploads\/2022\/04\/WIFILOFC20FBK-7.jpg?resize=300%2C300 300w, https:\/\/i2.wp.com\/astehshop.com\/wp-content\/uploads\/2022\/04\/WIFILOFC20FBK-7.jpg?resize=100%2C100 100w\" sizes=\"(max-width: 400px) 100vw, 400px\" \/><\/a> <a href=\"http:\/\/astehshop.com\/wp-content\/uploads\/2022\/04\/WIFILOFC20FBK-6.jpg\"><img decoding=\"async\" loading=\"lazy\" class=\"alignnone size-medium wp-image-6224\" src=\"http:\/\/astehshop.com\/wp-content\/uploads\/2022\/04\/WIFILOFC20FBK-6.jpg\" alt=\"\" width=\"400\" height=\"400\" srcset=\"https:\/\/i0.wp.com\/astehshop.com\/wp-content\/uploads\/2022\/04\/WIFILOFC20FBK-6.jpg?w=400 400w, https:\/\/i0.wp.com\/astehshop.com\/wp-content\/uploads\/2022\/04\/WIFILOFC20FBK-6.jpg?resize=150%2C150 150w, https:\/\/i0.wp.com\/astehshop.com\/wp-content\/uploads\/2022\/04\/WIFILOFC20FBK-6.jpg?resize=300%2C300 300w, https:\/\/i0.wp.com\/astehshop.com\/wp-content\/uploads\/2022\/04\/WIFILOFC20FBK-6.jpg?resize=100%2C100 100w\" sizes=\"(max-width: 400px) 100vw, 400px\" \/><\/a> <a href=\"http:\/\/astehshop.com\/wp-content\/uploads\/2022\/04\/WIFILOFC20FBK-5.jpg\"><img decoding=\"async\" loading=\"lazy\" class=\"alignnone size-medium wp-image-6225\" src=\"http:\/\/astehshop.com\/wp-content\/uploads\/2022\/04\/WIFILOFC20FBK-5.jpg\" alt=\"\" width=\"400\" height=\"400\" srcset=\"https:\/\/i1.wp.com\/astehshop.com\/wp-content\/uploads\/2022\/04\/WIFILOFC20FBK-5.jpg?w=400 400w, https:\/\/i1.wp.com\/astehshop.com\/wp-content\/uploads\/2022\/04\/WIFILOFC20FBK-5.jpg?resize=150%2C150 150w, https:\/\/i1.wp.com\/astehshop.com\/wp-content\/uploads\/2022\/04\/WIFILOFC20FBK-5.jpg?resize=300%2C300 300w, https:\/\/i1.wp.com\/astehshop.com\/wp-content\/uploads\/2022\/04\/WIFILOFC20FBK-5.jpg?resize=100%2C100 100w\" sizes=\"(max-width: 400px) 100vw, 400px\" \/><\/a> <a href=\"http:\/\/astehshop.com\/wp-content\/uploads\/2022\/04\/WIFILOFC20FBK-3.jpg\"><img decoding=\"async\" loading=\"lazy\" class=\"alignnone size-medium wp-image-6226\" src=\"http:\/\/astehshop.com\/wp-content\/uploads\/2022\/04\/WIFILOFC20FBK-3.jpg\" alt=\"\" width=\"400\" height=\"400\" srcset=\"https:\/\/i1.wp.com\/astehshop.com\/wp-content\/uploads\/2022\/04\/WIFILOFC20FBK-3.jpg?w=400 400w, https:\/\/i1.wp.com\/astehshop.com\/wp-content\/uploads\/2022\/04\/WIFILOFC20FBK-3.jpg?resize=150%2C150 150w, https:\/\/i1.wp.com\/astehshop.com\/wp-content\/uploads\/2022\/04\/WIFILOFC20FBK-3.jpg?resize=300%2C300 300w, https:\/\/i1.wp.com\/astehshop.com\/wp-content\/uploads\/2022\/04\/WIFILOFC20FBK-3.jpg?resize=100%2C100 100w\" sizes=\"(max-width: 400px) 100vw, 400px\" \/><\/a><\/p>\n<p>&nbsp;<\/p>\n","protected":false},"featured_media":6227,"comment_status":"open","ping_status":"closed","template":"","meta":{"_mi_skip_tracking":false,"_exactmetrics_sitenote_active":false,"_exactmetrics_sitenote_note":"","_exactmetrics_sitenote_category":0,"spay_email":""},"product_cat":[4077,3480],"product_tag":[435,4086,3484,3490,4080,4079,4082,4083,4084,3483,3486,4085,4081,4078],"brands":[],"df_price":70,"df_sale_price":"","df_regular_price":70,"df_image_link":"https:\/\/i1.wp.com\/astehshop.com\/wp-content\/uploads\/2022\/04\/WIFILOFC20FBK-01.jpg?fit=400%2C400","jetpack_publicize_connections":[],"jetpack_sharing_enabled":true,"jetpack_likes_enabled":true,"jetpack-related-posts":[{"id":7761,"url":"http:\/\/astehshop.com\/index.php\/product\/reflektor-led-100-w-8200-lm-ip65\/","url_meta":{"origin":6221,"position":0},"title":"Reflektor, LED, 100 W, 8200 lm, IP65","date":"14. svibnja 2023.","format":false,"excerpt":"LED reflektor, izvor svjetlosti 100 W LED SMD, osvjetljenje 8200 lm, 4000K prirodna bijela svjetlost Monta\u017ea na zid, napajanje 230 V ~ \/ 50 Hz, dimenzije 280 x 225 x 115 mm, za vanjsku i unutarnju uporabu, IP65 LED izvor svjetla u lampi se ne mo\u017ee zamijeniti, reflektor nije prikladan\u2026","rel":"","context":"Srodne objave","img":{"alt_text":"","src":"https:\/\/i2.wp.com\/astehshop.com\/wp-content\/uploads\/2023\/05\/led-reflektor-100w.png?fit=1200%2C1134&resize=350%2C200","width":350,"height":200},"classes":[]},{"id":5680,"url":"http:\/\/astehshop.com\/index.php\/product\/smart-home-pametni-prekidac-strujnog-kola-10\/","url_meta":{"origin":6221,"position":1},"title":"Smart Home pametni prekida\u010d strujnog kola 10","date":"5. prosinca 2021.","format":false,"excerpt":"Postavite ovaj pametni prekida\u010d u strujni vod bilo kojeg \u017ei\u010danog ure\u0111aja da biste ga daljinski uklju\u010dili ili isklju\u010dili. Postavljanje je jednostavno - povezivanje izravno na va\u0161 Wi-Fi . Mo\u017eete ga koristiti kao samostalni pametni prekida\u010d ili ga upariti s drugim Nedis\u00ae SmartLife proizvodima za brzo povezivanje cijelog pametnog doma. Zna\u010dajke\u2026","rel":"","context":"Srodne objave","img":{"alt_text":"","src":"https:\/\/i0.wp.com\/astehshop.com\/wp-content\/uploads\/2021\/12\/prekidac-strujnog-kruga.jpg?fit=400%2C400&resize=350%2C200","width":350,"height":200},"classes":[]},{"id":3468,"url":"http:\/\/astehshop.com\/index.php\/product\/led-rucni-reflektor-green-tech-3w\/","url_meta":{"origin":6221,"position":2},"title":"LED ru\u010dni reflektor Green Tech 3W","date":"21. srpnja 2019.","format":false,"excerpt":"LED ru\u010dni reflektor Green Tech 3W","rel":"","context":"Srodne objave","img":{"alt_text":"","src":"https:\/\/i0.wp.com\/astehshop.com\/wp-content\/uploads\/2019\/07\/LED-ru\u010dni-reflektor-Green-Tech-3W.png?fit=200%2C200&resize=350%2C200","width":350,"height":200},"classes":[]},{"id":8481,"url":"http:\/\/astehshop.com\/index.php\/product\/pametni-prekidac-za-svjetla-bez-0\/","url_meta":{"origin":6221,"position":3},"title":"Pametni prekida\u010d za svjetla bez 0","date":"27. listopada 2023.","format":false,"excerpt":"\u3010DVIJE metode o\u017ei\u010denja\u3011Podr\u017eava neutralni sistem i sistem bez neutralnosti. Podr\u017eava sistem sa jednom vatrom, ali vam je potreban kondenzator kada koristite sistem bez neutralnosti. (kondenzator je uklju\u010den.) \u3010Wi-Fi direktna veza\u3011 Nije potrebno \u010dvori\u0161te za prolaz, samo ga instalirajte i koristite. Direktno se pove\u017eite na internet, mo\u017eete kontrolisati pomo\u0107u mobilnog telefona\u2026","rel":"","context":"Srodne objave","img":{"alt_text":"","src":"https:\/\/i1.wp.com\/astehshop.com\/wp-content\/uploads\/2023\/10\/local_stock_tuyasmart_life_wif_1613810318_7725d4d1_progressive.jpg?fit=600%2C600&resize=350%2C200","width":350,"height":200},"classes":[]},{"id":8779,"url":"http:\/\/astehshop.com\/index.php\/product\/4g-kamera-wifi-vanjska-solarno-punjenje-full-hd\/","url_meta":{"origin":6221,"position":4},"title":"4G Kamera | WiFi | Vanjska | Solarno Punjenje | Full HD |","date":"10. sije\u010dnja 2024.","format":false,"excerpt":"Ova Nedis SmartLife Full-HD punjiva pan and tilt vanjska kamera omogu\u0107uje vam da vidite \u0161to se doga\u0111a oko va\u0161e ku\u0107e bez obzira na to postoji li neposredna prijetnja ili se jednostavno \u017eelite osje\u0107ati potpuno sigurno. Ova 4G kamera dolazi s velikom fleksibilno\u0161\u0107u. Podr\u017eava 4G LTE mobilnu mre\u017eu \u0161to ga \u010dini\u2026","rel":"","context":"Srodne objave","img":{"alt_text":"","src":"https:\/\/i1.wp.com\/astehshop.com\/wp-content\/uploads\/2024\/01\/wifi-4g-kam-1.jpg?fit=400%2C400&resize=350%2C200","width":350,"height":200},"classes":[]},{"id":6210,"url":"http:\/\/astehshop.com\/index.php\/product\/smartlife-wifi-smart-uticnica-ip44-3680w\/","url_meta":{"origin":6221,"position":5},"title":"Smartlife WiFi Smart Uti\u010dnica | IP44 | 3680W","date":"7. travnja 2022.","format":false,"excerpt":"Upravljajte bilo kojim vanjskim ure\u0111ajem na daljinu jednostavnim uklju\u010divanjem u ovu Nedis\u00ae be\u017ei\u010dnu pametnu uti\u010dnicu i povezivanjem s pametnim telefonom ili tabletom putem Wi-Fi interneta. Jednostavan za postavljanje Ne morate biti tehni\u010dki genij ili elektri\u010dar da biste kontrolirali i automatizirali svoje priklju\u010dene ure\u0111aje i ure\u0111aje. Sve \u0161to vam je zapravo\u2026","rel":"","context":"Srodne objave","img":{"alt_text":"","src":"https:\/\/i0.wp.com\/astehshop.com\/wp-content\/uploads\/2022\/04\/WIFIPO110FBK.jpg?fit=400%2C400&resize=350%2C200","width":350,"height":200},"classes":[]}],"_links":{"self":[{"href":"http:\/\/astehshop.com\/index.php\/wp-json\/wp\/v2\/product\/6221"}],"collection":[{"href":"http:\/\/astehshop.com\/index.php\/wp-json\/wp\/v2\/product"}],"about":[{"href":"http:\/\/astehshop.com\/index.php\/wp-json\/wp\/v2\/types\/product"}],"replies":[{"embeddable":true,"href":"http:\/\/astehshop.com\/index.php\/wp-json\/wp\/v2\/comments?post=6221"}],"wp:featuredmedia":[{"embeddable":true,"href":"http:\/\/astehshop.com\/index.php\/wp-json\/wp\/v2\/media\/6227"}],"wp:attachment":[{"href":"http:\/\/astehshop.com\/index.php\/wp-json\/wp\/v2\/media?parent=6221"}],"wp:term":[{"taxonomy":"product_cat","embeddable":true,"href":"http:\/\/astehshop.com\/index.php\/wp-json\/wp\/v2\/product_cat?post=6221"},{"taxonomy":"product_tag","embeddable":true,"href":"http:\/\/astehshop.com\/index.php\/wp-json\/wp\/v2\/product_tag?post=6221"}],"curies":[{"name":"wp","href":"https:\/\/api.w.org\/{rel}","templated":true}]}}