{"id":6219,"date":"2022-04-07T20:01:23","date_gmt":"2022-04-07T18:01:23","guid":{"rendered":"http:\/\/astehshop.com\/?post_type=product&#038;p=6219"},"modified":"2022-04-07T20:01:23","modified_gmt":"2022-04-07T18:01:23","slug":"smartlife-wifi-detektor-vode-sirena-50db-na-baterije","status":"publish","type":"product","link":"http:\/\/astehshop.com\/index.php\/product\/smartlife-wifi-detektor-vode-sirena-50db-na-baterije\/","title":{"rendered":"SmartLife WiFi Detektor Vode | Sirena 50dB | Na Baterije"},"content":{"rendered":"<div class=\"row\">\n<div class=\"col-xs-12\">\n<div class=\"opis\">Olak\u0161ava pra\u0107enje curenja vode na te\u0161ko dostupnim mjestima<br \/>\nJednostavan za rukovanje, ali rje\u0161ava vrlo slo\u017een problem. Ve\u0107ina curenja vode po\u010dinje na te\u0161ko dostupnim mjestima ispod podnih plo\u010da. Kona\u010dno, sada mo\u017eete pratiti rizi\u010dna podru\u010dja i dobiti rano upozorenje ako se voda otkrije, prije nego \u0161to postane veliki problem.<\/p>\n<p>Ako be\u017ei\u010dni detektor vode osjeti vodu, aktivira zvu\u010dni signal da vas upozori i \u0161alje push obavijest na va\u0161 mobitel. Na prvi znak problema bit \u0107ete spremni djelovati.<br \/>\nS be\u017ei\u010dnim dometom do 45,0 m ovaj detektor mo\u017ee se postaviti na najte\u017ee dostupna mjesta u va\u0161em domu ili uredu.<\/p>\n<p>Zna\u010dajke<\/p>\n<p>\u2022 Otkrivanje vode i upozorenje u najranijim fazama problema &#8211; kako bi se sprije\u010dilo nakupljanje vlage i o\u0161te\u0107enja od vode<br \/>\n\u2022 Audio alarm i push obavijest na va\u0161 telefon &#8211; kako biste bili brzo informirani<br \/>\n\u2022 Trenuta\u010dno se povezuje s va\u0161im Wi-Fi &#8211; nije potrebno daljnje \u010dvori\u0161te<br \/>\n\u2022 Vijek trajanja baterije preko dvije godine<br \/>\n\u2022 Produ\u017eni kabel omogu\u0107uje provjeru do 115,0 cm od detektora &#8211; za pokrivanje nepristupa\u010dnih cijevi<\/p><\/div>\n<\/div>\n<\/div>\n<div class=\"row\">\n<div class=\"col-xs-12\">\n<div class=\"categories-switch-list\">\n<div>\n<hr \/>\n<\/div>\n<\/div>\n<\/div>\n<\/div>\n","protected":false},"excerpt":{"rendered":"<div class=\"row\">\n<div class=\"col-xs-12\">\n<div class=\"opis\">Olak\u0161ava pra\u0107enje curenja vode na te\u0161ko dostupnim mjestima<br \/>\nJednostavan za rukovanje, ali rje\u0161ava vrlo slo\u017een problem. Ve\u0107ina curenja vode po\u010dinje na te\u0161ko dostupnim mjestima ispod podnih plo\u010da. Kona\u010dno, sada mo\u017eete pratiti rizi\u010dna podru\u010dja i dobiti rano upozorenje ako se voda otkrije, prije nego \u0161to postane veliki problem.<\/p>\n<p>Ako be\u017ei\u010dni detektor vode osjeti vodu, aktivira zvu\u010dni signal da vas upozori i \u0161alje push obavijest na va\u0161 mobitel. Na prvi znak problema bit \u0107ete spremni djelovati.<br \/>\nS be\u017ei\u010dnim dometom do 45,0 m ovaj detektor mo\u017ee se postaviti na najte\u017ee dostupna mjesta u va\u0161em domu ili uredu.<\/p>\n<p>Zna\u010dajke<\/p>\n<p>\u2022 Otkrivanje vode i upozorenje u najranijim fazama problema &#8211; kako bi se sprije\u010dilo nakupljanje vlage i o\u0161te\u0107enja od vode<br \/>\n\u2022 Audio alarm i push obavijest na va\u0161 telefon &#8211; kako biste bili brzo informirani<br \/>\n\u2022 Trenuta\u010dno se povezuje s va\u0161im Wi-Fi &#8211; nije potrebno daljnje \u010dvori\u0161te<br \/>\n\u2022 Vijek trajanja baterije preko dvije godine<br \/>\n\u2022 Produ\u017eni kabel omogu\u0107uje provjeru do 115,0 cm od detektora &#8211; za pokrivanje nepristupa\u010dnih cijevi<\/p><\/div>\n<\/div>\n<\/div>\n<div class=\"row\">\n<div class=\"col-xs-12\">\n<div class=\"categories-switch-list\">\n<div>\n<hr \/>\n<\/div>\n<\/div>\n<\/div>\n<\/div>\n","protected":false},"featured_media":6220,"comment_status":"open","ping_status":"closed","template":"","meta":{"_mi_skip_tracking":false,"_exactmetrics_sitenote_active":false,"_exactmetrics_sitenote_note":"","_exactmetrics_sitenote_category":0,"spay_email":""},"product_cat":[4067,3480],"product_tag":[435,4070,3960,4069,4074,4075,4073,4072,4071,3483,4076,4068],"brands":[],"df_price":79,"df_sale_price":"","df_regular_price":79,"df_image_link":"https:\/\/i2.wp.com\/astehshop.com\/wp-content\/uploads\/2022\/04\/WIFIDW10WT.jpg?fit=400%2C400","jetpack_publicize_connections":[],"jetpack_sharing_enabled":true,"jetpack_likes_enabled":true,"jetpack-related-posts":[{"id":9810,"url":"http:\/\/astehshop.com\/index.php\/product\/cesma-za-brzo-zagrijavanje-vode-3-0-kw-2\/","url_meta":{"origin":6219,"position":0},"title":"\u010cesma za brzo zagrijavanje vode, 3.0 kW","date":"15. prosinca 2024.","format":false,"excerpt":"\u010cesma za brzo zagrijavanje vode, snaga 3.0 kW Prakti\u010dan i moderan dizajn, prikaz temperature vode, brzo zagrijavanje i u\u0161teda energije Trenutna upotreba bez predgrijavanja, zagrijavanje vode u nekoliko sekundi kako bi se kontinuirano dobila topla voda od 30 - 60\u00b0C","rel":"","context":"Srodne objave","img":{"alt_text":"","src":"https:\/\/i1.wp.com\/astehshop.com\/wp-content\/uploads\/2024\/12\/31982_1698409494ig8kdaogbh.png?fit=1200%2C1172&resize=350%2C200","width":350,"height":200},"classes":[]},{"id":9994,"url":"http:\/\/astehshop.com\/index.php\/product\/roombanker-senzor-poplave-rbss-wl1-868\/","url_meta":{"origin":6219,"position":1},"title":"RoomBanker senzor poplave RBSS-WL1-868","date":"16. o\u017eujka 2025.","format":false,"excerpt":"Podignite za\u0161titu svog doma od o\u0161te\u0107enja vodom uz Roombanker visokoprecizni detektor curenja vode. Skrojen sa produ\u017enim kablom, ovaj ure\u0111aj nudi neusporedivu preciznost u otkrivanju curenja u razli\u010ditim kriti\u010dnim oblastima kao \u0161to su kuhinje, kupatila i balkoni, gde je najverovatnije da \u0107e do\u0107i do o\u0161te\u0107enja vodom. Napravljen da izdr\u017ei izazove okru\u017eenja\u2026","rel":"","context":"Srodne objave","img":{"alt_text":"","src":"https:\/\/i0.wp.com\/astehshop.com\/wp-content\/uploads\/2025\/03\/RBSS-WL1-868-6.webp?fit=600%2C600&resize=350%2C200","width":350,"height":200},"classes":[]},{"id":7948,"url":"http:\/\/astehshop.com\/index.php\/product\/pametni-detektor-poplave-sa-zvucnikom-i-dojavom-na-tel\/","url_meta":{"origin":6219,"position":2},"title":"Pametni detektor poplave sa zvu\u010dnikom i dojavom na tel","date":"11. lipnja 2023.","format":false,"excerpt":"Detektor poplave, detektuje i najmanje kapljice vode jednostavno povezivanje, ovaj model zahtjeva Smart Gateway Zigbee visoka osjetljivost Mali i kompaktan Profesionalno vodootporno tijelo Du\u017eina baterije u standby re\u017eimu do 5 godina Jednostavno instaliranje bez komplikovanih operacija Zamijena baterije je veoma jednostavna","rel":"","context":"Srodne objave","img":{"alt_text":"","src":"https:\/\/i2.wp.com\/astehshop.com\/wp-content\/uploads\/2023\/06\/senzor-poplave.png?fit=823%2C738&resize=350%2C200","width":350,"height":200},"classes":[]},{"id":4535,"url":"http:\/\/astehshop.com\/index.php\/product\/detektor-izljeva-vode-bijele-boje-ajax-lp-wh\/","url_meta":{"origin":6219,"position":3},"title":"Detektor izljeva vode bijele boje AJAX-LP-WH LeakProtect","date":"4. svibnja 2020.","format":false,"excerpt":"Model: AJAX LeaksProtect WH Be\u017ei\u010dna tehnologija, Be\u017ei\u010dna frekvencija 868MHz, Dvosmjerna be\u017ei\u010dna komunikacija, Unutra\u0161nja ugradnja, Detekcija poplave, Metoda detekcije - otpor kruga. IP65 Za\u0161tita, LED i zvu\u010dna signalizacija, Dimenzije 60 x 60 x 14 mm, Napajanje Baterijsko 2 x AAA","rel":"","context":"Srodne objave","img":{"alt_text":"","src":"https:\/\/i1.wp.com\/astehshop.com\/wp-content\/uploads\/2020\/05\/AJAX-LP-WH.png?fit=731%2C680&resize=350%2C200","width":350,"height":200},"classes":[]},{"id":10197,"url":"http:\/\/astehshop.com\/index.php\/product\/azuri-toplotna-pumpa-azi-cq6-0pdg-nhh2-e-all-in-one\/","url_meta":{"origin":6219,"position":4},"title":"Azuri toplotna pumpa AZI-CQ6.0PdG\/NhH2-E ALL IN ONE","date":"6. travnja 2025.","format":false,"excerpt":"VEZURI III dizalice topline \u201cALL IN ONE\u201d Ovaj se komplet sastoji od vanjske jedinice, hidrauli\u010dkog modula i spremnika tople vode volumena 200 L. Koristi se za grijanje i hla\u0111enje prostora te grijanje potro\u0161ne vode do 60\u00baC. Su\u010delje za daljinsko upravljanje. All in One izvedba se sastoji od tri dijela: vanjske\u2026","rel":"","context":"Srodne objave","img":{"alt_text":"","src":"https:\/\/i0.wp.com\/astehshop.com\/wp-content\/uploads\/2025\/04\/Screenshot-2025-04-06-at-17-11-34-AZURI-dizalica-topline-komplet-VEZURI-3-AllInOne-AZI-CQ6.0Pd_NhH2-EO_AZI-CQ6.0PdG_NhH2-EI-6-kW-Klima-shop.png?fit=711%2C646&resize=350%2C200","width":350,"height":200},"classes":[]},{"id":10200,"url":"http:\/\/astehshop.com\/index.php\/product\/azuri-toplotna-pumpa-vezuri-iii-all-in-one-azi-cq8-0pdg-nhh2-e\/","url_meta":{"origin":6219,"position":5},"title":"AZURI Toplotna pumpa VEZURI III \u201cALL IN ONE\u201d; AZI-CQ8.0PdG\/NhH2-E","date":"6. travnja 2025.","format":false,"excerpt":"VEZURI III dizalice topline \u201cALL IN ONE\u201d Ovaj se komplet sastoji od vanjske jedinice, hidrauli\u010dkog modula i spremnika tople vode volumena 200 L. Koristi se za grijanje i hla\u0111enje prostora te grijanje potro\u0161ne vode do 60\u00baC. Su\u010delje za daljinsko upravljanje. All in One izvedba se sastoji od tri dijela: vanjske\u2026","rel":"","context":"Srodne objave","img":{"alt_text":"","src":"https:\/\/i0.wp.com\/astehshop.com\/wp-content\/uploads\/2025\/04\/Screenshot-2025-04-06-at-17-11-34-AZURI-dizalica-topline-komplet-VEZURI-3-AllInOne-AZI-CQ6.0Pd_NhH2-EO_AZI-CQ6.0PdG_NhH2-EI-6-kW-Klima-shop.png?fit=711%2C646&resize=350%2C200","width":350,"height":200},"classes":[]}],"_links":{"self":[{"href":"http:\/\/astehshop.com\/index.php\/wp-json\/wp\/v2\/product\/6219"}],"collection":[{"href":"http:\/\/astehshop.com\/index.php\/wp-json\/wp\/v2\/product"}],"about":[{"href":"http:\/\/astehshop.com\/index.php\/wp-json\/wp\/v2\/types\/product"}],"replies":[{"embeddable":true,"href":"http:\/\/astehshop.com\/index.php\/wp-json\/wp\/v2\/comments?post=6219"}],"wp:featuredmedia":[{"embeddable":true,"href":"http:\/\/astehshop.com\/index.php\/wp-json\/wp\/v2\/media\/6220"}],"wp:attachment":[{"href":"http:\/\/astehshop.com\/index.php\/wp-json\/wp\/v2\/media?parent=6219"}],"wp:term":[{"taxonomy":"product_cat","embeddable":true,"href":"http:\/\/astehshop.com\/index.php\/wp-json\/wp\/v2\/product_cat?post=6219"},{"taxonomy":"product_tag","embeddable":true,"href":"http:\/\/astehshop.com\/index.php\/wp-json\/wp\/v2\/product_tag?post=6219"}],"curies":[{"name":"wp","href":"https:\/\/api.w.org\/{rel}","templated":true}]}}