{"id":6213,"date":"2022-04-07T19:54:59","date_gmt":"2022-04-07T17:54:59","guid":{"rendered":"http:\/\/astehshop.com\/?post_type=product&#038;p=6213"},"modified":"2022-04-07T19:54:59","modified_gmt":"2022-04-07T17:54:59","slug":"smartlife-wifi-smart-uticnica-ip44-kontrola-potrosnje-3680w","status":"publish","type":"product","link":"http:\/\/astehshop.com\/index.php\/product\/smartlife-wifi-smart-uticnica-ip44-kontrola-potrosnje-3680w\/","title":{"rendered":"Smartlife WiFi Smart Uti\u010dnica | IP44 | Kontrola Potro\u0161nje | 3680W"},"content":{"rendered":"<p>Upravljajte bilo kojim vanjskim ure\u0111ajem na daljinu jednostavnim uklju\u010divanjem u ovu Nedis\u00ae be\u017ei\u010dnu pametnu uti\u010dnicu i povezivanjem s pametnim telefonom ili tabletom putem Wi-Fi interneta.<\/p>\n<p>Jednostavan za postavljanje<br \/>\nNe morate biti tehni\u010dki genij ili elektri\u010dar da biste kontrolirali i automatizirali svoje priklju\u010dene ure\u0111aje i ure\u0111aje. Sve \u0161to vam je zapravo potrebno je ova pametna uti\u010dnica i va\u0161 Wi-Fi internet. Na\u0161a intuitivna aplikacija pru\u017eit \u0107e vam mogu\u0107nost daljinskog i automatskog uklju\u010divanja i isklju\u010divanja ure\u0111aja. Mo\u017ee \u010dak raditi u vezi sa sustavima glasovne kontrole kao \u0161to su Amazon Alexa ili Google Home.<\/p>\n<p>Otporan na vremenske uvjete<br \/>\nOvaj pametni utika\u010d otporan je na ki\u0161u sa svojim ku\u0107i\u0161tem otpornim na prskanje (IP44 kada se ne koristi) i mo\u017ee podnijeti temperature u rasponu od -30 do 40 \u00b0C.<\/p>\n<p>Postavite vremenske rasporede utika\u010da za uklju\u010divanje ure\u0111aja ili njihovo povezivanje s drugima kako biste stvorili ambijentalne scene koje se mogu aktivirati jednom naredbom ili pritiskom na gumb.<\/p>\n<p>Pratite potro\u0161nju energije<br \/>\nNa prvi pogled identificirajte sve ure\u0111aje koji koriste prekomjernu snagu kako biste osigurali da \u017eivite u pametnom i energetski u\u010dinkovitom domu<\/p>\n<p>Specifikacije<br \/>\nBoja Bijela,Siva<br \/>\nDubina 82 mm<br \/>\nMaterijal Plastika<br \/>\nKompatibilan s Nedis\u00ae SmartLifeom<br \/>\nBe\u017ei\u010dna tehnologija Wi-Fi<br \/>\nMjerilo snage Da<br \/>\nFrekvencijski raspon prijenosa 2412-2472 MHz<br \/>\nUlazni napon 230 VAC<br \/>\nUlaz(i) za napajanje ure\u0111aja Hibridni (CEE 7\/7)<br \/>\nIzlazna snaga 3680 W<br \/>\nUlazna struja 16 A<br \/>\nTe\u017eina 128 g<br \/>\nMaksimalna snaga prijenosa 17 dBm<br \/>\nAplikacija dostupna za Android&#x2122; IOS<br \/>\nIP ocjena IP44<br \/>\nVisina 115 mm<br \/>\n\u0160irina 58 mm<br \/>\nUtika\u010d tipa F (CEE 7\/7)<br \/>\nRadna temperatura -30 &#8211; 40 \u00b0C<br \/>\nIzlazni priklju\u010dak(i) ure\u0111aja Utika\u010d s kontaktom za uzemljenje \/ Tip F (CEE 7\/7)<br \/>\nIzlazni napon 230 V AC<\/p>\n<p><a href=\"https:\/\/i1.wp.com\/astehshop.com\/wp-content\/uploads\/2022\/04\/WIFIPO120FWT-1.jpg\" data-rel=\"lightbox-image-0\" data-rl_title=\"\" data-rl_caption=\"\" title=\"\"><img data-attachment-id=\"6215\" data-permalink=\"http:\/\/astehshop.com\/?attachment_id=6215\" data-orig-file=\"https:\/\/i1.wp.com\/astehshop.com\/wp-content\/uploads\/2022\/04\/WIFIPO120FWT-1.jpg?fit=400%2C400\" data-orig-size=\"400,400\" data-comments-opened=\"1\" data-image-meta=\"{&quot;aperture&quot;:&quot;0&quot;,&quot;credit&quot;:&quot;&quot;,&quot;camera&quot;:&quot;&quot;,&quot;caption&quot;:&quot;&quot;,&quot;created_timestamp&quot;:&quot;0&quot;,&quot;copyright&quot;:&quot;&quot;,&quot;focal_length&quot;:&quot;0&quot;,&quot;iso&quot;:&quot;0&quot;,&quot;shutter_speed&quot;:&quot;0&quot;,&quot;title&quot;:&quot;&quot;,&quot;orientation&quot;:&quot;0&quot;}\" data-image-title=\"WIFIPO120FWT 1\" data-image-description=\"\" data-image-caption=\"\" data-medium-file=\"https:\/\/i1.wp.com\/astehshop.com\/wp-content\/uploads\/2022\/04\/WIFIPO120FWT-1.jpg?fit=400%2C400\" data-large-file=\"https:\/\/i1.wp.com\/astehshop.com\/wp-content\/uploads\/2022\/04\/WIFIPO120FWT-1.jpg?fit=400%2C400\" decoding=\"async\" loading=\"lazy\" class=\"alignnone size-full wp-image-6215\" src=\"https:\/\/i1.wp.com\/astehshop.com\/wp-content\/uploads\/2022\/04\/WIFIPO120FWT-1.jpg?resize=400%2C400\" alt=\"\" width=\"400\" height=\"400\" srcset=\"https:\/\/i1.wp.com\/astehshop.com\/wp-content\/uploads\/2022\/04\/WIFIPO120FWT-1.jpg?w=400 400w, https:\/\/i1.wp.com\/astehshop.com\/wp-content\/uploads\/2022\/04\/WIFIPO120FWT-1.jpg?resize=150%2C150 150w, https:\/\/i1.wp.com\/astehshop.com\/wp-content\/uploads\/2022\/04\/WIFIPO120FWT-1.jpg?resize=300%2C300 300w, https:\/\/i1.wp.com\/astehshop.com\/wp-content\/uploads\/2022\/04\/WIFIPO120FWT-1.jpg?resize=100%2C100 100w\" sizes=\"(max-width: 400px) 100vw, 400px\" data-recalc-dims=\"1\" \/><\/a><\/p>\n","protected":false},"excerpt":{"rendered":"<p>Upravljajte bilo kojim vanjskim ure\u0111ajem na daljinu jednostavnim uklju\u010divanjem u ovu Nedis\u00ae be\u017ei\u010dnu pametnu uti\u010dnicu i povezivanjem s pametnim telefonom ili tabletom putem Wi-Fi interneta.<\/p>\n<p>Jednostavan za postavljanje<br \/>\nNe morate biti tehni\u010dki genij ili elektri\u010dar da biste kontrolirali i automatizirali svoje priklju\u010dene ure\u0111aje i ure\u0111aje. Sve \u0161to vam je zapravo potrebno je ova pametna uti\u010dnica i va\u0161 Wi-Fi internet. Na\u0161a intuitivna aplikacija pru\u017eit \u0107e vam mogu\u0107nost daljinskog i automatskog uklju\u010divanja i isklju\u010divanja ure\u0111aja. Mo\u017ee \u010dak raditi u vezi sa sustavima glasovne kontrole kao \u0161to su Amazon Alexa ili Google Home.<\/p>\n<p>Otporan na vremenske uvjete<br \/>\nOvaj pametni utika\u010d otporan je na ki\u0161u sa svojim ku\u0107i\u0161tem otpornim na prskanje (IP44 kada se ne koristi) i mo\u017ee podnijeti temperature u rasponu od -30 do 40 \u00b0C.<\/p>\n<p>Postavite vremenske rasporede utika\u010da za uklju\u010divanje ure\u0111aja ili njihovo povezivanje s drugima kako biste stvorili ambijentalne scene koje se mogu aktivirati jednom naredbom ili pritiskom na gumb.<\/p>\n<p>Pratite potro\u0161nju energije<br \/>\nNa prvi pogled identificirajte sve ure\u0111aje koji koriste prekomjernu snagu kako biste osigurali da \u017eivite u pametnom i energetski u\u010dinkovitom domu<\/p>\n<p>Specifikacije<br \/>\nBoja Bijela,Siva<br \/>\nDubina 82 mm<br \/>\nMaterijal Plastika<br \/>\nKompatibilan s Nedis\u00ae SmartLifeom<br \/>\nBe\u017ei\u010dna tehnologija Wi-Fi<br \/>\nMjerilo snage Da<br \/>\nFrekvencijski raspon prijenosa 2412-2472 MHz<br \/>\nUlazni napon 230 VAC<br \/>\nUlaz(i) za napajanje ure\u0111aja Hibridni (CEE 7\/7)<br \/>\nIzlazna snaga 3680 W<br \/>\nUlazna struja 16 A<br \/>\nTe\u017eina 128 g<br \/>\nMaksimalna snaga prijenosa 17 dBm<br \/>\nAplikacija dostupna za Android&#x2122; IOS<br \/>\nIP ocjena IP44<br \/>\nVisina 115 mm<br \/>\n\u0160irina 58 mm<br \/>\nUtika\u010d tipa F (CEE 7\/7)<br \/>\nRadna temperatura -30 &#8211; 40 \u00b0C<br \/>\nIzlazni priklju\u010dak(i) ure\u0111aja Utika\u010d s kontaktom za uzemljenje \/ Tip F (CEE 7\/7)<br \/>\nIzlazni napon 230 V AC<\/p>\n<p><a href=\"http:\/\/astehshop.com\/wp-content\/uploads\/2022\/04\/WIFIPO120FWT-1.jpg\"><img decoding=\"async\" loading=\"lazy\" class=\"alignnone size-full wp-image-6215\" src=\"http:\/\/astehshop.com\/wp-content\/uploads\/2022\/04\/WIFIPO120FWT-1.jpg\" alt=\"\" width=\"400\" height=\"400\" srcset=\"https:\/\/i1.wp.com\/astehshop.com\/wp-content\/uploads\/2022\/04\/WIFIPO120FWT-1.jpg?w=400 400w, https:\/\/i1.wp.com\/astehshop.com\/wp-content\/uploads\/2022\/04\/WIFIPO120FWT-1.jpg?resize=150%2C150 150w, https:\/\/i1.wp.com\/astehshop.com\/wp-content\/uploads\/2022\/04\/WIFIPO120FWT-1.jpg?resize=300%2C300 300w, https:\/\/i1.wp.com\/astehshop.com\/wp-content\/uploads\/2022\/04\/WIFIPO120FWT-1.jpg?resize=100%2C100 100w\" sizes=\"(max-width: 400px) 100vw, 400px\" \/><\/a><\/p>\n","protected":false},"featured_media":6214,"comment_status":"open","ping_status":"closed","template":"","meta":{"_mi_skip_tracking":false,"_exactmetrics_sitenote_active":false,"_exactmetrics_sitenote_note":"","_exactmetrics_sitenote_category":0,"spay_email":""},"product_cat":[4044,3480],"product_tag":[4058,4057,4055,4060,4056,4059,4046,4054],"brands":[],"df_price":59,"df_sale_price":"","df_regular_price":59,"df_image_link":"https:\/\/i2.wp.com\/astehshop.com\/wp-content\/uploads\/2022\/04\/WIFIPO120FWT.jpg?fit=400%2C400","jetpack_publicize_connections":[],"jetpack_sharing_enabled":true,"jetpack_likes_enabled":true,"jetpack-related-posts":[{"id":6210,"url":"http:\/\/astehshop.com\/index.php\/product\/smartlife-wifi-smart-uticnica-ip44-3680w\/","url_meta":{"origin":6213,"position":0},"title":"Smartlife WiFi Smart Uti\u010dnica | IP44 | 3680W","date":"7. travnja 2022.","format":false,"excerpt":"Upravljajte bilo kojim vanjskim ure\u0111ajem na daljinu jednostavnim uklju\u010divanjem u ovu Nedis\u00ae be\u017ei\u010dnu pametnu uti\u010dnicu i povezivanjem s pametnim telefonom ili tabletom putem Wi-Fi interneta. Jednostavan za postavljanje Ne morate biti tehni\u010dki genij ili elektri\u010dar da biste kontrolirali i automatizirali svoje priklju\u010dene ure\u0111aje i ure\u0111aje. Sve \u0161to vam je zapravo\u2026","rel":"","context":"Srodne objave","img":{"alt_text":"","src":"https:\/\/i0.wp.com\/astehshop.com\/wp-content\/uploads\/2022\/04\/WIFIPO110FBK.jpg?fit=400%2C400&resize=350%2C200","width":350,"height":200},"classes":[]},{"id":6216,"url":"http:\/\/astehshop.com\/index.php\/product\/smartlife-wifi-smart-uticnica-kontrola-potrosnje-2500w\/","url_meta":{"origin":6213,"position":1},"title":"Smartlife WiFi Smart Uti\u010dnica | Kontrola Potro\u0161nje | 2500W","date":"7. travnja 2022.","format":false,"excerpt":"Upravljajte mnogim elektri\u010dnim ure\u0111ajima na daljinu jednostavnim uklju\u010divanjem u ovu be\u017ei\u010dni pametnu uti\u010dnicu te povezivanjem na pametni telefon ili tablet putem Wi-Fi rutera. Prakti\u010dna mobilna aplikacija vam omogu\u0107ava da na prvi pogled vidite koliko ta\u010dno energije ure\u0111aj trenutno koristi ili koliko je energije koristio tokom vremena. Jednostavan za postavljanje Ne\u2026","rel":"","context":"Srodne objave","img":{"alt_text":"","src":"https:\/\/i2.wp.com\/astehshop.com\/wp-content\/uploads\/2022\/04\/WIFIP110FWT.jpg?fit=400%2C400&resize=350%2C200","width":350,"height":200},"classes":[]},{"id":8481,"url":"http:\/\/astehshop.com\/index.php\/product\/pametni-prekidac-za-svjetla-bez-0\/","url_meta":{"origin":6213,"position":2},"title":"Pametni prekida\u010d za svjetla bez 0","date":"27. listopada 2023.","format":false,"excerpt":"\u3010DVIJE metode o\u017ei\u010denja\u3011Podr\u017eava neutralni sistem i sistem bez neutralnosti. Podr\u017eava sistem sa jednom vatrom, ali vam je potreban kondenzator kada koristite sistem bez neutralnosti. (kondenzator je uklju\u010den.) \u3010Wi-Fi direktna veza\u3011 Nije potrebno \u010dvori\u0161te za prolaz, samo ga instalirajte i koristite. Direktno se pove\u017eite na internet, mo\u017eete kontrolisati pomo\u0107u mobilnog telefona\u2026","rel":"","context":"Srodne objave","img":{"alt_text":"","src":"https:\/\/i1.wp.com\/astehshop.com\/wp-content\/uploads\/2023\/10\/local_stock_tuyasmart_life_wif_1613810318_7725d4d1_progressive.jpg?fit=600%2C600&resize=350%2C200","width":350,"height":200},"classes":[]},{"id":7546,"url":"http:\/\/astehshop.com\/index.php\/product\/dahua-imou-cruiser-4-mpx-ipc-s42fp-roto-full-color-kamera\/","url_meta":{"origin":6213,"position":3},"title":"Dahua Imou Cruiser 4 MPX IPC-S42FP roto FULL color kamera + gratis 64 GB kartica","date":"2. travnja 2023.","format":false,"excerpt":"Imou Cruiser 4 MPX Slika u boji uvijek ako to \u017eelite pra\u0107enje detekcija ljudi dvosmjerna komunikacija sirena dupla antena 8 x digitalni zum Snimanje na mikro sd karticu ili na cloud Pri\u010dajte sa va\u0161om djecom ma gdje da se nalazite Cruiser 4MP pru\u017ea pra\u0107enje u\u017eivo od 4MP sa izborom opcije\u2026","rel":"","context":"Srodne objave","img":{"alt_text":"","src":"https:\/\/i1.wp.com\/astehshop.com\/wp-content\/uploads\/2023\/04\/cruiser-4-mpx-sa-gratis-memorijskom-1.jpg?fit=669%2C629&resize=350%2C200","width":350,"height":200},"classes":[]},{"id":10249,"url":"http:\/\/astehshop.com\/index.php\/product\/gree-mona-gph12ao-k5nna1d-prijenosna-klima\/","url_meta":{"origin":6213,"position":4},"title":"Gree Mona GPH12AO-K5NNA1D  prijenosna klima","date":"12. travnja 2025.","format":false,"excerpt":"Udobnost i prakti\u010dnost su klju\u010dni aspekti suvremenog \u017eivota, a GREE Mona GPH12AO-K5NNA1D (WiFi) prijenosni klima ure\u0111aj predstavlja savr\u0161eno rje\u0161enje za odr\u017eavanje \u017eeljene temperature u va\u0161em domu ili uredu. Ovaj inovativni ure\u0111aj nudi \u0161irok spektar mogu\u0107nosti, pru\u017eaju\u0107i vam potpunu kontrolu nad klimatizacijom prostora. Jedna od izvanrednih karakteristika GREE Mona klima ure\u0111aja\u2026","rel":"","context":"Srodne objave","img":{"alt_text":"","src":"https:\/\/i2.wp.com\/astehshop.com\/wp-content\/uploads\/2025\/04\/Prijenosna-klima-uredaj-GREE-Mona-GPH12AN-1-1.png?fit=990%2C1010&resize=350%2C200","width":350,"height":200},"classes":[]},{"id":9448,"url":"http:\/\/astehshop.com\/index.php\/product\/dahua-imou-cruiser-4g-kamera-na-sim-karticu\/","url_meta":{"origin":6213,"position":5},"title":"Dahua Imou Cruiser 4G kamera na sim karticu","date":"5. kolovoza 2024.","format":false,"excerpt":"4G konekcija | 1080P HD slika | Panoramic Pan & Tilt | Human Detection | Smart Tracking \u00a0 Pove\u017eite svoj Cruiser na mjestima gdje Wi-Fi nije dostupan Cruiser 4G podr\u017eava 4G LTE vezu\u00b9, jednostavno uklju\u010dite svoju nano SIM karticu da je pove\u017eete vani gdje Wi-Fi signal ne mo\u017ee pokriti. \u00a0\u2026","rel":"","context":"Srodne objave","img":{"alt_text":"","src":"https:\/\/i0.wp.com\/astehshop.com\/wp-content\/uploads\/2024\/08\/Cruiser-4G-3.png?fit=885%2C1038&resize=350%2C200","width":350,"height":200},"classes":[]}],"_links":{"self":[{"href":"http:\/\/astehshop.com\/index.php\/wp-json\/wp\/v2\/product\/6213"}],"collection":[{"href":"http:\/\/astehshop.com\/index.php\/wp-json\/wp\/v2\/product"}],"about":[{"href":"http:\/\/astehshop.com\/index.php\/wp-json\/wp\/v2\/types\/product"}],"replies":[{"embeddable":true,"href":"http:\/\/astehshop.com\/index.php\/wp-json\/wp\/v2\/comments?post=6213"}],"wp:featuredmedia":[{"embeddable":true,"href":"http:\/\/astehshop.com\/index.php\/wp-json\/wp\/v2\/media\/6214"}],"wp:attachment":[{"href":"http:\/\/astehshop.com\/index.php\/wp-json\/wp\/v2\/media?parent=6213"}],"wp:term":[{"taxonomy":"product_cat","embeddable":true,"href":"http:\/\/astehshop.com\/index.php\/wp-json\/wp\/v2\/product_cat?post=6213"},{"taxonomy":"product_tag","embeddable":true,"href":"http:\/\/astehshop.com\/index.php\/wp-json\/wp\/v2\/product_tag?post=6213"}],"curies":[{"name":"wp","href":"https:\/\/api.w.org\/{rel}","templated":true}]}}