{"id":6210,"date":"2022-04-07T19:52:15","date_gmt":"2022-04-07T17:52:15","guid":{"rendered":"http:\/\/astehshop.com\/?post_type=product&#038;p=6210"},"modified":"2022-04-07T19:52:34","modified_gmt":"2022-04-07T17:52:34","slug":"smartlife-wifi-smart-uticnica-ip44-3680w","status":"publish","type":"product","link":"http:\/\/astehshop.com\/index.php\/product\/smartlife-wifi-smart-uticnica-ip44-3680w\/","title":{"rendered":"Smartlife WiFi Smart Uti\u010dnica | IP44 | 3680W"},"content":{"rendered":"<p>Upravljajte bilo kojim vanjskim ure\u0111ajem na daljinu jednostavnim uklju\u010divanjem u ovu Nedis\u00ae be\u017ei\u010dnu pametnu uti\u010dnicu i povezivanjem s pametnim telefonom ili tabletom putem Wi-Fi interneta.<\/p>\n<p>Jednostavan za postavljanje<br \/>\nNe morate biti tehni\u010dki genij ili elektri\u010dar da biste kontrolirali i automatizirali svoje priklju\u010dene ure\u0111aje i ure\u0111aje. Sve \u0161to vam je zapravo potrebno je ova pametna uti\u010dnica i va\u0161 Wi-Fi internet. Na\u0161a intuitivna aplikacija pru\u017eit \u0107e vam mogu\u0107nost daljinskog i automatskog uklju\u010divanja i isklju\u010divanja ure\u0111aja. Mo\u017ee \u010dak raditi u vezi sa sustavima glasovne kontrole kao \u0161to su Amazon Alexa ili Google Home.<\/p>\n<p>Otporan na vremenske uvjete<br \/>\nOvaj pametni utika\u010d otporan je na ki\u0161u sa svojim ku\u0107i\u0161tem otpornim na prskanje (IP44 kada se ne koristi) i mo\u017ee podnijeti temperature u rasponu od -5 do 40 \u00b0C.<\/p>\n<p>Postavite vremenske rasporede utika\u010da za uklju\u010divanje ure\u0111aja ili njihovo povezivanje s drugima kako biste stvorili ambijentalne scene koje se mogu aktivirati jednom naredbom ili pritiskom na gumb<\/p>\n<p>Specifikacije<br \/>\nBoja crna<br \/>\nKompatibilan s Nedis\u00ae SmartLifeom<br \/>\nBe\u017ei\u010dna tehnologija Wi-Fi<br \/>\nMaksimalno poja\u010danje oda\u0161ilja\u010dke antene 1,5 dBi<br \/>\nUlazni napon 230 VAC<br \/>\nRadna temperatura -20 &#8211; 50 \u00b0C<br \/>\nIzlazna snaga 3680 W<br \/>\nUlazna struja 16 A<br \/>\nVisina 70 mm<br \/>\nMaksimalna snaga prijenosa 17 dBm<br \/>\nAplikacija dostupna za Android&#x2122; IOS<br \/>\nIP ocjena IP44<br \/>\n\u0160irina 57 mm<br \/>\nUtika\u010d tipa F (CEE 7\/7)<br \/>\nMaterijal Polipropilen<br \/>\nTe\u017eina 118 g<br \/>\nDubina 97 mm<br \/>\nFrekvencijski raspon prijenosa 2412 &#8211; 2472 MHz<br \/>\nIzlazni priklju\u010dak(i) ure\u0111aja Utika\u010d s kontaktom za uzemljenje \/ Tip F (CEE 7\/7)<br \/>\nUlazni priklju\u010dak(i) ure\u0111aja Utika\u010d s kontaktom za uzemljenje \/ Tip F (CEE 7\/7)<br \/>\nIzlazni napon 230 V AC<\/p>\n<p><a href=\"https:\/\/i0.wp.com\/astehshop.com\/wp-content\/uploads\/2022\/04\/wifiuticnica.jpg\" data-rel=\"lightbox-image-0\" data-rl_title=\"\" data-rl_caption=\"\" title=\"\"><img data-attachment-id=\"6212\" data-permalink=\"http:\/\/astehshop.com\/?attachment_id=6212\" data-orig-file=\"https:\/\/i0.wp.com\/astehshop.com\/wp-content\/uploads\/2022\/04\/wifiuticnica.jpg?fit=400%2C209\" data-orig-size=\"400,209\" data-comments-opened=\"1\" data-image-meta=\"{&quot;aperture&quot;:&quot;0&quot;,&quot;credit&quot;:&quot;&quot;,&quot;camera&quot;:&quot;&quot;,&quot;caption&quot;:&quot;&quot;,&quot;created_timestamp&quot;:&quot;0&quot;,&quot;copyright&quot;:&quot;&quot;,&quot;focal_length&quot;:&quot;0&quot;,&quot;iso&quot;:&quot;0&quot;,&quot;shutter_speed&quot;:&quot;0&quot;,&quot;title&quot;:&quot;&quot;,&quot;orientation&quot;:&quot;0&quot;}\" data-image-title=\"wifiuticnica\" data-image-description=\"\" data-image-caption=\"\" data-medium-file=\"https:\/\/i0.wp.com\/astehshop.com\/wp-content\/uploads\/2022\/04\/wifiuticnica.jpg?fit=400%2C209\" data-large-file=\"https:\/\/i0.wp.com\/astehshop.com\/wp-content\/uploads\/2022\/04\/wifiuticnica.jpg?fit=400%2C209\" decoding=\"async\" loading=\"lazy\" class=\"alignnone size-full wp-image-6212\" src=\"https:\/\/i0.wp.com\/astehshop.com\/wp-content\/uploads\/2022\/04\/wifiuticnica.jpg?resize=400%2C209\" alt=\"\" width=\"400\" height=\"209\" srcset=\"https:\/\/i0.wp.com\/astehshop.com\/wp-content\/uploads\/2022\/04\/wifiuticnica.jpg?w=400 400w, https:\/\/i0.wp.com\/astehshop.com\/wp-content\/uploads\/2022\/04\/wifiuticnica.jpg?resize=300%2C157 300w\" sizes=\"(max-width: 400px) 100vw, 400px\" data-recalc-dims=\"1\" \/><\/a><\/p>\n","protected":false},"excerpt":{"rendered":"<p>Upravljajte bilo kojim vanjskim ure\u0111ajem na daljinu jednostavnim uklju\u010divanjem u ovu Nedis\u00ae be\u017ei\u010dnu pametnu uti\u010dnicu i povezivanjem s pametnim telefonom ili tabletom putem Wi-Fi interneta.<\/p>\n<p>Jednostavan za postavljanje<br \/>\nNe morate biti tehni\u010dki genij ili elektri\u010dar da biste kontrolirali i automatizirali svoje priklju\u010dene ure\u0111aje i ure\u0111aje. Sve \u0161to vam je zapravo potrebno je ova pametna uti\u010dnica i va\u0161 Wi-Fi internet. Na\u0161a intuitivna aplikacija pru\u017eit \u0107e vam mogu\u0107nost daljinskog i automatskog uklju\u010divanja i isklju\u010divanja ure\u0111aja. Mo\u017ee \u010dak raditi u vezi sa sustavima glasovne kontrole kao \u0161to su Amazon Alexa ili Google Home.<\/p>\n<p>Otporan na vremenske uvjete<br \/>\nOvaj pametni utika\u010d otporan je na ki\u0161u sa svojim ku\u0107i\u0161tem otpornim na prskanje (IP44 kada se ne koristi) i mo\u017ee podnijeti temperature u rasponu od -5 do 40 \u00b0C.<\/p>\n<p>Postavite vremenske rasporede utika\u010da za uklju\u010divanje ure\u0111aja ili njihovo povezivanje s drugima kako biste stvorili ambijentalne scene koje se mogu aktivirati jednom naredbom ili pritiskom na gumb<\/p>\n<p>Specifikacije<br \/>\nBoja crna<br \/>\nKompatibilan s Nedis\u00ae SmartLifeom<br \/>\nBe\u017ei\u010dna tehnologija Wi-Fi<br \/>\nMaksimalno poja\u010danje oda\u0161ilja\u010dke antene 1,5 dBi<br \/>\nUlazni napon 230 VAC<br \/>\nRadna temperatura -20 &#8211; 50 \u00b0C<br \/>\nIzlazna snaga 3680 W<br \/>\nUlazna struja 16 A<br \/>\nVisina 70 mm<br \/>\nMaksimalna snaga prijenosa 17 dBm<br \/>\nAplikacija dostupna za Android&#x2122; IOS<br \/>\nIP ocjena IP44<br \/>\n\u0160irina 57 mm<br \/>\nUtika\u010d tipa F (CEE 7\/7)<br \/>\nMaterijal Polipropilen<br \/>\nTe\u017eina 118 g<br \/>\nDubina 97 mm<br \/>\nFrekvencijski raspon prijenosa 2412 &#8211; 2472 MHz<br \/>\nIzlazni priklju\u010dak(i) ure\u0111aja Utika\u010d s kontaktom za uzemljenje \/ Tip F (CEE 7\/7)<br \/>\nUlazni priklju\u010dak(i) ure\u0111aja Utika\u010d s kontaktom za uzemljenje \/ Tip F (CEE 7\/7)<br \/>\nIzlazni napon 230 V AC<\/p>\n<p><a href=\"http:\/\/astehshop.com\/wp-content\/uploads\/2022\/04\/wifiuticnica.jpg\"><img decoding=\"async\" loading=\"lazy\" class=\"alignnone size-full wp-image-6212\" src=\"http:\/\/astehshop.com\/wp-content\/uploads\/2022\/04\/wifiuticnica.jpg\" alt=\"\" width=\"400\" height=\"209\" srcset=\"https:\/\/i0.wp.com\/astehshop.com\/wp-content\/uploads\/2022\/04\/wifiuticnica.jpg?w=400 400w, https:\/\/i0.wp.com\/astehshop.com\/wp-content\/uploads\/2022\/04\/wifiuticnica.jpg?resize=300%2C157 300w\" sizes=\"(max-width: 400px) 100vw, 400px\" \/><\/a><\/p>\n","protected":false},"featured_media":6211,"comment_status":"open","ping_status":"closed","template":"","meta":{"_mi_skip_tracking":false,"_exactmetrics_sitenote_active":false,"_exactmetrics_sitenote_note":"","_exactmetrics_sitenote_category":0,"spay_email":""},"product_cat":[4044,3480],"product_tag":[4050,435,4048,4051,3542,4052,3483,3486,4049,4047,1383,4045,4046,4053],"brands":[],"df_price":59,"df_sale_price":"","df_regular_price":59,"df_image_link":"https:\/\/i0.wp.com\/astehshop.com\/wp-content\/uploads\/2022\/04\/WIFIPO110FBK.jpg?fit=400%2C400","jetpack_publicize_connections":[],"jetpack_sharing_enabled":true,"jetpack_likes_enabled":true,"jetpack-related-posts":[{"id":6213,"url":"http:\/\/astehshop.com\/index.php\/product\/smartlife-wifi-smart-uticnica-ip44-kontrola-potrosnje-3680w\/","url_meta":{"origin":6210,"position":0},"title":"Smartlife WiFi Smart Uti\u010dnica | IP44 | Kontrola Potro\u0161nje | 3680W","date":"7. travnja 2022.","format":false,"excerpt":"Upravljajte bilo kojim vanjskim ure\u0111ajem na daljinu jednostavnim uklju\u010divanjem u ovu Nedis\u00ae be\u017ei\u010dnu pametnu uti\u010dnicu i povezivanjem s pametnim telefonom ili tabletom putem Wi-Fi interneta. Jednostavan za postavljanje Ne morate biti tehni\u010dki genij ili elektri\u010dar da biste kontrolirali i automatizirali svoje priklju\u010dene ure\u0111aje i ure\u0111aje. Sve \u0161to vam je zapravo\u2026","rel":"","context":"Srodne objave","img":{"alt_text":"","src":"https:\/\/i2.wp.com\/astehshop.com\/wp-content\/uploads\/2022\/04\/WIFIPO120FWT.jpg?fit=400%2C400&resize=350%2C200","width":350,"height":200},"classes":[]},{"id":6216,"url":"http:\/\/astehshop.com\/index.php\/product\/smartlife-wifi-smart-uticnica-kontrola-potrosnje-2500w\/","url_meta":{"origin":6210,"position":1},"title":"Smartlife WiFi Smart Uti\u010dnica | Kontrola Potro\u0161nje | 2500W","date":"7. travnja 2022.","format":false,"excerpt":"Upravljajte mnogim elektri\u010dnim ure\u0111ajima na daljinu jednostavnim uklju\u010divanjem u ovu be\u017ei\u010dni pametnu uti\u010dnicu te povezivanjem na pametni telefon ili tablet putem Wi-Fi rutera. Prakti\u010dna mobilna aplikacija vam omogu\u0107ava da na prvi pogled vidite koliko ta\u010dno energije ure\u0111aj trenutno koristi ili koliko je energije koristio tokom vremena. Jednostavan za postavljanje Ne\u2026","rel":"","context":"Srodne objave","img":{"alt_text":"","src":"https:\/\/i2.wp.com\/astehshop.com\/wp-content\/uploads\/2022\/04\/WIFIP110FWT.jpg?fit=400%2C400&resize=350%2C200","width":350,"height":200},"classes":[]},{"id":8481,"url":"http:\/\/astehshop.com\/index.php\/product\/pametni-prekidac-za-svjetla-bez-0\/","url_meta":{"origin":6210,"position":2},"title":"Pametni prekida\u010d za svjetla bez 0","date":"27. listopada 2023.","format":false,"excerpt":"\u3010DVIJE metode o\u017ei\u010denja\u3011Podr\u017eava neutralni sistem i sistem bez neutralnosti. Podr\u017eava sistem sa jednom vatrom, ali vam je potreban kondenzator kada koristite sistem bez neutralnosti. (kondenzator je uklju\u010den.) \u3010Wi-Fi direktna veza\u3011 Nije potrebno \u010dvori\u0161te za prolaz, samo ga instalirajte i koristite. Direktno se pove\u017eite na internet, mo\u017eete kontrolisati pomo\u0107u mobilnog telefona\u2026","rel":"","context":"Srodne objave","img":{"alt_text":"","src":"https:\/\/i1.wp.com\/astehshop.com\/wp-content\/uploads\/2023\/10\/local_stock_tuyasmart_life_wif_1613810318_7725d4d1_progressive.jpg?fit=600%2C600&resize=350%2C200","width":350,"height":200},"classes":[]},{"id":6013,"url":"http:\/\/astehshop.com\/index.php\/product\/jablotron-ja-152a-unutrasnja-sirena\/","url_meta":{"origin":6210,"position":3},"title":"Jablotron JA-152A Unutra\u0161nja sirena","date":"14. velja\u010de 2022.","format":false,"excerpt":"JA-152A je predvi\u0111ena za ozna\u010davanje alarma unutar objekta. Tako\u0111e se mo\u017ee koristiti i za druge akusti\u010dne indikacije kao \u0161to je aktivacija PG izlaza, ulazno\/izlazno ka\u0161njenje ili kao zvono na vratima.Pritiskom na taster sirene alarm se mo\u017ee privremeno ugasiti ili se mo\u017ee aktivirati alarm za nu\u017edu(opciono). Sirena je opremljena sigurnosnom baterijom\u2026","rel":"","context":"Srodne objave","img":{"alt_text":"","src":"https:\/\/i0.wp.com\/astehshop.com\/wp-content\/uploads\/2022\/02\/JA-152A.png?fit=600%2C569&resize=350%2C200","width":350,"height":200},"classes":[]},{"id":7546,"url":"http:\/\/astehshop.com\/index.php\/product\/dahua-imou-cruiser-4-mpx-ipc-s42fp-roto-full-color-kamera\/","url_meta":{"origin":6210,"position":4},"title":"Dahua Imou Cruiser 4 MPX IPC-S42FP roto FULL color kamera + gratis 64 GB kartica","date":"2. travnja 2023.","format":false,"excerpt":"Imou Cruiser 4 MPX Slika u boji uvijek ako to \u017eelite pra\u0107enje detekcija ljudi dvosmjerna komunikacija sirena dupla antena 8 x digitalni zum Snimanje na mikro sd karticu ili na cloud Pri\u010dajte sa va\u0161om djecom ma gdje da se nalazite Cruiser 4MP pru\u017ea pra\u0107enje u\u017eivo od 4MP sa izborom opcije\u2026","rel":"","context":"Srodne objave","img":{"alt_text":"","src":"https:\/\/i1.wp.com\/astehshop.com\/wp-content\/uploads\/2023\/04\/cruiser-4-mpx-sa-gratis-memorijskom-1.jpg?fit=669%2C629&resize=350%2C200","width":350,"height":200},"classes":[]},{"id":10249,"url":"http:\/\/astehshop.com\/index.php\/product\/gree-mona-gph12ao-k5nna1d-prijenosna-klima\/","url_meta":{"origin":6210,"position":5},"title":"Gree Mona GPH12AO-K5NNA1D  prijenosna klima","date":"12. travnja 2025.","format":false,"excerpt":"Udobnost i prakti\u010dnost su klju\u010dni aspekti suvremenog \u017eivota, a GREE Mona GPH12AO-K5NNA1D (WiFi) prijenosni klima ure\u0111aj predstavlja savr\u0161eno rje\u0161enje za odr\u017eavanje \u017eeljene temperature u va\u0161em domu ili uredu. Ovaj inovativni ure\u0111aj nudi \u0161irok spektar mogu\u0107nosti, pru\u017eaju\u0107i vam potpunu kontrolu nad klimatizacijom prostora. Jedna od izvanrednih karakteristika GREE Mona klima ure\u0111aja\u2026","rel":"","context":"Srodne objave","img":{"alt_text":"","src":"https:\/\/i2.wp.com\/astehshop.com\/wp-content\/uploads\/2025\/04\/Prijenosna-klima-uredaj-GREE-Mona-GPH12AN-1-1.png?fit=990%2C1010&resize=350%2C200","width":350,"height":200},"classes":[]}],"_links":{"self":[{"href":"http:\/\/astehshop.com\/index.php\/wp-json\/wp\/v2\/product\/6210"}],"collection":[{"href":"http:\/\/astehshop.com\/index.php\/wp-json\/wp\/v2\/product"}],"about":[{"href":"http:\/\/astehshop.com\/index.php\/wp-json\/wp\/v2\/types\/product"}],"replies":[{"embeddable":true,"href":"http:\/\/astehshop.com\/index.php\/wp-json\/wp\/v2\/comments?post=6210"}],"wp:featuredmedia":[{"embeddable":true,"href":"http:\/\/astehshop.com\/index.php\/wp-json\/wp\/v2\/media\/6211"}],"wp:attachment":[{"href":"http:\/\/astehshop.com\/index.php\/wp-json\/wp\/v2\/media?parent=6210"}],"wp:term":[{"taxonomy":"product_cat","embeddable":true,"href":"http:\/\/astehshop.com\/index.php\/wp-json\/wp\/v2\/product_cat?post=6210"},{"taxonomy":"product_tag","embeddable":true,"href":"http:\/\/astehshop.com\/index.php\/wp-json\/wp\/v2\/product_tag?post=6210"}],"curies":[{"name":"wp","href":"https:\/\/api.w.org\/{rel}","templated":true}]}}